{"id":46049,"date":"2022-06-28T08:42:34","date_gmt":"2022-06-28T08:42:34","guid":{"rendered":"https:\/\/translinguoglobal.com\/traduction-en-grec\/"},"modified":"2024-07-12T12:38:16","modified_gmt":"2024-07-12T10:38:16","slug":"traduction-en-grec","status":"publish","type":"page","link":"https:\/\/translinguoglobal.com\/fr\/traduction-en-grec\/","title":{"rendered":"Traduction en grec"},"content":{"rendered":"<h2 style=\"text-align: center;\">Traduction en grec<\/h2>\n<p>Traduction en <a href=\"https:\/\/fr.wikipedia.org\/wiki\/Grec\" target=\"_blank\" rel=\"noopener\">grec.<\/a> Ce n&rsquo;est peut-\u00eatre pas une bonne id\u00e9e de nous fier \u00e0 nos souvenirs des quelques traduction de fables au lyc\u00e9e. Cependant, si apprendre quelques faits sur cette ancienne langues vous int\u00e9resse, voici quelques faits :<\/p>\n<ul>\n<li>Cette langues est \u00e2g\u00e9 de 4 000 ans, et est pass\u00e9 par cinq phases linguistiques diff\u00e9rentes. Ces phases sont : le grec ancien, la koin\u00e8, le grec m\u00e9di\u00e9val et le grec moderne et le myc\u00e9nien.<\/li>\n<li>Dans chacune des phases, le syst\u00e8me d&rsquo;\u00e9criture \u00e9tait polytonique, ce qui signifie qu&rsquo;il existait les accents grave, aigu et circonflexe et le iota souscrits, entre autres. Le syst\u00e8me d&rsquo;\u00e9criture monotonique n&rsquo;est utilis\u00e9 seulement depuis les 40 derni\u00e8res ann\u00e9es de son histoire.<\/li>\n<li>L&rsquo;espagnol est truff\u00e9 d\u2019hell\u00e9nisme, ce sont des mots d\u00e9coulant du grec adapt\u00e9 \u00e0 la langue, et nous en utilisons tous les jours. Comme par exemple : com\u00e9die, archa\u00efque, n\u00e9ologisme, path\u00e9tique ou tripode.<\/li>\n<li>Le grec n&rsquo;a seulement cinq voyelles, qui sont pratiquement identiques \u00e0 celles en espagnol.<\/li>\n<li>Cette langue est utilis\u00e9e comme base pour la cr\u00e9ation de n\u00e9ologisme, par exemple \u00ab\u00a0homophobie\u00a0\u00bb vient des mots grecs. homos (semblable, pareil) et phobos (peur).<\/li>\n<\/ul>\n<p>Si vous \u00eates int\u00e9ress\u00e9 par l&rsquo;apprentissage de cette langues, et m\u00eame, aller jusqu&rsquo;\u00e0 devenir traducteur en grec, il existe beaucoup de raisons qui font d&rsquo;elle une langue de travail utile.<\/p>\n<h2 style=\"text-align: center;\"><strong>Le march\u00e9 de la traduction du grec.<\/strong><\/h2>\n<p>Pour commencer, c&rsquo;est une des langues officielles de l&rsquo;Union Europ\u00e9enne. Cette organisation produit une grande quantit\u00e9 de textes \u00e0 caract\u00e8re juridique, \u00e9conomique, scientifique et institutionnel \u00e0 traduire dans ses langues officielles. En dehors de l&rsquo;Union Europ\u00e9enne, il existe des march\u00e9s de niche int\u00e9ressants : le tourisme et le commerce navale. Du fait d&rsquo;\u00eatre un pays qui se trouve pratiquement sur la mer, il dispose d&rsquo;une grande quantit\u00e9 d&rsquo;op\u00e9ration commerciales avec la M\u00e9diterran\u00e9e orientale et l&rsquo;Europe du Sud-Est. De plus, la flotte grec est s\u00fbrement une des vo\u00fbte d&rsquo;\u00e9change d&rsquo;Europe, d&rsquo;Afrique et d&rsquo;Asie.<\/p>\n<p>Sa grande p\u00e9ninsule et ses plus de milles \u00eeles h\u00e9bergent une partie du patrimoine historique le plus important du monde. La grande civilisation grecque n&rsquo;a pas seulement laiss\u00e9 derri\u00e8re elle une culture, de la science et des connaissances, mais aussi des restes d&rsquo;art et de ruines partout dans cet immense pays. Son agr\u00e9able climat et son patrimoine attirent des millions de touristes en provenance de partout dans le monde, ce qui explique le besoin du secteur en traducteurs dans toutes les langues.<\/p>\n<h2 style=\"text-align: center;\"><strong>Devis de traduction du grec<\/strong><\/h2>\n<p>Enfin, discutons tarifs. Si vous \u00eates int\u00e9ressez par le prix d&rsquo;une traduction en grec, il faut savoir que le prix oscille entre 0,09\u20ac et 0,16\u20ac par mot sans la TVA. Dans cette grille, la <a href=\"https:\/\/translinguoglobal.com\/fr\/service-de-traduction-assermentee\/\">traduction asserment\u00e9e <\/a> a le tarif le plus \u00e9lev\u00e9 des services de traduction en grec.<\/p>\n<p><span style=\"font-weight: 400;\">Chez<\/span> <a href=\"https:\/\/translinguoglobal.com\/fr\/\"><span style=\"font-weight: 400;\">Translinguo<\/span><\/a>, <span style=\"font-weight: 400;\"> nous vous proposons un large \u00e9ventail de<\/span> <b>service de traduction <\/b> <span style=\"font-weight: 400;\">selon vos besoin. C\u2019est une ressource indispensable pour une communication efficace dans le monde actuel. Notre agence dispose d\u2019une \u00e9quipe de traducteurs hautement qualifi\u00e9s qui poss\u00e8dent les comp\u00e9tences de recherche et d\u2019analyse n\u00e9cessaires \u00e0 une bonne traduction. Ainsi, si vous cherchez une <\/span><b>entreprise de <a href=\"https:\/\/fr.wikipedia.org\/wiki\/Traduction\" target=\"_blank\" rel=\"noopener\">traduction<\/a><\/b><span style=\"font-weight: 400;\">, vous \u00eates au bon endroit, au bon moment. <\/span><\/p>\n<p><span style=\"font-weight: 400;\">Notre travail est de veiller \u00e0 votre satisfaction, car nous, Translinguo, voulons le meilleur pour vous ! N\u2019h\u00e9sitez pas \u00e0 nous contacter, vous serez re\u00e7u comme il se doit, nous vous accompagnerons tout au long du processus du traduction que vous choisirez ! <\/span><\/p>\n<p><span style=\"font-weight: 400;\">Nous vous garantissons le professionnalisme de nos traducteurs et relecteurs. Traducteurs natifs et sp\u00e9cialis\u00e9s. Nous disposons des traducteurs aux quatre coins du monde, ce qui nous permet de proposer un service de traduction sp\u00e9cialis\u00e9e \u00e0 n\u2019importe quelle heure de la journ\u00e9e. Nous pouvons dire alors que nous travaillons 24 heures sur 24.<\/span><\/p>\n<p>Consultez nos profils sur <a title=\"Translinguo Global\" href=\"https:\/\/www.facebook.com\/translinguoglobal\" target=\"_blank\" rel=\"noopener\">Facebook<\/a>, <a title=\"Translinguo Global\" href=\"https:\/\/www.instagram.com\/translinguoglobal\/\" target=\"_blank\" rel=\"noopener\">Instagram<\/a> y <a title=\"Trasnslinguo Global\" href=\"https:\/\/es.linkedin.com\/company\/agencia-de-traduccion-translinguo-global\" target=\"_blank\" rel=\"noopener\">Linkedin<\/a><\/p>\n","protected":false},"excerpt":{"rendered":"<p>M\u00eame si beaucoup d&rsquo;entre nous ont \u00e9tudi\u00e9 le grec ancien au lyc\u00e9e, aujourd&rsquo;hui nous ne pourrions pas s&rsquo;attaquer \u00e0 une traduction en grec.<\/p>\n","protected":false},"author":3,"featured_media":41823,"parent":0,"menu_order":0,"comment_status":"closed","ping_status":"closed","template":"","meta":{"_crdt_document":"","inline_featured_image":false,"site-sidebar-layout":"no-sidebar","site-content-layout":"page-builder","ast-site-content-layout":"full-width-container","site-content-style":"default","site-sidebar-style":"default","ast-global-header-display":"","ast-banner-title-visibility":"","ast-main-header-display":"","ast-hfb-above-header-display":"","ast-hfb-below-header-display":"","ast-hfb-mobile-header-display":"","site-post-title":"disabled","ast-breadcrumbs-content":"","ast-featured-img":"disabled","footer-sml-layout":"","ast-disable-related-posts":"","theme-transparent-header-meta":"default","adv-header-id-meta":"","stick-header-meta":"","header-above-stick-meta":"","header-main-stick-meta":"","header-below-stick-meta":"","astra-migrate-meta-layouts":"set","ast-page-background-enabled":"default","ast-page-background-meta":{"desktop":{"background-color":"var(--ast-global-color-4)","background-image":"","background-repeat":"repeat","background-position":"center center","background-size":"auto","background-attachment":"scroll","background-type":"","background-media":"","overlay-type":"","overlay-color":"","overlay-opacity":"","overlay-gradient":""},"tablet":{"background-color":"","background-image":"","background-repeat":"repeat","background-position":"center center","background-size":"auto","background-attachment":"scroll","background-type":"","background-media":"","overlay-type":"","overlay-color":"","overlay-opacity":"","overlay-gradient":""},"mobile":{"background-color":"","background-image":"","background-repeat":"repeat","background-position":"center center","background-size":"auto","background-attachment":"scroll","background-type":"","background-media":"","overlay-type":"","overlay-color":"","overlay-opacity":"","overlay-gradient":""}},"ast-content-background-meta":{"desktop":{"background-color":"var(--ast-global-color-5)","background-image":"","background-repeat":"repeat","background-position":"center center","background-size":"auto","background-attachment":"scroll","background-type":"","background-media":"","overlay-type":"","overlay-color":"","overlay-opacity":"","overlay-gradient":""},"tablet":{"background-color":"var(--ast-global-color-5)","background-image":"","background-repeat":"repeat","background-position":"center center","background-size":"auto","background-attachment":"scroll","background-type":"","background-media":"","overlay-type":"","overlay-color":"","overlay-opacity":"","overlay-gradient":""},"mobile":{"background-color":"var(--ast-global-color-5)","background-image":"","background-repeat":"repeat","background-position":"center center","background-size":"auto","background-attachment":"scroll","background-type":"","background-media":"","overlay-type":"","overlay-color":"","overlay-opacity":"","overlay-gradient":""}},"footnotes":""},"class_list":["post-46049","page","type-page","status-publish","has-post-thumbnail","hentry"],"_links":{"self":[{"href":"https:\/\/translinguoglobal.com\/fr\/wp-json\/wp\/v2\/pages\/46049","targetHints":{"allow":["GET"]}}],"collection":[{"href":"https:\/\/translinguoglobal.com\/fr\/wp-json\/wp\/v2\/pages"}],"about":[{"href":"https:\/\/translinguoglobal.com\/fr\/wp-json\/wp\/v2\/types\/page"}],"author":[{"embeddable":true,"href":"https:\/\/translinguoglobal.com\/fr\/wp-json\/wp\/v2\/users\/3"}],"replies":[{"embeddable":true,"href":"https:\/\/translinguoglobal.com\/fr\/wp-json\/wp\/v2\/comments?post=46049"}],"version-history":[{"count":4,"href":"https:\/\/translinguoglobal.com\/fr\/wp-json\/wp\/v2\/pages\/46049\/revisions"}],"predecessor-version":[{"id":68995,"href":"https:\/\/translinguoglobal.com\/fr\/wp-json\/wp\/v2\/pages\/46049\/revisions\/68995"}],"wp:featuredmedia":[{"embeddable":true,"href":"https:\/\/translinguoglobal.com\/fr\/wp-json\/wp\/v2\/media\/41823"}],"wp:attachment":[{"href":"https:\/\/translinguoglobal.com\/fr\/wp-json\/wp\/v2\/media?parent=46049"}],"curies":[{"name":"wp","href":"https:\/\/api.w.org\/{rel}","templated":true}]}}