{"id":46046,"date":"2022-06-28T08:42:00","date_gmt":"2022-06-28T08:42:00","guid":{"rendered":"https:\/\/translinguoglobal.com\/traduction-en-danois\/"},"modified":"2024-07-11T15:46:00","modified_gmt":"2024-07-11T13:46:00","slug":"traduction-en-danois","status":"publish","type":"page","link":"https:\/\/translinguoglobal.com\/fr\/traduction-en-danois\/","title":{"rendered":"Traduction du danois"},"content":{"rendered":"<h2 style=\"text-align: center;\">Traduction du danois<\/h2>\n<h2 style=\"text-align: center;\"><strong>Le danois et son importance<\/strong><\/h2>\n<p>Traduction du danois Le <a href=\"https:\/\/fr.wikipedia.org\/wiki\/Danois\" target=\"_blank\" rel=\"noopener\">danois<\/a> est une langue nordique, qui provient des langues germaniques. C&rsquo;est la langue officielle du Danemark, et est parl\u00e9 par 6 millions de personnes, pour autant, elle ne fait pas partie des plus importantes du monde.<\/p>\n<p>Elle s&rsquo;\u00e9tend \u00e9galement \u00e0 d&rsquo;autres territoires, comme aux \u00eeles F\u00e9ro\u00e9, o\u00f9 le danois est une langue co-officielle. M\u00eame si elle n&rsquo;est pas une langue officielle, le danois est parl\u00e9 au Groenland, l\u2019Islande et dans une petite partie du nord de l&rsquo;Allemagne.<\/p>\n<p>Le Danemark est compos\u00e9 de nombreuses \u00eeles, ce qui fait que des dialectes se sont cr\u00e9er \u00e0 l&rsquo;int\u00e9rieur du territoire. Les plus connu sont le sj\u00e6llandsk, le jysk, le bornholmsk et le fynsk. Le dialecte standard du Danemark est appel\u00e9 rigsdansk, ce qui signifie \u00ab\u00a0danois du royaume\u00a0\u00bb.<\/p>\n<h2 style=\"text-align: center;\"><strong>Culture et \u00e9conomie<\/strong><\/h2>\n<p>Le Danemark est le septi\u00e8me pays le plus riche du monde, poss\u00e8de une \u00e9conomie de march\u00e9, et en 2020 le taux de ch\u00f4mage avoisin\u00e9 les 5,6%. Au sein de l&rsquo;Union Europ\u00e9enne, c&rsquo;est le pays leader en mati\u00e8re de production d\u2019\u00e9lectricit\u00e9 gr\u00e2ce \u00e0 l\u2019\u00e9nergie \u00e9olienne.<\/p>\n<p>Fun Fact : le Danemark, avec d&rsquo;autre pays, sont en train d&rsquo;\u00e9tablir des plans pour supprimer l&rsquo;argent liquide. 75% des paiements sont r\u00e9alis\u00e9 par carte bancaire, si bien que beaucoup d&rsquo;\u00e9tablissement n&rsquo;accepte plus l&rsquo;argent liquide.<\/p>\n<p>Ce pays \u00e0 vu na\u00eetre des figures aussi c\u00e9l\u00e8bres que : Hans Christian Andersen, auteur de la petite sir\u00e8ne ou le vilain petit canard ; S\u00f8ren Kierkegaard, philosophe consid\u00e9r\u00e9 comme le p\u00e8re de l&rsquo;existentialisme ; et Karen blixen, auteure du livre \u00ab\u00a0La ferme Africaine\u00a0\u00bb.<\/p>\n<p>La traduction du danois a \u00e9t\u00e9 importante mettre en lumi\u00e8re ces \u0153uvres c\u00e9l\u00e8bres que nous connaissons tous.<\/p>\n<h2 style=\"text-align: center;\"><strong>La traduction du danois<\/strong><\/h2>\n<p>Le danois n&rsquo;est pas une langue r\u00e9pandue mondialement comme peut l&rsquo;\u00eatre l&rsquo;anglais, le chinois ou l&rsquo;espagnol.<\/p>\n<p>Lors des recherches, il est normal de ne pas trouver beaucoup de r\u00e9sultat, pour ce type de traduction est \u00e0 un tarif plus \u00e9lev\u00e9. Le prix par mot avoisine les 0,15 \u20ac, mais comme pour toutes les langues, cela d\u00e9pend de la sp\u00e9cialit\u00e9 \u00e0 laquelle le traducteur doit faire face. S&rsquo;il s&rsquo;agit d&rsquo;un texte \u00ab\u00a0standard\u00a0\u00bb le prix reste le m\u00eame, cependant s&rsquo;il s&rsquo;agit de texte scientifique, technique, juridique, le prix augmentera.<\/p>\n<p>L&rsquo;<a href=\"https:\/\/translinguoglobal.com\/fr\/\">Espagne<\/a> est un des pays fournisseur du Danemark. Elle fournit le pays en produits comme les fruits et l\u00e9gumes, ou bien des machines agricole. Dans ce contexte, nous pouvons d\u00e9duire parmi les traductions les plus fr\u00e9quentes, plusieurs th\u00e8mes reviennent souvent : technologie automobile, alimentation, r\u00e9gulations, accords ou contrats.<\/p>\n<p>Il ne faut pas oublier que l&rsquo;agriculture joue un r\u00f4le tr\u00e8s important au Danemark, ainsi qu&rsquo;en Espagne. C&rsquo;est pourquoi il est possible de trouver des traductions d&rsquo;accord entre agriculteur et entreprises des deux pays. Y compris des interpr\u00e9tations de r\u00e9unions entre entreprises qui ont besoin de produits agricole que leur pays ne peut proposer.<\/p>\n<p><span style=\"font-weight: 400;\">Notre agence dispose d\u2019une \u00e9quipe de traducteurs hautement qualifi\u00e9s qui poss\u00e8dent les comp\u00e9tences de recherche et d\u2019analyse n\u00e9cessaires \u00e0 une bonne traduction. Ainsi, si vous cherchez une <\/span><b>entreprise de <a href=\"https:\/\/fr.wikipedia.org\/wiki\/Traduction\" target=\"_blank\" rel=\"noopener\">traduction<\/a><\/b><span style=\"font-weight: 400;\">, vous \u00eates au bon endroit, au bon moment. <\/span><\/p>\n<p><span style=\"font-weight: 400;\">Notre travail est de veiller \u00e0 votre satisfaction, car nous, <a href=\"https:\/\/translinguoglobal.com\/fr\/\">Translinguo<\/a>, voulons le meilleur pour vous ! N\u2019h\u00e9sitez pas \u00e0 nous contacter, vous serez re\u00e7u comme il se doit, nous vous accompagnerons tout au long du processus du traduction que vous choisirez. <\/span><\/p>\n<p><span style=\"font-weight: 400;\">Nous vous garantissons le professionnalisme de nos traducteurs et relecteurs. Traducteurs natifs et sp\u00e9cialis\u00e9s. Nous disposons des traducteurs aux quatre coins du monde, ce qui nous permet de proposer un service de traduction sp\u00e9cialis\u00e9e \u00e0 n\u2019importe quelle heure de la journ\u00e9e. Nous pouvons dire alors que nous travaillons 24 heures sur 24.<\/span><\/p>\n<p><span style=\"font-weight: 400;\">Les d\u00e9lais convenus ainsi que la confidentialit\u00e9 sont fondamentaux pour nous. Par cons\u00e9quence, nous respectons les r\u00e8gles RGPD en toutes circonstances, et nous faisons tout ce qui est en notre pouvoir pour r\u00e9aliser ce que nous promettons.<\/span><\/p>\n<p>Consultez nos profils sur<a title=\"Translinguo Global\" href=\"https:\/\/www.facebook.com\/translinguoglobal\" target=\"_blank\" rel=\"noopener\">Facebook<\/a>, <a title=\"Translinguo Global\" href=\"https:\/\/www.instagram.com\/translinguoglobal\/\" target=\"_blank\" rel=\"noopener\">Instagram<\/a> y <a title=\"Trasnslinguo Global\" href=\"https:\/\/es.linkedin.com\/company\/agencia-de-traduccion-translinguo-global\" target=\"_blank\" rel=\"noopener\">Linkedin<\/a><\/p>\n","protected":false},"excerpt":{"rendered":"<p>La traduction en danois n&rsquo;est pas chose facile. La principale difficult\u00e9 est que ce n&rsquo;est pas une langue aussi fr\u00e9quente que l&rsquo;anglais.<\/p>\n","protected":false},"author":3,"featured_media":38136,"parent":0,"menu_order":0,"comment_status":"closed","ping_status":"closed","template":"","meta":{"_crdt_document":"","inline_featured_image":false,"site-sidebar-layout":"no-sidebar","site-content-layout":"page-builder","ast-site-content-layout":"full-width-container","site-content-style":"default","site-sidebar-style":"default","ast-global-header-display":"","ast-banner-title-visibility":"","ast-main-header-display":"","ast-hfb-above-header-display":"","ast-hfb-below-header-display":"","ast-hfb-mobile-header-display":"","site-post-title":"disabled","ast-breadcrumbs-content":"","ast-featured-img":"disabled","footer-sml-layout":"","ast-disable-related-posts":"","theme-transparent-header-meta":"default","adv-header-id-meta":"","stick-header-meta":"","header-above-stick-meta":"","header-main-stick-meta":"","header-below-stick-meta":"","astra-migrate-meta-layouts":"set","ast-page-background-enabled":"default","ast-page-background-meta":{"desktop":{"background-color":"var(--ast-global-color-4)","background-image":"","background-repeat":"repeat","background-position":"center center","background-size":"auto","background-attachment":"scroll","background-type":"","background-media":"","overlay-type":"","overlay-color":"","overlay-opacity":"","overlay-gradient":""},"tablet":{"background-color":"","background-image":"","background-repeat":"repeat","background-position":"center center","background-size":"auto","background-attachment":"scroll","background-type":"","background-media":"","overlay-type":"","overlay-color":"","overlay-opacity":"","overlay-gradient":""},"mobile":{"background-color":"","background-image":"","background-repeat":"repeat","background-position":"center center","background-size":"auto","background-attachment":"scroll","background-type":"","background-media":"","overlay-type":"","overlay-color":"","overlay-opacity":"","overlay-gradient":""}},"ast-content-background-meta":{"desktop":{"background-color":"var(--ast-global-color-5)","background-image":"","background-repeat":"repeat","background-position":"center center","background-size":"auto","background-attachment":"scroll","background-type":"","background-media":"","overlay-type":"","overlay-color":"","overlay-opacity":"","overlay-gradient":""},"tablet":{"background-color":"var(--ast-global-color-5)","background-image":"","background-repeat":"repeat","background-position":"center center","background-size":"auto","background-attachment":"scroll","background-type":"","background-media":"","overlay-type":"","overlay-color":"","overlay-opacity":"","overlay-gradient":""},"mobile":{"background-color":"var(--ast-global-color-5)","background-image":"","background-repeat":"repeat","background-position":"center center","background-size":"auto","background-attachment":"scroll","background-type":"","background-media":"","overlay-type":"","overlay-color":"","overlay-opacity":"","overlay-gradient":""}},"footnotes":""},"class_list":["post-46046","page","type-page","status-publish","has-post-thumbnail","hentry"],"_links":{"self":[{"href":"https:\/\/translinguoglobal.com\/fr\/wp-json\/wp\/v2\/pages\/46046","targetHints":{"allow":["GET"]}}],"collection":[{"href":"https:\/\/translinguoglobal.com\/fr\/wp-json\/wp\/v2\/pages"}],"about":[{"href":"https:\/\/translinguoglobal.com\/fr\/wp-json\/wp\/v2\/types\/page"}],"author":[{"embeddable":true,"href":"https:\/\/translinguoglobal.com\/fr\/wp-json\/wp\/v2\/users\/3"}],"replies":[{"embeddable":true,"href":"https:\/\/translinguoglobal.com\/fr\/wp-json\/wp\/v2\/comments?post=46046"}],"version-history":[{"count":4,"href":"https:\/\/translinguoglobal.com\/fr\/wp-json\/wp\/v2\/pages\/46046\/revisions"}],"predecessor-version":[{"id":68924,"href":"https:\/\/translinguoglobal.com\/fr\/wp-json\/wp\/v2\/pages\/46046\/revisions\/68924"}],"wp:featuredmedia":[{"embeddable":true,"href":"https:\/\/translinguoglobal.com\/fr\/wp-json\/wp\/v2\/media\/38136"}],"wp:attachment":[{"href":"https:\/\/translinguoglobal.com\/fr\/wp-json\/wp\/v2\/media?parent=46046"}],"curies":[{"name":"wp","href":"https:\/\/api.w.org\/{rel}","templated":true}]}}