{"id":46045,"date":"2022-06-28T08:41:48","date_gmt":"2022-06-28T08:41:48","guid":{"rendered":"https:\/\/translinguoglobal.com\/traduction-en-portugais\/"},"modified":"2024-07-11T12:10:33","modified_gmt":"2024-07-11T10:10:33","slug":"traduction-en-portugais","status":"publish","type":"page","link":"https:\/\/translinguoglobal.com\/fr\/traduction-en-portugais\/","title":{"rendered":"Traduction du portugais"},"content":{"rendered":"<h2 style=\"text-align: center;\">Traduction du portugais<\/h2>\n<h3 style=\"text-align: center;\"><strong>L&rsquo;importance du portugais<\/strong><\/h3>\n<p>Le portugais est, tout comme l&rsquo;espagnol, une langue europ\u00e9enne, qui se se d\u00e9veloppe le plus rapidement juste apr\u00e8s l&rsquo;anglais. En effet, c&rsquo;est la septi\u00e8me langue plus parl\u00e9e dans le monde, avec plus de 270 millions de locuteurs.<\/p>\n<p>Il s&rsquo;agit de la langue officielle de neuf pays parmi : Portugal, Br\u00e9sil, Guin\u00e9e-Bissau, Angola, Cap-Vert, Mozambique, Sao Tom\u00e9-et-Principe et Timor Oriental. C&rsquo;est aussi la langue co-officielle de Macao, avec le Chinois.<\/p>\n<p>Le portugais du Portugal n&rsquo;est pas celui parl\u00e9 dans le monde entier. Cette langue a la particularit\u00e9 d&rsquo;\u00eatre pluricentrique, c&rsquo;est-\u00e0-dire une langues avec deux standards parl\u00e9s et deux standards \u00e9crits. Ainsi, deux groupes de dialectes principaux coexistent : le dialecte de la p\u00e9ninsule Ib\u00e9rique (portugais europ\u00e9en) et le dialecte du Br\u00e9sil (portugais br\u00e9silien).<\/p>\n<h3 style=\"text-align: center;\"><strong>Le portugais en tant que moteur \u00e9conomique et culturelle<\/strong><\/h3>\n<p>Ente 1991 et 2000, le Portugal a vu son \u00e9conomie cro\u00eetre \u00e0 une rythme \u00e9lev\u00e9, sup\u00e9rieur \u00e0 la moyenne de l&rsquo;Union Europ\u00e9enne, faisant d&rsquo;elle un moteur important pour celle-ci. De cette mani\u00e8re, la <strong>traduction du portugais <\/strong> a jou\u00e9 un r\u00f4le cl\u00e9 dans la diffusion de cette culture si unique.<\/p>\n<p>Et le Portugal a export\u00e9 des grandes c\u00e9l\u00e9brit\u00e9s, non seulement en Europe, mais dans le monde entier. Par exemple, le joueur de foot Cristiano Ronaldo, l&rsquo;acteur Joaquim de Almeida (Fast and Furious 5), ou m\u00eame humoriste Mar\u00eda de Medeiros.<\/p>\n<h3 style=\"text-align: center;\"><strong>Histoire de la traduction du portugais.<\/strong><\/h3>\n<p>En 1514, les auteurs pratiquait l&rsquo;auto-traduction pour que leurs \u0153uvres atteignent plus de personnes. Cette pratique \u00e9tait surtout utilis\u00e9e dans le domaine de la po\u00e9sie lyrique. Un exemple de cette pratique est l\u2019\u0153uvre <em>M\u00e9ditation de la passion de N. S. Christ versifi\u00e9 par un moine portugais de la province de Piedad.<\/em><\/p>\n<p>Cela nous montre qu\u2019auparavant le <strong>traduction du portugais<\/strong> \u00e9tait \u00e9troitement li\u00e9e au christianisme et \u00e0 la diffusion de ce types d&rsquo;\u0153uvre religieuse. Aujourd&rsquo;hui, la diffusion de cette langue et cette culture \u00e0 travers la traduction du portugais est due \u00e0 la croissance \u00e9conomique cette derni\u00e8re d\u00e9cennie.<\/p>\n<h3 style=\"text-align: center;\"><strong>La traduction du portugais aujourd&rsquo;hui<\/strong><\/h3>\n<p>Aujourd&rsquo;hui, la <strong>traduction du portugais<\/strong> est plus fr\u00e9quente \u00e0 l&rsquo;\u00e9chelle internationale gr\u00e2ce \u00e0 l&rsquo;expansion \u00e9conomique, qui se consolide chaque jour. Et il ne faut pas l&rsquo;oublier.<\/p>\n<p>Bien que l&rsquo;espagnol soit tr\u00e8s similaire au portugais, et qu&rsquo;un espagnol peut comprendre presque 80% de ce qu&rsquo;il lit ou entend en portugais, la <strong>traduction du portugais<\/strong> reste n\u00e9cessaire, puisqu&rsquo;elle permet une transmission juste sa culture et de ses id\u00e9es. De plus, selon une \u00e9tude de l&rsquo;Institut Cam\u00f5es, le portugais est une des langues les plus influente dans le monde actuel.<\/p>\n<p><span style=\"font-weight: 400;\">Chez<\/span> <a href=\"https:\/\/translinguoglobal.com\/fr\/\"><span style=\"font-weight: 400;\">Translinguo<\/span><\/a>, <span style=\"font-weight: 400;\"> nous vous proposons un large \u00e9ventail de<\/span> <b>service de traduction <\/b> <span style=\"font-weight: 400;\">selon vos besoin. C\u2019est une ressource indispensable pour une communication efficace dans le monde actuel. Notre agence dispose d\u2019une \u00e9quipe de traducteurs hautement qualifi\u00e9s qui poss\u00e8dent les comp\u00e9tences de recherche et d\u2019analyse n\u00e9cessaires \u00e0 une bonne traduction. Ainsi, si vous cherchez une <\/span><b>entreprise de <a href=\"https:\/\/fr.wikipedia.org\/wiki\/Traduction\" target=\"_blank\" rel=\"noopener\">traduction<\/a><\/b><span style=\"font-weight: 400;\">, vous \u00eates au bon endroit, au bon moment. <\/span><\/p>\n<p><span style=\"font-weight: 400;\">Notre travail est de veiller \u00e0 votre satisfaction, car nous, Translinguo, voulons le meilleur pour vous ! N\u2019h\u00e9sitez pas \u00e0 nous contacter, vous serez re\u00e7u comme il se doit, nous vous accompagnerons tout au long du processus du traduction que vous choisirez ! <\/span><\/p>\n<p><span style=\"font-weight: 400;\">Nous vous garantissons le professionnalisme de nos traducteurs et relecteurs. Traducteurs natifs et sp\u00e9cialis\u00e9s. Nous disposons des traducteurs aux quatre coins du monde, ce qui nous permet de proposer un service de traduction sp\u00e9cialis\u00e9e \u00e0 n\u2019importe quelle heure de la journ\u00e9e. Nous pouvons dire alors que nous travaillons 24 heures sur 24.<\/span><\/p>\n<p>Consultez nos profils sur <a title=\"Translinguo Global\" href=\"https:\/\/www.facebook.com\/translinguoglobal\" target=\"_blank\" rel=\"noopener\">Facebook<\/a>, <a title=\"Translinguo Global\" href=\"https:\/\/www.instagram.com\/translinguoglobal\/\" target=\"_blank\" rel=\"noopener\">Instagram<\/a> y <a title=\"Trasnslinguo Global\" href=\"https:\/\/es.linkedin.com\/company\/agencia-de-traduccion-translinguo-global\" target=\"_blank\" rel=\"noopener\">Linkedin<\/a><\/p>\n","protected":false},"excerpt":{"rendered":"<p>Traduction du portugais L&rsquo;importance du portugais Le portugais est, tout comme l&rsquo;espagnol, une langue europ\u00e9enne, qui se se d\u00e9veloppe le plus rapidement juste apr\u00e8s l&rsquo;anglais. En effet, c&rsquo;est la septi\u00e8me langue plus parl\u00e9e dans le monde, avec plus de 270 millions de locuteurs. Il s&rsquo;agit de la langue officielle de neuf pays parmi : Portugal, [&hellip;]<\/p>\n","protected":false},"author":3,"featured_media":44407,"parent":0,"menu_order":0,"comment_status":"closed","ping_status":"closed","template":"","meta":{"_crdt_document":"","inline_featured_image":false,"site-sidebar-layout":"no-sidebar","site-content-layout":"page-builder","ast-site-content-layout":"full-width-container","site-content-style":"default","site-sidebar-style":"default","ast-global-header-display":"","ast-banner-title-visibility":"","ast-main-header-display":"","ast-hfb-above-header-display":"","ast-hfb-below-header-display":"","ast-hfb-mobile-header-display":"","site-post-title":"disabled","ast-breadcrumbs-content":"","ast-featured-img":"disabled","footer-sml-layout":"","ast-disable-related-posts":"","theme-transparent-header-meta":"default","adv-header-id-meta":"","stick-header-meta":"","header-above-stick-meta":"","header-main-stick-meta":"","header-below-stick-meta":"","astra-migrate-meta-layouts":"set","ast-page-background-enabled":"default","ast-page-background-meta":{"desktop":{"background-color":"var(--ast-global-color-4)","background-image":"","background-repeat":"repeat","background-position":"center center","background-size":"auto","background-attachment":"scroll","background-type":"","background-media":"","overlay-type":"","overlay-color":"","overlay-opacity":"","overlay-gradient":""},"tablet":{"background-color":"","background-image":"","background-repeat":"repeat","background-position":"center center","background-size":"auto","background-attachment":"scroll","background-type":"","background-media":"","overlay-type":"","overlay-color":"","overlay-opacity":"","overlay-gradient":""},"mobile":{"background-color":"","background-image":"","background-repeat":"repeat","background-position":"center center","background-size":"auto","background-attachment":"scroll","background-type":"","background-media":"","overlay-type":"","overlay-color":"","overlay-opacity":"","overlay-gradient":""}},"ast-content-background-meta":{"desktop":{"background-color":"var(--ast-global-color-5)","background-image":"","background-repeat":"repeat","background-position":"center center","background-size":"auto","background-attachment":"scroll","background-type":"","background-media":"","overlay-type":"","overlay-color":"","overlay-opacity":"","overlay-gradient":""},"tablet":{"background-color":"var(--ast-global-color-5)","background-image":"","background-repeat":"repeat","background-position":"center center","background-size":"auto","background-attachment":"scroll","background-type":"","background-media":"","overlay-type":"","overlay-color":"","overlay-opacity":"","overlay-gradient":""},"mobile":{"background-color":"var(--ast-global-color-5)","background-image":"","background-repeat":"repeat","background-position":"center center","background-size":"auto","background-attachment":"scroll","background-type":"","background-media":"","overlay-type":"","overlay-color":"","overlay-opacity":"","overlay-gradient":""}},"footnotes":""},"class_list":["post-46045","page","type-page","status-publish","has-post-thumbnail","hentry"],"_links":{"self":[{"href":"https:\/\/translinguoglobal.com\/fr\/wp-json\/wp\/v2\/pages\/46045","targetHints":{"allow":["GET"]}}],"collection":[{"href":"https:\/\/translinguoglobal.com\/fr\/wp-json\/wp\/v2\/pages"}],"about":[{"href":"https:\/\/translinguoglobal.com\/fr\/wp-json\/wp\/v2\/types\/page"}],"author":[{"embeddable":true,"href":"https:\/\/translinguoglobal.com\/fr\/wp-json\/wp\/v2\/users\/3"}],"replies":[{"embeddable":true,"href":"https:\/\/translinguoglobal.com\/fr\/wp-json\/wp\/v2\/comments?post=46045"}],"version-history":[{"count":4,"href":"https:\/\/translinguoglobal.com\/fr\/wp-json\/wp\/v2\/pages\/46045\/revisions"}],"predecessor-version":[{"id":68910,"href":"https:\/\/translinguoglobal.com\/fr\/wp-json\/wp\/v2\/pages\/46045\/revisions\/68910"}],"wp:featuredmedia":[{"embeddable":true,"href":"https:\/\/translinguoglobal.com\/fr\/wp-json\/wp\/v2\/media\/44407"}],"wp:attachment":[{"href":"https:\/\/translinguoglobal.com\/fr\/wp-json\/wp\/v2\/media?parent=46045"}],"curies":[{"name":"wp","href":"https:\/\/api.w.org\/{rel}","templated":true}]}}