{"id":45801,"date":"2022-06-24T09:57:32","date_gmt":"2022-06-24T09:57:32","guid":{"rendered":"https:\/\/translinguoglobal.com\/?page_id=45801"},"modified":"2024-06-07T20:10:35","modified_gmt":"2024-06-07T18:10:35","slug":"daniel-ddungu","status":"publish","type":"page","link":"https:\/\/translinguoglobal.com\/fr\/daniel-ddungu\/","title":{"rendered":"Daniel Ddungu"},"content":{"rendered":"\t\t<div data-elementor-type=\"wp-page\" data-elementor-id=\"45801\" class=\"elementor elementor-45801 elementor-45503\" data-elementor-post-type=\"page\">\n\t\t\t\t\t\t<section data-particle_enable=\"false\" data-particle-mobile-disabled=\"false\" class=\"elementor-section elementor-top-section elementor-element elementor-element-172b57cd elementor-section-height-min-height elementor-section-boxed elementor-section-height-default elementor-section-items-middle\" data-id=\"172b57cd\" data-element_type=\"section\" data-e-type=\"section\">\n\t\t\t\t\t\t\t<div class=\"elementor-background-overlay\"><\/div>\n\t\t\t\t\t\t\t<div class=\"elementor-container elementor-column-gap-default\">\n\t\t\t\t\t<div class=\"elementor-column elementor-col-100 elementor-top-column elementor-element elementor-element-918df78\" data-id=\"918df78\" data-element_type=\"column\" data-e-type=\"column\">\n\t\t\t<div class=\"elementor-widget-wrap elementor-element-populated\">\n\t\t\t\t\t\t<div class=\"elementor-element elementor-element-60b7b5a2 elementor-widget elementor-widget-image\" data-id=\"60b7b5a2\" data-element_type=\"widget\" data-e-type=\"widget\" data-widget_type=\"image.default\">\n\t\t\t\t\t\t\t\t\t\t\t\t\t\t\t<img fetchpriority=\"high\" decoding=\"async\" width=\"707\" height=\"1024\" src=\"https:\/\/translinguoglobal.com\/wp-content\/uploads\/2022\/10\/Daniel_Ddungu_Photo-707x1024.jpg\" class=\"attachment-large size-large wp-image-52464\" alt=\"Daniel_Ddungu\" srcset=\"https:\/\/translinguoglobal.com\/wp-content\/uploads\/2022\/10\/Daniel_Ddungu_Photo-707x1024.jpg 707w, https:\/\/translinguoglobal.com\/wp-content\/uploads\/2022\/10\/Daniel_Ddungu_Photo-207x300.jpg 207w, https:\/\/translinguoglobal.com\/wp-content\/uploads\/2022\/10\/Daniel_Ddungu_Photo-768x1112.jpg 768w, https:\/\/translinguoglobal.com\/wp-content\/uploads\/2022\/10\/Daniel_Ddungu_Photo-1061x1536.jpg 1061w, https:\/\/translinguoglobal.com\/wp-content\/uploads\/2022\/10\/Daniel_Ddungu_Photo-1414x2048.jpg 1414w, https:\/\/translinguoglobal.com\/wp-content\/uploads\/2022\/10\/Daniel_Ddungu_Photo-scaled.jpg 1768w\" sizes=\"(max-width: 707px) 100vw, 707px\" \/>\t\t\t\t\t\t\t\t\t\t\t\t\t\t\t<\/div>\n\t\t\t\t<div class=\"elementor-element elementor-element-21198cde elementor-widget elementor-widget-heading\" data-id=\"21198cde\" data-element_type=\"widget\" data-e-type=\"widget\" data-widget_type=\"heading.default\">\n\t\t\t\t\t<h4 class=\"elementor-heading-title elementor-size-default\">Responsable Marketing et Web Marketing<\/h4>\t\t\t\t<\/div>\n\t\t\t\t<section data-particle_enable=\"false\" data-particle-mobile-disabled=\"false\" class=\"elementor-section elementor-inner-section elementor-element elementor-element-76ef2909 elementor-section-boxed elementor-section-height-default elementor-section-height-default\" data-id=\"76ef2909\" data-element_type=\"section\" data-e-type=\"section\">\n\t\t\t\t\t\t<div class=\"elementor-container elementor-column-gap-default\">\n\t\t\t\t\t<div class=\"elementor-column elementor-col-33 elementor-inner-column elementor-element elementor-element-5a80bad7 elementor-hidden-mobile\" data-id=\"5a80bad7\" data-element_type=\"column\" data-e-type=\"column\">\n\t\t\t<div class=\"elementor-widget-wrap\">\n\t\t\t\t\t\t\t<\/div>\n\t\t<\/div>\n\t\t\t\t<div class=\"elementor-column elementor-col-33 elementor-inner-column elementor-element elementor-element-20edc351\" data-id=\"20edc351\" data-element_type=\"column\" data-e-type=\"column\">\n\t\t\t<div class=\"elementor-widget-wrap elementor-element-populated\">\n\t\t\t\t\t\t<div class=\"elementor-element elementor-element-663129e0 elementor-widget elementor-widget-text-editor\" data-id=\"663129e0\" data-element_type=\"widget\" data-e-type=\"widget\" data-widget_type=\"text-editor.default\">\n\t\t\t\t\t\t\t\t\t<p>Dipl\u00f4m\u00e9 en Informatique de <a href=\"https:\/\/es.wikipedia.org\/wiki\/Universidad_de_ciencias_y_tecnolog%C3%ADas_de_Mbarara\" target=\"_blank\" rel=\"noopener\">l&rsquo;Universit\u00e9 des Sciences et Technologies de Mbarara en Ouganda<\/a>(Affrique orientale), dipl\u00f4m\u00e9 en Marketing digital \u00e0<a href=\"https:\/\/vu.ac.ug\/\" target=\"_blank\" rel=\"noopener\"> l&rsquo;Universit\u00e9 Victoria<\/a> \u00e0 Kampala (Ouganda), titulaire d&rsquo;un dip\u00f4me national sup\u00e9rieur en Syst\u00e8me de Gestion de Contenu et Commerce digital du Centro de Formaci\u00f3n en Tecnolog\u00edas de la informaci\u00f3n y las Communicaciones \u00e0 Madrid, et autres formation en ligne en marketing digital et d\u00e9veloppement web. Passion\u00e9 par le developpement web, le design, le marketing digital, ce qu&rsquo;il aime vraiment, c&rsquo;est trouver des solutions cr\u00e9atives aux probl\u00e8mes li\u00e9s au web.<\/p>\n\t\t\t\t\t\t\t\t<\/div>\n\t\t\t\t\t<\/div>\n\t\t<\/div>\n\t\t\t\t<div class=\"elementor-column elementor-col-33 elementor-inner-column elementor-element elementor-element-3fa0dc50 elementor-hidden-mobile\" data-id=\"3fa0dc50\" data-element_type=\"column\" data-e-type=\"column\">\n\t\t\t<div class=\"elementor-widget-wrap\">\n\t\t\t\t\t\t\t<\/div>\n\t\t<\/div>\n\t\t\t\t\t<\/div>\n\t\t<\/section>\n\t\t\t\t<div class=\"elementor-element elementor-element-3f7bce96 elementor-align-center elementor-widget elementor-widget-button\" data-id=\"3f7bce96\" data-element_type=\"widget\" data-e-type=\"widget\" data-widget_type=\"button.default\">\n\t\t\t\t\t\t\t\t\t\t<a class=\"elementor-button elementor-button-link elementor-size-md\" href=\"https:\/\/translinguoglobal.com\/fr\/lequipe\/\">\n\t\t\t\t\t\t<span class=\"elementor-button-content-wrapper\">\n\t\t\t\t\t\t<span class=\"elementor-button-icon\">\n\t\t\t\t<svg aria-hidden=\"true\" class=\"e-font-icon-svg e-far-arrow-alt-circle-left\" viewBox=\"0 0 512 512\" xmlns=\"http:\/\/www.w3.org\/2000\/svg\"><path d=\"M8 256c0 137 111 248 248 248s248-111 248-248S393 8 256 8 8 119 8 256zm448 0c0 110.5-89.5 200-200 200S56 366.5 56 256 145.5 56 256 56s200 89.5 200 200zm-72-20v40c0 6.6-5.4 12-12 12H256v67c0 10.7-12.9 16-20.5 8.5l-99-99c-4.7-4.7-4.7-12.3 0-17l99-99c7.6-7.6 20.5-2.2 20.5 8.5v67h116c6.6 0 12 5.4 12 12z\"><\/path><\/svg>\t\t\t<\/span>\n\t\t\t\t\t\t\t\t\t<span class=\"elementor-button-text\">Retour \u00e0 la page \u00e9quipe<\/span>\n\t\t\t\t\t<\/span>\n\t\t\t\t\t<\/a>\n\t\t\t\t\t\t\t\t<\/div>\n\t\t\t\t\t<\/div>\n\t\t<\/div>\n\t\t\t\t\t<\/div>\n\t\t<\/section>\n\t\t\t\t<\/div>\n\t\t","protected":false},"excerpt":{"rendered":"<p>Responsable Marketing et Web Marketing Dipl\u00f4m\u00e9 en Informatique de l&rsquo;Universit\u00e9 des Sciences et Technologies de Mbarara en Ouganda(Affrique orientale), dipl\u00f4m\u00e9 en Marketing digital \u00e0 l&rsquo;Universit\u00e9 Victoria \u00e0 Kampala (Ouganda), titulaire d&rsquo;un dip\u00f4me national sup\u00e9rieur en Syst\u00e8me de Gestion de Contenu et Commerce digital du Centro de Formaci\u00f3n en Tecnolog\u00edas de la informaci\u00f3n y las Communicaciones [&hellip;]<\/p>\n","protected":false},"author":3,"featured_media":39006,"parent":0,"menu_order":0,"comment_status":"closed","ping_status":"closed","template":"","meta":{"_crdt_document":"","inline_featured_image":false,"site-sidebar-layout":"no-sidebar","site-content-layout":"page-builder","ast-site-content-layout":"default","site-content-style":"default","site-sidebar-style":"default","ast-global-header-display":"","ast-banner-title-visibility":"","ast-main-header-display":"","ast-hfb-above-header-display":"","ast-hfb-below-header-display":"","ast-hfb-mobile-header-display":"","site-post-title":"disabled","ast-breadcrumbs-content":"","ast-featured-img":"disabled","footer-sml-layout":"","ast-disable-related-posts":"","theme-transparent-header-meta":"default","adv-header-id-meta":"","stick-header-meta":"","header-above-stick-meta":"","header-main-stick-meta":"","header-below-stick-meta":"","astra-migrate-meta-layouts":"default","ast-page-background-enabled":"default","ast-page-background-meta":{"desktop":{"background-color":"var(--ast-global-color-4)","background-image":"","background-repeat":"repeat","background-position":"center center","background-size":"auto","background-attachment":"scroll","background-type":"","background-media":"","overlay-type":"","overlay-color":"","overlay-opacity":"","overlay-gradient":""},"tablet":{"background-color":"","background-image":"","background-repeat":"repeat","background-position":"center center","background-size":"auto","background-attachment":"scroll","background-type":"","background-media":"","overlay-type":"","overlay-color":"","overlay-opacity":"","overlay-gradient":""},"mobile":{"background-color":"","background-image":"","background-repeat":"repeat","background-position":"center center","background-size":"auto","background-attachment":"scroll","background-type":"","background-media":"","overlay-type":"","overlay-color":"","overlay-opacity":"","overlay-gradient":""}},"ast-content-background-meta":{"desktop":{"background-color":"var(--ast-global-color-5)","background-image":"","background-repeat":"repeat","background-position":"center center","background-size":"auto","background-attachment":"scroll","background-type":"","background-media":"","overlay-type":"","overlay-color":"","overlay-opacity":"","overlay-gradient":""},"tablet":{"background-color":"var(--ast-global-color-5)","background-image":"","background-repeat":"repeat","background-position":"center center","background-size":"auto","background-attachment":"scroll","background-type":"","background-media":"","overlay-type":"","overlay-color":"","overlay-opacity":"","overlay-gradient":""},"mobile":{"background-color":"var(--ast-global-color-5)","background-image":"","background-repeat":"repeat","background-position":"center center","background-size":"auto","background-attachment":"scroll","background-type":"","background-media":"","overlay-type":"","overlay-color":"","overlay-opacity":"","overlay-gradient":""}},"footnotes":""},"class_list":["post-45801","page","type-page","status-publish","has-post-thumbnail","hentry"],"_links":{"self":[{"href":"https:\/\/translinguoglobal.com\/fr\/wp-json\/wp\/v2\/pages\/45801","targetHints":{"allow":["GET"]}}],"collection":[{"href":"https:\/\/translinguoglobal.com\/fr\/wp-json\/wp\/v2\/pages"}],"about":[{"href":"https:\/\/translinguoglobal.com\/fr\/wp-json\/wp\/v2\/types\/page"}],"author":[{"embeddable":true,"href":"https:\/\/translinguoglobal.com\/fr\/wp-json\/wp\/v2\/users\/3"}],"replies":[{"embeddable":true,"href":"https:\/\/translinguoglobal.com\/fr\/wp-json\/wp\/v2\/comments?post=45801"}],"version-history":[{"count":5,"href":"https:\/\/translinguoglobal.com\/fr\/wp-json\/wp\/v2\/pages\/45801\/revisions"}],"predecessor-version":[{"id":67536,"href":"https:\/\/translinguoglobal.com\/fr\/wp-json\/wp\/v2\/pages\/45801\/revisions\/67536"}],"wp:featuredmedia":[{"embeddable":true,"href":"https:\/\/translinguoglobal.com\/fr\/wp-json\/wp\/v2\/media\/39006"}],"wp:attachment":[{"href":"https:\/\/translinguoglobal.com\/fr\/wp-json\/wp\/v2\/media?parent=45801"}],"curies":[{"name":"wp","href":"https:\/\/api.w.org\/{rel}","templated":true}]}}