{"id":45618,"date":"2022-06-23T17:56:01","date_gmt":"2022-06-23T17:56:01","guid":{"rendered":"https:\/\/translinguoglobal.com\/?page_id=45618"},"modified":"2024-07-10T17:52:37","modified_gmt":"2024-07-10T15:52:37","slug":"mauro-cozzolino","status":"publish","type":"page","link":"https:\/\/translinguoglobal.com\/fr\/mauro-cozzolino\/","title":{"rendered":"Mauro Cozzolino"},"content":{"rendered":"\t\t<div data-elementor-type=\"wp-page\" data-elementor-id=\"45618\" class=\"elementor elementor-45618 elementor-45606\" data-elementor-post-type=\"page\">\n\t\t\t\t\t\t<section data-particle_enable=\"false\" data-particle-mobile-disabled=\"false\" class=\"elementor-section elementor-top-section elementor-element elementor-element-362a40eb elementor-section-height-min-height elementor-section-boxed elementor-section-height-default elementor-section-items-middle\" data-id=\"362a40eb\" data-element_type=\"section\" data-e-type=\"section\">\n\t\t\t\t\t\t\t<div class=\"elementor-background-overlay\"><\/div>\n\t\t\t\t\t\t\t<div class=\"elementor-container elementor-column-gap-default\">\n\t\t\t\t\t<div class=\"elementor-column elementor-col-100 elementor-top-column elementor-element elementor-element-61396c2f\" data-id=\"61396c2f\" data-element_type=\"column\" data-e-type=\"column\">\n\t\t\t<div class=\"elementor-widget-wrap elementor-element-populated\">\n\t\t\t\t\t\t<div class=\"elementor-element elementor-element-375e2663 elementor-widget elementor-widget-image\" data-id=\"375e2663\" data-element_type=\"widget\" data-e-type=\"widget\" data-widget_type=\"image.default\">\n\t\t\t\t\t\t\t\t\t\t\t\t\t\t\t<img fetchpriority=\"high\" decoding=\"async\" width=\"1024\" height=\"984\" src=\"https:\/\/translinguoglobal.com\/wp-content\/uploads\/2022\/04\/Mauro_Cozzolino-1024x984.jpg\" class=\"attachment-large size-large wp-image-38970\" alt=\"Mauro Cozzolino\" srcset=\"https:\/\/translinguoglobal.com\/wp-content\/uploads\/2022\/04\/Mauro_Cozzolino-1024x984.jpg 1024w, https:\/\/translinguoglobal.com\/wp-content\/uploads\/2022\/04\/Mauro_Cozzolino-300x288.jpg 300w, https:\/\/translinguoglobal.com\/wp-content\/uploads\/2022\/04\/Mauro_Cozzolino-768x738.jpg 768w, https:\/\/translinguoglobal.com\/wp-content\/uploads\/2022\/04\/Mauro_Cozzolino.jpg 1031w\" sizes=\"(max-width: 1024px) 100vw, 1024px\" \/>\t\t\t\t\t\t\t\t\t\t\t\t\t\t\t<\/div>\n\t\t\t\t<div class=\"elementor-element elementor-element-6baf3626 elementor-widget elementor-widget-heading\" data-id=\"6baf3626\" data-element_type=\"widget\" data-e-type=\"widget\" data-widget_type=\"heading.default\">\n\t\t\t\t\t<h4 class=\"elementor-heading-title elementor-size-default\">Cofondateur, Expert et Scientifique<\/h4>\t\t\t\t<\/div>\n\t\t\t\t<section data-particle_enable=\"false\" data-particle-mobile-disabled=\"false\" class=\"elementor-section elementor-inner-section elementor-element elementor-element-2ef3ed5e elementor-section-boxed elementor-section-height-default elementor-section-height-default\" data-id=\"2ef3ed5e\" data-element_type=\"section\" data-e-type=\"section\">\n\t\t\t\t\t\t<div class=\"elementor-container elementor-column-gap-default\">\n\t\t\t\t\t<div class=\"elementor-column elementor-col-33 elementor-inner-column elementor-element elementor-element-62497a7a elementor-hidden-mobile\" data-id=\"62497a7a\" data-element_type=\"column\" data-e-type=\"column\">\n\t\t\t<div class=\"elementor-widget-wrap\">\n\t\t\t\t\t\t\t<\/div>\n\t\t<\/div>\n\t\t\t\t<div class=\"elementor-column elementor-col-33 elementor-inner-column elementor-element elementor-element-46f566e1\" data-id=\"46f566e1\" data-element_type=\"column\" data-e-type=\"column\">\n\t\t\t<div class=\"elementor-widget-wrap elementor-element-populated\">\n\t\t\t\t\t\t<div class=\"elementor-element elementor-element-68cd3384 elementor-widget elementor-widget-text-editor\" data-id=\"68cd3384\" data-element_type=\"widget\" data-e-type=\"widget\" data-widget_type=\"text-editor.default\">\n\t\t\t\t\t\t\t\t\t<p>Chirurgien sp\u00e9cialis\u00e9 en gyn\u00e9cologie, dipl\u00f4m\u00e9 de l&rsquo;Universit\u00e9 de Florence (Italie). Aujourd&rsquo;hui, chercheur dans la domaine de la reproduction humaine \u00e0 la Yale School of Medicine (\u00c9tats-Unis). Il contribue aux r\u00e9visions de documents scientifiques et techniques, lors de devis, mais aussi \u00e0 la terminologie sp\u00e9cialis\u00e9e dans le domaine de la r\u00e9daction et traduction scientifique. Ainsi, il joue un r\u00f4le fondamentale dans le d\u00e9veloppement strat\u00e9gique de <strong>Translinguo Global\u00ae<\/strong> aux \u00c9tats-Unis et en Italie. Le niveau d&rsquo;exp\u00e9rience et de connaissances sp\u00e9cialis\u00e9e de notre \u00e9quipe est vitale afin de r\u00e9aliser des projets de grande valeur et pr\u00e9cison terminologique.<\/p>\n\t\t\t\t\t\t\t\t<\/div>\n\t\t\t\t\t<\/div>\n\t\t<\/div>\n\t\t\t\t<div class=\"elementor-column elementor-col-33 elementor-inner-column elementor-element elementor-element-1b3668e5 elementor-hidden-mobile\" data-id=\"1b3668e5\" data-element_type=\"column\" data-e-type=\"column\">\n\t\t\t<div class=\"elementor-widget-wrap\">\n\t\t\t\t\t\t\t<\/div>\n\t\t<\/div>\n\t\t\t\t\t<\/div>\n\t\t<\/section>\n\t\t\t\t<div class=\"elementor-element elementor-element-78436948 elementor-align-center elementor-widget elementor-widget-button\" data-id=\"78436948\" data-element_type=\"widget\" data-e-type=\"widget\" data-widget_type=\"button.default\">\n\t\t\t\t\t\t\t\t\t\t<a class=\"elementor-button elementor-button-link elementor-size-md\" href=\"https:\/\/translinguoglobal.com\/fr\/lequipe\/\">\n\t\t\t\t\t\t<span class=\"elementor-button-content-wrapper\">\n\t\t\t\t\t\t<span class=\"elementor-button-icon\">\n\t\t\t\t<svg aria-hidden=\"true\" class=\"e-font-icon-svg e-far-arrow-alt-circle-left\" viewBox=\"0 0 512 512\" xmlns=\"http:\/\/www.w3.org\/2000\/svg\"><path d=\"M8 256c0 137 111 248 248 248s248-111 248-248S393 8 256 8 8 119 8 256zm448 0c0 110.5-89.5 200-200 200S56 366.5 56 256 145.5 56 256 56s200 89.5 200 200zm-72-20v40c0 6.6-5.4 12-12 12H256v67c0 10.7-12.9 16-20.5 8.5l-99-99c-4.7-4.7-4.7-12.3 0-17l99-99c7.6-7.6 20.5-2.2 20.5 8.5v67h116c6.6 0 12 5.4 12 12z\"><\/path><\/svg>\t\t\t<\/span>\n\t\t\t\t\t\t\t\t\t<span class=\"elementor-button-text\">Retour \u00e0 la page \u00e9quipe<\/span>\n\t\t\t\t\t<\/span>\n\t\t\t\t\t<\/a>\n\t\t\t\t\t\t\t\t<\/div>\n\t\t\t\t\t<\/div>\n\t\t<\/div>\n\t\t\t\t\t<\/div>\n\t\t<\/section>\n\t\t\t\t<\/div>\n\t\t","protected":false},"excerpt":{"rendered":"<p>Cofondateur, Expert et Scientifique Chirurgien sp\u00e9cialis\u00e9 en gyn\u00e9cologie, dipl\u00f4m\u00e9 de l&rsquo;Universit\u00e9 de Florence (Italie). Aujourd&rsquo;hui, chercheur dans la domaine de la reproduction humaine \u00e0 la Yale School of Medicine (\u00c9tats-Unis). Il contribue aux r\u00e9visions de documents scientifiques et techniques, lors de devis, mais aussi \u00e0 la terminologie sp\u00e9cialis\u00e9e dans le domaine de la r\u00e9daction et [&hellip;]<\/p>\n","protected":false},"author":3,"featured_media":0,"parent":0,"menu_order":0,"comment_status":"closed","ping_status":"closed","template":"","meta":{"_crdt_document":"","inline_featured_image":false,"site-sidebar-layout":"no-sidebar","site-content-layout":"page-builder","ast-site-content-layout":"default","site-content-style":"default","site-sidebar-style":"default","ast-global-header-display":"","ast-banner-title-visibility":"","ast-main-header-display":"","ast-hfb-above-header-display":"","ast-hfb-below-header-display":"","ast-hfb-mobile-header-display":"","site-post-title":"disabled","ast-breadcrumbs-content":"","ast-featured-img":"disabled","footer-sml-layout":"","ast-disable-related-posts":"","theme-transparent-header-meta":"default","adv-header-id-meta":"","stick-header-meta":"","header-above-stick-meta":"","header-main-stick-meta":"","header-below-stick-meta":"","astra-migrate-meta-layouts":"default","ast-page-background-enabled":"default","ast-page-background-meta":{"desktop":{"background-color":"var(--ast-global-color-4)","background-image":"","background-repeat":"repeat","background-position":"center center","background-size":"auto","background-attachment":"scroll","background-type":"","background-media":"","overlay-type":"","overlay-color":"","overlay-opacity":"","overlay-gradient":""},"tablet":{"background-color":"","background-image":"","background-repeat":"repeat","background-position":"center center","background-size":"auto","background-attachment":"scroll","background-type":"","background-media":"","overlay-type":"","overlay-color":"","overlay-opacity":"","overlay-gradient":""},"mobile":{"background-color":"","background-image":"","background-repeat":"repeat","background-position":"center center","background-size":"auto","background-attachment":"scroll","background-type":"","background-media":"","overlay-type":"","overlay-color":"","overlay-opacity":"","overlay-gradient":""}},"ast-content-background-meta":{"desktop":{"background-color":"var(--ast-global-color-5)","background-image":"","background-repeat":"repeat","background-position":"center center","background-size":"auto","background-attachment":"scroll","background-type":"","background-media":"","overlay-type":"","overlay-color":"","overlay-opacity":"","overlay-gradient":""},"tablet":{"background-color":"var(--ast-global-color-5)","background-image":"","background-repeat":"repeat","background-position":"center center","background-size":"auto","background-attachment":"scroll","background-type":"","background-media":"","overlay-type":"","overlay-color":"","overlay-opacity":"","overlay-gradient":""},"mobile":{"background-color":"var(--ast-global-color-5)","background-image":"","background-repeat":"repeat","background-position":"center center","background-size":"auto","background-attachment":"scroll","background-type":"","background-media":"","overlay-type":"","overlay-color":"","overlay-opacity":"","overlay-gradient":""}},"footnotes":""},"class_list":["post-45618","page","type-page","status-publish","hentry"],"_links":{"self":[{"href":"https:\/\/translinguoglobal.com\/fr\/wp-json\/wp\/v2\/pages\/45618","targetHints":{"allow":["GET"]}}],"collection":[{"href":"https:\/\/translinguoglobal.com\/fr\/wp-json\/wp\/v2\/pages"}],"about":[{"href":"https:\/\/translinguoglobal.com\/fr\/wp-json\/wp\/v2\/types\/page"}],"author":[{"embeddable":true,"href":"https:\/\/translinguoglobal.com\/fr\/wp-json\/wp\/v2\/users\/3"}],"replies":[{"embeddable":true,"href":"https:\/\/translinguoglobal.com\/fr\/wp-json\/wp\/v2\/comments?post=45618"}],"version-history":[{"count":3,"href":"https:\/\/translinguoglobal.com\/fr\/wp-json\/wp\/v2\/pages\/45618\/revisions"}],"predecessor-version":[{"id":68875,"href":"https:\/\/translinguoglobal.com\/fr\/wp-json\/wp\/v2\/pages\/45618\/revisions\/68875"}],"wp:attachment":[{"href":"https:\/\/translinguoglobal.com\/fr\/wp-json\/wp\/v2\/media?parent=45618"}],"curies":[{"name":"wp","href":"https:\/\/api.w.org\/{rel}","templated":true}]}}