{"id":45196,"date":"2022-06-22T20:36:20","date_gmt":"2022-06-22T20:36:20","guid":{"rendered":"https:\/\/translinguoglobal.com\/traduction-medicale\/"},"modified":"2024-07-12T13:32:28","modified_gmt":"2024-07-12T11:32:28","slug":"traduction-medicale","status":"publish","type":"page","link":"https:\/\/translinguoglobal.com\/fr\/traduction-medicale\/","title":{"rendered":"Traduction m\u00e9dicale"},"content":{"rendered":"<h2 style=\"text-align: center;\"><strong>Traduction m\u00e9dicale<\/strong><\/h2>\n<p><span style=\"font-weight: 400;\">Les traductions m\u00e9dicales n\u00e9cessitent une formation approfondie dans ce domaine, d\u00fb \u00e0 sa complexit\u00e9. Nous vous proposons les meilleurs traducteurs sp\u00e9cialis\u00e9s en m\u00e9decine.<\/span><\/p>\n<p><span style=\"font-weight: 400;\">Le<\/span> <b>traducteur de textes m\u00e9dicaux<\/b> <span style=\"font-weight: 400;\">doit \u00eatre un professionnel tant dans la traduction que dans le secteur de la sant\u00e9. Chez Translinguo Global nous sommes conscient des difficult\u00e9s que repr\u00e9sentent ces textes et de l&rsquo;importance qu&rsquo;ils ont. Nous disposons des meilleurs <\/span><b>traducteur m\u00e9dicaux<\/b> <span style=\"font-weight: 400;\">pour vous proposer un service optimal.<\/span><\/p>\n<p><span style=\"font-weight: 400;\">Que ce soit pour un rapport ou un article scientifique, il est n\u00e9cessaire que la traduction soit de qualit\u00e9. La traduction devra s&rsquo;adapter parfaitement au contenu du texte et respecter les conventions du domaine m\u00e9dical.<\/span><\/p>\n<h2 style=\"text-align: center;\"><strong>Qu&rsquo;est-ce qu&rsquo;une traduction m\u00e9dicale ?<\/strong><\/h2>\n<p><span style=\"font-weight: 400;\">Ce type de<\/span> <a href=\"https:\/\/translinguoglobal.com\/fr\/service-de-traduction-specialisee\/\"><span style=\"font-weight: 400;\"> traduction sp\u00e9cialis\u00e9e<\/span><\/a> <span style=\"font-weight: 400;\">comprend une large gamme de sp\u00e9cialit\u00e9s. \u00c9tant donn\u00e9 que la <a href=\"https:\/\/fr.wikipedia.org\/wiki\/Traduction\" target=\"_blank\" rel=\"noopener\">traduction<\/a> m\u00e9dicale est sp\u00e9cialis\u00e9e, le secteur utilise un vocabulaire tr\u00e8s concret et un langage propre au domaine de la sant\u00e9. Le comprendre, le respecter et l&rsquo;adapter est primordiale, car la moindre erreurs dans la traduction peut mettre en danger la sant\u00e9 du patient.<\/span><\/p>\n<p><span style=\"font-weight: 400;\">Quand nous parlons de traduction m\u00e9dicale, nous faisons r\u00e9f\u00e9rence \u00e0 un large spectre de textes.<\/span><\/p>\n<h2 style=\"text-align: center;\"><strong>Les types de traductions m\u00e9dicales<\/strong><\/h2>\n<h3 style=\"text-align: center;\"><strong>Traductions m\u00e9dicales<\/strong><\/h3>\n<p><span style=\"font-weight: 400;\">Il existe plusieurs types de textes m\u00e9dicaux Chez Translinguo, nous disposons <\/span><b>de traducteurs sp\u00e9cialis\u00e9s dans la m\u00e9decine, <\/b><span style=\"font-weight: 400;\">expert dans chacun d&rsquo;entre eux. Nous vous expliquons ci-dessous certains types de traduction m\u00e9dicale auxquels vous avez acc\u00e8s.<\/span><\/p>\n<ul>\n<li><span style=\"font-weight: 400;\"><strong>Rapports m\u00e9dicaux<\/strong> En g\u00e9n\u00e9ral, l&rsquo;utilisation d&rsquo;un texte d\u00e9finie son r\u00f4le. Les rapports m\u00e9dicaux sont personnels, et ce sera le patient lui-m\u00eame qui demande sa traduction pour diverses raisons. Par exemple, s&rsquo;il doit demander une traduction pour des raisons de voyage ou de d\u00e9m\u00e9nagement. <\/span><\/li>\n<\/ul>\n<p><span style=\"font-weight: 400;\">Les rapports m\u00e9dicaux contiennent vos informations personnelles. Si vous devez voyager alors que vous suivez un traitement, il est important de prendre avec vous votre dossier. Traduire votre dossier dans la langue du pays dans lequel vous voyagez, aidera grandement lors de votre prise en charge.<\/span><\/p>\n<ul>\n<li><span style=\"font-weight: 400;\"><strong>Articles scientifiques.<\/strong> Les articles scientifiques sont destin\u00e9s \u00e0 un public cible et form\u00e9. Dans ce cas, il s&rsquo;agit de textes plus complexes et denses qu&rsquo;un dossier. La publication dans une revue scientifiques sont souvent le principal motifs pour lequel une traduction est demand\u00e9e. <\/span><\/li>\n<\/ul>\n<p>Ces traductions sont aussi r\u00e9aliser pour les bibliographie.<\/p>\n<ul>\n<li><span style=\"font-weight: 400;\"><strong>Les textes m\u00e9dicaux.<\/strong> La diff\u00e9rence avec les articles scientifiques est le public cible. Alors que les articles scientifiques sont destin\u00e9 \u00e0 d&rsquo;autres professionnels, les textes m\u00e9dicaux ont des fins vulgarisation. Cela signifie que le but est d&rsquo;informer le grand public, qui n&rsquo;est pas expert en m\u00e9decine. <\/span><\/li>\n<li><span style=\"font-weight: 400;\"><strong>Dossier m\u00e9dical.<\/strong> Votre dossier m\u00e9dical est l&rsquo;ensemble des documents et rapports m\u00e9dicaux. Comme nous vous venons de le dire, traduire ces documents sera tr\u00e8s utile dans le cas o\u00f9 vous auriez besoin d&rsquo;une prise en charge urgente. Le dossier contient toutes les informations, c&rsquo;est pourquoi avoir une bonne traduction est indispensable.<\/span><\/li>\n<\/ul>\n<h3 style=\"text-align: center;\"><strong>Traductions pour l&rsquo;industrie pharmaceutique<\/strong><\/h3>\n<p><span style=\"font-weight: 400;\">Dans le cas de la <\/span> <a href=\"\/?p=19888\"><b>traduction pharmaceutique <\/b><\/a><span style=\"font-weight: 400;\">, il s&rsquo;agit \u00e9galement de traductions sp\u00e9cialis\u00e9es. Dans ces textes, le vocabulaire employ\u00e9 est principalement li\u00e9 \u00e0 la chimie et d&rsquo;autres branches de la science.<\/span><\/p>\n<p><span style=\"font-weight: 400;\">Nos traducteurs travaillent \u00e0 partir d&rsquo;un ample \u00e9ventail de textes pharmaceutique, comme des d\u00e9claration de produits ou des notices. Les brevets, rapports de laboratoires, m\u00eame les site internet et la publicit\u00e9 font partie de ces sp\u00e9cialit\u00e9.<\/span><\/p>\n<h2 style=\"text-align: center;\"><strong>Combien co\u00fbte une traduction m\u00e9dicale ?<\/strong><\/h2>\n<p><span style=\"font-weight: 400;\">Comme pour toute traduction sp\u00e9cialis\u00e9, les<\/span> <b>tarifs de la traduction m\u00e9dicale<\/b> <span style=\"font-weight: 400;\">refl\u00e8tent les connaissance des<\/span> <b>traducteur sp\u00e9cialis\u00e9s en m\u00e9decine<\/b><span style=\"font-weight: 400;\">. C&rsquo;est un facteur \u00e0 tenir en compte lorsque que vous commandez une traduction.<\/span><\/p>\n<p><span style=\"font-weight: 400;\">La complexit\u00e9 du texte et la combinaison des langues choisis auront un impacte sur le tarif final. D&rsquo;autre part, si vous avez besoin d&rsquo;une traduction urgente, il faudra compter des frais suppl\u00e9mentaires.<\/span><\/p>\n<h2 style=\"text-align: center;\"><strong>Faire appel \u00e0 notre service de <\/strong><\/h2>\n<h2 style=\"text-align: center;\"><strong>traduction m\u00e9dicale<\/strong><\/h2>\n<p><span style=\"font-weight: 400;\">Pour faire appel \u00e0 nos services de <\/span> <b> traduction m\u00e9dicale <\/b><span style=\"font-weight: 400;\">, contactez-nous via notre formulaire sur notre site internet. Vous pouvez \u00e9galement nous contacter par t\u00e9l\u00e9phone pour toute question. Nous vous expliquerons le processus de traduction sans engagement.<\/span><\/p>\n<p><span style=\"font-weight: 400;\">Une fois cos doutes dissip\u00e9s, nous vous proposerons le meilleur tarif de traduction m\u00e9dicale. Nos <\/span><b>traducteurs de documents m\u00e9dicaux et traductions m\u00e9dicales et pharmaceutiques <\/b><span style=\"font-weight: 400;\">mettrons la main \u00e0 l&rsquo;ouvrage. Nous vous livrerons un texte de qualit\u00e9 optimale dans les plus bref d\u00e9lais.<\/span><\/p>\n","protected":false},"excerpt":{"rendered":"<p>Traduction m\u00e9dicale Les traductions m\u00e9dicales n\u00e9cessitent une formation approfondie dans ce domaine, d\u00fb \u00e0 sa complexit\u00e9. Nous vous proposons les meilleurs traducteurs sp\u00e9cialis\u00e9s en m\u00e9decine. Le traducteur de textes m\u00e9dicaux doit \u00eatre un professionnel tant dans la traduction que dans le secteur de la sant\u00e9. Chez Translinguo Global nous sommes conscient des difficult\u00e9s que repr\u00e9sentent [&hellip;]<\/p>\n","protected":false},"author":3,"featured_media":56998,"parent":0,"menu_order":0,"comment_status":"closed","ping_status":"closed","template":"elementor_header_footer","meta":{"_crdt_document":"","inline_featured_image":false,"site-sidebar-layout":"default","site-content-layout":"default","ast-site-content-layout":"default","site-content-style":"default","site-sidebar-style":"default","ast-global-header-display":"","ast-banner-title-visibility":"","ast-main-header-display":"","ast-hfb-above-header-display":"","ast-hfb-below-header-display":"","ast-hfb-mobile-header-display":"","site-post-title":"","ast-breadcrumbs-content":"","ast-featured-img":"","footer-sml-layout":"","ast-disable-related-posts":"","theme-transparent-header-meta":"default","adv-header-id-meta":"","stick-header-meta":"","header-above-stick-meta":"","header-main-stick-meta":"","header-below-stick-meta":"","astra-migrate-meta-layouts":"set","ast-page-background-enabled":"default","ast-page-background-meta":{"desktop":{"background-color":"var(--ast-global-color-4)","background-image":"","background-repeat":"repeat","background-position":"center center","background-size":"auto","background-attachment":"scroll","background-type":"","background-media":"","overlay-type":"","overlay-color":"","overlay-opacity":"","overlay-gradient":""},"tablet":{"background-color":"","background-image":"","background-repeat":"repeat","background-position":"center center","background-size":"auto","background-attachment":"scroll","background-type":"","background-media":"","overlay-type":"","overlay-color":"","overlay-opacity":"","overlay-gradient":""},"mobile":{"background-color":"","background-image":"","background-repeat":"repeat","background-position":"center center","background-size":"auto","background-attachment":"scroll","background-type":"","background-media":"","overlay-type":"","overlay-color":"","overlay-opacity":"","overlay-gradient":""}},"ast-content-background-meta":{"desktop":{"background-color":"var(--ast-global-color-5)","background-image":"","background-repeat":"repeat","background-position":"center center","background-size":"auto","background-attachment":"scroll","background-type":"","background-media":"","overlay-type":"","overlay-color":"","overlay-opacity":"","overlay-gradient":""},"tablet":{"background-color":"var(--ast-global-color-5)","background-image":"","background-repeat":"repeat","background-position":"center center","background-size":"auto","background-attachment":"scroll","background-type":"","background-media":"","overlay-type":"","overlay-color":"","overlay-opacity":"","overlay-gradient":""},"mobile":{"background-color":"var(--ast-global-color-5)","background-image":"","background-repeat":"repeat","background-position":"center center","background-size":"auto","background-attachment":"scroll","background-type":"","background-media":"","overlay-type":"","overlay-color":"","overlay-opacity":"","overlay-gradient":""}},"footnotes":""},"class_list":["post-45196","page","type-page","status-publish","has-post-thumbnail","hentry"],"_links":{"self":[{"href":"https:\/\/translinguoglobal.com\/fr\/wp-json\/wp\/v2\/pages\/45196","targetHints":{"allow":["GET"]}}],"collection":[{"href":"https:\/\/translinguoglobal.com\/fr\/wp-json\/wp\/v2\/pages"}],"about":[{"href":"https:\/\/translinguoglobal.com\/fr\/wp-json\/wp\/v2\/types\/page"}],"author":[{"embeddable":true,"href":"https:\/\/translinguoglobal.com\/fr\/wp-json\/wp\/v2\/users\/3"}],"replies":[{"embeddable":true,"href":"https:\/\/translinguoglobal.com\/fr\/wp-json\/wp\/v2\/comments?post=45196"}],"version-history":[{"count":3,"href":"https:\/\/translinguoglobal.com\/fr\/wp-json\/wp\/v2\/pages\/45196\/revisions"}],"predecessor-version":[{"id":69024,"href":"https:\/\/translinguoglobal.com\/fr\/wp-json\/wp\/v2\/pages\/45196\/revisions\/69024"}],"wp:featuredmedia":[{"embeddable":true,"href":"https:\/\/translinguoglobal.com\/fr\/wp-json\/wp\/v2\/media\/56998"}],"wp:attachment":[{"href":"https:\/\/translinguoglobal.com\/fr\/wp-json\/wp\/v2\/media?parent=45196"}],"curies":[{"name":"wp","href":"https:\/\/api.w.org\/{rel}","templated":true}]}}