{"id":45195,"date":"2022-06-22T20:36:10","date_gmt":"2022-06-22T20:36:10","guid":{"rendered":"https:\/\/translinguoglobal.com\/entreprise-de-traduction-de-catalan\/"},"modified":"2024-07-10T13:33:19","modified_gmt":"2024-07-10T11:33:19","slug":"entreprise-de-traduction-de-catalan","status":"publish","type":"page","link":"https:\/\/translinguoglobal.com\/fr\/entreprise-de-traduction-de-catalan\/","title":{"rendered":"Traduction en Catalan"},"content":{"rendered":"<h2 style=\"text-align: center;\"><strong>L&rsquo;importance du catalan et sa traduction<\/strong><\/h2>\n<p>Traduction de Catalan. La <strong>traduction du <a href=\"https:\/\/fr.wikipedia.org\/wiki\/Catalan\" target=\"_blank\" rel=\"noopener\">catalan<\/a><\/strong> ou vers le catalan, occupe une place importance dans le classement, et a peu \u00e0 peu fait son chemin dans le monde professionnel. Il s&rsquo;agit d&rsquo;une des langues les plus demand\u00e9es au niveau international, d\u00fb \u00e0 sa forte pr\u00e9sence dans l&rsquo;\u00e9conomie et culture, et de son int\u00e9r\u00eat pour l&rsquo;ind\u00e9pendance. Il est important de mentionner que c&rsquo;est une langue parl\u00e9e par 80 millions de personnes, une des quatre langues officielles d&rsquo;Espagne, et la langue officielle d&rsquo;Andorre. Son importance dans les m\u00e9dias de communication et d&rsquo;internet est telle que d\u00e9sormais, des plateformes comme Google, Facebook ou Youtube sont disponible en Catalan.<\/p>\n<blockquote><p>Selon l&rsquo;Institut Raymond-Llull, entit\u00e9 de r\u00e9f\u00e9rence pour la langue catalane.<strong>Le catalan est une langue romane de la branche occidentale. Elle comporte deux variantes dialectales fondamentales : l&rsquo;occidental et l&rsquo;oriental,<\/strong>qui comprend des diff\u00e9rences lexicale, phon\u00e9tiques et grammaticales. Le catalan parl\u00e9 dans Pays Valencien est aussi appel\u00e9 Valencien par tradition. La zone linguistique s&rsquo;\u00e9tend sur quatre \u00c9tats europ\u00e9ens : en Andorre, en Espagne (Catalogne et Communaut\u00e9 Valencienne, Iles Bal\u00e9ares, Frange d&rsquo;Aragon, El Carche en Murcie), en France (Catalogne du Nord) et en Italie (la ville de Alghero en Sardaigne).<\/p><\/blockquote>\n<p>Chez <a href=\"https:\/\/translinguoglobal.com\/fr\/\">TRANSLINGUO GLOBAL <\/a>nous souhaitons nous assurez de proposer \u00e0 nos clients la s\u00e9curit\u00e9 de recevoir une traduction en catalan exacte et qui permet une communication fluide entre l&rsquo;\u00e9metteur et le destinataire.<\/p>\n<p>Nous sommes une entreprise de traduction en catalan qui dispose d&rsquo;une \u00e9quipe professionnel, qualifi\u00e9s et sp\u00e9cialis\u00e9, proposant \u00e0 sa client\u00e8le un service de premi\u00e8re qualit\u00e9 et sensible \u00e0 la valeur d&rsquo;une bonne interpr\u00e9tation du message.<\/p>\n<h2 style=\"text-align: center;\"><strong>La Catalogne en tant que moteur \u00e9conomique et culturel<\/strong><\/h2>\n<p>La catalogne est sans aucun doute un des principaux moteur \u00e9conomique et culturel en Espagne. L&rsquo;innovation et l&rsquo;impl\u00e9mentation de plans culturel, a transformer la Catalogne en un point centrale n\u00e9cessaire pour l&rsquo;Espagne.<\/p>\n<p>Elle est aussi le berceau de personnalit\u00e9 comme Salvador Dal\u00ed, Pau Casals ou Ana Mar\u00eda Matute.<\/p>\n<p>La traduction en catalan est devenu, un outil indispensable pour transmettre cette culture au reste de la population qui ne parle catalan. La n\u00e9cessit\u00e9 d&rsquo;une entreprise de traduction en catalan comme la notre est donc \u00e9vidente.<\/p>\n<h2 style=\"text-align: center;\"><strong>L&rsquo;Histoire de la traduction en catalan<\/strong><\/h2>\n<p>D&rsquo;apr\u00e8s les mots de Ramon Llad\u00f3 \u00ab\u00a0le catalan a quasiment toujours \u00e9t\u00e9 une culture de traduction\u00a0\u00bb.<\/p>\n<p>\u00c0 l&rsquo;\u00e9poque m\u00e9di\u00e9vale, un ph\u00e9nom\u00e8ne de traductologie entre castillan et catalan avait lieu, comme un forme de d&rsquo;\u00e9change culturel.<\/p>\n<p>Une des p\u00e9riodes les plus compliqu\u00e9 pour la <strong>traduction en catalan<\/strong> \u00e9tait durant la dictature de Franco. Apr\u00e8s la victoire franquiste, beaucoup de catalans ont d\u00fb quitter le pays et le catalan f\u00fbt interdit. Malgr\u00e9 ces difficult\u00e9s, beaucoup de traducteur catalan ont continu\u00e9 la t\u00e2che ardue de traduire et survivre.<\/p>\n<p>L&rsquo;objectif d&rsquo;une entreprise de <a href=\"https:\/\/es.wikipedia.org\/wiki\/Traducci%C3%B3n\" target=\"_blank\" rel=\"noopener\">traduction<\/a> de catalan comme Translinguo Global est de continuer \u00e0 proposer ce service historique et continuer \u00e0 faire tomber les fronti\u00e8res entre les diff\u00e9rentes langues, pour arriver \u00e0 une communication globale sans obstacle.<\/p>\n<h2 style=\"text-align: center;\">Que faut-il prendre en compte lors d&rsquo;une traduction en catalan ?<\/h2>\n<p>Pour proposer un service de qualit\u00e9, il est indispensable de disposer de l&rsquo;aide de traducteur professionnels qui respectent les pr\u00e9requis linguistiques du catalan. De plus, nous ferons attention particuli\u00e8rement, non seulement aux fautes orthographiques, mais aussi \u00e0 \u00e9viter la litt\u00e9ralit\u00e9 des traductions et chercher la nature du texte du point de vu d&rsquo;un locuteur natif catalan. Nous ferons preuve de pr\u00e9cision en employant les adaptation et termes justes, en essayant d&rsquo;utiliser les formes catalanes les plus adapt\u00e9s au lieu des termes hispanis\u00e9s.<\/p>\n","protected":false},"excerpt":{"rendered":"<p>La traduction en catalan est encore une des plus demand\u00e9s pour valeur historique et culturelle. Chez Translinguo Global, nous souhaitons continuer \u00e0 mettre en lumi\u00e8re les langues co-officielles d&rsquo;Espagne gr\u00e2ce \u00e0 nos services d&rsquo;entreprise de traduction en catalan, par sa richesse linguistique.<\/p>\n","protected":false},"author":3,"featured_media":38112,"parent":0,"menu_order":0,"comment_status":"closed","ping_status":"closed","template":"","meta":{"_crdt_document":"","inline_featured_image":false,"site-sidebar-layout":"no-sidebar","site-content-layout":"page-builder","ast-site-content-layout":"full-width-container","site-content-style":"default","site-sidebar-style":"default","ast-global-header-display":"","ast-banner-title-visibility":"","ast-main-header-display":"","ast-hfb-above-header-display":"","ast-hfb-below-header-display":"","ast-hfb-mobile-header-display":"","site-post-title":"disabled","ast-breadcrumbs-content":"","ast-featured-img":"disabled","footer-sml-layout":"","ast-disable-related-posts":"","theme-transparent-header-meta":"default","adv-header-id-meta":"","stick-header-meta":"","header-above-stick-meta":"","header-main-stick-meta":"","header-below-stick-meta":"","astra-migrate-meta-layouts":"set","ast-page-background-enabled":"default","ast-page-background-meta":{"desktop":{"background-color":"var(--ast-global-color-4)","background-image":"","background-repeat":"repeat","background-position":"center center","background-size":"auto","background-attachment":"scroll","background-type":"","background-media":"","overlay-type":"","overlay-color":"","overlay-opacity":"","overlay-gradient":""},"tablet":{"background-color":"","background-image":"","background-repeat":"repeat","background-position":"center center","background-size":"auto","background-attachment":"scroll","background-type":"","background-media":"","overlay-type":"","overlay-color":"","overlay-opacity":"","overlay-gradient":""},"mobile":{"background-color":"","background-image":"","background-repeat":"repeat","background-position":"center center","background-size":"auto","background-attachment":"scroll","background-type":"","background-media":"","overlay-type":"","overlay-color":"","overlay-opacity":"","overlay-gradient":""}},"ast-content-background-meta":{"desktop":{"background-color":"var(--ast-global-color-5)","background-image":"","background-repeat":"repeat","background-position":"center center","background-size":"auto","background-attachment":"scroll","background-type":"","background-media":"","overlay-type":"","overlay-color":"","overlay-opacity":"","overlay-gradient":""},"tablet":{"background-color":"var(--ast-global-color-5)","background-image":"","background-repeat":"repeat","background-position":"center center","background-size":"auto","background-attachment":"scroll","background-type":"","background-media":"","overlay-type":"","overlay-color":"","overlay-opacity":"","overlay-gradient":""},"mobile":{"background-color":"var(--ast-global-color-5)","background-image":"","background-repeat":"repeat","background-position":"center center","background-size":"auto","background-attachment":"scroll","background-type":"","background-media":"","overlay-type":"","overlay-color":"","overlay-opacity":"","overlay-gradient":""}},"footnotes":""},"class_list":["post-45195","page","type-page","status-publish","has-post-thumbnail","hentry"],"_links":{"self":[{"href":"https:\/\/translinguoglobal.com\/fr\/wp-json\/wp\/v2\/pages\/45195","targetHints":{"allow":["GET"]}}],"collection":[{"href":"https:\/\/translinguoglobal.com\/fr\/wp-json\/wp\/v2\/pages"}],"about":[{"href":"https:\/\/translinguoglobal.com\/fr\/wp-json\/wp\/v2\/types\/page"}],"author":[{"embeddable":true,"href":"https:\/\/translinguoglobal.com\/fr\/wp-json\/wp\/v2\/users\/3"}],"replies":[{"embeddable":true,"href":"https:\/\/translinguoglobal.com\/fr\/wp-json\/wp\/v2\/comments?post=45195"}],"version-history":[{"count":4,"href":"https:\/\/translinguoglobal.com\/fr\/wp-json\/wp\/v2\/pages\/45195\/revisions"}],"predecessor-version":[{"id":68821,"href":"https:\/\/translinguoglobal.com\/fr\/wp-json\/wp\/v2\/pages\/45195\/revisions\/68821"}],"wp:featuredmedia":[{"embeddable":true,"href":"https:\/\/translinguoglobal.com\/fr\/wp-json\/wp\/v2\/media\/38112"}],"wp:attachment":[{"href":"https:\/\/translinguoglobal.com\/fr\/wp-json\/wp\/v2\/media?parent=45195"}],"curies":[{"name":"wp","href":"https:\/\/api.w.org\/{rel}","templated":true}]}}