{"id":45194,"date":"2022-06-22T20:35:53","date_gmt":"2022-06-22T20:35:53","guid":{"rendered":"https:\/\/translinguoglobal.com\/entreprise-de-traduction-chinoise\/"},"modified":"2024-07-10T14:03:49","modified_gmt":"2024-07-10T12:03:49","slug":"entreprise-de-traduction-chinoise","status":"publish","type":"page","link":"https:\/\/translinguoglobal.com\/fr\/entreprise-de-traduction-chinoise\/","title":{"rendered":"Entreprise de traduction chinoise"},"content":{"rendered":"<h3 style=\"text-align: center;\"><strong>Le chinois, un nouveau march\u00e9 pour la traduction<\/strong><\/h3>\n<p>Compte tenu des progr\u00e8s de la mondialisation, on peut dire que la mont\u00e9e en puissance de la <a href=\"https:\/\/fr.wikipedia.org\/wiki\/Chine\" target=\"_blank\" rel=\"noopener\">Chine<\/a> est croissante. La Chine est un pays comp\u00e9titif dans un paysage commercial et \u00e9conomique mondial. Avec les avanc\u00e9es de ce pays, l&rsquo;Espagne a de plus en plus de relations avec la Chine et ces relations, g\u00e9n\u00e9ralement commerciales, ont donn\u00e9 lieu \u00e0 de nombreux besoins de traduction pour leurs affaires communes.<\/p>\n<p>Lorsqu&rsquo;il s&rsquo;agit de n\u00e9gocier des accords commerciaux entre les deux pays, la traduction est n\u00e9cessaire, tout comme une soci\u00e9t\u00e9 de traduction chinoise qui assure un service sp\u00e9cialis\u00e9 et professionnel tel que celui que nous proposons.<\/p>\n<p>Les transactions qui ont lieu entre la Chine et l&rsquo;Espagne sont tr\u00e8s importantes sur le plan \u00e9conomique. Compte tenu de l&rsquo;importance de ces transactions, les commandes de traduction doivent \u00eatre trait\u00e9es avec le plus grand soin et par des professionnels qualifi\u00e9s en langues asiatiques dans ce domaine, comme l&rsquo;\u00e9quipe de notre entreprise de traduction chinoise \u00e0 TRANSLINGUO.<\/p>\n<p>En outre, le tourisme est un autre point \u00e0 prendre en compte, d&rsquo;o\u00f9 l&rsquo;importance de l&rsquo;existence d&rsquo;une soci\u00e9t\u00e9 de traduction chinoise. \u00c0 <a href=\"https:\/\/translinguoglobal.com\/fr\/\">TRANSLINGUO GLOBAL<\/a>, nous voulons faciliter l&rsquo;\u00e9change communicatif avec la population chinoise et le grand nombre de touristes qui visitent notre pays.<\/p>\n<p>Ainsi, le travail r\u00e9alis\u00e9 par notre soci\u00e9t\u00e9 de traduction chinoise sera l&rsquo;outil id\u00e9al pour renforcer les relations avec une puissance mondiale telle que la Chine.<\/p>\n<p>&nbsp;<\/p>\n<h3 style=\"text-align: center;\"><strong>Le chinois sera-t-il la langue du futur ?<\/strong><\/h3>\n<p>La traduction linguistique rend possible la communication entre des langues et des cultures diff\u00e9rentes. Les \u00c9tats-Unis \u00e9tant la premi\u00e8re puissance mondiale, l&rsquo;anglais est la langue la plus parl\u00e9e dans le monde.<\/p>\n<p>En ce qui concerne la technologie, l&rsquo;anglais est en avance sur le chinois, car les inventions sont bas\u00e9es sur l&rsquo;anglais. En outre, toute la technologie et sa terminologie sont souvent en anglais, y compris les termes qui ne sont pas traduits. M\u00eame si la Chine progresse en tant que puissance, cela ne signifie pas que le chinois soit la nouvelle langue officielle. En g\u00e9n\u00e9ral, les langues v\u00e9hiculaires li\u00e9es aux empires d&rsquo;outre-mer ont \u00e9t\u00e9 au premier plan. Cela fait r\u00e9f\u00e9rence au fait que les locuteurs natifs peuvent se trouver dans des lieux g\u00e9ographiques diff\u00e9rents.<\/p>\n<p>En revanche, le chinois n&rsquo;est utilis\u00e9 comme langue maternelle que dans les pays asiatiques, contrairement \u00e0 l&rsquo;anglais qui est utilis\u00e9 comme langue v\u00e9hiculaire dans le monde entier. Par ailleurs, il convient de noter que nous ne serions pas surpris que l&rsquo;espagnol devienne la future langue v\u00e9hiculaire. En effet, il s&rsquo;agit de la deuxi\u00e8me langue la plus parl\u00e9e et elle est tr\u00e8s pr\u00e9sente en Europe, en Am\u00e9rique et en Afrique.<\/p>\n<p>Pour l&rsquo;instant, il semble que l&rsquo;anglais restera la langue officielle en raison de la technologie et de la communication. Cependant, il est impossible de pr\u00e9voir l&rsquo;avenir et l&rsquo;\u00e9volution des langues.<\/p>\n<p>Visitez nos profils sur <a title=\"Translinguo Global\" href=\"https:\/\/www.facebook.com\/translinguoglobal\" target=\"_blank\" rel=\"noopener\">Facebook<\/a>, <a title=\"Translinguo Global\" href=\"https:\/\/www.instagram.com\/translinguoglobal\/\" target=\"_blank\" rel=\"noopener\">Instagram<\/a> y <a title=\"Trasnslinguo Global\" href=\"https:\/\/es.linkedin.com\/company\/agencia-de-traduccion-translinguo-global\" target=\"_blank\" rel=\"noopener\">Linkedin<\/a><\/p>\n","protected":false},"excerpt":{"rendered":"<p>Le chinois mandarin est la langue officielle du pays, avec 836 millions de locuteurs. Le chinois mandarin ne doit pas \u00eatre confondu avec le chinois.<\/p>\n","protected":false},"author":3,"featured_media":38100,"parent":0,"menu_order":0,"comment_status":"closed","ping_status":"closed","template":"","meta":{"_crdt_document":"","inline_featured_image":false,"site-sidebar-layout":"no-sidebar","site-content-layout":"page-builder","ast-site-content-layout":"full-width-container","site-content-style":"default","site-sidebar-style":"default","ast-global-header-display":"","ast-banner-title-visibility":"","ast-main-header-display":"","ast-hfb-above-header-display":"","ast-hfb-below-header-display":"","ast-hfb-mobile-header-display":"","site-post-title":"disabled","ast-breadcrumbs-content":"","ast-featured-img":"disabled","footer-sml-layout":"","ast-disable-related-posts":"","theme-transparent-header-meta":"default","adv-header-id-meta":"","stick-header-meta":"","header-above-stick-meta":"","header-main-stick-meta":"","header-below-stick-meta":"","astra-migrate-meta-layouts":"set","ast-page-background-enabled":"default","ast-page-background-meta":{"desktop":{"background-color":"var(--ast-global-color-4)","background-image":"","background-repeat":"repeat","background-position":"center center","background-size":"auto","background-attachment":"scroll","background-type":"","background-media":"","overlay-type":"","overlay-color":"","overlay-opacity":"","overlay-gradient":""},"tablet":{"background-color":"","background-image":"","background-repeat":"repeat","background-position":"center center","background-size":"auto","background-attachment":"scroll","background-type":"","background-media":"","overlay-type":"","overlay-color":"","overlay-opacity":"","overlay-gradient":""},"mobile":{"background-color":"","background-image":"","background-repeat":"repeat","background-position":"center center","background-size":"auto","background-attachment":"scroll","background-type":"","background-media":"","overlay-type":"","overlay-color":"","overlay-opacity":"","overlay-gradient":""}},"ast-content-background-meta":{"desktop":{"background-color":"var(--ast-global-color-5)","background-image":"","background-repeat":"repeat","background-position":"center center","background-size":"auto","background-attachment":"scroll","background-type":"","background-media":"","overlay-type":"","overlay-color":"","overlay-opacity":"","overlay-gradient":""},"tablet":{"background-color":"var(--ast-global-color-5)","background-image":"","background-repeat":"repeat","background-position":"center center","background-size":"auto","background-attachment":"scroll","background-type":"","background-media":"","overlay-type":"","overlay-color":"","overlay-opacity":"","overlay-gradient":""},"mobile":{"background-color":"var(--ast-global-color-5)","background-image":"","background-repeat":"repeat","background-position":"center center","background-size":"auto","background-attachment":"scroll","background-type":"","background-media":"","overlay-type":"","overlay-color":"","overlay-opacity":"","overlay-gradient":""}},"footnotes":""},"class_list":["post-45194","page","type-page","status-publish","has-post-thumbnail","hentry"],"_links":{"self":[{"href":"https:\/\/translinguoglobal.com\/fr\/wp-json\/wp\/v2\/pages\/45194","targetHints":{"allow":["GET"]}}],"collection":[{"href":"https:\/\/translinguoglobal.com\/fr\/wp-json\/wp\/v2\/pages"}],"about":[{"href":"https:\/\/translinguoglobal.com\/fr\/wp-json\/wp\/v2\/types\/page"}],"author":[{"embeddable":true,"href":"https:\/\/translinguoglobal.com\/fr\/wp-json\/wp\/v2\/users\/3"}],"replies":[{"embeddable":true,"href":"https:\/\/translinguoglobal.com\/fr\/wp-json\/wp\/v2\/comments?post=45194"}],"version-history":[{"count":4,"href":"https:\/\/translinguoglobal.com\/fr\/wp-json\/wp\/v2\/pages\/45194\/revisions"}],"predecessor-version":[{"id":68824,"href":"https:\/\/translinguoglobal.com\/fr\/wp-json\/wp\/v2\/pages\/45194\/revisions\/68824"}],"wp:featuredmedia":[{"embeddable":true,"href":"https:\/\/translinguoglobal.com\/fr\/wp-json\/wp\/v2\/media\/38100"}],"wp:attachment":[{"href":"https:\/\/translinguoglobal.com\/fr\/wp-json\/wp\/v2\/media?parent=45194"}],"curies":[{"name":"wp","href":"https:\/\/api.w.org\/{rel}","templated":true}]}}