{"id":45191,"date":"2022-06-22T20:35:07","date_gmt":"2022-06-22T20:35:07","guid":{"rendered":"https:\/\/translinguoglobal.com\/traduction-en-norvegien\/"},"modified":"2024-07-11T11:50:13","modified_gmt":"2024-07-11T09:50:13","slug":"traduction-en-norvegien","status":"publish","type":"page","link":"https:\/\/translinguoglobal.com\/fr\/traduction-en-norvegien\/","title":{"rendered":"Traduction du Norv\u00e9gien"},"content":{"rendered":"<h2 style=\"text-align: center;\">Traduction du Norv\u00e9gien<\/h2>\n<p>Traduction du <a href=\"https:\/\/fr.wikipedia.org\/wiki\/Norv%C3%A9gien\" target=\"_blank\" rel=\"noopener\">Norv\u00e9gien<\/a>. La langue \u00e9tant d&rsquo;origine nordique, la traduction du norv\u00e9gien vers des langues romanes comme l&rsquo;espagnol est une t\u00e2che a curieuse. Cela est due aux peu de similitudes entre les deux langues, mais nous vous expliquons les diff\u00e9rences en d\u00e9tails un peu plus bas.<\/p>\n<h2 style=\"text-align: center;\"><strong>Le norv\u00e9gien en Espagne et sa traduction<\/strong><\/h2>\n<p>Depuis quelques ann\u00e9es, l&rsquo;Espagne a vu arriv\u00e9 de nombreux norv\u00e9giens dans le pays. Ce qui supose une augmentation de la demande de service de la part des norv\u00e9giens. De mani\u00e8re g\u00e9n\u00e9rale, ces services sont dispens\u00e9s en espagnol, ce qui implique l&rsquo;augmentation du besoin de la traduction en norv\u00e9gien.<\/p>\n<p>Cette croissance de la population norv\u00e9gienne a pris au d\u00e9pourvu le pays, ce qui fait qu&rsquo;il n&rsquo;y avait pas assez traducteur norv\u00e9gien pour couvrir la demande \u00e0 ce moment-l\u00e0.<\/p>\n<p>Aujourd&rsquo;hui, gr\u00e2ce \u00e0 la mondialisation et la connexion informatique, on peut trouver une solution facile \u00e0 ce probl\u00e8me. Il existe d\u00e9j\u00e0 des entreprises qui proposent des services de traduction du norv\u00e9gien \u00e0 distance, dont nous faisons partie.<\/p>\n<p><a href=\"https:\/\/translinguoglobal.com\/fr\/\">TRANSLINGUO GLOBAL <\/a>est un des acteurs sur le march\u00e9 de la traduction du norv\u00e9gien ayant particip\u00e9 \u00e0 l&rsquo;expansion du ph\u00e9nom\u00e8ne. Au d\u00e9but, il n&rsquo;y avait pas suffisamment de professionnels pour d\u00e9velopper la t\u00e2che. Aujourd&rsquo;hui, beaucoup de professionnels exp\u00e9riment\u00e9s sont disponible pour rendre une communication pr\u00e9cise et efficace.<\/p>\n<p>Notre travail est de continuer \u00e0 prosp\u00e9rer dans la traduction du norv\u00e9gien et travailler pour proposer le meilleur service possible. Ainsi, le norv\u00e9gien ne souffrira plus de barri\u00e8res linguistiques.<\/p>\n<h2 style=\"text-align: center;\"><strong>Situation du norv\u00e9gien en Espagne<\/strong><\/h2>\n<p>Selon les donn\u00e9es les plus r\u00e9cente, ce sont plus de 12 313 norv\u00e9gien qui habitent en Espagne. La majorit\u00e9 de cette population norv\u00e9gienne se situe sur les zones costi\u00e8re comme Alicante, Malaga ou Las Palmas. En plus, de r\u00e9sidence principale, la population nordique fr\u00e9quente notre pays pour le tourisme de soleil et de plage, mais la Norv\u00e8ge est importante au niveau politique.<\/p>\n<p>\u00c9tant donn\u00e9e cette situation, nous proposons un service de <a href=\"https:\/\/fr.wikipedia.org\/wiki\/Traduction\" target=\"_blank\" rel=\"noopener\">traduction<\/a> de norv\u00e9gien indispensable, no seulement \u00e0 des fins communicatives mais comment une mani\u00e8re d&rsquo;am\u00e9liorer la relation entre le deux pays.<\/p>\n<h2 style=\"text-align: center;\"><strong>Caract\u00e9ristique du norv\u00e9gien<\/strong><\/h2>\n<p>Le norv\u00e9gien utilise l&rsquo;alphabet latin, et trois lettre en plus le \u00c6, le \u00f8 et le \u00c5. a<\/p>\n<p>Voici quelques caract\u00e9ristiques du norv\u00e9gien :<\/p>\n<ul>\n<li>Le norv\u00e9gien poss\u00e8de deux formes d&rsquo;\u00e9criture le Bokm\u00e5l et le Nynorsk.<\/li>\n<li>Une grande partie du vocabulaire remonte vieux norrois.<\/li>\n<li>Tout comme les langues indo-europ\u00e9ennes, le norv\u00e9gien classe ces noms par genre.<\/li>\n<li>Les pronoms se d\u00e9clinent comme en Allemand. Les cas sont le nominatif et l&rsquo;accusatif.<\/li>\n<\/ul>\n<p><span style=\"font-weight: 400;\"> Notre agence dispose d\u2019une \u00e9quipe de traducteurs hautement qualifi\u00e9s qui poss\u00e8dent les comp\u00e9tences de recherche et d\u2019analyse n\u00e9cessaires \u00e0 une bonne traduction. Ainsi, si vous cherchez une <\/span><b>entreprise de traduction,<\/b> <span style=\"font-weight: 400;\">vous \u00eates au bon endroit, au bon moment. <\/span><\/p>\n<p><span style=\"font-weight: 400;\">Notre travail est de veiller \u00e0 votre satisfaction, car nous, Translinguo, voulons le meilleur pour vous ! N\u2019h\u00e9sitez pas \u00e0 nous contacter, vous serez re\u00e7u comme il se doit, nous vous accompagnerons tout au long du processus du traduction que vous choisirez ! <\/span><\/p>\n<p><span style=\"font-weight: 400;\">Nous vous garantissons le professionnalisme de nos traducteurs et relecteurs. Traducteurs natifs et sp\u00e9cialis\u00e9s. Nous disposons des traducteurs aux quatre coins du monde, ce qui nous permet de proposer un service de traduction sp\u00e9cialis\u00e9e \u00e0 n\u2019importe quelle heure de la journ\u00e9e. Nous pouvons dire alors que nous travaillons 24 heures sur 24.<\/span><\/p>\n<p>Consultez nos profils sur <a title=\"Translinguo Global\" href=\"https:\/\/www.facebook.com\/translinguoglobal\" target=\"_blank\" rel=\"noopener\">Facebook<\/a>, <a title=\"Translinguo Global\" href=\"https:\/\/www.instagram.com\/translinguoglobal\/\" target=\"_blank\" rel=\"noopener\">Instagram<\/a> y <a title=\"Trasnslinguo Global\" href=\"https:\/\/es.linkedin.com\/company\/agencia-de-traduccion-translinguo-global\" target=\"_blank\" rel=\"noopener\">Linkedin<\/a><\/p>\n","protected":false},"excerpt":{"rendered":"<p>Le norv\u00e9gien est une langue nordique, et la langue officielle de la Norv\u00e8ge. Avec le danois et le su\u00e9dois, le norv\u00e9gien fait partie des trois langues nordiques.<\/p>\n","protected":false},"author":3,"featured_media":38088,"parent":0,"menu_order":0,"comment_status":"closed","ping_status":"closed","template":"","meta":{"_crdt_document":"","inline_featured_image":false,"site-sidebar-layout":"no-sidebar","site-content-layout":"page-builder","ast-site-content-layout":"full-width-container","site-content-style":"default","site-sidebar-style":"default","ast-global-header-display":"","ast-banner-title-visibility":"","ast-main-header-display":"","ast-hfb-above-header-display":"","ast-hfb-below-header-display":"","ast-hfb-mobile-header-display":"","site-post-title":"disabled","ast-breadcrumbs-content":"","ast-featured-img":"disabled","footer-sml-layout":"","ast-disable-related-posts":"","theme-transparent-header-meta":"default","adv-header-id-meta":"","stick-header-meta":"","header-above-stick-meta":"","header-main-stick-meta":"","header-below-stick-meta":"","astra-migrate-meta-layouts":"set","ast-page-background-enabled":"default","ast-page-background-meta":{"desktop":{"background-color":"var(--ast-global-color-4)","background-image":"","background-repeat":"repeat","background-position":"center center","background-size":"auto","background-attachment":"scroll","background-type":"","background-media":"","overlay-type":"","overlay-color":"","overlay-opacity":"","overlay-gradient":""},"tablet":{"background-color":"","background-image":"","background-repeat":"repeat","background-position":"center center","background-size":"auto","background-attachment":"scroll","background-type":"","background-media":"","overlay-type":"","overlay-color":"","overlay-opacity":"","overlay-gradient":""},"mobile":{"background-color":"","background-image":"","background-repeat":"repeat","background-position":"center center","background-size":"auto","background-attachment":"scroll","background-type":"","background-media":"","overlay-type":"","overlay-color":"","overlay-opacity":"","overlay-gradient":""}},"ast-content-background-meta":{"desktop":{"background-color":"var(--ast-global-color-5)","background-image":"","background-repeat":"repeat","background-position":"center center","background-size":"auto","background-attachment":"scroll","background-type":"","background-media":"","overlay-type":"","overlay-color":"","overlay-opacity":"","overlay-gradient":""},"tablet":{"background-color":"var(--ast-global-color-5)","background-image":"","background-repeat":"repeat","background-position":"center center","background-size":"auto","background-attachment":"scroll","background-type":"","background-media":"","overlay-type":"","overlay-color":"","overlay-opacity":"","overlay-gradient":""},"mobile":{"background-color":"var(--ast-global-color-5)","background-image":"","background-repeat":"repeat","background-position":"center center","background-size":"auto","background-attachment":"scroll","background-type":"","background-media":"","overlay-type":"","overlay-color":"","overlay-opacity":"","overlay-gradient":""}},"footnotes":""},"class_list":["post-45191","page","type-page","status-publish","has-post-thumbnail","hentry"],"_links":{"self":[{"href":"https:\/\/translinguoglobal.com\/fr\/wp-json\/wp\/v2\/pages\/45191","targetHints":{"allow":["GET"]}}],"collection":[{"href":"https:\/\/translinguoglobal.com\/fr\/wp-json\/wp\/v2\/pages"}],"about":[{"href":"https:\/\/translinguoglobal.com\/fr\/wp-json\/wp\/v2\/types\/page"}],"author":[{"embeddable":true,"href":"https:\/\/translinguoglobal.com\/fr\/wp-json\/wp\/v2\/users\/3"}],"replies":[{"embeddable":true,"href":"https:\/\/translinguoglobal.com\/fr\/wp-json\/wp\/v2\/comments?post=45191"}],"version-history":[{"count":4,"href":"https:\/\/translinguoglobal.com\/fr\/wp-json\/wp\/v2\/pages\/45191\/revisions"}],"predecessor-version":[{"id":68898,"href":"https:\/\/translinguoglobal.com\/fr\/wp-json\/wp\/v2\/pages\/45191\/revisions\/68898"}],"wp:featuredmedia":[{"embeddable":true,"href":"https:\/\/translinguoglobal.com\/fr\/wp-json\/wp\/v2\/media\/38088"}],"wp:attachment":[{"href":"https:\/\/translinguoglobal.com\/fr\/wp-json\/wp\/v2\/media?parent=45191"}],"curies":[{"name":"wp","href":"https:\/\/api.w.org\/{rel}","templated":true}]}}