{"id":45190,"date":"2022-06-22T20:34:53","date_gmt":"2022-06-22T20:34:53","guid":{"rendered":"https:\/\/translinguoglobal.com\/entreprise-de-traduction-de-litalien\/"},"modified":"2024-07-12T13:05:32","modified_gmt":"2024-07-12T11:05:32","slug":"entreprise-de-traduction-de-litalien","status":"publish","type":"page","link":"https:\/\/translinguoglobal.com\/fr\/entreprise-de-traduction-de-litalien\/","title":{"rendered":"Entreprise de traduction de l\u2019italien"},"content":{"rendered":"<p>Entreprise de traduction de l\u2019italien. L&rsquo;italien appartient \u00e0 la famille des <a href=\"https:\/\/fr.wikipedia.org\/wiki\/Langues_romanes\" target=\"_blank\" rel=\"noopener\">langues romanes<\/a> avec le fran\u00e7ais, le portugais, l&rsquo;espagnol, le catalan et bien d&rsquo;autres. Il convient de noter que sans les po\u00e8tes siciliens tels que Dante Alighieri, Francesco Petrarca et Giovanni Boccaccio, l&rsquo;\u00e9volution de l&rsquo;italien serait beaucoup plus lente. L&rsquo;italien compte plus de 62 millions de locuteurs dans le monde. Ce sont des facteurs qui augmentent la demande d&rsquo;une soci\u00e9t\u00e9 de traduction italienne.<\/p>\n<p style=\"text-align: center;\"><strong>Entreprise de traduction de l\u2019italien vers l&rsquo;espagnol<\/strong><\/p>\n<p>L&rsquo;un des avantages de l&rsquo;<a href=\"https:\/\/fr.wikipedia.org\/wiki\/Italie\" target=\"_blank\" rel=\"noopener\">Italie<\/a> pour les traductions en italien est qu&rsquo;il s&rsquo;agit d&rsquo;un pays voisin. De plus, c&rsquo;est un pays influent gr\u00e2ce \u00e0 sa politique, son \u00e9conomie, sa culture et sa strat\u00e9gie g\u00e9ographique.<\/p>\n<p>L&rsquo;Espagne et l&rsquo;Italie entretiennent des relations commerciales qui sont b\u00e9n\u00e9fiques pour les deux pays. En raison de cette relation \u00e9troite, le besoin d&rsquo;une soci\u00e9t\u00e9 de traduction italienne se fait sentir.<\/p>\n<p>Bien que l&rsquo;italien et l&rsquo;espagnol soient tr\u00e8s similaires, vous ne devez pas vous reposer sur vos lauriers. Pour qu&rsquo;une traduction italienne soit de grande qualit\u00e9, il est n\u00e9cessaire de faire appel \u00e0 des traducteurs professionnels dans une agence de traduction italienne. La qualit\u00e9 d\u2019une traduction n\u2019est pas la m\u00eame si celle-ci est effectu\u00e9e par un traducteur automatique ou par un professionnel qualifi\u00e9.<\/p>\n<p>C&rsquo;est pourquoi dans les entreprises de traduction italienne telles que <a href=\"https:\/\/translinguoglobal.com\/fr\/\">TRANSLINGUO GLOBAL<\/a>, nous disposons de professionnels qualifi\u00e9s dans la traduction italienne dans diff\u00e9rents domaines. Si vous avez besoin d&rsquo;une traduction en italien, n&rsquo;h\u00e9sitez pas \u00e0 nous contacter et \u00e0 demander un <a href=\"https:\/\/translinguoglobal.com\/fr\/budget\/\">devis<\/a>.<\/p>\n<p style=\"text-align: center;\"><strong>Caract\u00e9ristiques de l&rsquo;italien<\/strong><\/p>\n<p>Appartenant aux langues <a href=\"https:\/\/fr.wikipedia.org\/wiki\/Langues_indo-europ%C3%A9ennes\" target=\"_blank\" rel=\"noopener\">indo-europ\u00e9ennes<\/a>, l&rsquo;italien se rapproche du fran\u00e7ais, car son origine est une combinaison de plusieurs dialectes. Bien que cette langue soit tr\u00e8s similaire \u00e0 l&rsquo;espagnol et au fran\u00e7ais, il existe certaines particularit\u00e9s qui rendent le processus d&rsquo;interpr\u00e9tation plus difficile pour une soci\u00e9t\u00e9 de traduction italienne :<\/p>\n<ul>\n<li style=\"list-style-type: none;\">;\n<ul>\n<li>Les seules lettres qui n&rsquo;apparaissent pas dans l&rsquo;alphabet italien sont K, J, W, X et Y ;<\/li>\n<li>Le lexique : au lieu de former le pass\u00e9 en ajoutant -s ou -es, on ajoute -i ou -e selon la terminaison du mot ;<\/li>\n<li>Cette langue partage 89% de son vocabulaire avec le fran\u00e7ais, c&rsquo;est pourquoi la traduction italienne est si agr\u00e9able ;<\/li>\n<li>Langue et dialecte. On consid\u00e8re qu&rsquo;il existe environ 30 dialectes de l&rsquo;italien. Parmi toutes les d\u00e9rivations de l&rsquo;italien, la plus parl\u00e9e est le napolitain avec environ cinq millions de locuteurs ;<\/li>\n<li>Langue officielle. Ce n&rsquo;est qu&rsquo;au XXe si\u00e8cle que l&rsquo;italien est devenu une langue officielle ;<\/li>\n<\/ul>\n<\/li>\n<\/ul>\n<ul>\n<li>Le mot le plus long de cette langue est \u00ab sovramagnificentissimamente \u00bb et signifie \u00ab beaucoup plus que magnifique \u00bb.<\/li>\n<\/ul>\n<p>Visitez nos profils sur <a title=\"Translinguo Global\" href=\"https:\/\/www.facebook.com\/translinguoglobal\" target=\"_blank\" rel=\"noopener\">Facebook<\/a>, <a title=\"Translinguo Global\" href=\"https:\/\/www.instagram.com\/translinguoglobal\/\" target=\"_blank\" rel=\"noopener\">Instagram<\/a> y <a title=\"Trasnslinguo Global\" href=\"https:\/\/es.linkedin.com\/company\/agencia-de-traduccion-translinguo-global\" target=\"_blank\" rel=\"noopener\">Linkedin<\/a><\/p>\n","protected":false},"excerpt":{"rendered":"<p>Une soci\u00e9t\u00e9 de traduction italienne est tr\u00e8s demand\u00e9e, car l&rsquo;Italie est un pays tr\u00e8s influent. <\/p>\n","protected":false},"author":3,"featured_media":38082,"parent":0,"menu_order":0,"comment_status":"closed","ping_status":"closed","template":"","meta":{"_crdt_document":"","inline_featured_image":false,"site-sidebar-layout":"default","site-content-layout":"default","ast-site-content-layout":"default","site-content-style":"default","site-sidebar-style":"default","ast-global-header-display":"","ast-banner-title-visibility":"","ast-main-header-display":"","ast-hfb-above-header-display":"","ast-hfb-below-header-display":"","ast-hfb-mobile-header-display":"","site-post-title":"","ast-breadcrumbs-content":"","ast-featured-img":"","footer-sml-layout":"","ast-disable-related-posts":"","theme-transparent-header-meta":"default","adv-header-id-meta":"","stick-header-meta":"","header-above-stick-meta":"","header-main-stick-meta":"","header-below-stick-meta":"","astra-migrate-meta-layouts":"set","ast-page-background-enabled":"default","ast-page-background-meta":{"desktop":{"background-color":"var(--ast-global-color-4)","background-image":"","background-repeat":"repeat","background-position":"center center","background-size":"auto","background-attachment":"scroll","background-type":"","background-media":"","overlay-type":"","overlay-color":"","overlay-opacity":"","overlay-gradient":""},"tablet":{"background-color":"","background-image":"","background-repeat":"repeat","background-position":"center center","background-size":"auto","background-attachment":"scroll","background-type":"","background-media":"","overlay-type":"","overlay-color":"","overlay-opacity":"","overlay-gradient":""},"mobile":{"background-color":"","background-image":"","background-repeat":"repeat","background-position":"center center","background-size":"auto","background-attachment":"scroll","background-type":"","background-media":"","overlay-type":"","overlay-color":"","overlay-opacity":"","overlay-gradient":""}},"ast-content-background-meta":{"desktop":{"background-color":"var(--ast-global-color-5)","background-image":"","background-repeat":"repeat","background-position":"center center","background-size":"auto","background-attachment":"scroll","background-type":"","background-media":"","overlay-type":"","overlay-color":"","overlay-opacity":"","overlay-gradient":""},"tablet":{"background-color":"var(--ast-global-color-5)","background-image":"","background-repeat":"repeat","background-position":"center center","background-size":"auto","background-attachment":"scroll","background-type":"","background-media":"","overlay-type":"","overlay-color":"","overlay-opacity":"","overlay-gradient":""},"mobile":{"background-color":"var(--ast-global-color-5)","background-image":"","background-repeat":"repeat","background-position":"center center","background-size":"auto","background-attachment":"scroll","background-type":"","background-media":"","overlay-type":"","overlay-color":"","overlay-opacity":"","overlay-gradient":""}},"footnotes":""},"class_list":["post-45190","page","type-page","status-publish","has-post-thumbnail","hentry"],"_links":{"self":[{"href":"https:\/\/translinguoglobal.com\/fr\/wp-json\/wp\/v2\/pages\/45190","targetHints":{"allow":["GET"]}}],"collection":[{"href":"https:\/\/translinguoglobal.com\/fr\/wp-json\/wp\/v2\/pages"}],"about":[{"href":"https:\/\/translinguoglobal.com\/fr\/wp-json\/wp\/v2\/types\/page"}],"author":[{"embeddable":true,"href":"https:\/\/translinguoglobal.com\/fr\/wp-json\/wp\/v2\/users\/3"}],"replies":[{"embeddable":true,"href":"https:\/\/translinguoglobal.com\/fr\/wp-json\/wp\/v2\/comments?post=45190"}],"version-history":[{"count":4,"href":"https:\/\/translinguoglobal.com\/fr\/wp-json\/wp\/v2\/pages\/45190\/revisions"}],"predecessor-version":[{"id":69013,"href":"https:\/\/translinguoglobal.com\/fr\/wp-json\/wp\/v2\/pages\/45190\/revisions\/69013"}],"wp:featuredmedia":[{"embeddable":true,"href":"https:\/\/translinguoglobal.com\/fr\/wp-json\/wp\/v2\/media\/38082"}],"wp:attachment":[{"href":"https:\/\/translinguoglobal.com\/fr\/wp-json\/wp\/v2\/media?parent=45190"}],"curies":[{"name":"wp","href":"https:\/\/api.w.org\/{rel}","templated":true}]}}