{"id":45183,"date":"2022-06-22T20:33:29","date_gmt":"2022-06-22T20:33:29","guid":{"rendered":"https:\/\/translinguoglobal.com\/services-de-traduction-pour-larchitecture-et-la-construction\/"},"modified":"2025-01-16T09:36:44","modified_gmt":"2025-01-16T08:36:44","slug":"services-de-traduction-pour-larchitecture-et-la-construction","status":"publish","type":"page","link":"https:\/\/translinguoglobal.com\/fr\/services-de-traduction-pour-larchitecture-et-la-construction\/","title":{"rendered":"Le service de traduction pour l&rsquo;architecture et le b\u00e2timent"},"content":{"rendered":"<h2 style=\"text-align: center;\">Le service de traduction pour l&rsquo;architecture et le b\u00e2timent<\/h2>\n<p>Chaque secteur professionnel et chaque branche artistique n\u00e9cessite un professionnel de la traduction sp\u00e9cialis\u00e9 dans ce domaine.<br \/>\nL&rsquo;architecture et le b\u00e2timent associent des aspects pratiques et th\u00e9orique dans ses textes.<br \/>\nIl s&rsquo;agit d&rsquo;un des secteur les plus important depuis la nuit des temps, dont la pertinence perdure encore aujourd&rsquo;hui.<br \/>\nChez <a href=\"https:\/\/translinguoglobal.com\/\">Translinguo Global<\/a>, nous vous proposons le meilleur <strong>service de traduction sp\u00e9cialis\u00e9 dans l&rsquo;architecture et le b\u00e2timent<\/strong>, voici en quoi consiste la traduction de ces domaines.  <\/p>\n<h3 style=\"text-align: left;\"> Comment garantir la pr\u00e9cision et la qualit\u00e9 ?<\/h3>\n<p>L&rsquo;architecture est un branche artistique avec un vocabulaire tr\u00e8s sp\u00e9cifique.<br \/>\nIl existe un grand nombre de styles architecturaux que le <strong>traducteur sp\u00e9cialis\u00e9 en archictecture<\/strong> se doit de conna\u00eetre et de diff\u00e9rencier sans probl\u00e8me.<br \/>\nD&rsquo;autre part, le b\u00e2timent faire r\u00e9f\u00e9rence au fait d&rsquo;\u00e9difier.<br \/>\nPour autant, nous avons deux concepts distincts.<br \/>\nLes textes de chacun des domaines comportent des diff\u00e9rences.<br \/>\nCependant, l&rsquo;architecture et le b\u00e2timent ont quelque chose en commun : il n\u00e9cessite de la pr\u00e9cision.<br \/>\nLa <strong>traduction pour le monde de l&rsquo;<a href=\"https:\/\/es.wikipedia.org\/wiki\/Arquitectura\" target=\"_blank\" rel=\"noopener\">architecture<\/a><\/strong> et la <strong>traduction pour le monde du <a href=\"https:\/\/es.wikipedia.org\/wiki\/Construcci%C3%B3n\" target=\"_blank\" rel=\"noopener\">b\u00e2timent<\/a><\/strong> demande au traducteur un grand soucis du detail et de la minutie.<br \/>\nUne quelconque erreur dans un texte architectural provoquerait des confusion, et dans le cas o\u00f9 le document serait un plan, la moindre erreur impacterait l&rsquo;\u00e9difice. <\/p>\n<h3>Qu&rsquo;est-ce que la traduction sp\u00e9cialis\u00e9e dans l&rsquo;architecture et pourquoi est-elle importante ?<\/h3>\n<p>La <strong>traduction sp\u00e9cialiser dans l&rsquo;architecture<\/strong> est essentiel au monde du l&rsquo;art.<br \/>\nElle nous offre l&rsquo;accessibilit\u00e9 aux information sur diff\u00e9rents styles et \u0153uvres architecturales.<br \/>\nEt ainsi, favorise la diffusion de ces donn\u00e9es et l&rsquo;apprentissage du public cible, qui dependra du texte.<br \/>\nCependant, ces informations ne sont pas utilis\u00e9es seulement dans le domaine de l&rsquo;art.<br \/>\nL&rsquo;architecture est aussi tr\u00e8s populaire dans le secteur du tourisme.<br \/>\nDes brochures touristiques aux les audioguides, un <strong>service de traduction sp\u00e9cialis\u00e9 dans l&rsquo;architecture <\/strong> de qualit\u00e9 est essentielle.<br \/>\nAinsi, les touristes d\u00e9couvrent le monde de l&rsquo;architecture depuis leur langue maternelle.  <\/p>\n<h2 style=\"text-align: center;\">Le service de traduction pour l&rsquo;architecture et le b\u00e2timent<\/h2>\n<p>Notre service de traduction sp\u00e9cialis\u00e9 en architecture et le b\u00e2timent propose des traductions pr\u00e9cise et de qualit\u00e9 pour des documents techniques, plans et projet dans le secteur de l&rsquo;architecture.<br \/>\nNous disposons d&rsquo;une \u00e9quipe de traducteurs sp\u00e9cialis\u00e9s. <\/p>\n<h3>Le r\u00f4le de la traduction dans l&rsquo;industrie du b\u00e2timent et de l&rsquo;architecture.<\/h3>\n<p>La traduction permet l&rsquo;\u00e9changer d&rsquo;informations entre les personnes.<br \/>\nPour autant, dans l&rsquo;industrie de la b\u00e2timent et de l&rsquo;architecture, on peut l&rsquo;utiliser pour de la vulgarisation ou \u00e0 des fins commerciales.<br \/>\nIl est important de noter que d&rsquo;autres document de ce domaine, tels que les permis de contruire rel\u00e8vent de la traduction juridique.<br \/>\nLes projets et plans de construction, cahiers des charges, devis, les manuels d&rsquo;utilisation des machines.<br \/>\nCes domaines englobent un large nombre de documents \u00e0 traduire.<br \/>\nAinsi, les projets pourront \u00eatre men\u00e9s \u00e0 bien sans probl\u00e8me, et les experts auront acc\u00e8s \u00e0 plus d&rsquo;informations importantes.<br \/>\nLa traduction de ces documents est absolument primordiale lorsqu&rsquo;il s&rsquo;agit de projet d&rsquo;envergure internationale.<br \/>\nSi plusieurs pays travaillent sur un m\u00eame projet, tous les participants doivent avoir acc\u00e8s \u00e0 la m\u00eame information.<br \/>\nLa traduction favorise cette diffusion et l&rsquo;\u00e9change entre les diff\u00e9rents acteurs.  <\/p>\n<h2 style=\"text-align: center;\">Les d\u00e9fis fr\u00e9quents dans la traductions dans le domaine de l&rsquo;architecture.<\/h2>\n<p>Du fait qu&rsquo;il s&rsquo;agisse d&rsquo;une branche tr\u00e8s sp\u00e9cifique, la traduction architecturale fait face \u00e0 un grand nombre de d\u00e9fis.<br \/>\nNous allons vous expliquer les principaux probl\u00e8mes auxquels les traducteuts doivent faire face.<br \/>\nPr\u00e9c\u00e9demment, nous avons mention\u00e9 les documents touristiques comme exemple de texte contenant des notions d&rsquo;architecture.<br \/>\nIl est aussi courant de devoir traduire des documents \u00e9crit par et pour des professionnels du secteur.<br \/>\nCes documents demandent un effort suppl\u00e9mentaire au traducteur en raison de l&rsquo;intense densit\u00e9 terminilogique de leur contenu.<br \/>\nDans le cas de la <a href=\"https:\/\/fr.wikipedia.org\/wiki\/Traduction\" target=\"_blank\" rel=\"noopener\">traduction<\/a> architectural, il est primordiale que le traducteur ma\u00eetrise autant l&rsquo;aspect pratique que l&rsquo;aspect th\u00e9orique.<br \/>\nIl devra \u00eatre en mesure de diff\u00e9rencier les mouvements artistiques et les p\u00e9riodes historiques qui leur sont associ\u00e9es.<br \/>\nDe plus, il devra conna\u00eetre les \u00e9l\u00e9m\u00e9nts des \u0153uvres architecturales et leur nom respectif.<br \/>\nLe d\u00e9fi principal de ces traduction est le vocabulaire.<br \/>\nToutefois, il est important de noter que ces documents peuvent aussi contenir des \u00e9l\u00e9ments graphiques.<br \/>\nSelon le contexte, ces images et illustrations doivent \u00eatre plus ou moins adapt\u00e9s, et tout en restant coh\u00e9rentes avec le texte.<br \/>\nD&rsquo;autre part, dans le domaine de l&rsquo;architecture et du b\u00e2timent, on utilise des formules math\u00e9matiques et des mesures.<br \/>\nLe <strong>traducteur sp\u00e9cialis\u00e9s en architecture <\/strong>doit \u00eatre capable de comprendre les diff\u00e9rents syst\u00e8mes m\u00e9triques pertinents et adapter l&rsquo;information en fonction de ces dernier. <\/p>\n","protected":false},"excerpt":{"rendered":"<p>Les services de traduction disponnibles chez Translinguo comprennent des aussi domaines multidisciplinaire tels que l&rsquo;architecture ou bien la traduction. <\/p>\n","protected":false},"author":3,"featured_media":43222,"parent":0,"menu_order":0,"comment_status":"closed","ping_status":"closed","template":"","meta":{"_crdt_document":"","inline_featured_image":false,"site-sidebar-layout":"default","site-content-layout":"default","ast-site-content-layout":"default","site-content-style":"default","site-sidebar-style":"default","ast-global-header-display":"","ast-banner-title-visibility":"","ast-main-header-display":"","ast-hfb-above-header-display":"","ast-hfb-below-header-display":"","ast-hfb-mobile-header-display":"","site-post-title":"","ast-breadcrumbs-content":"","ast-featured-img":"","footer-sml-layout":"","ast-disable-related-posts":"","theme-transparent-header-meta":"default","adv-header-id-meta":"","stick-header-meta":"","header-above-stick-meta":"","header-main-stick-meta":"","header-below-stick-meta":"","astra-migrate-meta-layouts":"set","ast-page-background-enabled":"default","ast-page-background-meta":{"desktop":{"background-color":"var(--ast-global-color-4)","background-image":"","background-repeat":"repeat","background-position":"center center","background-size":"auto","background-attachment":"scroll","background-type":"","background-media":"","overlay-type":"","overlay-color":"","overlay-opacity":"","overlay-gradient":""},"tablet":{"background-color":"","background-image":"","background-repeat":"repeat","background-position":"center center","background-size":"auto","background-attachment":"scroll","background-type":"","background-media":"","overlay-type":"","overlay-color":"","overlay-opacity":"","overlay-gradient":""},"mobile":{"background-color":"","background-image":"","background-repeat":"repeat","background-position":"center center","background-size":"auto","background-attachment":"scroll","background-type":"","background-media":"","overlay-type":"","overlay-color":"","overlay-opacity":"","overlay-gradient":""}},"ast-content-background-meta":{"desktop":{"background-color":"var(--ast-global-color-5)","background-image":"","background-repeat":"repeat","background-position":"center center","background-size":"auto","background-attachment":"scroll","background-type":"","background-media":"","overlay-type":"","overlay-color":"","overlay-opacity":"","overlay-gradient":""},"tablet":{"background-color":"var(--ast-global-color-5)","background-image":"","background-repeat":"repeat","background-position":"center center","background-size":"auto","background-attachment":"scroll","background-type":"","background-media":"","overlay-type":"","overlay-color":"","overlay-opacity":"","overlay-gradient":""},"mobile":{"background-color":"var(--ast-global-color-5)","background-image":"","background-repeat":"repeat","background-position":"center center","background-size":"auto","background-attachment":"scroll","background-type":"","background-media":"","overlay-type":"","overlay-color":"","overlay-opacity":"","overlay-gradient":""}},"footnotes":""},"class_list":["post-45183","page","type-page","status-publish","has-post-thumbnail","hentry"],"_links":{"self":[{"href":"https:\/\/translinguoglobal.com\/fr\/wp-json\/wp\/v2\/pages\/45183","targetHints":{"allow":["GET"]}}],"collection":[{"href":"https:\/\/translinguoglobal.com\/fr\/wp-json\/wp\/v2\/pages"}],"about":[{"href":"https:\/\/translinguoglobal.com\/fr\/wp-json\/wp\/v2\/types\/page"}],"author":[{"embeddable":true,"href":"https:\/\/translinguoglobal.com\/fr\/wp-json\/wp\/v2\/users\/3"}],"replies":[{"embeddable":true,"href":"https:\/\/translinguoglobal.com\/fr\/wp-json\/wp\/v2\/comments?post=45183"}],"version-history":[{"count":4,"href":"https:\/\/translinguoglobal.com\/fr\/wp-json\/wp\/v2\/pages\/45183\/revisions"}],"predecessor-version":[{"id":79998,"href":"https:\/\/translinguoglobal.com\/fr\/wp-json\/wp\/v2\/pages\/45183\/revisions\/79998"}],"wp:featuredmedia":[{"embeddable":true,"href":"https:\/\/translinguoglobal.com\/fr\/wp-json\/wp\/v2\/media\/43222"}],"wp:attachment":[{"href":"https:\/\/translinguoglobal.com\/fr\/wp-json\/wp\/v2\/media?parent=45183"}],"curies":[{"name":"wp","href":"https:\/\/api.w.org\/{rel}","templated":true}]}}