{"id":45180,"date":"2022-06-22T20:32:45","date_gmt":"2022-06-22T20:32:45","guid":{"rendered":"https:\/\/translinguoglobal.com\/traduction-de-larabe\/"},"modified":"2024-07-11T12:15:01","modified_gmt":"2024-07-11T10:15:01","slug":"traduction-de-larabe","status":"publish","type":"page","link":"https:\/\/translinguoglobal.com\/fr\/traduction-de-larabe\/","title":{"rendered":"Traduction de l&rsquo;arabe"},"content":{"rendered":"<h2 style=\"text-align: center;\">Traduction de l&rsquo;arabe<\/h2>\n<p>\u00c0 travers la traduction, on ne remarque pas ces diff\u00e9rences linguistiques et culturelles, gr\u00e2ce au travail que r\u00e9alise les traducteur professionnels. Dans cet article nous traiterons de la <strong>traduction de l&rsquo;<a href=\"https:\/\/fr.wikipedia.org\/wiki\/Arabe_(homonymie)\" target=\"_blank\" rel=\"noopener\">arabe<\/a><\/strong> : connaissances g\u00e9n\u00e9rales, les difficult\u00e9s de sa traduction, nos services propos\u00e9s.<\/p>\n<h2 style=\"text-align: center;\"><strong>Connaissances g\u00e9n\u00e9rale de l&rsquo;arabe<\/strong><\/h2>\n<p>L&rsquo;arabe est une langue qui appartient \u00e0 la branche s\u00e9mitique des la famille afro-asiatique, comme l&rsquo;h\u00e9breux. Quant aux nombre de locuteurs, on en compte plus de 280 millions. Ce qui fait la cinqui\u00e8me langue la plus parl\u00e9e dans le monde. En effet, l&rsquo;arabe est la langue officielle de 27 pays, et la langue co-officielle d&rsquo;environ six autres. Tous les locuteurs de l&rsquo;arabe parlent leur propres dialectes. M\u00eame s&rsquo;ils apprennent l&rsquo;arabe standard, qui est utilis\u00e9 sur le lieu de travail ou dans les m\u00e9dias.<\/p>\n<p>C&rsquo;est une langue complexe, puisqu&rsquo;elle bien diff\u00e9rente de l&rsquo;espagnol ou du fran\u00e7ais. L&rsquo;arabe a sa propre \u00e9criture et son propre alphabet, en plus d&rsquo;une grande diff\u00e9rence entre la forme parl\u00e9 et la forme \u00e9crite. Par exemple, son alphabet est totalement diff\u00e9rent de l&rsquo;alphabet latin utilis\u00e9 en espagnol ou en fran\u00e7ais. Ainsi, son \u00e9criture comprends 28 consonnes, 3 voyelles et une autres avec un son tr\u00e8s court. De plus, l&rsquo;arabe s&rsquo;\u00e9crit et se lit de droit \u00e0 gauche. Enfin, l&rsquo;arabe est totalement de l&rsquo;espagnol ou du fran\u00e7ais, par exemple.<\/p>\n<h2 style=\"text-align: center;\"><strong>Les difficult\u00e9s de la traduction de l&rsquo;arabe<\/strong><\/h2>\n<p>Lors de la <strong>traduction de l&rsquo;arabe<\/strong>, quelques probl\u00e8mes surgissent. Dans un premier temps, la langue arabe n&rsquo;utilise pas de pr\u00e9position ou de conjonction pour faire le lien entre les diff\u00e9rentes propositions grammaticales. C&rsquo;est un probl\u00e8me qui rend difficile la traduction de l&rsquo;espagnol vers l&rsquo;arabe. Puisque, par exemple, une hispanophone a tendance \u00e0 mettre une proposition qui indique les compl\u00e9ments directs et indirects.<\/p>\n<p>Dans un second temps, en arabe le verbe a un \u00ab\u00a0aspect\u00a0\u00bb mais pas de \u00ab\u00a0temps\u00a0\u00bb. Donc, pour exprimer ces temps et modes, des particules temporelles et verbes modaux sont utilis\u00e9s. Un autres aspect de la langue arabe est que les propositions sont majoritairement coordonn\u00e9es et tr\u00e8s rarement subordonn\u00e9es. Une astuce pour traduire l&rsquo;arabe vers l&rsquo;espagnol est d&rsquo;utiliser le g\u00e9rondif par exemple.<\/p>\n<h2 style=\"text-align: center;\">Quels types de services de traduction de l&rsquo;arabe proposent les agences ?<\/h2>\n<p>Afin de r\u00e9aliser une traduction optimale, les agences de traduction disposent de traducteurs natifs et sp\u00e9cialis\u00e9s dans la traduction de cette langue. De plus l&rsquo;arabe est une langue d&rsquo;une grande importance religieuse, culturelle et historique. Il faut donc prendre en compte le contexte culturel lors de la localisation d&rsquo;un texte.<\/p>\n<p>Les agences de traduction proposent plusieurs services en arabe : traduction de <a href=\"https:\/\/translinguoglobal.com\/fr\/traduction-generale\/\">texte g\u00e9n\u00e9raux<\/a>, traduction juridique, traduction technique de manuels, etc. Voici quelques exemples d&rsquo;agence qui proposent ces services : <em>Amal Traductores, Ibidem Group, Barlo, Agestrad,<\/em> etc.<\/p>\n<p><span style=\"font-weight: 400;\">Notre agence dispose d\u2019une \u00e9quipe de traducteurs hautement qualifi\u00e9s qui poss\u00e8dent les comp\u00e9tences de recherche et d\u2019analyse n\u00e9cessaires \u00e0 une bonne traduction. Ainsi, si vous cherchez une <\/span><b>entreprise de <a href=\"https:\/\/fr.wikipedia.org\/wiki\/Traduction\" target=\"_blank\" rel=\"noopener\">traduction<\/a><\/b><span style=\"font-weight: 400;\">, vous \u00eates au bon endroit, au bon moment.<\/span><\/p>\n<p><span style=\"font-weight: 400;\">Notre travail est de veiller \u00e0 votre satisfaction, car nous, <a href=\"https:\/\/translinguoglobal.com\/fr\/\">Translinguo<\/a>, voulons le meilleur pour vous ! N\u2019h\u00e9sitez pas \u00e0 nous contacter, vous serez re\u00e7u comme il se doit, nous vous accompagnerons tout au long du processus du traduction que vous choisirez. <\/span><\/p>\n<p><span style=\"font-weight: 400;\">Nous vous garantissons le professionnalisme de nos traducteurs et relecteurs. Traducteurs natifs et sp\u00e9cialis\u00e9s. Nous disposons des traducteurs aux quatre coins du monde, ce qui nous permet de proposer un service de traduction sp\u00e9cialis\u00e9e \u00e0 n\u2019importe quelle heure de la journ\u00e9e. Nous pouvons dire alors que nous travaillons 24 heures sur 24.<\/span><\/p>\n<p><span style=\"font-weight: 400;\">Les d\u00e9lais convenus ainsi que la confidentialit\u00e9 sont fondamentaux pour nous. Par cons\u00e9quence, nous respectons les r\u00e8gles RGPD en toutes circonstances, et nous faisons tout ce qui est en notre pouvoir pour r\u00e9aliser ce que nous promettons.<\/span><\/p>\n","protected":false},"excerpt":{"rendered":"<p>Quand on parle de traduction, beaucoup de gens pensent uniquement aux langues auxquelles ils sont familiaris\u00e9s.<\/p>\n","protected":false},"author":3,"featured_media":68758,"parent":0,"menu_order":0,"comment_status":"closed","ping_status":"closed","template":"","meta":{"_crdt_document":"","inline_featured_image":false,"site-sidebar-layout":"no-sidebar","site-content-layout":"page-builder","ast-site-content-layout":"full-width-container","site-content-style":"default","site-sidebar-style":"default","ast-global-header-display":"","ast-banner-title-visibility":"","ast-main-header-display":"","ast-hfb-above-header-display":"","ast-hfb-below-header-display":"","ast-hfb-mobile-header-display":"","site-post-title":"disabled","ast-breadcrumbs-content":"","ast-featured-img":"disabled","footer-sml-layout":"","ast-disable-related-posts":"","theme-transparent-header-meta":"default","adv-header-id-meta":"","stick-header-meta":"","header-above-stick-meta":"","header-main-stick-meta":"","header-below-stick-meta":"","astra-migrate-meta-layouts":"set","ast-page-background-enabled":"default","ast-page-background-meta":{"desktop":{"background-color":"var(--ast-global-color-4)","background-image":"","background-repeat":"repeat","background-position":"center center","background-size":"auto","background-attachment":"scroll","background-type":"","background-media":"","overlay-type":"","overlay-color":"","overlay-opacity":"","overlay-gradient":""},"tablet":{"background-color":"","background-image":"","background-repeat":"repeat","background-position":"center center","background-size":"auto","background-attachment":"scroll","background-type":"","background-media":"","overlay-type":"","overlay-color":"","overlay-opacity":"","overlay-gradient":""},"mobile":{"background-color":"","background-image":"","background-repeat":"repeat","background-position":"center center","background-size":"auto","background-attachment":"scroll","background-type":"","background-media":"","overlay-type":"","overlay-color":"","overlay-opacity":"","overlay-gradient":""}},"ast-content-background-meta":{"desktop":{"background-color":"var(--ast-global-color-5)","background-image":"","background-repeat":"repeat","background-position":"center center","background-size":"auto","background-attachment":"scroll","background-type":"","background-media":"","overlay-type":"","overlay-color":"","overlay-opacity":"","overlay-gradient":""},"tablet":{"background-color":"var(--ast-global-color-5)","background-image":"","background-repeat":"repeat","background-position":"center center","background-size":"auto","background-attachment":"scroll","background-type":"","background-media":"","overlay-type":"","overlay-color":"","overlay-opacity":"","overlay-gradient":""},"mobile":{"background-color":"var(--ast-global-color-5)","background-image":"","background-repeat":"repeat","background-position":"center center","background-size":"auto","background-attachment":"scroll","background-type":"","background-media":"","overlay-type":"","overlay-color":"","overlay-opacity":"","overlay-gradient":""}},"footnotes":""},"class_list":["post-45180","page","type-page","status-publish","has-post-thumbnail","hentry"],"_links":{"self":[{"href":"https:\/\/translinguoglobal.com\/fr\/wp-json\/wp\/v2\/pages\/45180","targetHints":{"allow":["GET"]}}],"collection":[{"href":"https:\/\/translinguoglobal.com\/fr\/wp-json\/wp\/v2\/pages"}],"about":[{"href":"https:\/\/translinguoglobal.com\/fr\/wp-json\/wp\/v2\/types\/page"}],"author":[{"embeddable":true,"href":"https:\/\/translinguoglobal.com\/fr\/wp-json\/wp\/v2\/users\/3"}],"replies":[{"embeddable":true,"href":"https:\/\/translinguoglobal.com\/fr\/wp-json\/wp\/v2\/comments?post=45180"}],"version-history":[{"count":4,"href":"https:\/\/translinguoglobal.com\/fr\/wp-json\/wp\/v2\/pages\/45180\/revisions"}],"predecessor-version":[{"id":68912,"href":"https:\/\/translinguoglobal.com\/fr\/wp-json\/wp\/v2\/pages\/45180\/revisions\/68912"}],"wp:featuredmedia":[{"embeddable":true,"href":"https:\/\/translinguoglobal.com\/fr\/wp-json\/wp\/v2\/media\/68758"}],"wp:attachment":[{"href":"https:\/\/translinguoglobal.com\/fr\/wp-json\/wp\/v2\/media?parent=45180"}],"curies":[{"name":"wp","href":"https:\/\/api.w.org\/{rel}","templated":true}]}}