{"id":45179,"date":"2022-06-22T20:32:24","date_gmt":"2022-06-22T20:32:24","guid":{"rendered":"https:\/\/translinguoglobal.com\/entreprise-de-traduction-de-polonais\/"},"modified":"2024-07-11T11:59:56","modified_gmt":"2024-07-11T09:59:56","slug":"entreprise-de-traduction-de-polonais","status":"publish","type":"page","link":"https:\/\/translinguoglobal.com\/fr\/entreprise-de-traduction-de-polonais\/","title":{"rendered":"Entreprise de traduction en polonais"},"content":{"rendered":"<h2 style=\"text-align: center;\">Entreprise de traduction en polonais<\/h2>\n<h2 style=\"text-align: center;\"><strong>Particularit\u00e9s de la traduction en polonais.<\/strong><\/h2>\n<p>Entreprise de traduction en <a href=\"https:\/\/fr.wikipedia.org\/wiki\/Polonais\" target=\"_blank\" rel=\"noopener\">polonais.<\/a> Certains apsects peuvent rendre diffcile la <strong>traduction du polonais<\/strong>. Cette langue poss\u00e8de sept dialects, les plus utilis\u00e9s sont : <em>Le Wielkopolski<\/em> ou grand polonais, parl\u00e9 dans l&rsquo;ouest de la Pologne, le <em>Malopolski<\/em> ou petit polonais, parl\u00e9 dans le sud et sud-est de la Pologne, le <em>Mazowiecki<\/em> ou le mazovien et le sil\u00e9sien, parl\u00e9 dans le nord-est, y compris dans la capitale Varsovie. En traduction du polonais, le <em>Wielkopolski<\/em> est principalement utilis\u00e9. Cependant, si la traduction le n\u00e9cessite, il est possible de traduire de le dialect demand\u00e9.<\/p>\n<h2 style=\"text-align: center;\"><strong>Les aspects \u00e0 prendre en compte.<\/strong><\/h2>\n<p>Un autre probl\u00e8me pourrait \u00eatre les \u00ab\u00a0faux-amis\u00a0\u00bb au moment de traduire du polonais par rapport aux autres langues slaves et non-slaves, comme l&rsquo;anglais par exemple. De plus, une quantit\u00e9 infinie de diminutifs sont employ\u00e9s. Quant \u00e0 la formation de mot, la plus part d&rsquo;entre eux dont d\u00e9riv\u00e9 de verbes, cr\u00e9ant de la confusion car chaque mot d\u00e9riv\u00e9 a sa propre signification. Un autre caract\u00e9ristiques notable sont les digrammes et les 9 des 32 lettres de l&rsquo;alphabet qui n&rsquo;existe dans quasiment aucune autre langues, qui sont : \u0105, \u0107, \u0119, \u0142, \u0144, \u00f3, \u015b, \u017a, \u017c.<\/p>\n<h2 style=\"text-align: center;\"><strong>Les trois genres du polonais<\/strong><\/h2>\n<p>Un autre fait curieux \u00e0 ne pas oublier, il s&rsquo;agit des trois genres. Par exemple, l&rsquo;espagnol a deux genres, l&rsquo;allemand en a trois, le polonais, lui, en a cinq. Il y a le f\u00e9minin, le neutre et trois genres masculins. De plus, il existe sept cas : le nominatif, le g\u00e9nitif, le datif, l&rsquo;accusatif, l&rsquo;instrumental, le locatif et le vocatif. Ainsi, il est important de prendre en compte que les sustantifs, adjectifs et verbes sont flexibles, et suivent beaucoup de r\u00e8gles et exceptions, comme dans l&rsquo;exemple mentionn\u00e9 pr\u00e9c\u00e9demment, que tous les verbes peuvent \u00eatre perfectif et imperfectif.<\/p>\n<h2 style=\"text-align: center;\"><strong>Le devis d&rsquo;une traduction en polonais<\/strong><\/h2>\n<p>Pour calculer le prix d&rsquo;une <strong>traduction en polonais<\/strong>, il faut prendre en compte une s\u00e9rie de facteurs qui interviennent dans le processus.<\/p>\n<ul>\n<li>Le nombre de mots que contient le document ou le nombre de pages.<\/li>\n<li>Le tarif du traducteur.<\/li>\n<li>La difficult\u00e9 du texte, si c&rsquo;est une <a href=\"https:\/\/translinguoglobal.com\/fr\/service-de-traduction-assermentee\/\">traduction asserment\u00e9e<\/a> ou au contraire une traduction normale.<\/li>\n<li>L&rsquo;urgence de la commande.<\/li>\n<li>Le format du document, mais aussi sa lisibilt\u00e9.<\/li>\n<li>Tous ces facteurs entrer en ligne de compte lors du calcul de prix de la traduction.<\/li>\n<\/ul>\n<h2 style=\"text-align: center;\"><strong>Facteurs r\u00e9duisant le prix d&rsquo;une traduction en polonais<\/strong><\/h2>\n<p>Il existe \u00e9galement des facteurs qui r\u00e9duisent le prix, tels que : <strong>Le volume de travail,<\/strong>car si la traduction est volumineuse, le traducteur peut appliquer une r\u00e9duction sur <strong>les r\u00e9p\u00e9tions de certaines parties<\/strong> du document, s&rsquo;elles sont grandes et identiques, elle ne seront compter qu&rsquo;une seule fois. Chaque traducteur applique ses propres r\u00e9ductions.<\/p>\n<p><span style=\"font-weight: 400;\">Dans notre agence, nous disposons d&rsquo;une \u00e9quipe de traducteurs hautements qualifi\u00e9s, avec les capacit\u00e9s de recherche et d&rsquo;analyse n\u00e9cessaires pour une bonne traduction. Donc, si vous \u00eates \u00e0 la recherche <\/span>d&rsquo;une <b>entreprise de traduction en polonais<\/b>, <span style=\"font-weight: 400;\">vous \u00eates au bon endroit, au bon moment.<\/span><\/p>\n<p><span style=\"font-weight: 400;\">Notre travail est veiller \u00e0 votre satisfaction, car chez Translinguo, nous voulons le meilleur pour vous ! N\u2019h\u00e9sitez pas \u00e0 nous contacter, vous serez re\u00e7u comme il se doit, nous vous accompagnerons tout au long du processus du traduction que vous choisirez. <\/span><\/p>\n<p><span style=\"font-weight: 400;\">Nous vous garantissont le professionnalisme de nos traducteurs et relecteurs. Traducteurs natifs et sp\u00e9cialis\u00e9s. Nous disposons d\u2019un \u00e9quipe de traducteurs r\u00e9partis dans le monde entier, ce qui nous permet d\u2019offrir des services de traduction \u00e0 toute heure de la journ\u00e9e. Nous pouvons donc dire que nous travaillons 24 heure sur 24, 7 jours sur 7.<\/span><\/p>\n<p>Consultez nos profils sur<a title=\"Translinguo Global\" href=\"https:\/\/www.facebook.com\/translinguoglobal\" target=\"_blank\" rel=\"noopener\">Facebook<\/a>, <a title=\"Translinguo Global\" href=\"https:\/\/www.instagram.com\/translinguoglobal\/\" target=\"_blank\" rel=\"noopener\">Instagram<\/a> y <a title=\"Trasnslinguo Global\" href=\"https:\/\/es.linkedin.com\/company\/agencia-de-traduccion-translinguo-global\" target=\"_blank\" rel=\"noopener\">Linkedin<\/a><\/p>\n","protected":false},"excerpt":{"rendered":"<p>Le polonais est une langue slave du groupe occidental qui se parle principalement en Pologne. <\/p>\n","protected":false},"author":3,"featured_media":38172,"parent":0,"menu_order":0,"comment_status":"closed","ping_status":"closed","template":"","meta":{"_crdt_document":"","inline_featured_image":false,"site-sidebar-layout":"no-sidebar","site-content-layout":"page-builder","ast-site-content-layout":"full-width-container","site-content-style":"default","site-sidebar-style":"default","ast-global-header-display":"","ast-banner-title-visibility":"","ast-main-header-display":"","ast-hfb-above-header-display":"","ast-hfb-below-header-display":"","ast-hfb-mobile-header-display":"","site-post-title":"disabled","ast-breadcrumbs-content":"","ast-featured-img":"disabled","footer-sml-layout":"","ast-disable-related-posts":"","theme-transparent-header-meta":"default","adv-header-id-meta":"","stick-header-meta":"","header-above-stick-meta":"","header-main-stick-meta":"","header-below-stick-meta":"","astra-migrate-meta-layouts":"set","ast-page-background-enabled":"default","ast-page-background-meta":{"desktop":{"background-color":"var(--ast-global-color-4)","background-image":"","background-repeat":"repeat","background-position":"center center","background-size":"auto","background-attachment":"scroll","background-type":"","background-media":"","overlay-type":"","overlay-color":"","overlay-opacity":"","overlay-gradient":""},"tablet":{"background-color":"","background-image":"","background-repeat":"repeat","background-position":"center center","background-size":"auto","background-attachment":"scroll","background-type":"","background-media":"","overlay-type":"","overlay-color":"","overlay-opacity":"","overlay-gradient":""},"mobile":{"background-color":"","background-image":"","background-repeat":"repeat","background-position":"center center","background-size":"auto","background-attachment":"scroll","background-type":"","background-media":"","overlay-type":"","overlay-color":"","overlay-opacity":"","overlay-gradient":""}},"ast-content-background-meta":{"desktop":{"background-color":"var(--ast-global-color-5)","background-image":"","background-repeat":"repeat","background-position":"center center","background-size":"auto","background-attachment":"scroll","background-type":"","background-media":"","overlay-type":"","overlay-color":"","overlay-opacity":"","overlay-gradient":""},"tablet":{"background-color":"var(--ast-global-color-5)","background-image":"","background-repeat":"repeat","background-position":"center center","background-size":"auto","background-attachment":"scroll","background-type":"","background-media":"","overlay-type":"","overlay-color":"","overlay-opacity":"","overlay-gradient":""},"mobile":{"background-color":"var(--ast-global-color-5)","background-image":"","background-repeat":"repeat","background-position":"center center","background-size":"auto","background-attachment":"scroll","background-type":"","background-media":"","overlay-type":"","overlay-color":"","overlay-opacity":"","overlay-gradient":""}},"footnotes":""},"class_list":["post-45179","page","type-page","status-publish","has-post-thumbnail","hentry"],"_links":{"self":[{"href":"https:\/\/translinguoglobal.com\/fr\/wp-json\/wp\/v2\/pages\/45179","targetHints":{"allow":["GET"]}}],"collection":[{"href":"https:\/\/translinguoglobal.com\/fr\/wp-json\/wp\/v2\/pages"}],"about":[{"href":"https:\/\/translinguoglobal.com\/fr\/wp-json\/wp\/v2\/types\/page"}],"author":[{"embeddable":true,"href":"https:\/\/translinguoglobal.com\/fr\/wp-json\/wp\/v2\/users\/3"}],"replies":[{"embeddable":true,"href":"https:\/\/translinguoglobal.com\/fr\/wp-json\/wp\/v2\/comments?post=45179"}],"version-history":[{"count":3,"href":"https:\/\/translinguoglobal.com\/fr\/wp-json\/wp\/v2\/pages\/45179\/revisions"}],"predecessor-version":[{"id":68904,"href":"https:\/\/translinguoglobal.com\/fr\/wp-json\/wp\/v2\/pages\/45179\/revisions\/68904"}],"wp:featuredmedia":[{"embeddable":true,"href":"https:\/\/translinguoglobal.com\/fr\/wp-json\/wp\/v2\/media\/38172"}],"wp:attachment":[{"href":"https:\/\/translinguoglobal.com\/fr\/wp-json\/wp\/v2\/media?parent=45179"}],"curies":[{"name":"wp","href":"https:\/\/api.w.org\/{rel}","templated":true}]}}