{"id":45178,"date":"2022-06-22T20:32:10","date_gmt":"2022-06-22T20:32:10","guid":{"rendered":"https:\/\/translinguoglobal.com\/services-de-traduction-pour-le-e-learning\/"},"modified":"2024-07-12T12:55:41","modified_gmt":"2024-07-12T10:55:41","slug":"services-de-traduction-pour-le-e-learning","status":"publish","type":"page","link":"https:\/\/translinguoglobal.com\/fr\/services-de-traduction-pour-le-e-learning\/","title":{"rendered":"Service de traduction de cours en ligne"},"content":{"rendered":"<h2 style=\"text-align: center;\"><strong>Service de traduction de <em>cours en ligne.<\/em><\/strong><\/h2>\n<p>Actuellement, les entreprises qui offrent ce service de <strong>traduction de <em>cours en ligne<\/em><\/strong> sont nombreuses. <a href=\"https:\/\/translinguoglobal.com\/fr\/\">Translinguo<\/a>, en tant qu&rsquo;entreprise innovatrice et actuelle, ne se laisse pas devancer.<\/p>\n<p>Les services de <strong>traduction de <em>cours en ligne<\/em><\/strong> vont au-del\u00e0 de simplement traduire. Gr\u00e2ce \u00e0 la traduction des contenus, il est possible d&rsquo;aller plus loin avec l&rsquo;enseignement. Qu&rsquo;est-ce que cela signifie ? Cela signifie que gr\u00e2ce aux services de traduction de <em>cours en ligne<\/em>, les ressources atteignent plus de personne. Ceux-ci peuvent \u00eatre partag\u00e9s, modifi\u00e9s, et am\u00e9lior\u00e9s entre les diff\u00e9rents composants du corps enseignant.<\/p>\n<p>Nous pouvons donc conclure que la traduction est tr\u00e8s pr\u00e9sente dans le milieu de l&rsquo;innovation et de l&rsquo;am\u00e9lioration. La <a href=\"https:\/\/fr.wikipedia.org\/wiki\/Mondialisation\" target=\"_blank\" rel=\"noopener\">mondialisation<\/a> et les relations internationales facilitent le partage de ressources, tel que les ressources \u00e9ducatives. Toutes ces ressources resteraient dans un coin sans les <strong>services de traduction de <em>cours en ligne<\/em>.<\/strong><\/p>\n<h3 style=\"text-align: center;\"><strong>Comment sont apparus les <a href=\"https:\/\/en.wikipedia.org\/wiki\/E-learning_(theory)\" target=\"_blank\" rel=\"noopener\"><em>cours en ligne<\/em><\/a> ?<\/strong><\/h3>\n<p>Ce mod\u00e8le d&rsquo;apprentissage et formation est apparus dans les ann\u00e9es 90, comme un m\u00e9thode innovatrice qui permet une \u00e9ducation \u00e0 distance. C&rsquo;est apparus principalement dans les entreprises priv\u00e9es o\u00f9 les travailleurs suivaient des formations continues. Plusieurs facteurs ont donner lieu \u00e0 la cr\u00e9ation de ce syst\u00e8me d&rsquo;enseignement. Parmi eux, il y a les avanc\u00e9es technologiques continuelles, la mondialisation ou l&rsquo;augmentation de l&rsquo;informatisation des soci\u00e9t\u00e9s.<\/p>\n<p>Parall\u00e8lement aux changements sociaux dans le milieu technologique, des changements ont lieu dans le milieu de l&rsquo;\u00e9ducation. Les besoins, ambitions et objectifs de l&rsquo;\u00e9ducation \u00e9volue et a besoin de nouveaux outils. Les <em>cours en ligne <\/em> est un des multiples outils qui permet \u00e0 l&rsquo;\u00e9ducation d&rsquo;\u00e9voluer et de s&rsquo;am\u00e9liorer.<\/p>\n<p>Les <strong>services de traduction de <em>cours en<\/em> <em>ligne<\/em><\/strong> sont donc une pi\u00e8ce de plus dans l&rsquo;engrenage vers l&rsquo;\u00e9volution et l&rsquo;am\u00e9lioration de l&rsquo;\u00e9ducation.<\/p>\n<h3 style=\"text-align: center;\"><strong>Quels sont les avantages ?<\/strong><\/h3>\n<p>Voici les principaux avantages des <em>cours en ligne<\/em> :<\/p>\n<ul>\n<li>Fl\u00e9xibilit\u00e9 : ils permettent aux utilisateurs de se connecter en fonction de leur disponibilit\u00e9.<\/li>\n<li>Internationalit\u00e9 : gr\u00e2ce \u00e0 l&rsquo;acc\u00e8s international au r\u00e9seau, il est possible de profiter des services de <em>cours en ligne<\/em> partout dans le monde.<\/li>\n<li>\u00c9conomique : avoir les ressources sur internet, permet de faire des \u00e9conomies sur le mat\u00e9riel \u00e9ducatifs, tels que les livres ou les d\u00e9placements.<\/li>\n<\/ul>\n<p>Les <strong>services de traduction de <em>cours en ligne <\/em><\/strong> participent \u00e0 l&rsquo;internationalisation des ressources. Gr\u00e2ce aux <strong>services de traduction de <em>cours en ligne<\/em><\/strong>, une classe italienne a acc\u00e8s \u00e0 un cours cr\u00e9\u00e9 en Espagne.<\/p>\n<p>La <a href=\"https:\/\/translinguoglobal.com\/fr\/lagence-de-traduction\/\">traduction<\/a> joue un r\u00f4le connecteur entre les langues et cultures, fait tomber les fronti\u00e8res.<\/p>\n<p><span style=\"font-weight: 400;\">Notre agence dispose d\u2019une \u00e9quipe de traducteurs hautement qualifi\u00e9s qui poss\u00e8dent les comp\u00e9tences de recherche et d\u2019analyse n\u00e9cessaires \u00e0 une bonne traduction. Ainsi, si vous cherchez une <\/span><b>entreprise de traduction,<\/b> <span style=\"font-weight: 400;\">vous \u00eates au bon endroit, au bon moment. <\/span><\/p>\n<p><span style=\"font-weight: 400;\">Notre travail est de veiller \u00e0 votre satisfaction, car nous, Translinguo, voulons le meilleur pour vous ! N\u2019h\u00e9sitez pas \u00e0 nous contacter, vous serez re\u00e7u comme il se doit, nous vous accompagnerons tout au long du processus du traduction que vous choisirez ! <\/span><\/p>\n<p><span style=\"font-weight: 400;\">Nous vous garantissons le professionnalisme de nos traducteurs et relecteurs. Traducteurs natifs et sp\u00e9cialis\u00e9s. Nous disposons des traducteurs aux quatre coins du monde, ce qui nous permet de proposer un service de traduction sp\u00e9cialis\u00e9e \u00e0 n\u2019importe quelle heure de la journ\u00e9e. Nous pouvons dire alors que nous travaillons 24 heures sur 24.<\/span><\/p>\n<p>Consultez nos profils sur <a title=\"Translinguo Global\" href=\"https:\/\/www.facebook.com\/translinguoglobal\" target=\"_blank\" rel=\"noopener\">Facebook<\/a>, <a title=\"Translinguo Global\" href=\"https:\/\/www.instagram.com\/translinguoglobal\/\" target=\"_blank\" rel=\"noopener\">Instagram<\/a> y <a title=\"Trasnslinguo Global\" href=\"https:\/\/es.linkedin.com\/company\/agencia-de-traduccion-translinguo-global\" target=\"_blank\" rel=\"noopener\">Linkedin<\/a><\/p>\n","protected":false},"excerpt":{"rendered":"<p>Service de traduction de cours en ligne. Actuellement, les entreprises qui offrent ce service de traduction de cours en ligne sont nombreuses. Translinguo, en tant qu&rsquo;entreprise innovatrice et actuelle, ne se laisse pas devancer. Les services de traduction de cours en ligne vont au-del\u00e0 de simplement traduire. Gr\u00e2ce \u00e0 la traduction des contenus, il est [&hellip;]<\/p>\n","protected":false},"author":3,"featured_media":38166,"parent":0,"menu_order":0,"comment_status":"closed","ping_status":"closed","template":"","meta":{"_crdt_document":"","inline_featured_image":false,"site-sidebar-layout":"default","site-content-layout":"default","ast-site-content-layout":"default","site-content-style":"default","site-sidebar-style":"default","ast-global-header-display":"","ast-banner-title-visibility":"","ast-main-header-display":"","ast-hfb-above-header-display":"","ast-hfb-below-header-display":"","ast-hfb-mobile-header-display":"","site-post-title":"","ast-breadcrumbs-content":"","ast-featured-img":"","footer-sml-layout":"","ast-disable-related-posts":"","theme-transparent-header-meta":"default","adv-header-id-meta":"","stick-header-meta":"","header-above-stick-meta":"","header-main-stick-meta":"","header-below-stick-meta":"","astra-migrate-meta-layouts":"set","ast-page-background-enabled":"default","ast-page-background-meta":{"desktop":{"background-color":"var(--ast-global-color-4)","background-image":"","background-repeat":"repeat","background-position":"center center","background-size":"auto","background-attachment":"scroll","background-type":"","background-media":"","overlay-type":"","overlay-color":"","overlay-opacity":"","overlay-gradient":""},"tablet":{"background-color":"","background-image":"","background-repeat":"repeat","background-position":"center center","background-size":"auto","background-attachment":"scroll","background-type":"","background-media":"","overlay-type":"","overlay-color":"","overlay-opacity":"","overlay-gradient":""},"mobile":{"background-color":"","background-image":"","background-repeat":"repeat","background-position":"center center","background-size":"auto","background-attachment":"scroll","background-type":"","background-media":"","overlay-type":"","overlay-color":"","overlay-opacity":"","overlay-gradient":""}},"ast-content-background-meta":{"desktop":{"background-color":"var(--ast-global-color-5)","background-image":"","background-repeat":"repeat","background-position":"center center","background-size":"auto","background-attachment":"scroll","background-type":"","background-media":"","overlay-type":"","overlay-color":"","overlay-opacity":"","overlay-gradient":""},"tablet":{"background-color":"var(--ast-global-color-5)","background-image":"","background-repeat":"repeat","background-position":"center center","background-size":"auto","background-attachment":"scroll","background-type":"","background-media":"","overlay-type":"","overlay-color":"","overlay-opacity":"","overlay-gradient":""},"mobile":{"background-color":"var(--ast-global-color-5)","background-image":"","background-repeat":"repeat","background-position":"center center","background-size":"auto","background-attachment":"scroll","background-type":"","background-media":"","overlay-type":"","overlay-color":"","overlay-opacity":"","overlay-gradient":""}},"footnotes":""},"class_list":["post-45178","page","type-page","status-publish","has-post-thumbnail","hentry"],"_links":{"self":[{"href":"https:\/\/translinguoglobal.com\/fr\/wp-json\/wp\/v2\/pages\/45178","targetHints":{"allow":["GET"]}}],"collection":[{"href":"https:\/\/translinguoglobal.com\/fr\/wp-json\/wp\/v2\/pages"}],"about":[{"href":"https:\/\/translinguoglobal.com\/fr\/wp-json\/wp\/v2\/types\/page"}],"author":[{"embeddable":true,"href":"https:\/\/translinguoglobal.com\/fr\/wp-json\/wp\/v2\/users\/3"}],"replies":[{"embeddable":true,"href":"https:\/\/translinguoglobal.com\/fr\/wp-json\/wp\/v2\/comments?post=45178"}],"version-history":[{"count":4,"href":"https:\/\/translinguoglobal.com\/fr\/wp-json\/wp\/v2\/pages\/45178\/revisions"}],"predecessor-version":[{"id":69007,"href":"https:\/\/translinguoglobal.com\/fr\/wp-json\/wp\/v2\/pages\/45178\/revisions\/69007"}],"wp:featuredmedia":[{"embeddable":true,"href":"https:\/\/translinguoglobal.com\/fr\/wp-json\/wp\/v2\/media\/38166"}],"wp:attachment":[{"href":"https:\/\/translinguoglobal.com\/fr\/wp-json\/wp\/v2\/media?parent=45178"}],"curies":[{"name":"wp","href":"https:\/\/api.w.org\/{rel}","templated":true}]}}