{"id":45175,"date":"2022-06-22T20:31:16","date_gmt":"2022-06-22T20:31:16","guid":{"rendered":"https:\/\/translinguoglobal.com\/services-de-traduction-publicitaire\/"},"modified":"2024-07-12T11:18:40","modified_gmt":"2024-07-12T09:18:40","slug":"services-de-traduction-publicitaire","status":"publish","type":"page","link":"https:\/\/translinguoglobal.com\/fr\/services-de-traduction-publicitaire\/","title":{"rendered":"Services de traduction publicitaire"},"content":{"rendered":"<p>Service de traduction publicitaire Aujourd\u2019hui, la <a href=\"https:\/\/fr.wikipedia.org\/wiki\/Publicit%C3%A9\" target=\"_blank\" rel=\"noopener\">publicit\u00e9<\/a> est un mode de communication tr\u00e8s important. C\u2019est une activit\u00e9 qui a un impact important sur la soci\u00e9t\u00e9. Il s\u2019agit de la diffusion d\u2019informations visant \u00e0 attirer le public vers un service ou un produit, dans le but d\u2019en augmenter la consommation ou d&rsquo;am\u00e9liorer l&rsquo;image d&rsquo;une marque. Pour ce faire, il est essentiel que l\u2019entreprise se fasse conna\u00eetre dans le monde entier. Par cons\u00e9quent, il est n\u00e9cessaire de recourir \u00e0 des services de traduction publicitaire pour atteindre le <a href=\"https:\/\/fr.wikipedia.org\/wiki\/Commerce_international\" target=\"_blank\" rel=\"noopener\">march\u00e9 international.<\/a><\/p>\n<h3 style=\"text-align: center;\"><strong>En quoi consistent ces services ?<\/strong><\/h3>\n<p>Traduire une publicit\u00e9 est bien plus qu&rsquo;une simple traduction, non seulement puisqu&rsquo;il faut s&rsquo;adapter au contexte culturel de chaque langue, mais aussi car le projecteur est braqu\u00e9 sur la fonction du texte d&rsquo;origine. Cela signifie qu&rsquo;il faut changer le message pour que les m\u00eame \u00e9motions soient transmises dans le texte cible.<\/p>\n<p>Un traducteur publicitaire doit \u00eatre exp\u00e9riment\u00e9 en <a href=\"https:\/\/translinguoglobal.com\/fr\/service-de-localisation-de-pages-internet\/\">localisation<\/a> de contenu publicitaire, en plus de conna\u00eetre la culture de ladite langue. Il est recommand\u00e9 que ce soit un traducteur natif qui s&rsquo;en charge. Cependant, il est essentiel que le traducteur connaisse profond\u00e9ment la langue et la culture. Traduire une publicit\u00e9 est une t\u00e2che ardue, car sa consommation d\u00e9pend de la qualit\u00e9 de la traduction faite par le traducteur publicitaire.<\/p>\n<h3 style=\"text-align: center;\"><strong>Que traduisent les traducteurs publicitaires ?<\/strong><\/h3>\n<p>De la m\u00eame mani\u00e8re qu&rsquo;il existe plusieurs types de publicit\u00e9, les traducteurs peuvent r\u00e9aliser plusieurs type de <strong>traduction publicitaire<\/strong>. Cela d\u00e9pendra de la commande de l&rsquo;entreprise, en plus de sa sp\u00e9cialit\u00e9.<\/p>\n<p>Les services de traductions publicitaires qu&rsquo;un traducteur peut r\u00e9aliser sont : la traductions d&rsquo;annonce, brochures, catalogues, site internet, slogan et devise. Il est aussi possible de traduire des campagne publicitaires, communiqu\u00e9s de presse, affiches et m\u00eame des annonces pour la t\u00e9l\u00e9vision.<\/p>\n<p>Comme vous avez pu le remarquer, ce sont des t\u00e2ches qui demandent beaucoup de cr\u00e9ativit\u00e9. Les traducteurs de publicit\u00e9 ne sont pas seulement sp\u00e9cialis\u00e9 en publicit\u00e9, mais ils sont \u00e9galement tr\u00e8s cr\u00e9atifs.<\/p>\n<h3 style=\"text-align: center;\"><strong>Exemples de services de traduction publicitaire<\/strong><\/h3>\n<p>Comme mentionn\u00e9 pr\u00e9c\u00e9demment, la traduction publicitaire est une t\u00e2che difficile et n\u00e9cessite une formation professionnelle. Les entreprises ont donc recours \u00e0 des traducteurs professionnels sp\u00e9cialis\u00e9s en publicit\u00e9 pour cr\u00e9er les m\u00eame \u00e9motions pour le public cible. D&rsquo;autre part, les traducteurs doivent \u00eatre suffisamment cr\u00e9atifs pour que la publicit\u00e9 persuade le public.<\/p>\n<p>Comme la fonction principale de la publicit\u00e9 est de capter l&rsquo;attention du public, et cet objectif est facilement atteint gr\u00e2ce \u00e0 la <a href=\"https:\/\/translinguoglobal.com\/fr\/lagence-de-traduction\/\">traduction<\/a>. De plus, en traduisant cette pub, votre entreprise ou produit s&rsquo;internationalise pour atteindre un public plus large. Ce qui augmente la consommation du produit dont la publicit\u00e9 est faite.<\/p>\n<p><span style=\"font-weight: 400;\">Chez <a href=\"https:\/\/translinguoglobal.com\/fr\/\">Translinguo<\/a>, nous vous proposons un large \u00e9ventail de <b>service de traduction<\/b> selon vos besoin. C\u2019est une ressource indispensable pour une communication efficace dans le monde actuel. Notre agence dispose d\u2019une \u00e9quipe de traducteurs hautement qualifi\u00e9s qui poss\u00e8dent les comp\u00e9tences de recherche et d\u2019analyse n\u00e9cessaires \u00e0 une bonne traduction. Ainsi, si vous cherchez une <\/span><b>entreprise de traduction,<\/b> <span style=\"font-weight: 400;\">vous \u00eates au bon endroit, au bon moment. <\/span><\/p>\n<p><span style=\"font-weight: 400;\">Notre travail est de veiller \u00e0 votre satisfaction, car nous, Translinguo, voulons le meilleur pour vous ! N\u2019h\u00e9sitez pas \u00e0 nous contacter, vous serez re\u00e7u comme il se doit, nous vous accompagnerons tout au long du processus du traduction que vous choisirez ! <\/span><\/p>\n<p><span style=\"font-weight: 400;\">Nous vous garantissons le professionnalisme de nos traducteurs et relecteurs. Traducteurs natifs et sp\u00e9cialis\u00e9s. Nous disposons des traducteurs aux quatre coins du monde, ce qui nous permet de proposer un service de traduction sp\u00e9cialis\u00e9e \u00e0 n\u2019importe quelle heure de la journ\u00e9e. Nous pouvons dire alors que nous travaillons 24 heures sur 24.<\/span><\/p>\n<p>Consultez nos profils sur <a title=\"Translinguo Global\" href=\"https:\/\/www.facebook.com\/translinguoglobal\" target=\"_blank\" rel=\"noopener\">Facebook<\/a>, <a title=\"Translinguo Global\" href=\"https:\/\/www.instagram.com\/translinguoglobal\/\" target=\"_blank\" rel=\"noopener\">Instagram<\/a> et <a title=\"Trasnslinguo Global\" href=\"https:\/\/es.linkedin.com\/company\/agencia-de-traduccion-translinguo-global\" target=\"_blank\" rel=\"noopener\">Linkedin.<\/a><\/p>\n","protected":false},"excerpt":{"rendered":"<p>Service de traduction publicitaire Aujourd\u2019hui, la publicit\u00e9 est un mode de communication tr\u00e8s important. C\u2019est une activit\u00e9 qui a un impact important sur la soci\u00e9t\u00e9. Il s\u2019agit de la diffusion d\u2019informations visant \u00e0 attirer le public vers un service ou un produit, dans le but d\u2019en augmenter la consommation ou d&rsquo;am\u00e9liorer l&rsquo;image d&rsquo;une marque. Pour [&hellip;]<\/p>\n","protected":false},"author":3,"featured_media":38154,"parent":0,"menu_order":0,"comment_status":"closed","ping_status":"closed","template":"","meta":{"_crdt_document":"","inline_featured_image":false,"site-sidebar-layout":"default","site-content-layout":"default","ast-site-content-layout":"default","site-content-style":"default","site-sidebar-style":"default","ast-global-header-display":"","ast-banner-title-visibility":"","ast-main-header-display":"","ast-hfb-above-header-display":"","ast-hfb-below-header-display":"","ast-hfb-mobile-header-display":"","site-post-title":"","ast-breadcrumbs-content":"","ast-featured-img":"","footer-sml-layout":"","ast-disable-related-posts":"","theme-transparent-header-meta":"default","adv-header-id-meta":"","stick-header-meta":"","header-above-stick-meta":"","header-main-stick-meta":"","header-below-stick-meta":"","astra-migrate-meta-layouts":"set","ast-page-background-enabled":"default","ast-page-background-meta":{"desktop":{"background-color":"var(--ast-global-color-4)","background-image":"","background-repeat":"repeat","background-position":"center center","background-size":"auto","background-attachment":"scroll","background-type":"","background-media":"","overlay-type":"","overlay-color":"","overlay-opacity":"","overlay-gradient":""},"tablet":{"background-color":"","background-image":"","background-repeat":"repeat","background-position":"center center","background-size":"auto","background-attachment":"scroll","background-type":"","background-media":"","overlay-type":"","overlay-color":"","overlay-opacity":"","overlay-gradient":""},"mobile":{"background-color":"","background-image":"","background-repeat":"repeat","background-position":"center center","background-size":"auto","background-attachment":"scroll","background-type":"","background-media":"","overlay-type":"","overlay-color":"","overlay-opacity":"","overlay-gradient":""}},"ast-content-background-meta":{"desktop":{"background-color":"var(--ast-global-color-5)","background-image":"","background-repeat":"repeat","background-position":"center center","background-size":"auto","background-attachment":"scroll","background-type":"","background-media":"","overlay-type":"","overlay-color":"","overlay-opacity":"","overlay-gradient":""},"tablet":{"background-color":"var(--ast-global-color-5)","background-image":"","background-repeat":"repeat","background-position":"center center","background-size":"auto","background-attachment":"scroll","background-type":"","background-media":"","overlay-type":"","overlay-color":"","overlay-opacity":"","overlay-gradient":""},"mobile":{"background-color":"var(--ast-global-color-5)","background-image":"","background-repeat":"repeat","background-position":"center center","background-size":"auto","background-attachment":"scroll","background-type":"","background-media":"","overlay-type":"","overlay-color":"","overlay-opacity":"","overlay-gradient":""}},"footnotes":""},"class_list":["post-45175","page","type-page","status-publish","has-post-thumbnail","hentry"],"_links":{"self":[{"href":"https:\/\/translinguoglobal.com\/fr\/wp-json\/wp\/v2\/pages\/45175","targetHints":{"allow":["GET"]}}],"collection":[{"href":"https:\/\/translinguoglobal.com\/fr\/wp-json\/wp\/v2\/pages"}],"about":[{"href":"https:\/\/translinguoglobal.com\/fr\/wp-json\/wp\/v2\/types\/page"}],"author":[{"embeddable":true,"href":"https:\/\/translinguoglobal.com\/fr\/wp-json\/wp\/v2\/users\/3"}],"replies":[{"embeddable":true,"href":"https:\/\/translinguoglobal.com\/fr\/wp-json\/wp\/v2\/comments?post=45175"}],"version-history":[{"count":10,"href":"https:\/\/translinguoglobal.com\/fr\/wp-json\/wp\/v2\/pages\/45175\/revisions"}],"predecessor-version":[{"id":68987,"href":"https:\/\/translinguoglobal.com\/fr\/wp-json\/wp\/v2\/pages\/45175\/revisions\/68987"}],"wp:featuredmedia":[{"embeddable":true,"href":"https:\/\/translinguoglobal.com\/fr\/wp-json\/wp\/v2\/media\/38154"}],"wp:attachment":[{"href":"https:\/\/translinguoglobal.com\/fr\/wp-json\/wp\/v2\/media?parent=45175"}],"curies":[{"name":"wp","href":"https:\/\/api.w.org\/{rel}","templated":true}]}}