{"id":45173,"date":"2022-06-22T20:30:49","date_gmt":"2022-06-22T20:30:49","guid":{"rendered":"https:\/\/translinguoglobal.com\/services-de-traduction-financiere\/"},"modified":"2024-07-11T12:40:26","modified_gmt":"2024-07-11T10:40:26","slug":"services-de-traduction-financiere","status":"publish","type":"page","link":"https:\/\/translinguoglobal.com\/fr\/services-de-traduction-financiere\/","title":{"rendered":"Services de traduction financi\u00e8re"},"content":{"rendered":"<h2 style=\"text-align: center;\"><b>Services de traduction financi\u00e8re professionnelle<\/b><\/h2>\n<p><span style=\"font-weight: 400;\">La traduction couvre de nombreux domaines, il est donc tr\u00e8s fr\u00e9quent que les traducteurs se sp\u00e9cialisent dans un domaine particulier. Mais pourquoi se sp\u00e9cialiser ? Pour acqu\u00e9rir des connaissances sp\u00e9cifiques dans un certain domaine et s&rsquo;assurer de pouvoir produire un travail de <a href=\"https:\/\/translinguoglobal.com\/wp-content\/uploads\/2022\/05\/Politica-de-Calidad-Translinguo-Global.pdf\">qualit\u00e9<\/a>.<\/span><\/p>\n<p><span style=\"font-weight: 400;\">Les traducteurs sp\u00e9cialis\u00e9s dans<\/span> <b>la traduction financi\u00e8re<\/b><span style=\"font-weight: 400;\"> connaissent les diff\u00e9rentes relations entre des termes complexes. En outre, ils ont une connaissance approfondie de la terminologie financi\u00e8re et \u00e9conomique n\u00e9cessaire \u00e0 la traduction.<\/span><\/p>\n<p><span style=\"font-weight: 400;\">Nous souhaitons vous pr\u00e9senter les diff\u00e9rents types de <\/span> <b>traductions financi\u00e8res<\/b> <span style=\"font-weight: 400;\">et les raisons pour lesquelles il convient d&rsquo;investir dans celles-ci.<\/span><\/p>\n<h3><b>Qu&rsquo;est-ce qu&rsquo;une traduction financi\u00e8re ?<\/b><\/h3>\n<p><span style=\"font-weight: 400;\">La<\/span> <b>traduction financi\u00e8re<\/b><span style=\"font-weight: 400;\"> est une sp\u00e9cialit\u00e9 de la traduction technique. Elle est tr\u00e8s complexe en raison du lexique utilis\u00e9, en particulier dans le domaine de la finance et de l&rsquo;\u00e9conomie. <\/span><\/p>\n<p><span style=\"font-weight: 400;\">Elle est donc charg\u00e9e de la <\/span><b>traduction des textes financiers.<\/b><span style=\"font-weight: 400;\">. Et vous vous demandez peut- \u00eatre : qu&rsquo;est-ce qu&rsquo;un texte financier ?<\/span><\/p>\n<p><span style=\"font-weight: 400;\">Les textes financiers sont tous ceux qui d\u00e9coulent de l&rsquo;activit\u00e9 financi\u00e8re. Les plus repr\u00e9sentatifs sont \u00e9num\u00e9r\u00e9s ci-dessous.<\/span><\/p>\n<ul>\n<li style=\"font-weight: 400;\" aria-level=\"1\"><span style=\"font-weight: 400;\">Comptes annuels ou rapports trimestriels des entreprises.<\/span><\/li>\n<li style=\"font-weight: 400;\" aria-level=\"1\"><span style=\"font-weight: 400;\">Rapports d&rsquo;audit.<\/span><\/li>\n<li style=\"font-weight: 400;\" aria-level=\"1\"><span style=\"font-weight: 400;\">Documents relatifs aux fonds d&rsquo;investissement.<\/span><\/li>\n<li style=\"font-weight: 400;\" aria-level=\"1\"><span style=\"font-weight: 400;\">Documents relatifs aux transactions financi\u00e8res.<\/span><\/li>\n<li style=\"font-weight: 400;\" aria-level=\"1\"><span style=\"font-weight: 400;\">Relev\u00e9s bancaires.<\/span><\/li>\n<li style=\"font-weight: 400;\" aria-level=\"1\"><span style=\"font-weight: 400;\">Contrats de d\u00e9p\u00f4t bancaire.<\/span><\/li>\n<li style=\"font-weight: 400;\" aria-level=\"1\"><span style=\"font-weight: 400;\">\u00c9tudes du march\u00e9 et concurrence.<\/span><span style=\"font-weight: 400;\"><br \/>\n<\/span><\/li>\n<\/ul>\n<h2><b>Types de traductions financi\u00e8res<\/b><\/h2>\n<ul>\n<li style=\"font-weight: 400;\" aria-level=\"1\">\n<h3><b>Traduction financi\u00e8re<\/b> <span style=\"font-weight: 400;\">simple<\/span><\/h3>\n<\/li>\n<\/ul>\n<p><span style=\"font-weight: 400;\">Il s&rsquo;agit de la conversion d&rsquo;une monnaie \u00e0 une autre sans tenir compte des facteurs de conversion ou du taux de change actuel.<\/span><\/p>\n<ul>\n<li style=\"font-weight: 400;\" aria-level=\"1\">\n<h3><b>Traductionn financi\u00e8re <\/b> <span style=\"font-weight: 400;\">consold\u00e9e<\/span><\/h3>\n<\/li>\n<\/ul>\n<p><span style=\"font-weight: 400;\">C&rsquo;est le cas lorsqu&rsquo;une entreprise poss\u00e8de des filiales ou des succursales dans diff\u00e9rents pays et qu&rsquo;elle doit consolider les \u00e9tats financiers de toutes ces filiales ou succursales dans la monnaie de pr\u00e9sentation de la soci\u00e9t\u00e9 m\u00e8re.<\/span><\/p>\n<ul>\n<li style=\"font-weight: 400;\" aria-level=\"1\">\n<h3><b>Traduction financi\u00e8re<\/b> <span style=\"font-weight: 400;\">de conversion <\/span><\/h3>\n<\/li>\n<\/ul>\n<p><span style=\"font-weight: 400;\">Il s\u2019agit d\u2019un processus de conversion des \u00e9tats financiers d\u2019une devise \u00e0 une autre en utilisant un taux de change actuel. Ce type de traduction est utile pour \u00e9tablir des \u00e9tats financiers et pr\u00e9senter ces derniers dans diff\u00e9rentes devises.<\/span><\/p>\n<ul>\n<li style=\"font-weight: 400;\" aria-level=\"1\">\n<h3><b> La traduction financi\u00e8re <\/b> <span style=\"font-weight: 400;\">de transferts d\u2019argent <\/span><\/h3>\n<\/li>\n<\/ul>\n<p><span style=\"font-weight: 400;\">Elle est utilis\u00e9e lorsqu\u2019une entreprise \u00e9met ou re\u00e7oit des paiements dans des devises diff\u00e9rentes et qu\u2019il est n\u00e9cessaire de faire une conversion afin de comptabiliser la valeur dans la monnaie locale.<\/span><\/p>\n<ul>\n<li style=\"font-weight: 400;\" aria-level=\"1\">\n<h3><b> La traduction financi\u00e8re <\/b> <span style=\"font-weight: 400;\">de couverture <\/span><\/h3>\n<\/li>\n<\/ul>\n<p><span style=\"font-weight: 400;\">Elle est utilis\u00e9e pour contr\u00f4ler les risques de change en couvrant les expositions aux diff\u00e9rentes devises. La traduction financi\u00e8re de couverture implique d\u2019utiliser des outils financiers pour se prot\u00e9ger des variations de taux de change.<\/span><\/p>\n<ul>\n<li style=\"font-weight: 400;\" aria-level=\"1\">\n<h3><b> La traduction financi\u00e8re<\/b> <span style=\"font-weight: 400;\">d\u2019ajustement \u00e0 l\u2019inflation <\/span><\/h3>\n<\/li>\n<\/ul>\n<p><span style=\"font-weight: 400;\">Elle est r\u00e9alis\u00e9e pour ajuster les \u00e9tats financiers en fonction de l\u2019inflation. Ce type de traduction est utile pour pr\u00e9senter des \u00e9tats financiers en devise constante et pour refl\u00e9ter de fa\u00e7on pr\u00e9cise le pouvoir d\u2019achat des ressources de l\u2019entreprise.<\/span><\/p>\n<p><span style=\"font-weight: 400;\">Chez<\/span> <a href=\"https:\/\/translinguoglobal.com\/fr\/\"><span style=\"font-weight: 400;\">Translinguo<\/span><\/a>, <span style=\"font-weight: 400;\"> nous vous proposons un large \u00e9ventail de<\/span> <b>service de traduction <\/b> <span style=\"font-weight: 400;\">selon vos besoin. C\u2019est une ressource indispensable pour une communication efficace dans le monde actuel. Notre agence dispose d\u2019une \u00e9quipe de traducteurs hautement qualifi\u00e9s qui poss\u00e8dent les comp\u00e9tences de recherche et d\u2019analyse n\u00e9cessaires \u00e0 une bonne traduction. Ainsi, si vous cherchez une <\/span><b>entreprise de <a href=\"https:\/\/fr.wikipedia.org\/wiki\/Traduction\" target=\"_blank\" rel=\"noopener\">traduction<\/a><\/b><span style=\"font-weight: 400;\">, vous \u00eates au bon endroit, au bon moment. <\/span><\/p>\n<p><span style=\"font-weight: 400;\">Notre travail est de veiller \u00e0 votre satisfaction, car nous, Translinguo, voulons le meilleur pour vous ! N\u2019h\u00e9sitez pas \u00e0 nous contacter, vous serez re\u00e7u comme il se doit, nous vous accompagnerons tout au long du processus du traduction que vous choisirez ! <\/span><\/p>\n<p><span style=\"font-weight: 400;\">Nous vous garantissons le professionnalisme de nos traducteurs et relecteurs. Traducteurs natifs et sp\u00e9cialis\u00e9s. Nous disposons des traducteurs aux quatre coins du monde, ce qui nous permet de proposer un service de traduction sp\u00e9cialis\u00e9e \u00e0 n\u2019importe quelle heure de la journ\u00e9e. Nous pouvons dire alors que nous travaillons 24 heures sur 24.<\/span><\/p>\n<p><span style=\"font-weight: 400;\">Les d\u00e9lais convenus ainsi que la confidentialit\u00e9 sont fondamentaux pour nous. Par cons\u00e9quence, nous respectons les r\u00e8gles RGPD en toutes circonstances, et nous faisons tout ce qui est en notre pouvoir pour r\u00e9aliser ce que nous promettons.<\/span><\/p>\n","protected":false},"excerpt":{"rendered":"<p>Parmi les nombreux services propos\u00e9s par notre soci\u00e9t\u00e9 figurent les services de traduction sp\u00e9cialis\u00e9e. Plus concr\u00e8temment, il s&rsquo;agit du service <\/p>\n","protected":false},"author":3,"featured_media":43275,"parent":0,"menu_order":0,"comment_status":"closed","ping_status":"closed","template":"elementor_header_footer","meta":{"_crdt_document":"","inline_featured_image":false,"site-sidebar-layout":"no-sidebar","site-content-layout":"page-builder","ast-site-content-layout":"full-width-container","site-content-style":"default","site-sidebar-style":"default","ast-global-header-display":"","ast-banner-title-visibility":"","ast-main-header-display":"","ast-hfb-above-header-display":"","ast-hfb-below-header-display":"","ast-hfb-mobile-header-display":"","site-post-title":"disabled","ast-breadcrumbs-content":"","ast-featured-img":"disabled","footer-sml-layout":"","ast-disable-related-posts":"","theme-transparent-header-meta":"default","adv-header-id-meta":"","stick-header-meta":"","header-above-stick-meta":"","header-main-stick-meta":"","header-below-stick-meta":"","astra-migrate-meta-layouts":"set","ast-page-background-enabled":"default","ast-page-background-meta":{"desktop":{"background-color":"var(--ast-global-color-4)","background-image":"","background-repeat":"repeat","background-position":"center center","background-size":"auto","background-attachment":"scroll","background-type":"","background-media":"","overlay-type":"","overlay-color":"","overlay-opacity":"","overlay-gradient":""},"tablet":{"background-color":"","background-image":"","background-repeat":"repeat","background-position":"center center","background-size":"auto","background-attachment":"scroll","background-type":"","background-media":"","overlay-type":"","overlay-color":"","overlay-opacity":"","overlay-gradient":""},"mobile":{"background-color":"","background-image":"","background-repeat":"repeat","background-position":"center center","background-size":"auto","background-attachment":"scroll","background-type":"","background-media":"","overlay-type":"","overlay-color":"","overlay-opacity":"","overlay-gradient":""}},"ast-content-background-meta":{"desktop":{"background-color":"var(--ast-global-color-5)","background-image":"","background-repeat":"repeat","background-position":"center center","background-size":"auto","background-attachment":"scroll","background-type":"","background-media":"","overlay-type":"","overlay-color":"","overlay-opacity":"","overlay-gradient":""},"tablet":{"background-color":"var(--ast-global-color-5)","background-image":"","background-repeat":"repeat","background-position":"center center","background-size":"auto","background-attachment":"scroll","background-type":"","background-media":"","overlay-type":"","overlay-color":"","overlay-opacity":"","overlay-gradient":""},"mobile":{"background-color":"var(--ast-global-color-5)","background-image":"","background-repeat":"repeat","background-position":"center center","background-size":"auto","background-attachment":"scroll","background-type":"","background-media":"","overlay-type":"","overlay-color":"","overlay-opacity":"","overlay-gradient":""}},"footnotes":""},"class_list":["post-45173","page","type-page","status-publish","has-post-thumbnail","hentry"],"_links":{"self":[{"href":"https:\/\/translinguoglobal.com\/fr\/wp-json\/wp\/v2\/pages\/45173","targetHints":{"allow":["GET"]}}],"collection":[{"href":"https:\/\/translinguoglobal.com\/fr\/wp-json\/wp\/v2\/pages"}],"about":[{"href":"https:\/\/translinguoglobal.com\/fr\/wp-json\/wp\/v2\/types\/page"}],"author":[{"embeddable":true,"href":"https:\/\/translinguoglobal.com\/fr\/wp-json\/wp\/v2\/users\/3"}],"replies":[{"embeddable":true,"href":"https:\/\/translinguoglobal.com\/fr\/wp-json\/wp\/v2\/comments?post=45173"}],"version-history":[{"count":4,"href":"https:\/\/translinguoglobal.com\/fr\/wp-json\/wp\/v2\/pages\/45173\/revisions"}],"predecessor-version":[{"id":68921,"href":"https:\/\/translinguoglobal.com\/fr\/wp-json\/wp\/v2\/pages\/45173\/revisions\/68921"}],"wp:featuredmedia":[{"embeddable":true,"href":"https:\/\/translinguoglobal.com\/fr\/wp-json\/wp\/v2\/media\/43275"}],"wp:attachment":[{"href":"https:\/\/translinguoglobal.com\/fr\/wp-json\/wp\/v2\/media?parent=45173"}],"curies":[{"name":"wp","href":"https:\/\/api.w.org\/{rel}","templated":true}]}}