{"id":45169,"date":"2022-06-22T20:29:57","date_gmt":"2022-06-22T20:29:57","guid":{"rendered":"https:\/\/translinguoglobal.com\/services-de-traduction-de-mode-et-de-beaute\/"},"modified":"2024-07-12T17:10:02","modified_gmt":"2024-07-12T15:10:02","slug":"services-de-traduction-de-mode-et-de-beaute","status":"publish","type":"page","link":"https:\/\/translinguoglobal.com\/fr\/services-de-traduction-de-mode-et-de-beaute\/","title":{"rendered":"Services de traduction de mode et de beaut\u00e9"},"content":{"rendered":"<h1 style=\"text-align: center;\"><strong>TRADUCTION DE MODE<\/strong><\/h1>\n<p>Le secteur de la mode g\u00e9n\u00e8re des milliards d\u2019euros chaque ann\u00e9e, en Espagne comme \u00e0 l\u2019\u00e9tranger. Il s\u2019agit d\u2019un secteur tr\u00e8s mondialis\u00e9, o\u00f9 les nouveaux articles arrivent rapidement d\u2019un pays \u00e0 un autre. Les grandes enseignes commercialisent leurs produits \u00e0 l\u2019international et le contact entre les personnes d\u2019horizons diff\u00e9rents est constant.<\/p>\n<p>C\u2019est pourquoi il est n\u00e9cessaire de d\u00e9passer la barri\u00e8re de la langue et c\u2019est l\u00e0 que les <strong>services de traduction de mode <\/strong>entrent en jeu. La traduction de la mode est cruciale pour que le secteur puisse d\u00e9velopper ses activit\u00e9s de fa\u00e7on normale. Voici quelques-unes des particularit\u00e9s de la <strong>traduction de la mode<\/strong>.<\/p>\n<h2 style=\"text-align: center;\"><strong>\u00a0<\/strong><strong>Services de traduction de mode et de beaut\u00e9<br \/>\n<\/strong><\/h2>\n<p>La mode est un secteur qui est clairement vuln\u00e9rable \u00e0 la mondialisation. C\u2019est pour cette raison que certaines marques ont besoin d\u2019un <strong>service de traduction de mode et de beaut\u00e9 <\/strong>pour internationaliser leurs produits. Les grandes enseignes du secteur sont pr\u00e9sentes dans plusieurs pays et cherchent \u00e0 adapter leur contenu aux langues locales. Ce ph\u00e9nom\u00e8ne concerne aussi les petites entreprises qui commencent \u00e0 se d\u00e9velopper \u00e0 l\u2019international. Dans ces cas, l\u2019aide de traducteurs est essentielle pour permettre cette expansion.<\/p>\n<p>De la m\u00eame mani\u00e8re, la traduction joue un r\u00f4le important pendant l\u2019\u00e9tape de production. Par exemple, concernant l\u2019importation de mati\u00e8res premi\u00e8res. De nombreuses entreprises font appel \u00e0 un <strong>traducteur sp\u00e9cialis\u00e9 dans la mode<\/strong> pour pouvoir n\u00e9gocier avec les fournisseurs locaux et r\u00e9aliser les transactions.<\/p>\n<p>Par ailleurs, les \u00e9v\u00e8nements tels que les d\u00e9fil\u00e9s ou les <em>showrooms<\/em> sont monnaie courante dans la mode et se caract\u00e9risent par leur dimension internationale. Pour ce type d\u2019\u00e9v\u00e8nements physiques, il est important de pouvoir compter sur des interpr\u00e8tes qui sont familiaris\u00e9s avec le domaine du textile et de la mode.<\/p>\n<h3 style=\"text-align: center;\"><strong>Avantages de la traduction dans le domaine de la mode<\/strong><\/h3>\n<p>Comme vous avez pu le constater, disposer d&rsquo;un <strong>service de traduction de mode<\/strong> apporte de nombreux avantages aux entreprises. Non seulement cela leur permet d\u2019internationaliser leurs produits, mais en plus, cela devient essentiel durant le processus de production et d\u2019achat des mati\u00e8res.<\/p>\n<p>La traduction dans le secteur de la mode se caract\u00e9rise par un jargon tr\u00e8s sp\u00e9cifique. Le <strong>traducteur sp\u00e9cialis\u00e9 dans la mode <\/strong>doit travailler avec des concepts techniques relatifs aux tissus, aux coutures et aux mati\u00e8res, entre autres. En effet, il est essentiel d\u2019\u00eatre familiaris\u00e9 avec le secteur et son jargon pour \u00e9viter le manque de pr\u00e9cision.<\/p>\n<p>Le traducteur doit aussi s\u2019impr\u00e9gner de l\u2019image et de l\u2019essence de la marque et les retransmettre \u00e0 travers ses traductions. Cela s\u2019applique surtout aux traductions \u00e0 caract\u00e8re publicitaire et aux campagnes de <em>marketing<\/em>. Il ne faut pas uniquement consid\u00e9rer les aspects techniques, car le facteur cr\u00e9ation entre en jeu.<\/p>\n<p>Pour toutes les raisons pr\u00e9cit\u00e9es, il est indispensable de travailler avec les meilleurs professionnels du secteur. Chez Translinguo, agence de traduction officielle, nous disposons de traducteurs sp\u00e9cialis\u00e9s dans le domaine de la mode. Gr\u00e2ce \u00e0 notre \u00e9quipe, votre projet pourra toucher plus de personnes, quelle que soit la langue qu\u2019elles parlent. Nous garantissons l\u2019exp\u00e9rience et l\u2019envie de fournir le meilleur service pour nos clients.<\/p>\n<h2 style=\"text-align: center;\"><strong>Types de traduction pour la mode<\/strong><\/h2>\n<p>La traduction dans le domaine de la mode est n\u00e9cessaire dans plusieurs secteurs diff\u00e9rents. Le traducteur doit prendre en compte les particularit\u00e9s du mat\u00e9riel \u00e0 traduire et s\u2019y adapter.<\/p>\n<p>Les <strong>traductions <\/strong>les plus fr\u00e9quentes dans le domaine de <strong>la mode et de la beaut\u00e9<\/strong> sont\u00a0:<\/p>\n<ul>\n<li>Traduction de <em>e-commerce<\/em><\/li>\n<li>Traduction d\u2019\u00e9tiquettes<\/li>\n<li>Traduction de pancartes pour des vitrines<\/li>\n<li>Traduction de description de v\u00eatements<\/li>\n<li>Traduction de pages web<\/li>\n<li>Traduction de campagnes <em>marketing<\/em><\/li>\n<li>Traduction de communiqu\u00e9s<\/li>\n<li>Traduction de contenus pour les r\u00e9seaux sociaux<\/li>\n<li>Traduction de catalogues de collections<\/li>\n<\/ul>\n<p>Il est aussi important de noter que l\u2019interpr\u00e9tation joue un r\u00f4le important lors d\u2019\u00e9v\u00e8nements tels que les d\u00e9fil\u00e9s, les <em>showrooms <\/em>et les <em>fashion weeks<\/em>.<\/p>\n<h3 style=\"text-align: center;\"><strong>Questions fr\u00e9quentes sur le service de traduction pour la mode <\/strong><\/h3>\n<p>Le<strong> service de<\/strong> <strong>traduction de mode <\/strong>est assez r\u00e9cent dans le domaine des services de traduction. C\u2019est pour cette raison que travailler avec des traducteurs professionnels qui disposent d\u2019exp\u00e9rience concernant ce type de contenu garantit la qualit\u00e9.<\/p>\n<p>Si vous ne connaissez toujours pas les avantages de la traduction de la mode, n\u2019h\u00e9sitez pas \u00e0 contacter Translinguo. Nous sommes l\u00e0 pour r\u00e9pondre \u00e0 toutes vos questions.<\/p>\n","protected":false},"excerpt":{"rendered":"<p>TRADUCTION DE MODE Le secteur de la mode g\u00e9n\u00e8re des milliards d\u2019euros chaque ann\u00e9e, en Espagne comme \u00e0 l\u2019\u00e9tranger. Il s\u2019agit d\u2019un secteur tr\u00e8s mondialis\u00e9, o\u00f9 les nouveaux articles arrivent rapidement d\u2019un pays \u00e0 un autre. Les grandes enseignes commercialisent leurs produits \u00e0 l\u2019international et le contact entre les personnes d\u2019horizons diff\u00e9rents est constant. C\u2019est [&hellip;]<\/p>\n","protected":false},"author":3,"featured_media":57006,"parent":0,"menu_order":0,"comment_status":"closed","ping_status":"closed","template":"elementor_header_footer","meta":{"_crdt_document":"","inline_featured_image":false,"site-sidebar-layout":"no-sidebar","site-content-layout":"page-builder","ast-site-content-layout":"full-width-container","site-content-style":"default","site-sidebar-style":"default","ast-global-header-display":"","ast-banner-title-visibility":"","ast-main-header-display":"","ast-hfb-above-header-display":"","ast-hfb-below-header-display":"","ast-hfb-mobile-header-display":"","site-post-title":"disabled","ast-breadcrumbs-content":"","ast-featured-img":"disabled","footer-sml-layout":"","ast-disable-related-posts":"","theme-transparent-header-meta":"default","adv-header-id-meta":"","stick-header-meta":"","header-above-stick-meta":"","header-main-stick-meta":"","header-below-stick-meta":"","astra-migrate-meta-layouts":"set","ast-page-background-enabled":"default","ast-page-background-meta":{"desktop":{"background-color":"var(--ast-global-color-4)","background-image":"","background-repeat":"repeat","background-position":"center center","background-size":"auto","background-attachment":"scroll","background-type":"","background-media":"","overlay-type":"","overlay-color":"","overlay-opacity":"","overlay-gradient":""},"tablet":{"background-color":"","background-image":"","background-repeat":"repeat","background-position":"center center","background-size":"auto","background-attachment":"scroll","background-type":"","background-media":"","overlay-type":"","overlay-color":"","overlay-opacity":"","overlay-gradient":""},"mobile":{"background-color":"","background-image":"","background-repeat":"repeat","background-position":"center center","background-size":"auto","background-attachment":"scroll","background-type":"","background-media":"","overlay-type":"","overlay-color":"","overlay-opacity":"","overlay-gradient":""}},"ast-content-background-meta":{"desktop":{"background-color":"var(--ast-global-color-5)","background-image":"","background-repeat":"repeat","background-position":"center center","background-size":"auto","background-attachment":"scroll","background-type":"","background-media":"","overlay-type":"","overlay-color":"","overlay-opacity":"","overlay-gradient":""},"tablet":{"background-color":"var(--ast-global-color-5)","background-image":"","background-repeat":"repeat","background-position":"center center","background-size":"auto","background-attachment":"scroll","background-type":"","background-media":"","overlay-type":"","overlay-color":"","overlay-opacity":"","overlay-gradient":""},"mobile":{"background-color":"var(--ast-global-color-5)","background-image":"","background-repeat":"repeat","background-position":"center center","background-size":"auto","background-attachment":"scroll","background-type":"","background-media":"","overlay-type":"","overlay-color":"","overlay-opacity":"","overlay-gradient":""}},"footnotes":""},"class_list":["post-45169","page","type-page","status-publish","has-post-thumbnail","hentry"],"_links":{"self":[{"href":"https:\/\/translinguoglobal.com\/fr\/wp-json\/wp\/v2\/pages\/45169","targetHints":{"allow":["GET"]}}],"collection":[{"href":"https:\/\/translinguoglobal.com\/fr\/wp-json\/wp\/v2\/pages"}],"about":[{"href":"https:\/\/translinguoglobal.com\/fr\/wp-json\/wp\/v2\/types\/page"}],"author":[{"embeddable":true,"href":"https:\/\/translinguoglobal.com\/fr\/wp-json\/wp\/v2\/users\/3"}],"replies":[{"embeddable":true,"href":"https:\/\/translinguoglobal.com\/fr\/wp-json\/wp\/v2\/comments?post=45169"}],"version-history":[{"count":8,"href":"https:\/\/translinguoglobal.com\/fr\/wp-json\/wp\/v2\/pages\/45169\/revisions"}],"predecessor-version":[{"id":69106,"href":"https:\/\/translinguoglobal.com\/fr\/wp-json\/wp\/v2\/pages\/45169\/revisions\/69106"}],"wp:featuredmedia":[{"embeddable":true,"href":"https:\/\/translinguoglobal.com\/fr\/wp-json\/wp\/v2\/media\/57006"}],"wp:attachment":[{"href":"https:\/\/translinguoglobal.com\/fr\/wp-json\/wp\/v2\/media?parent=45169"}],"curies":[{"name":"wp","href":"https:\/\/api.w.org\/{rel}","templated":true}]}}