{"id":45163,"date":"2022-06-22T20:27:48","date_gmt":"2022-06-22T20:27:48","guid":{"rendered":"https:\/\/translinguoglobal.com\/traduction-du-neerlandais\/"},"modified":"2024-07-11T12:07:52","modified_gmt":"2024-07-11T10:07:52","slug":"traduction-du-neerlandais","status":"publish","type":"page","link":"https:\/\/translinguoglobal.com\/fr\/traduction-du-neerlandais\/","title":{"rendered":"Entreprise de traduction en n\u00e9erlandais"},"content":{"rendered":"<h2 style=\"text-align: center;\">Entreprise de traduction en n\u00e9erlandais<\/h2>\n<h3 style=\"text-align: center;\"><strong>L&rsquo;importance du n\u00e9erlandais et quelques caract\u00e9ristiques.<\/strong><\/h3>\n<p>Entreprise de traduction en n\u00e9erlandais. Le n\u00e9erlandais est, avec d&rsquo;autres langues comle l&rsquo;allemand, l&rsquo;anglais ou le su\u00e9dois, une des 14 langues germaniques. Apr\u00e8s l&rsquo;anglais et l&rsquo;<a href=\"https:\/\/fr.wikipedia.org\/wiki\/Allemand\" target=\"_blank\" rel=\"noopener\">allemand<\/a>, le n\u00e9erlandais est la troisi\u00e8me langues germanique plus parl\u00e9es avec 38 millions de locuteurs.<\/p>\n<p>C&rsquo;est aussi la langue officielle des Pays-Bas et de la R\u00e9publique du Suriname. Du n\u00e9erlandais d\u00e9coule plusieurs dialiects comme l&rsquo;allemand de Pensylvanie ou le limbourgeois, parl\u00e9s au Limbourg et en Rh\u00e9nanie.<\/p>\n<p>Algunas de sus caracter\u00edsticas ling\u00fc\u00edsticas son la presencia de tres g\u00e9neros (masculino, femenino y neutro), como ocurre en alem\u00e1n. Le n\u00e9erlandas se caract\u00e9rise \u00e9galement par l&rsquo;abondance de consonnes dans ses mot, par exemple, \u00ab\u00a0<em>angstchreeuw<\/em>\u00a0\u00bb qui signifie \u00ab\u00a0cri de peur\u00a0\u00bb.<\/p>\n<p>Bien qu&rsquo;il soit difficile, il ne faut pas oublier que le n\u00e9erlandais est une langue importante, et repr\u00e9sente les <a href=\"https:\/\/fr.wikipedia.org\/wiki\/Hollande\" target=\"_blank\" rel=\"noopener\">Pays-Bas<\/a> dans l&rsquo;\u00e9conomie europ\u00e9enne. De m\u00eame que les Pays-Bas occupe la 10\u00e8me place dans la liste mondiale des meilleurs pays o\u00f9 vivre.<\/p>\n<p>Il ne s&rsquo;agit pas seulement de l&rsquo;\u00e9conomie et de l&rsquo;habitabilit\u00e9, puisque c&rsquo;est aussi un des pays avec un faible de taux de ch\u00f4mage.<\/p>\n<p>En conclusion, le n\u00e9erlandais est une langue \u00e0 apprendre si vous voulez am\u00e9liorer votre qualit\u00e9 de vie et \u00eatre plus heureux.<\/p>\n<h3 style=\"text-align: center;\"><strong>Diff\u00e9rences et similitudes entre le n\u00e9erlandais et l&rsquo;espagnol<\/strong><\/h3>\n<p>Comme mentionn\u00e9 pr\u00e9c\u00e9demment, on peut dire que la principale diff\u00e9rence est que l&rsquo;espagnol est une langue romane, et le n\u00e9erlandais germanique. Malgr\u00e9 une d\u00e9nomination diff\u00e9rente, les deux ont pour origine commune la famille des langue indo-europ\u00e9enne.<\/p>\n<p>Il est vrai qu&rsquo;\u00e0 premi\u00e8re vu, on peut penser que le n\u00e9erlandais et l&rsquo;espagnol n&rsquo;ont rien \u00e0 voir, mais ce serait se tromper. Ces deux langues partagent tant des phon\u00e8mes que quelques aspects grammaticaux qui les rapprochent d&rsquo;une certaine mani\u00e8re.<\/p>\n<p>Nous pouvons observer ces similitudes avec des mots comme &lsquo;fisioterapeuta&rsquo;, kin\u00e9sith\u00e9rapeute en fran\u00e7ais, qui se traduit par &lsquo;<em>fysiotherapeut<\/em>&lsquo;<\/p>\n<p>Pour ce qui est des diff\u00e9rence, la premi\u00e8re \u00e0 ressortir est la prononciation entre l&rsquo;une et l&rsquo;autre. Il se d\u00e9marque \u00e9galement d&rsquo;un point de vue grammatical, l&rsquo;utilisation plus simplifi\u00e9 des pronoms r\u00e9fl\u00e9chis en n\u00e9erlandais.<\/p>\n<p>Il est important de noter aussi que la m\u00eame mani\u00e8re que l&rsquo;espagnol, le n\u00e9erlandais dispose de plusieurs dialects. Le plus connu est le hollandais, qui se parle dans les provinces d&rsquo;Hollande Septentrionale et M\u00e9ridionale.<\/p>\n<p>Ce sont des caract\u00e9ristiques \u00e0 toujours prendre en compte lors d&rsquo;une traduction du n\u00e9erlandais vers l&rsquo;espagnol, et inversement.<\/p>\n<h3 style=\"text-align: center;\"><strong>Le march\u00e9 de la traduction en n\u00e9erlandais<\/strong><\/h3>\n<p>Bien que les caract\u00e9ristique font du n\u00e9erlandais une langue fondamentale, son sort change lorsqu&rsquo;il s&rsquo;agit du march\u00e9 de la traduction.<\/p>\n<p>Dans le domaine de la <a href=\"https:\/\/translinguoglobal.com\/fr\/service-de-traduction-assermentee\/\">traduction asserment\u00e9e<\/a>, le Minist\u00e8re des Affaires \u00c9trang\u00e8re espagnol dispose seulement d&rsquo;un traducteur agr\u00e9\u00e9 en n\u00e9erlandais. Ce panorama attire l&rsquo;attention, si nous r\u00e9fl\u00e9chissons au nombre de n\u00e9erlandais qui habitent dans notre pays.<\/p>\n<p>Dans le cas du march\u00e9 de traduction \u00e9ditorial espagnol, les chiffres ne sont pas encourageants. En effet, en 2009 seulement un total de 56 livres ont \u00e9t\u00e9 traduit du n\u00e9erlandais vers l&rsquo;espagnol.<\/p>\n<p>Cette situation est peut-\u00eatre d\u00fb \u00e0 la pr\u00e9dominance de langues comme l&rsquo;anglais ou le fran\u00e7ais, qui rencontrent un meilleur succ\u00e8s sur notre march\u00e9.<\/p>\n<p>Cependant, on peut trouver des <strong>traduction en n\u00e9erlandais<\/strong> d&rsquo;\u0153uvre telles que celles de San Juan de la Cruz ou P\u00e9rez Gald\u00f3s.<\/p>\n<p>On peut donc conclure que le lien entre les langues ne garantit pas le succ\u00e8s de la <strong>traduction en n\u00e9erlandais. <\/strong> Cependant, cette perspective ne doit pas jouer au d\u00e9triment du n\u00e9erlandais, ni de son essor potentiel sur le march\u00e9 de la traductologie. Au contraire, il faut mettre en avant l&rsquo;id\u00e9e du travail acharn\u00e9 de croissance que r\u00e9alise la <strong>traduction du n\u00e9erlandais<\/strong>.<\/p>\n<p><span style=\"font-weight: 400;\">Notre travail est de veiller \u00e0 votre satisfaction, car nous, <a href=\"https:\/\/translinguoglobal.com\/fr\/\">Translinguo<\/a>, voulons le meilleur pour vous ! N\u2019h\u00e9sitez pas \u00e0 nous contacter, vous serez re\u00e7u comme il se doit, nous vous accompagnerons tout au long du processus du traduction que vous choisirez. <\/span><\/p>\n<p><span style=\"font-weight: 400;\">Nous vous garantissons le professionnalisme de nos traducteurs et relecteurs. Traducteurs natifs et sp\u00e9cialis\u00e9s. Nous disposons d\u2019un \u00e9quipe de traducteurs r\u00e9partis dans le monde entier, ce qui nous permet d\u2019offrir des services de <a href=\"https:\/\/fr.wikipedia.org\/wiki\/Traduction\" target=\"_blank\" rel=\"noopener\">traduction<\/a> \u00e0 toute heure de la journ\u00e9e. Nous pouvons dire alors que nous travaillons 24 heures sur 24.<\/span><\/p>\n<p>Consultez nos profils sur <a title=\"Translinguo Global\" href=\"https:\/\/www.facebook.com\/translinguoglobal\" target=\"_blank\" rel=\"noopener\">Facebook<\/a>, <a title=\"Translinguo Global\" href=\"https:\/\/www.instagram.com\/translinguoglobal\/\" target=\"_blank\" rel=\"noopener\">Instagram<\/a> y <a title=\"Trasnslinguo Global\" href=\"https:\/\/es.linkedin.com\/company\/agencia-de-traduccion-translinguo-global\" target=\"_blank\" rel=\"noopener\">Linkedin<\/a><\/p>\n","protected":false},"excerpt":{"rendered":"<p>Entreprise de traduction en n\u00e9erlandais L&rsquo;importance du n\u00e9erlandais et quelques caract\u00e9ristiques. Entreprise de traduction en n\u00e9erlandais. Le n\u00e9erlandais est, avec d&rsquo;autres langues comle l&rsquo;allemand, l&rsquo;anglais ou le su\u00e9dois, une des 14 langues germaniques. Apr\u00e8s l&rsquo;anglais et l&rsquo;allemand, le n\u00e9erlandais est la troisi\u00e8me langues germanique plus parl\u00e9es avec 38 millions de locuteurs. C&rsquo;est aussi la langue [&hellip;]<\/p>\n","protected":false},"author":3,"featured_media":44399,"parent":0,"menu_order":0,"comment_status":"closed","ping_status":"closed","template":"","meta":{"_crdt_document":"","inline_featured_image":false,"site-sidebar-layout":"no-sidebar","site-content-layout":"page-builder","ast-site-content-layout":"full-width-container","site-content-style":"default","site-sidebar-style":"default","ast-global-header-display":"","ast-banner-title-visibility":"","ast-main-header-display":"","ast-hfb-above-header-display":"","ast-hfb-below-header-display":"","ast-hfb-mobile-header-display":"","site-post-title":"disabled","ast-breadcrumbs-content":"","ast-featured-img":"disabled","footer-sml-layout":"","ast-disable-related-posts":"","theme-transparent-header-meta":"default","adv-header-id-meta":"","stick-header-meta":"","header-above-stick-meta":"","header-main-stick-meta":"","header-below-stick-meta":"","astra-migrate-meta-layouts":"set","ast-page-background-enabled":"default","ast-page-background-meta":{"desktop":{"background-color":"var(--ast-global-color-4)","background-image":"","background-repeat":"repeat","background-position":"center center","background-size":"auto","background-attachment":"scroll","background-type":"","background-media":"","overlay-type":"","overlay-color":"","overlay-opacity":"","overlay-gradient":""},"tablet":{"background-color":"","background-image":"","background-repeat":"repeat","background-position":"center center","background-size":"auto","background-attachment":"scroll","background-type":"","background-media":"","overlay-type":"","overlay-color":"","overlay-opacity":"","overlay-gradient":""},"mobile":{"background-color":"","background-image":"","background-repeat":"repeat","background-position":"center center","background-size":"auto","background-attachment":"scroll","background-type":"","background-media":"","overlay-type":"","overlay-color":"","overlay-opacity":"","overlay-gradient":""}},"ast-content-background-meta":{"desktop":{"background-color":"var(--ast-global-color-5)","background-image":"","background-repeat":"repeat","background-position":"center center","background-size":"auto","background-attachment":"scroll","background-type":"","background-media":"","overlay-type":"","overlay-color":"","overlay-opacity":"","overlay-gradient":""},"tablet":{"background-color":"var(--ast-global-color-5)","background-image":"","background-repeat":"repeat","background-position":"center center","background-size":"auto","background-attachment":"scroll","background-type":"","background-media":"","overlay-type":"","overlay-color":"","overlay-opacity":"","overlay-gradient":""},"mobile":{"background-color":"var(--ast-global-color-5)","background-image":"","background-repeat":"repeat","background-position":"center center","background-size":"auto","background-attachment":"scroll","background-type":"","background-media":"","overlay-type":"","overlay-color":"","overlay-opacity":"","overlay-gradient":""}},"footnotes":""},"class_list":["post-45163","page","type-page","status-publish","has-post-thumbnail","hentry"],"_links":{"self":[{"href":"https:\/\/translinguoglobal.com\/fr\/wp-json\/wp\/v2\/pages\/45163","targetHints":{"allow":["GET"]}}],"collection":[{"href":"https:\/\/translinguoglobal.com\/fr\/wp-json\/wp\/v2\/pages"}],"about":[{"href":"https:\/\/translinguoglobal.com\/fr\/wp-json\/wp\/v2\/types\/page"}],"author":[{"embeddable":true,"href":"https:\/\/translinguoglobal.com\/fr\/wp-json\/wp\/v2\/users\/3"}],"replies":[{"embeddable":true,"href":"https:\/\/translinguoglobal.com\/fr\/wp-json\/wp\/v2\/comments?post=45163"}],"version-history":[{"count":4,"href":"https:\/\/translinguoglobal.com\/fr\/wp-json\/wp\/v2\/pages\/45163\/revisions"}],"predecessor-version":[{"id":68907,"href":"https:\/\/translinguoglobal.com\/fr\/wp-json\/wp\/v2\/pages\/45163\/revisions\/68907"}],"wp:featuredmedia":[{"embeddable":true,"href":"https:\/\/translinguoglobal.com\/fr\/wp-json\/wp\/v2\/media\/44399"}],"wp:attachment":[{"href":"https:\/\/translinguoglobal.com\/fr\/wp-json\/wp\/v2\/media?parent=45163"}],"curies":[{"name":"wp","href":"https:\/\/api.w.org\/{rel}","templated":true}]}}