{"id":45162,"date":"2022-06-22T20:27:36","date_gmt":"2022-06-22T20:27:36","guid":{"rendered":"https:\/\/translinguoglobal.com\/traduction-du-turc\/"},"modified":"2024-07-12T13:02:57","modified_gmt":"2024-07-12T11:02:57","slug":"traduction-du-turc","status":"publish","type":"page","link":"https:\/\/translinguoglobal.com\/fr\/traduction-du-turc\/","title":{"rendered":"Traduction du turc"},"content":{"rendered":"<h2 style=\"text-align: center;\">Traduction du turc<\/h2>\n<h2 style=\"text-align: center;\"><strong>Traits et importance du turc.<\/strong><\/h2>\n<p>Traduction du <a href=\"https:\/\/fr.wikipedia.org\/wiki\/Turc\" target=\"_blank\" rel=\"noopener\">turc<\/a>. L&rsquo;alphabet turc est le m\u00eame que l&rsquo;espagnol, \u00e0 quelques points pr\u00e8s. Par exemple, dans l&rsquo;alphabet turc vous ne trouverez pas les lettres Q, W et X. De plus, on peut ajouter une c\u00e9dille aux lettres C et S, comme en <a href=\"https:\/\/translinguoglobal.com\/fr\/societe-de-traduction-francaise\/\">fran\u00e7ais<\/a>.<\/p>\n<p>Un des traits qui ressort de la langue de turquie est l&rsquo;harmonie de la langue. Elle est possible gr\u00e2ce \u00e0 la combinaison des diff\u00e9rentes consones et voyelles.<\/p>\n<p>Si nous continuons notre cheminement avec le turc, nous d\u00e9couvrons qu&rsquo;il est plus de nous, que ce que nous le pensions. Le m\u00eame ph\u00e9nom\u00e8ne existe avec les anglicismes, nous avons aussi emprunt\u00e9s quelques mots du turc.<\/p>\n<p>C&rsquo;est le cas du mot caf\u00e9 qui vient du mot turc <em>Kahve<\/em>, ou du mot Kiosque qui vient du mot <em>k\u00f6\u0161k<\/em>.<\/p>\n<p>D&rsquo;\u00eatre la 5\u00e8me langue la plus parl\u00e9e dans le monde, lui donne un haut niveau d&rsquo;importance. \u00c0 cette prestigieuse 5\u00e8me place, s&rsquo;ajoute l&rsquo;importance qu&rsquo;a le turc au niveau europ\u00e9en. Le contact \u00e9tabli par les autres langues europ\u00e9enne avec la Turquie, et peuvent \u00eatre en turc.<\/p>\n<p>C&rsquo;est \u00e0 ce moment l\u00e0 que la t<strong>raduction du turc<\/strong>\u00a0entre en jeu. Pouvoir garantir une communication dans la langue native du pays peut \u00eatre un avantage lors de n\u00e9gociation.<\/p>\n<h2 style=\"text-align: center;\"><strong>Le march\u00e9 de traduction du turc en Espagne.<\/strong><\/h2>\n<p>La relation entre l&rsquo;Espagne et la Turquie profite d&rsquo;un \u00e9quilibre dans des domaines comme le commerce ou la politique. Dans le domaine politique, l&rsquo;Espagne doit compter sur la possibilit\u00e9 de r\u00e9aliser la traduction.<\/p>\n<p>\u00c9tant donn\u00e9e le lien fort qui existe entre les deux pays, il est primordiale de disposer de base forte de <strong>traduction en turc. <\/strong> Les principaux secteurs couvert par la <strong>traduction du turc<\/strong>\u00a0vers l&rsquo;espagnol sont l&rsquo;importation et l&rsquo;exportation.<\/p>\n<p>Les relations entre les deux pays remontent \u00e0 1783, mais qu&rsquo;en 1954 que la premi\u00e8re traduction en turc fut publi\u00e9e. Le traducteur \u00e9tait <a href=\"https:\/\/fr.wikipedia.org\/wiki\/Halide_Edib_Ad%C4%B1var\" target=\"_blank\" rel=\"noopener\">Halide Adivar<\/a> qui se d\u00e9marque avec Solim\u00e1n Salom, ce dernier pour son anthologie po\u00e9tique.<\/p>\n<p>Actuellement, le march\u00e9 s&rsquo;\u00e9tend au secteur audiovisuel d\u00fb \u00e0 l\u2019essor des s\u00e9rie turc en Espagne. Des titres comme \u00ab\u00a0<em>Mujeres o Mi Hija<\/em>\u00a0\u00bb ont \u00e9t\u00e9 traduits et doubl\u00e9s en espagnol.<\/p>\n<p>Cependant, ce n&rsquo;est pas le seul ph\u00e9nom\u00e8ne \u00e0 avoir traverser les fronti\u00e8res et \u00e0 \u00eatre arriv\u00e9 en Espagne. C&rsquo;est le cas des fameux implants capillaires r\u00e9alis\u00e9s en Turquie qui est si populaire aupr\u00e8s du public.<\/p>\n<p>Enfin pour terminer, nous nous trouvons dans un monde en constante \u00e9volution et connect\u00e9. Ce qui fait que certains services, comme ceux mentionn\u00e9s plut\u00f4t, arrivent dans diff\u00e9rents pays. Pour pouvoir assurer le bon accueil de tous les services, il convient de r\u00e9aliser la traduction en turc.<\/p>\n<p>De cette mani\u00e8re, ils contribuent \u00e0 l&rsquo;\u00e9change tant commercial que culturel, qui nourrit les diff\u00e9rentes cultures du monde.<\/p>\n<p><span style=\"font-weight: 400;\">Chez<\/span> <a href=\"https:\/\/translinguoglobal.com\/fr\/\"><span style=\"font-weight: 400;\">Translinguo<\/span><\/a> <span style=\"font-weight: 400;\">nous vous proposons une large gamme de<\/span> <b>service de traduction<\/b> <span style=\"font-weight: 400;\">selon vos besoin, c&rsquo;est une ressource indispensable pour une communication efficace dans le monde actuel. Notre agence dispose d&rsquo;une \u00e9quipe de traducteurs hautement qualifi\u00e9s qui poss\u00e8dent les comp\u00e9tences de recherche et d\u2019analyse n\u00e9cessaires \u00e0 une bonne traduction Ainsi, si vous cherchez une <\/span><b>entreprise de <a href=\"https:\/\/fr.wikipedia.org\/wiki\/Traduction\" target=\"_blank\" rel=\"noopener\">traduction<\/a><\/b>, <span style=\"font-weight: 400;\">vous \u00eates au bon endroit, au bon moment<\/span><\/p>\n<p><span style=\"font-weight: 400;\">Notre travail est de veiller \u00e0 votre satisfaction, car nous, Translinguo, voulons le meilleur pour vous ! N\u2019h\u00e9sitez pas \u00e0 nous contacter, vous serez re\u00e7u comme il se doit, nous vous accompagnerons tout au long du processus du traduction que vous choisirez. <\/span><\/p>\n<p><span style=\"font-weight: 400;\">Nous vous garantissons le professionnalisme de nos traducteurs et relecteurs. Traducteurs natifs et sp\u00e9cialis\u00e9s. Nous disposons des traducteurs aux quatre coins du monde, ce qui nous permet de proposer un service de traduction sp\u00e9cialis\u00e9e \u00e0 n\u2019importe quelle heure de la journ\u00e9e. Nous pouvons dire alors que nous travaillons 24 heures sur 24.<\/span><\/p>\n<p><span style=\"font-weight: 400;\">Les d\u00e9lais convenus ainsi que la confidentialit\u00e9 sont fondamentaux pour nous. Par cons\u00e9quence, nous respectons les r\u00e8gles RGPD en toutes circonstances, et nous faisons tout ce qui est en notre pouvoir pour r\u00e9aliser ce que nous promettons.<\/span><\/p>\n<p>Consultez nos profils sur <a title=\"Translinguo Global\" href=\"https:\/\/www.facebook.com\/translinguoglobal\" target=\"_blank\" rel=\"noopener\">Facebook<\/a>, <a title=\"Translinguo Global\" href=\"https:\/\/www.instagram.com\/translinguoglobal\/\" target=\"_blank\" rel=\"noopener\">Instagram<\/a> y <a title=\"Trasnslinguo Global\" href=\"https:\/\/es.linkedin.com\/company\/agencia-de-traduccion-translinguo-global\" target=\"_blank\" rel=\"noopener\">Linkedin<\/a><\/p>\n","protected":false},"excerpt":{"rendered":"<p>Traduction du turc Traits et importance du turc. Traduction du turc. L&rsquo;alphabet turc est le m\u00eame que l&rsquo;espagnol, \u00e0 quelques points pr\u00e8s. Par exemple, dans l&rsquo;alphabet turc vous ne trouverez pas les lettres Q, W et X. De plus, on peut ajouter une c\u00e9dille aux lettres C et S, comme en fran\u00e7ais. Un des traits [&hellip;]<\/p>\n","protected":false},"author":3,"featured_media":41882,"parent":0,"menu_order":0,"comment_status":"closed","ping_status":"closed","template":"","meta":{"_crdt_document":"","inline_featured_image":false,"site-sidebar-layout":"no-sidebar","site-content-layout":"page-builder","ast-site-content-layout":"full-width-container","site-content-style":"default","site-sidebar-style":"default","ast-global-header-display":"","ast-banner-title-visibility":"","ast-main-header-display":"","ast-hfb-above-header-display":"","ast-hfb-below-header-display":"","ast-hfb-mobile-header-display":"","site-post-title":"disabled","ast-breadcrumbs-content":"","ast-featured-img":"disabled","footer-sml-layout":"","ast-disable-related-posts":"","theme-transparent-header-meta":"default","adv-header-id-meta":"","stick-header-meta":"","header-above-stick-meta":"","header-main-stick-meta":"","header-below-stick-meta":"","astra-migrate-meta-layouts":"set","ast-page-background-enabled":"default","ast-page-background-meta":{"desktop":{"background-color":"var(--ast-global-color-4)","background-image":"","background-repeat":"repeat","background-position":"center center","background-size":"auto","background-attachment":"scroll","background-type":"","background-media":"","overlay-type":"","overlay-color":"","overlay-opacity":"","overlay-gradient":""},"tablet":{"background-color":"","background-image":"","background-repeat":"repeat","background-position":"center center","background-size":"auto","background-attachment":"scroll","background-type":"","background-media":"","overlay-type":"","overlay-color":"","overlay-opacity":"","overlay-gradient":""},"mobile":{"background-color":"","background-image":"","background-repeat":"repeat","background-position":"center center","background-size":"auto","background-attachment":"scroll","background-type":"","background-media":"","overlay-type":"","overlay-color":"","overlay-opacity":"","overlay-gradient":""}},"ast-content-background-meta":{"desktop":{"background-color":"var(--ast-global-color-5)","background-image":"","background-repeat":"repeat","background-position":"center center","background-size":"auto","background-attachment":"scroll","background-type":"","background-media":"","overlay-type":"","overlay-color":"","overlay-opacity":"","overlay-gradient":""},"tablet":{"background-color":"var(--ast-global-color-5)","background-image":"","background-repeat":"repeat","background-position":"center center","background-size":"auto","background-attachment":"scroll","background-type":"","background-media":"","overlay-type":"","overlay-color":"","overlay-opacity":"","overlay-gradient":""},"mobile":{"background-color":"var(--ast-global-color-5)","background-image":"","background-repeat":"repeat","background-position":"center center","background-size":"auto","background-attachment":"scroll","background-type":"","background-media":"","overlay-type":"","overlay-color":"","overlay-opacity":"","overlay-gradient":""}},"footnotes":""},"class_list":["post-45162","page","type-page","status-publish","has-post-thumbnail","hentry"],"_links":{"self":[{"href":"https:\/\/translinguoglobal.com\/fr\/wp-json\/wp\/v2\/pages\/45162","targetHints":{"allow":["GET"]}}],"collection":[{"href":"https:\/\/translinguoglobal.com\/fr\/wp-json\/wp\/v2\/pages"}],"about":[{"href":"https:\/\/translinguoglobal.com\/fr\/wp-json\/wp\/v2\/types\/page"}],"author":[{"embeddable":true,"href":"https:\/\/translinguoglobal.com\/fr\/wp-json\/wp\/v2\/users\/3"}],"replies":[{"embeddable":true,"href":"https:\/\/translinguoglobal.com\/fr\/wp-json\/wp\/v2\/comments?post=45162"}],"version-history":[{"count":3,"href":"https:\/\/translinguoglobal.com\/fr\/wp-json\/wp\/v2\/pages\/45162\/revisions"}],"predecessor-version":[{"id":69012,"href":"https:\/\/translinguoglobal.com\/fr\/wp-json\/wp\/v2\/pages\/45162\/revisions\/69012"}],"wp:featuredmedia":[{"embeddable":true,"href":"https:\/\/translinguoglobal.com\/fr\/wp-json\/wp\/v2\/media\/41882"}],"wp:attachment":[{"href":"https:\/\/translinguoglobal.com\/fr\/wp-json\/wp\/v2\/media?parent=45162"}],"curies":[{"name":"wp","href":"https:\/\/api.w.org\/{rel}","templated":true}]}}