{"id":45160,"date":"2022-06-22T20:27:06","date_gmt":"2022-06-22T20:27:06","guid":{"rendered":"https:\/\/translinguoglobal.com\/traducteur-professionnel\/"},"modified":"2026-03-11T11:33:35","modified_gmt":"2026-03-11T10:33:35","slug":"traducteur-professionnel","status":"publish","type":"page","link":"https:\/\/translinguoglobal.com\/fr\/traducteur-professionnel\/","title":{"rendered":"Traducteur professionnel"},"content":{"rendered":"<h2 style=\"text-align: center;\">Traducteur professionnel<\/h2>\n<p>Traducteur professionnel. Les traducteurs professionnels peuvent travailler tant comme <em>freelance<\/em>, que comme employ\u00e9 d&rsquo;entreprise. Une des caract\u00e9ristiques les plus importantes est la fluidit\u00e9 de la langue qu&rsquo;a besoin d&rsquo;avoir un <strong>traducteur professionnel.<\/strong>  <\/p>\n<h3 style=\"text-align: center;\"><strong>Les fonctions principales d&rsquo;un traducteur professionnel<\/strong><\/h3>\n<p>La fonction principale d&rsquo;un <strong>traducteur professionnel <\/strong> est de traduire d&rsquo;une langue \u00e0 une autre diff\u00e9rents types de textes. Que ce soit des textes peuvent \u00eatre des livres, documents l\u00e9gaux, manuels et enqu\u00eates, il faut toujours respecter les messages originaux. Non seulement, il est primordiale de transmettre le message original, mais il existe d&rsquo;autres fonctions qu&rsquo;un traducteur professionnel doit r\u00e9aliser :  <\/p>\n<p>Analyser le public \u00e0 qui est destin\u00e9 la traduction. Ce n&rsquo;est pas la m\u00eame chose de traduire un texte pour le grand public que pour des connaisseurs ou des sp\u00e9cialistes. Le langage et le vocabulaire utilis\u00e9s ne seront pas les m\u00eames. Nous ne pouvons utiliser des termes techniques avec le grand public, car cela emp\u00eacherait la bonne compr\u00e9hension.   <\/p>\n<ul>\n<li>Adapter la traduction : dans beaucoup de cas, il est n\u00e9cessaire d&rsquo;adapter les traductions selon la langue et la culture vers laquelle elles sont dirig\u00e9es.<\/li>\n<li>Faire des recherches avant la traduction : c&rsquo;est la partie de documentation, de recherches d&rsquo;informations n\u00e9cessaire \u00e0 la traduction du texte.<\/li>\n<li>Cr\u00e9er un glossaire sp\u00e9cialis\u00e9 : il est important de r\u00e9aliser un glossaire avec des termes techniques pour que le travail soit efficace et rapide. De plus, cela permet de se familiariser avec la terminologie. <\/li>\n<li>R\u00e9viser et corriger les documents traduits pour qu&rsquo;il n&rsquo;y ait plus aucune erreur.<\/li>\n<li>Le <strong>traducteur professionnel<\/strong> est charg\u00e9 de diff\u00e9rentes fonctions pour que son travail soit fructueux. De plus, les fonctions mentionn\u00e9es dessus doivent \u00eatre r\u00e9alis\u00e9es tout en prenant en compte les d\u00e9lais de livraison. <\/li>\n<\/ul>\n<h3 style=\"text-align: center;\"><strong>La traduction professionnelle vs. la traduction automatique<\/strong><\/h3>\n<p>Les outils de traductions automatiques sont diff\u00e9rents des dictionnaires <em>en ligne<\/em> car ils traduisent des phrases compl\u00e8tes. Dans ce cas, il faut se demander pourquoi les traducteurs automatiques n&rsquo;ont pas remplacer les traducteurs. La diff\u00e9rence est que tous ces outils de traductions automatiques utilisent la technologie et le logiciel pour traduire un texte. Cependant, tous ces outils de traduction automatique ne prennent pas en compte le facteur humain.   <\/p>\n<p>La traduction professionnelle, \u00e9tant r\u00e9alis\u00e9e par une personne, prend en compte des facteurs que le traducteur automatique ne prend pas. Ces facteurs vont du registre, le style, l&rsquo;adaptation jusqu&rsquo;\u00e0 la qualit\u00e9 des traductions. Un exemple clair est la diff\u00e9rence qui existe entre le language de l&rsquo;espagnol d&rsquo;Espagne avec l&rsquo;espagnol d&rsquo;<a href=\"https:\/\/www.rae.es\/dpd\/Latinoam%C3%A9rica\" target=\"_blank\" rel=\"noopener\">Am\u00e9rique Latine<\/a>. <\/p>\n<p>Le <strong>traducteur professionnel<\/strong> sp\u00e9cialis\u00e9 ne peut pas couvrir tous les domaines, car c&rsquo;est humainement impossible. Le plus souvent, les traducteurs professionnels se sp\u00e9cialisent dans une branche dans deux langues. Chez <a href=\"https:\/\/translinguoglobal.com\/fr\/\"> Translinguo Global <\/a>nous croyons au professionnalisme de nos traducteurs sp\u00e9cialis\u00e9s, vous proposant une traduction de qualit\u00e9. De plus nous disposons de traducteurs natifs sp\u00e9cialis\u00e9s dans diff\u00e9rents domaines.   <\/p>\n<p><span style=\"font-weight: 400;\">Chez<\/span> <a href=\"https:\/\/translinguoglobal.com\/fr\/\"><span style=\"font-weight: 400;\">Translinguo<\/span><\/a>, <span style=\"font-weight: 400;\"> nous vous proposons un large \u00e9ventail de<\/span> <b>services de traduction <\/b> <span style=\"font-weight: 400;\">selon vos besoins. C\u2019est une ressource indispensable pour une communication efficace dans le monde actuel. Notre agence dispose d\u2019une \u00e9quipe de traducteurs hautement qualifi\u00e9s qui poss\u00e8dent les comp\u00e9tences de recherche et d\u2019analyse n\u00e9cessaires \u00e0 une bonne traduction. Ainsi, si vous cherchez une   <\/span><b>entreprise de traduction,<\/b> <span style=\"font-weight: 400;\">vous \u00eates au bon endroit, au bon moment. <\/span><\/p>\n<p><span style=\"font-weight: 400;\">Notre travail est de veiller \u00e0 votre satisfaction, car nous, Translinguo, voulons le meilleur pour vous ! N\u2019h\u00e9sitez pas \u00e0 nous contacter, vous serez re\u00e7u comme il se doit, nous vous accompagnerons tout au long du processus du traduction que vous choisirez ! <\/span><\/p>\n<p><span style=\"font-weight: 400;\">Nous garantissons le professionnalisme de nos traducteurs et relecteurs. Traducteurs natifs et sp\u00e9cialis\u00e9s.  Nous disposons de traducteurs aux quatre coins du monde, ce qui nous permet de proposer un service de traduction sp\u00e9cialis\u00e9 \u00e0 n\u2019importe quelle heure de la journ\u00e9e. Nous pouvons dire alors que nous travaillons 24 heures sur 24. <\/span><\/p>\n","protected":false},"excerpt":{"rendered":"<p>Traducteur professionnel Traducteur professionnel. Les traducteurs professionnels peuvent travailler tant comme freelance, que comme employ\u00e9 d&rsquo;entreprise. Une des caract\u00e9ristiques les plus importantes est la fluidit\u00e9 de la langue qu&rsquo;a besoin d&rsquo;avoir un traducteur professionnel. Les fonctions principales d&rsquo;un traducteur professionnel La fonction principale d&rsquo;un traducteur professionnel est de traduire d&rsquo;une langue \u00e0 une autre diff\u00e9rents [&hellip;]<\/p>\n","protected":false},"author":3,"featured_media":100022,"parent":0,"menu_order":0,"comment_status":"closed","ping_status":"closed","template":"","meta":{"_crdt_document":"","inline_featured_image":false,"site-sidebar-layout":"default","site-content-layout":"default","ast-site-content-layout":"default","site-content-style":"default","site-sidebar-style":"default","ast-global-header-display":"","ast-banner-title-visibility":"","ast-main-header-display":"","ast-hfb-above-header-display":"","ast-hfb-below-header-display":"","ast-hfb-mobile-header-display":"","site-post-title":"","ast-breadcrumbs-content":"","ast-featured-img":"","footer-sml-layout":"","ast-disable-related-posts":"","theme-transparent-header-meta":"default","adv-header-id-meta":"","stick-header-meta":"","header-above-stick-meta":"","header-main-stick-meta":"","header-below-stick-meta":"","astra-migrate-meta-layouts":"default","ast-page-background-enabled":"default","ast-page-background-meta":{"desktop":{"background-color":"var(--ast-global-color-4)","background-image":"","background-repeat":"repeat","background-position":"center center","background-size":"auto","background-attachment":"scroll","background-type":"","background-media":"","overlay-type":"","overlay-color":"","overlay-opacity":"","overlay-gradient":""},"tablet":{"background-color":"","background-image":"","background-repeat":"repeat","background-position":"center center","background-size":"auto","background-attachment":"scroll","background-type":"","background-media":"","overlay-type":"","overlay-color":"","overlay-opacity":"","overlay-gradient":""},"mobile":{"background-color":"","background-image":"","background-repeat":"repeat","background-position":"center center","background-size":"auto","background-attachment":"scroll","background-type":"","background-media":"","overlay-type":"","overlay-color":"","overlay-opacity":"","overlay-gradient":""}},"ast-content-background-meta":{"desktop":{"background-color":"var(--ast-global-color-5)","background-image":"","background-repeat":"repeat","background-position":"center center","background-size":"auto","background-attachment":"scroll","background-type":"","background-media":"","overlay-type":"","overlay-color":"","overlay-opacity":"","overlay-gradient":""},"tablet":{"background-color":"var(--ast-global-color-5)","background-image":"","background-repeat":"repeat","background-position":"center center","background-size":"auto","background-attachment":"scroll","background-type":"","background-media":"","overlay-type":"","overlay-color":"","overlay-opacity":"","overlay-gradient":""},"mobile":{"background-color":"var(--ast-global-color-5)","background-image":"","background-repeat":"repeat","background-position":"center center","background-size":"auto","background-attachment":"scroll","background-type":"","background-media":"","overlay-type":"","overlay-color":"","overlay-opacity":"","overlay-gradient":""}},"footnotes":""},"class_list":["post-45160","page","type-page","status-publish","has-post-thumbnail","hentry"],"_links":{"self":[{"href":"https:\/\/translinguoglobal.com\/fr\/wp-json\/wp\/v2\/pages\/45160","targetHints":{"allow":["GET"]}}],"collection":[{"href":"https:\/\/translinguoglobal.com\/fr\/wp-json\/wp\/v2\/pages"}],"about":[{"href":"https:\/\/translinguoglobal.com\/fr\/wp-json\/wp\/v2\/types\/page"}],"author":[{"embeddable":true,"href":"https:\/\/translinguoglobal.com\/fr\/wp-json\/wp\/v2\/users\/3"}],"replies":[{"embeddable":true,"href":"https:\/\/translinguoglobal.com\/fr\/wp-json\/wp\/v2\/comments?post=45160"}],"version-history":[{"count":4,"href":"https:\/\/translinguoglobal.com\/fr\/wp-json\/wp\/v2\/pages\/45160\/revisions"}],"predecessor-version":[{"id":102168,"href":"https:\/\/translinguoglobal.com\/fr\/wp-json\/wp\/v2\/pages\/45160\/revisions\/102168"}],"wp:featuredmedia":[{"embeddable":true,"href":"https:\/\/translinguoglobal.com\/fr\/wp-json\/wp\/v2\/media\/100022"}],"wp:attachment":[{"href":"https:\/\/translinguoglobal.com\/fr\/wp-json\/wp\/v2\/media?parent=45160"}],"curies":[{"name":"wp","href":"https:\/\/api.w.org\/{rel}","templated":true}]}}