{"id":45158,"date":"2022-06-22T20:26:04","date_gmt":"2022-06-22T20:26:04","guid":{"rendered":"https:\/\/translinguoglobal.com\/entreprise-de-traduction-de-japonais\/"},"modified":"2024-07-11T16:01:30","modified_gmt":"2024-07-11T14:01:30","slug":"entreprise-de-traduction-de-japonais","status":"publish","type":"page","link":"https:\/\/translinguoglobal.com\/fr\/entreprise-de-traduction-de-japonais\/","title":{"rendered":"Entreprise de Traduction en japonais"},"content":{"rendered":"<h2 style=\"text-align: center;\">Entreprise de Traduction en japonais<\/h2>\n<h2 style=\"text-align: center;\"><strong>Connaissance du japonais<\/strong><\/h2>\n<p>Entreprise de Traduction en <a href=\"https:\/\/es.wikipedia.org\/wiki\/Idioma_japon%C3%A9s\" target=\"_blank\" rel=\"noopener\">japonais<\/a>. Le japonais n&rsquo;a rien \u00e0 voir avec le chinois, car il n&rsquo;appartiennent pas \u00e0 la m\u00eame famille linguistique. Elle est associ\u00e9 de la famille des langues alta\u00efques comme le turques, le mongol et le cor\u00e9en. En fait, elle n&rsquo;a aucune langue d&rsquo;origine directes. Elle est donc consid\u00e9r\u00e9e comme une des langues les plus uniques du monde. La langue japonaise est parl\u00e9 par environ 150 millions de personnes. Fun fact : le japonais est une des langues qui se parle le plus vite. C&rsquo;est aussi, celle qui poss\u00e8de le moins d&rsquo;information.<\/p>\n<p>Il est admit que la langue date des ann\u00e9es 40 000 av. J.C., elle s&rsquo;est transmise par voie orale, comme les autres langues, lorsque les peuples parlant japonais habitaient sur l&rsquo;archipel nippon. Cependant, \u00e0 partir du IVe si\u00e8cle J.C. ce sont des moines bouddhistes chinois qui d\u00e9velopp\u00e8rent l&rsquo;\u00e9criture japonaise.<\/p>\n<h2 style=\"text-align: center;\"><strong>Les probl\u00e8mes qui rendent difficiles la traduction en japonais.<\/strong><\/h2>\n<p>Le japonais pr\u00e9sente plusieurs difficult\u00e9s diff\u00e9rentes, ce qui fait d&rsquo;elle une langue complexe. D&rsquo;une part, le japonais n&rsquo;a pas d&rsquo;article. En fait, les japonais ne font pas la diff\u00e9rence entre \u00ab\u00a0un\u00a0\u00bb et \u00ab\u00a0des\u00a0\u00bb, par exemple. Et contrairement \u00e0 la majorit\u00e9 des langues, en japonais il faut apprendre plusieurs mots si vous voulez parler de mani\u00e8re formelle.<\/p>\n<p>La langue japonaise est une langue agglutinante (comme le hongrois). \u00c7a signifie qu&rsquo;il forme des phrase grammaticales en unissant diff\u00e9rents \u00e9l\u00e9ments en un seul mot, qui ne change pas. Contrairement \u00e0 l&rsquo;espagnol, le japonais n&rsquo;a pas d&rsquo;alphabet, mais est fait de deux syllabaires et des miliers d&rsquo;id\u00e9ogrammes (lettres chinoises). L&rsquo;\u00e9tude du japonnais requiert de la patience et de l&rsquo;investissement.<\/p>\n<h2 style=\"text-align: center;\"><strong>Les services de traduction offerts par les agences.<\/strong><\/h2>\n<p>Demandez un service de traduction en japonnais peut garantir la croissance de votre entreprise \u00e0 l&rsquo;\u00e9chelle internationale. Par exemple, plus de 200 000 touristes japonais visitent l&rsquo;<a href=\"\/?page_id=34869\">Espagne<\/a>. Les entreprises espagnoles du secteur touristique connaissent un grand succ\u00e8s. Cela dit, traduire le contenu de ton entreprise peut vous \u00eatre b\u00e9n\u00e9fique.<\/p>\n<p>Au moment de traduire, nous voulons obtenir un texte fluide et coh\u00e9rent, qui soit efficace et pr\u00e9cis. Ainsi, le message sera transmis de mani\u00e8re convaincante aux clients. Mais pour cela, il faut compter sur quelqu&rsquo;un qui connaissent la langue et la culture. C&rsquo;est pourquoi, pour traduire en japonais il est n\u00e9cessaire de faire appel \u00e0 des traducteurs natifs et professionnels sp\u00e9cialis\u00e9s dans cette langue. L&rsquo;objectif de la traduction est de transmettre l&rsquo;essence du message, tout en prenant en compte la culture de la langue.<\/p>\n<p>Nous pouvons traduire tous types de texte vers le japonais, m\u00eame des sous-titre de vid\u00e9o. Les services souvent offerts par les agences de traduction sont : traduction de site internet, applications, brochures, catalogues, annonces, et autres.<\/p>\n<p><span style=\"font-weight: 400;\">Chez<\/span> <a href=\"https:\/\/translinguoglobal.com\/\"><span style=\"font-weight: 400;\">Translinguo<\/span><\/a>, <span style=\"font-weight: 400;\">nous vous proposons un large \u00e9ventail de<\/span> <b>services de traduction<\/b> <span style=\"font-weight: 400;\">selon vos besoin, c&rsquo;est un outils indispensable pour une communication efficace dans le monde actuel. Dans notre agence, nous disposons d&rsquo;une \u00e9quipe de traducteurs tr\u00e8s comp\u00e9tents avec des comp\u00e9tences de recherche et d&rsquo;analyse n\u00e9cessaire pour une bonne traduction. Alors si vous cherchez <\/span><b>une entreprise de <a href=\"https:\/\/es.wikipedia.org\/wiki\/Traducci%C3%B3n\" target=\"_blank\" rel=\"noopener\">traduction<\/a><\/b>, <span style=\"font-weight: 400;\">vous \u00eates au bon endroit au bon moment.<\/span><\/p>\n<p><span style=\"font-weight: 400;\">Notre travail est de veiller \u00e0 votre satisfaction, car chez Translinguo nous voulons le meilleur pour vous ! N&rsquo;h\u00e9sitez pas nous contactez et recevez l&rsquo;attention que vous m\u00e9rit\u00e9, nous vous accompagnons tout au long du processus du service de traduction que vous choisissez. <\/span><\/p>\n<p><span style=\"font-weight: 400;\">Nous vous assurons le professionnalisme de nos traducteurs et relecteurs. Des traducteurs natifs et sp\u00e9cialis\u00e9s. Nous disposons de traducteurs \u00e0 travers le monde, ce qui nous permet de proposer un service de traduction sp\u00e9cialis\u00e9 sur n&rsquo;importe quel fuseau horraire. Nous pouvons donc dire que travaillons 24 heures sur 24, 7 jours sur 7.<\/span><\/p>\n","protected":false},"excerpt":{"rendered":"<p>Entreprise de Traduction en japonais Connaissance du japonais Entreprise de Traduction en japonais. Le japonais n&rsquo;a rien \u00e0 voir avec le chinois, car il n&rsquo;appartiennent pas \u00e0 la m\u00eame famille linguistique. Elle est associ\u00e9 de la famille des langues alta\u00efques comme le turques, le mongol et le cor\u00e9en. En fait, elle n&rsquo;a aucune langue d&rsquo;origine [&hellip;]<\/p>\n","protected":false},"author":3,"featured_media":41794,"parent":0,"menu_order":0,"comment_status":"closed","ping_status":"closed","template":"","meta":{"_crdt_document":"","inline_featured_image":false,"site-sidebar-layout":"no-sidebar","site-content-layout":"page-builder","ast-site-content-layout":"full-width-container","site-content-style":"default","site-sidebar-style":"default","ast-global-header-display":"","ast-banner-title-visibility":"","ast-main-header-display":"","ast-hfb-above-header-display":"","ast-hfb-below-header-display":"","ast-hfb-mobile-header-display":"","site-post-title":"disabled","ast-breadcrumbs-content":"","ast-featured-img":"disabled","footer-sml-layout":"","ast-disable-related-posts":"","theme-transparent-header-meta":"default","adv-header-id-meta":"","stick-header-meta":"","header-above-stick-meta":"","header-main-stick-meta":"","header-below-stick-meta":"","astra-migrate-meta-layouts":"set","ast-page-background-enabled":"default","ast-page-background-meta":{"desktop":{"background-color":"var(--ast-global-color-4)","background-image":"","background-repeat":"repeat","background-position":"center center","background-size":"auto","background-attachment":"scroll","background-type":"","background-media":"","overlay-type":"","overlay-color":"","overlay-opacity":"","overlay-gradient":""},"tablet":{"background-color":"","background-image":"","background-repeat":"repeat","background-position":"center center","background-size":"auto","background-attachment":"scroll","background-type":"","background-media":"","overlay-type":"","overlay-color":"","overlay-opacity":"","overlay-gradient":""},"mobile":{"background-color":"","background-image":"","background-repeat":"repeat","background-position":"center center","background-size":"auto","background-attachment":"scroll","background-type":"","background-media":"","overlay-type":"","overlay-color":"","overlay-opacity":"","overlay-gradient":""}},"ast-content-background-meta":{"desktop":{"background-color":"var(--ast-global-color-5)","background-image":"","background-repeat":"repeat","background-position":"center center","background-size":"auto","background-attachment":"scroll","background-type":"","background-media":"","overlay-type":"","overlay-color":"","overlay-opacity":"","overlay-gradient":""},"tablet":{"background-color":"var(--ast-global-color-5)","background-image":"","background-repeat":"repeat","background-position":"center center","background-size":"auto","background-attachment":"scroll","background-type":"","background-media":"","overlay-type":"","overlay-color":"","overlay-opacity":"","overlay-gradient":""},"mobile":{"background-color":"var(--ast-global-color-5)","background-image":"","background-repeat":"repeat","background-position":"center center","background-size":"auto","background-attachment":"scroll","background-type":"","background-media":"","overlay-type":"","overlay-color":"","overlay-opacity":"","overlay-gradient":""}},"footnotes":""},"class_list":["post-45158","page","type-page","status-publish","has-post-thumbnail","hentry"],"_links":{"self":[{"href":"https:\/\/translinguoglobal.com\/fr\/wp-json\/wp\/v2\/pages\/45158","targetHints":{"allow":["GET"]}}],"collection":[{"href":"https:\/\/translinguoglobal.com\/fr\/wp-json\/wp\/v2\/pages"}],"about":[{"href":"https:\/\/translinguoglobal.com\/fr\/wp-json\/wp\/v2\/types\/page"}],"author":[{"embeddable":true,"href":"https:\/\/translinguoglobal.com\/fr\/wp-json\/wp\/v2\/users\/3"}],"replies":[{"embeddable":true,"href":"https:\/\/translinguoglobal.com\/fr\/wp-json\/wp\/v2\/comments?post=45158"}],"version-history":[{"count":1,"href":"https:\/\/translinguoglobal.com\/fr\/wp-json\/wp\/v2\/pages\/45158\/revisions"}],"predecessor-version":[{"id":67575,"href":"https:\/\/translinguoglobal.com\/fr\/wp-json\/wp\/v2\/pages\/45158\/revisions\/67575"}],"wp:featuredmedia":[{"embeddable":true,"href":"https:\/\/translinguoglobal.com\/fr\/wp-json\/wp\/v2\/media\/41794"}],"wp:attachment":[{"href":"https:\/\/translinguoglobal.com\/fr\/wp-json\/wp\/v2\/media?parent=45158"}],"curies":[{"name":"wp","href":"https:\/\/api.w.org\/{rel}","templated":true}]}}