{"id":45156,"date":"2022-06-22T20:25:49","date_gmt":"2022-06-22T20:25:49","guid":{"rendered":"https:\/\/translinguoglobal.com\/tarif-dune-traduction\/"},"modified":"2025-02-04T09:16:33","modified_gmt":"2025-02-04T08:16:33","slug":"tarif-dune-traduction","status":"publish","type":"page","link":"https:\/\/translinguoglobal.com\/fr\/tarif-dune-traduction\/","title":{"rendered":"Tarifs pour une traduction"},"content":{"rendered":"\t\t<div data-elementor-type=\"wp-page\" data-elementor-id=\"45156\" class=\"elementor elementor-45156 elementor-34043\" data-elementor-post-type=\"page\">\n\t\t\t\t\t\t<section data-particle_enable=\"false\" data-particle-mobile-disabled=\"false\" class=\"elementor-section elementor-top-section elementor-element elementor-element-1454fd65 elementor-section-boxed elementor-section-height-default elementor-section-height-default\" data-id=\"1454fd65\" data-element_type=\"section\" data-e-type=\"section\">\n\t\t\t\t\t\t<div class=\"elementor-container elementor-column-gap-default\">\n\t\t\t\t\t<div class=\"elementor-column elementor-col-100 elementor-top-column elementor-element elementor-element-762491db\" data-id=\"762491db\" data-element_type=\"column\" data-e-type=\"column\">\n\t\t\t<div class=\"elementor-widget-wrap elementor-element-populated\">\n\t\t\t\t\t\t<div class=\"elementor-element elementor-element-5cae6272 elementor-widget elementor-widget-text-editor\" data-id=\"5cae6272\" data-element_type=\"widget\" data-e-type=\"widget\" data-widget_type=\"text-editor.default\">\n\t\t\t\t\t\t\t\t\t<h2>Tarifs pour une traduction<\/h2>\n<p>Pour notre agence, il est primordial de mettre \u00e0 disposition des informations claires et transparentes pour chacun de nos services. Nous proposons des tarifs de traduction avantageux.<\/p>\n<p>Le syst\u00e8me de calcul que nous avons \u00e9tablis se base sur un tarif par mot original. Ce qui est habituel dans le secteur de la traduction. Dans notre cas, nos clients pr\u00e9f\u00e8rent disposer d&rsquo;un service continu et exclusif de traduction. Pour autant, nous pouvons \u00e9tudier la possibilit\u00e9 de signer un accord et un contrat de collaboration avec une mensualit\u00e9 fixe. C&rsquo;est l&rsquo;option la plus rentable et la plus avantageuse pour une entreprise qui n\u00e9cessite des traduction en grand volume.<\/p>\n<p>Pour plus d&rsquo;information \u00e0 propos de nos services, contrats de collaboration, contactez-nous \u00e0 l&rsquo;adresse<a href=\"mailto:info@translinguoglobal.com\"> info@translinguoglobal.com<\/a> ou appelez-nous au +34 656 35 27 41.<\/p>\n<p>Vous pouvez \u00e9galement consulter nos profils sur <a href=\"https:\/\/www.facebook.com\/translinguoglobal\" target=\"_blank\" rel=\"noopener noreferrer\"><u>Facebook<\/u><\/a>, <a href=\"https:\/\/www.instagram.com\/translinguoglobal\/\" target=\"_blank\" rel=\"noopener noreferrer\"><u>Instagram<\/u><\/a> y <a href=\"https:\/\/es.linkedin.com\/company\/agencia-de-traduccion-translinguo-global\" target=\"_blank\" rel=\"noopener noreferrer\"><u>Linkedin<\/u><\/a><br \/>Si vous \u00eates int\u00e9ress\u00e9 par l&rsquo;un de ces services, cliquez sur la combinaison qui vous int\u00e9resse.<\/p>\n\t\t\t\t\t\t\t\t<\/div>\n\t\t\t\t\t<\/div>\n\t\t<\/div>\n\t\t\t\t\t<\/div>\n\t\t<\/section>\n\t\t\t\t<section data-particle_enable=\"false\" data-particle-mobile-disabled=\"false\" class=\"elementor-section elementor-top-section elementor-element elementor-element-ecdcbc6 elementor-section-boxed elementor-section-height-default elementor-section-height-default\" data-id=\"ecdcbc6\" data-element_type=\"section\" data-e-type=\"section\">\n\t\t\t\t\t\t<div class=\"elementor-container elementor-column-gap-default\">\n\t\t\t\t\t<div class=\"elementor-column elementor-col-100 elementor-top-column elementor-element elementor-element-118cede\" data-id=\"118cede\" data-element_type=\"column\" data-e-type=\"column\">\n\t\t\t<div class=\"elementor-widget-wrap elementor-element-populated\">\n\t\t\t\t\t\t<div class=\"elementor-element elementor-element-6e3d03d elementor-tabs-view-horizontal elementor-widget elementor-widget-tabs\" data-id=\"6e3d03d\" data-element_type=\"widget\" data-e-type=\"widget\" data-widget_type=\"tabs.default\">\n\t\t\t\t\t\t\t<div class=\"elementor-tabs\">\n\t\t\t<div class=\"elementor-tabs-wrapper\" role=\"tablist\" >\n\t\t\t\t\t\t\t\t\t<div id=\"elementor-tab-title-1151\" class=\"elementor-tab-title elementor-tab-desktop-title\" aria-selected=\"true\" data-tab=\"1\" role=\"tab\" tabindex=\"0\" aria-controls=\"elementor-tab-content-1151\" aria-expanded=\"false\">De l\u2019espagnol vers d\u2019autres langues<\/div>\n\t\t\t\t\t\t\t\t\t<div id=\"elementor-tab-title-1152\" class=\"elementor-tab-title elementor-tab-desktop-title\" aria-selected=\"false\" data-tab=\"2\" role=\"tab\" tabindex=\"-1\" aria-controls=\"elementor-tab-content-1152\" aria-expanded=\"false\">D\u2019une langue \u00e9trang\u00e8re vers l\u2019espagnol<\/div>\n\t\t\t\t\t\t\t\t\t<div id=\"elementor-tab-title-1153\" class=\"elementor-tab-title elementor-tab-desktop-title\" aria-selected=\"false\" data-tab=\"3\" role=\"tab\" tabindex=\"-1\" aria-controls=\"elementor-tab-content-1153\" aria-expanded=\"false\">Combinaisons de langues<\/div>\n\t\t\t\t\t\t\t<\/div>\n\t\t\t<div class=\"elementor-tabs-content-wrapper\" role=\"tablist\" aria-orientation=\"vertical\">\n\t\t\t\t\t\t\t\t\t<div class=\"elementor-tab-title elementor-tab-mobile-title\" aria-selected=\"true\" data-tab=\"1\" role=\"tab\" tabindex=\"0\" aria-controls=\"elementor-tab-content-1151\" aria-expanded=\"false\">De l\u2019espagnol vers d\u2019autres langues<\/div>\n\t\t\t\t\t<div id=\"elementor-tab-content-1151\" class=\"elementor-tab-content elementor-clearfix\" data-tab=\"1\" role=\"tabpanel\" aria-labelledby=\"elementor-tab-title-1151\" tabindex=\"0\" hidden=\"false\"><p>Les tarifs indiqu\u00e9s sont \u00e0 titre indicatif. Tous les devis sont sujet \u00e0 \u00e9voluer selon la nature de la traduction. Ce sont les tarfis pour des textes avec une difficult\u00e9 et des conditions standards.<\/p>\n<table width=\"100%\">\n<thead>\n<tr>\n<th>Combinaison de langues<\/th>\n<th> Tarif de base par mot<\/th>\n<\/tr>\n<\/thead>\n<tbody>\n<tr>\n<td><a href=\"https:\/\/translinguoglobal.com\/traductor-de-ingles-espanol\/\">Traduction de l&rsquo;espagnol vers l&rsquo;anglais<\/a><\/td>\n<td style=\"text-align: center;\">0,05\u20ac<\/td>\n<\/tr>\n<tr>\n<td><a href=\"https:\/\/translinguoglobal.com\/traduccion-jurada-frances\/\">Traduction de l&rsquo;espagnol vers le fran\u00e7ais<\/a><\/td>\n<td style=\"text-align: center;\">0,06\u20ac<\/td>\n<\/tr>\n<tr>\n<td>Traduction de l&rsquo;espagnol vers le portugais<\/td>\n<td style=\"text-align: center;\">0,06\u20ac<\/td>\n<\/tr>\n<tr>\n<td>Traduction de l&rsquo;espagnol vers l&rsquo;italien<\/td>\n<td style=\"text-align: center;\">0,07\u20ac<\/td>\n<\/tr>\n<tr>\n<td>Traduction de l&rsquo;espagnol vers l&rsquo;allemand<\/td>\n<td style=\"text-align: center;\">0,07\u20ac<\/td>\n<\/tr>\n<tr>\n<td>Traduction de l&rsquo;espagnol vers le galicien<\/td>\n<td style=\"text-align: center;\">0,06\u20ac<\/td>\n<\/tr>\n<tr>\n<td>Traduction de l&rsquo;espagnol vers le chinois<\/td>\n<td style=\"text-align: center;\">0,12\u20ac<\/td>\n<\/tr>\n<tr>\n<td>Traduction de l&rsquo;espagnol vers le japonais<\/td>\n<td style=\"text-align: center;\">0,14\u20ac<\/td>\n<\/tr>\n<tr>\n<td>Traduction de l&rsquo;espagnol vers l&rsquo;arabe<\/td>\n<td style=\"text-align: center;\">0,10\u20ac<\/td>\n<\/tr>\n<tr>\n<td>Traduction de l&rsquo;espagnol vers le polonais<\/td>\n<td style=\"text-align: center;\">0,08\u20ac<\/td>\n<\/tr>\n<tr>\n<td>Traduction de l&rsquo;espagnol vers le russe<\/td>\n<td style=\"text-align: center;\">0,08\u20ac<\/td>\n<\/tr>\n<tr>\n<td>Traduction de l&rsquo;espagnol vers le su\u00e9dois<\/td>\n<td style=\"text-align: center;\">0,14\u20ac<\/td>\n<\/tr>\n<tr>\n<td>Traduction de l&rsquo;espagnol vers le danois<\/td>\n<td style=\"text-align: center;\">0,12\u20ac<\/td>\n<\/tr>\n<tr>\n<td>Traduction de l&rsquo;espagnol vers le norv\u00e9gien<\/td>\n<td style=\"text-align: center;\">0,12\u20ac<\/td>\n<\/tr>\n<tr>\n<td>Traduction de l&rsquo;espagnol vers le roumain<\/td>\n<td style=\"text-align: center;\">0,08\u20ac<\/td>\n<\/tr>\n<tr>\n<td>Traduction de l&rsquo;espagnol vers le n\u00e9erlandais \/ hollandais<\/td>\n<td style=\"text-align: center;\">0,12\u20ac<\/td>\n<\/tr>\n<tr>\n<td>Traduction de l&rsquo;espagnol vers le flamand<\/td>\n<td style=\"text-align: center;\">0,12\u20ac<\/td>\n<\/tr>\n<tr>\n<td>Traduction de l&rsquo;espagnol vers le catalan<\/td>\n<td style=\"text-align: center;\">0,07\u20ac<\/td>\n<\/tr>\n<tr>\n<td>Traduction de l&rsquo;espagnol vers le finnois<\/td>\n<td style=\"text-align: center;\">0,13\u20ac<\/td>\n<\/tr>\n<tr>\n<td> <\/td>\n<td style=\"text-align: center;\"><button><a style=\"color: #ffffff;\" href=\"https:\/\/translinguoglobal.com\/fr\/budget\/\">Demande de devis<\/a><\/button><\/td>\n<\/tr>\n<\/tbody>\n<\/table>\n<\/div>\n\t\t\t\t\t\t\t\t\t<div class=\"elementor-tab-title elementor-tab-mobile-title\" aria-selected=\"false\" data-tab=\"2\" role=\"tab\" tabindex=\"-1\" aria-controls=\"elementor-tab-content-1152\" aria-expanded=\"false\">D\u2019une langue \u00e9trang\u00e8re vers l\u2019espagnol<\/div>\n\t\t\t\t\t<div id=\"elementor-tab-content-1152\" class=\"elementor-tab-content elementor-clearfix\" data-tab=\"2\" role=\"tabpanel\" aria-labelledby=\"elementor-tab-title-1152\" tabindex=\"0\" hidden=\"hidden\"><p>Les tarifs indiqu\u00e9s sont \u00e0 titre indicatif. Tous les devis sont sujet \u00e0 \u00e9voluer selon la nature de la traduction. Ce sont les tarifs pour des textes avec une difficult\u00e9 et des conditions standards. <\/p>\n<table width=\"100%\">\n<thead>\n<tr>\n<th>Combinaison de langues<\/th>\n<th> Tarif de base par mot<\/th>\n<\/tr>\n<\/thead>\n<tbody>\n<tr>\n<td>Traduction de l&rsquo;anglais vers l&rsquo;espagnol<\/td>\n<td style=\"text-align: center;\">0,05\u20ac<\/td>\n<\/tr>\n<tr>\n<td>Traduction du fran\u00e7ais vers l&rsquo;espagnol<\/td>\n<td style=\"text-align: center;\">0,06\u20ac<\/td>\n<\/tr>\n<tr>\n<td>Traduction du catalan vers l&rsquo;espagnol<\/td>\n<td style=\"text-align: center;\">0,06\u20ac<\/td>\n<\/tr>\n<tr>\n<td>Traduction de l&rsquo;italien vers l&rsquo;espagnol<\/td>\n<td style=\"text-align: center;\">0,07\u20ac<\/td>\n<\/tr>\n<tr>\n<td>Traduction du galicien vers l&rsquo;espagnol<\/td>\n<td style=\"text-align: center;\">0,06\u20ac<\/td>\n<\/tr>\n<tr>\n<td>Traduction du portugais vers l&rsquo;espagnol<\/td>\n<td style=\"text-align: center;\">0,06\u20ac<\/td>\n<\/tr>\n<tr>\n<td>Traduction de l&rsquo;allemand vers l&rsquo;espagnol<\/td>\n<td style=\"text-align: center;\">0,08\u20ac<\/td>\n<\/tr>\n<tr>\n<td>Traduction de l&rsquo;arabe vers l&rsquo;espagnol<\/td>\n<td style=\"text-align: center;\">0,12\u20ac<\/td>\n<\/tr>\n<tr>\n<td>Traduction du polonais vers l&rsquo;espagnol<\/td>\n<td style=\"text-align: center;\">0,10\u20ac<\/td>\n<\/tr>\n<tr>\n<td>Traduction du russe vers l&rsquo;espagnol<\/td>\n<td style=\"text-align: center;\">0,10\u20ac<\/td>\n<\/tr>\n<tr>\n<td>Traduction du su\u00e9dois vers l&rsquo;espagnol<\/td>\n<td style=\"text-align: center;\">0,12\u20ac<\/td>\n<\/tr>\n<tr>\n<td>Traduction du danois vers l&rsquo;espagnol<\/td>\n<td style=\"text-align: center;\">0,12\u20ac<\/td>\n<\/tr>\n<tr>\n<td>Traduction du norv\u00e9gien vers l&rsquo;espagnol<\/td>\n<td style=\"text-align: center;\">0,15\u20ac<\/td>\n<\/tr>\n<tr>\n<td>Traduction du roumain vers l&rsquo;espagol<\/td>\n<td style=\"text-align: center;\">0,09\u20ac<\/td>\n<\/tr>\n<tr>\n<td>Traduction du n\u00e9erlandais \/ hollandais vers l&rsquo;espagol <\/td>\n<td style=\"text-align: center;\">0,12\u20ac<\/td>\n<\/tr>\n<tr>\n<td>Traduction de l&rsquo;espagnol vers le n\u00e9erlandais \/ hollandais<\/td>\n<td style=\"text-align: center;\">0,12\u20ac<\/td>\n<\/tr>\n<tr>\n<td>Traduction du flamand vers l&rsquo;espagol<\/td>\n<td style=\"text-align: center;\">0,12\u20ac<\/td>\n<\/tr>\n<tr>\n<td>Traduction du chinois vers l&rsquo;espagol<\/td>\n<td style=\"text-align: center;\">0,11\u20ac<\/td>\n<\/tr>\n<tr>\n<td>Traduction du japonais vers l&rsquo;espagol <\/td>\n<td style=\"text-align: center;\">0,16\u20ac<\/td>\n<\/tr>\n<tr>\n<td>Traduction du finnois vers l&rsquo;espagol<\/td>\n<td style=\"text-align: center;\">0,12\u20ac<\/td>\n<\/tr>\n<tr>\n<td><\/td>\n<td style=\"text-align: center;\"><button><a style=\"color: #ffffff;\" href=\"https:\/\/translinguoglobal.com\/fr\/budget\/\">Demande de devis<\/a><\/button><\/td>\n<\/tr>\n<\/tbody>\n<\/table>\n<\/div>\n\t\t\t\t\t\t\t\t\t<div class=\"elementor-tab-title elementor-tab-mobile-title\" aria-selected=\"false\" data-tab=\"3\" role=\"tab\" tabindex=\"-1\" aria-controls=\"elementor-tab-content-1153\" aria-expanded=\"false\">Combinaisons de langues<\/div>\n\t\t\t\t\t<div id=\"elementor-tab-content-1153\" class=\"elementor-tab-content elementor-clearfix\" data-tab=\"3\" role=\"tabpanel\" aria-labelledby=\"elementor-tab-title-1153\" tabindex=\"0\" hidden=\"hidden\"><p>Les tarifs indiqu\u00e9s sont \u00e0 titre indicatif. Tous les devis sont sujet \u00e0 \u00e9voluer selon la nature de la traduction. Ce sont les tarifs pour des textes avec une difficult\u00e9 et des conditions standards. <\/p>\n<table width=\"100%\">\n<thead>\n<tr>\n<th>Combinaison de langues<\/th>\n<th> Tarif de base par mot<\/th>\n<\/tr>\n<\/thead>\n<tbody>\n<tr>\n<td>Traduction de l&rsquo;anglais vers le fran\u00e7ais<\/td>\n<td style=\"text-align: center;\">0,07\u20ac<\/td>\n<\/tr>\n<tr>\n<td>Traduction de l&rsquo;anglais vers le portugais<\/td>\n<td style=\"text-align: center;\">0,06\u20ac<\/td>\n<\/tr>\n<tr>\n<td>Traduction du fran\u00e7ais vers le portugais<\/td>\n<td style=\"text-align: center;\">0,07\u20ac<\/td>\n<\/tr>\n<tr>\n<td>Traduction de l&rsquo;anglais vers l&rsquo;italien<\/td>\n<td style=\"text-align: center;\">0,07\u20ac<\/td>\n<\/tr>\n<tr>\n<td>Traduction de l&rsquo;anglais vers le chinois<\/td>\n<td style=\"text-align: center;\">0,13\u20ac<\/td>\n<\/tr>\n<tr>\n<td>Traduction de l&rsquo;anglais vers le japonais<\/td>\n<td style=\"text-align: center;\">0,14\u20ac<\/td>\n<\/tr>\n<tr>\n<td>Traduction de l&rsquo;anglais vers le polonais<\/td>\n<td style=\"text-align: center;\">0,08\u20ac<\/td>\n<\/tr>\n<tr>\n<td>Traduction de l&rsquo;anglais vers le russe<\/td>\n<td style=\"text-align: center;\">0,09\u20ac<\/td>\n<\/tr>\n<tr>\n<td>Traduction de l&rsquo;anglais vers le su\u00e9dois<\/td>\n<td style=\"text-align: center;\">0,14\u20ac<\/td>\n<\/tr>\n<tr>\n<td>Traduction de l&rsquo;anglais vers le danois<\/td>\n<td style=\"text-align: center;\">0,14\u20ac<\/td>\n<\/tr>\n<tr>\n<td>Traduction de l&rsquo;anglais vers le norv\u00e9gien<\/td>\n<td style=\"text-align: center;\">0,14\u20ac<\/td>\n<\/tr>\n<tr>\n<td>Traduction de l&rsquo;anglais vers le roumain<\/td>\n<td style=\"text-align: center;\">0,09\u20ac<\/td>\n<\/tr>\n<tr>\n<td>Traduction de l&rsquo;anglais vers le n\u00e9erlandais \/ hollandais<\/td>\n<td style=\"text-align: center;\">0,12\u20ac<\/td>\n<\/tr>\n<tr>\n<td>Traduction de l&rsquo;anglais vers le flamand<\/td>\n<td style=\"text-align: center;\">0,16\u20ac<\/td>\n<\/tr>\n<tr>\n<td>Traduction du polonais vers l&rsquo;anglais<\/td>\n<td style=\"text-align: center;\">0,13\u20ac<\/td>\n<\/tr>\n<tr>\n<td>Traduction du russe vers l&rsquo;anglais<\/td>\n<td style=\"text-align: center;\">0,14\u20ac<\/td>\n<\/tr>\n<tr>\n<td>Traduction du su\u00e9dois vers l&rsquo;anglais<\/td>\n<td style=\"text-align: center;\">0,15\u20ac<\/td>\n<\/tr>\n<tr>\n<td>Traduction du danois vers l&rsquo;anglais<\/td>\n<td style=\"text-align: center;\">0,15\u20ac<\/td>\n<\/tr>\n<tr>\n<td>Traduction du norv\u00e9gien vers l&rsquo;anglais<\/td>\n<td style=\"text-align: center;\">0,15\u20ac<\/td>\n<\/tr>\n<tr>\n<td><\/td>\n<td style=\"text-align: center;\"><button><a style=\"color: #ffffff;\" href=\"https:\/\/translinguoglobal.com\/fr\/budget\/\">Demande de devis<\/a><\/button><\/td>\n<\/tr>\n<\/tbody>\n<\/table>\n<\/div>\n\t\t\t\t\t\t\t<\/div>\n\t\t<\/div>\n\t\t\t\t\t\t<\/div>\n\t\t\t\t\t<\/div>\n\t\t<\/div>\n\t\t\t\t\t<\/div>\n\t\t<\/section>\n\t\t\t\t<\/div>\n\t\t","protected":false},"excerpt":{"rendered":"<p>Tarifs pour une traduction Pour notre agence, il est primordial de mettre \u00e0 disposition des informations claires et transparentes pour chacun de nos services. Nous proposons des tarifs de traduction avantageux. Le syst\u00e8me de calcul que nous avons \u00e9tablis se base sur un tarif par mot original. Ce qui est habituel dans le secteur de [&hellip;]<\/p>\n","protected":false},"author":3,"featured_media":44425,"parent":0,"menu_order":0,"comment_status":"closed","ping_status":"closed","template":"","meta":{"_crdt_document":"","inline_featured_image":false,"site-sidebar-layout":"default","site-content-layout":"default","ast-site-content-layout":"default","site-content-style":"default","site-sidebar-style":"default","ast-global-header-display":"","ast-banner-title-visibility":"","ast-main-header-display":"","ast-hfb-above-header-display":"","ast-hfb-below-header-display":"","ast-hfb-mobile-header-display":"","site-post-title":"","ast-breadcrumbs-content":"","ast-featured-img":"","footer-sml-layout":"","ast-disable-related-posts":"","theme-transparent-header-meta":"default","adv-header-id-meta":"","stick-header-meta":"","header-above-stick-meta":"","header-main-stick-meta":"","header-below-stick-meta":"","astra-migrate-meta-layouts":"default","ast-page-background-enabled":"default","ast-page-background-meta":{"desktop":{"background-color":"var(--ast-global-color-4)","background-image":"","background-repeat":"repeat","background-position":"center center","background-size":"auto","background-attachment":"scroll","background-type":"","background-media":"","overlay-type":"","overlay-color":"","overlay-opacity":"","overlay-gradient":""},"tablet":{"background-color":"","background-image":"","background-repeat":"repeat","background-position":"center center","background-size":"auto","background-attachment":"scroll","background-type":"","background-media":"","overlay-type":"","overlay-color":"","overlay-opacity":"","overlay-gradient":""},"mobile":{"background-color":"","background-image":"","background-repeat":"repeat","background-position":"center center","background-size":"auto","background-attachment":"scroll","background-type":"","background-media":"","overlay-type":"","overlay-color":"","overlay-opacity":"","overlay-gradient":""}},"ast-content-background-meta":{"desktop":{"background-color":"var(--ast-global-color-5)","background-image":"","background-repeat":"repeat","background-position":"center center","background-size":"auto","background-attachment":"scroll","background-type":"","background-media":"","overlay-type":"","overlay-color":"","overlay-opacity":"","overlay-gradient":""},"tablet":{"background-color":"var(--ast-global-color-5)","background-image":"","background-repeat":"repeat","background-position":"center center","background-size":"auto","background-attachment":"scroll","background-type":"","background-media":"","overlay-type":"","overlay-color":"","overlay-opacity":"","overlay-gradient":""},"mobile":{"background-color":"var(--ast-global-color-5)","background-image":"","background-repeat":"repeat","background-position":"center center","background-size":"auto","background-attachment":"scroll","background-type":"","background-media":"","overlay-type":"","overlay-color":"","overlay-opacity":"","overlay-gradient":""}},"footnotes":""},"class_list":["post-45156","page","type-page","status-publish","has-post-thumbnail","hentry"],"_links":{"self":[{"href":"https:\/\/translinguoglobal.com\/fr\/wp-json\/wp\/v2\/pages\/45156","targetHints":{"allow":["GET"]}}],"collection":[{"href":"https:\/\/translinguoglobal.com\/fr\/wp-json\/wp\/v2\/pages"}],"about":[{"href":"https:\/\/translinguoglobal.com\/fr\/wp-json\/wp\/v2\/types\/page"}],"author":[{"embeddable":true,"href":"https:\/\/translinguoglobal.com\/fr\/wp-json\/wp\/v2\/users\/3"}],"replies":[{"embeddable":true,"href":"https:\/\/translinguoglobal.com\/fr\/wp-json\/wp\/v2\/comments?post=45156"}],"version-history":[{"count":3,"href":"https:\/\/translinguoglobal.com\/fr\/wp-json\/wp\/v2\/pages\/45156\/revisions"}],"predecessor-version":[{"id":81162,"href":"https:\/\/translinguoglobal.com\/fr\/wp-json\/wp\/v2\/pages\/45156\/revisions\/81162"}],"wp:featuredmedia":[{"embeddable":true,"href":"https:\/\/translinguoglobal.com\/fr\/wp-json\/wp\/v2\/media\/44425"}],"wp:attachment":[{"href":"https:\/\/translinguoglobal.com\/fr\/wp-json\/wp\/v2\/media?parent=45156"}],"curies":[{"name":"wp","href":"https:\/\/api.w.org\/{rel}","templated":true}]}}