{"id":44697,"date":"2022-06-13T09:44:52","date_gmt":"2022-06-13T09:44:52","guid":{"rendered":"https:\/\/translinguoglobal.com\/remises\/"},"modified":"2025-01-16T09:36:49","modified_gmt":"2025-01-16T08:36:49","slug":"remises","status":"publish","type":"page","link":"https:\/\/translinguoglobal.com\/fr\/remises\/","title":{"rendered":"Remises"},"content":{"rendered":"<h2 style=\"text-align: center;\"><strong>Remises<\/strong><\/h2>\n<p>Remises. Nous sommes conscient qu&rsquo;un service de traduction professionnel peut \u00eatre couteux, c&rsquo;est pourquoi, chez <a href=\"https:\/\/translinguoglobal.com\/wp-admin\/post.php?post=35895&amp;action=edit&amp;lang=es\">Translinguo Global\u00ae<\/a> nous \u00e9tudions chaque propisition individuellement. Nous consid\u00e9rons l&rsquo;honn\u00eat\u00e9 et la transparence comme nos deux embl\u00e8mes.<\/p>\n<p>Ainsi, si votre projet complexe et dense, contactez-nous et nous en discuterons. Bien s\u00fbr, les remises sont calcul\u00e9es en fonction du d\u00e9lai, du volume et des caract\u00e9ristiques du projet. Contactez-nous et discutons !<\/p>\n<h2 style=\"text-align: center;\"><strong>Les conventions et accords particuliers<\/strong><\/h2>\n<p>Aujourd&rsquo;hui, beaucoups d&rsquo;entreprises ont besoin d&rsquo;un service de traduction ou de <a href=\"https:\/\/es.wikipedia.org\/wiki\/Mercadotecnia\" target=\"_blank\" rel=\"noopener\"><em>marketing<\/em><\/a> r\u00e9guliers. C&rsquo;est pourquoi, <strong>Translinguo Global\u00ae<\/strong> vous propose de signer une convention ou des remises sp\u00e9ciales pour les commandes r\u00e9guli\u00e8res.<\/p>\n<p><strong>Translinguo Global\u00ae <\/strong>propose \u00e0 ses clients habitu\u00e9s et \u00e0 ceux qui veulent le devenir des remises et la possibilit\u00e9 de signer une convention personnalis\u00e9e avec des tarifs remis\u00e9s et conditions sp\u00e9ciales selon vos besoins.<\/p>\n<p>Contactez-nous et expliquez-nous votre situation pour parvenir \u00e0 un accord qui soit avantageux pour tous.<\/p>\n<p><span style=\"font-weight: 400;\">Chez<\/span> <a href=\"https:\/\/translinguoglobal.com\/\"><span style=\"font-weight: 400;\">Translinguo<\/span><\/a>, <span style=\"font-weight: 400;\"> nous vous proposons un large \u00e9ventail de<\/span> <b>service de traduction <\/b> <span style=\"font-weight: 400;\">selon vos besoin. C\u2019est une ressource indispensable pour une communication efficace dans le monde actuel. Notre agence dispose d\u2019une \u00e9quipe de traducteurs hautement qualifi\u00e9s qui poss\u00e8dent les comp\u00e9tences de recherche et d\u2019analyse n\u00e9cessaires \u00e0 une bonne traduction. Ainsi, si vous cherchez une <\/span><b>entreprise de <a href=\"https:\/\/fr.wikipedia.org\/wiki\/Traduction\" target=\"_blank\" rel=\"noopener\">traduction<\/a><\/b><span style=\"font-weight: 400;\">, vous \u00eates au bon endroit, au bon moment. <\/span><\/p>\n<p><span style=\"font-weight: 400;\">Notre travail est de veiller \u00e0 votre satisfaction, car nous, Translinguo, voulons le meilleur pour vous ! N\u2019h\u00e9sitez pas \u00e0 nous contacter, vous serez re\u00e7u comme il se doit, nous vous accompagnerons tout au long du processus du traduction que vous choisirez ! <\/span><\/p>\n<p><span style=\"font-weight: 400;\">Nous vous garantissons le professionnalisme de nos traducteurs et relecteurs. Traducteurs natifs et sp\u00e9cialis\u00e9s.  Nous disposons des traducteurs aux quatre coins du monde, ce qui nous permet de proposer un service de traduction sp\u00e9cialis\u00e9e \u00e0 n\u2019importe quelle heure de la journ\u00e9e.<br \/>\nNous pouvons dire alors que nous travaillons 24 heures sur 24. <\/span><\/p>\n<p><span style=\"font-weight: 400;\">Pour nous, les d\u00e9lais convenus sont fondamentaux, tout comme la confidentialit\u00e9. Par cons\u00e9quent, nous respectons le GDPR \u00e0 tout moment, et nous mettons tous nos moyens \u00e0 votre disposition pour tenir nos promesses. <\/span><\/p>\n","protected":false},"excerpt":{"rendered":"<p>Remises Remises. Nous sommes conscient qu&rsquo;un service de traduction professionnel peut \u00eatre couteux, c&rsquo;est pourquoi, chez Translinguo Global\u00ae nous \u00e9tudions chaque propisition individuellement. Nous consid\u00e9rons l&rsquo;honn\u00eat\u00e9 et la transparence comme nos deux embl\u00e8mes. Ainsi, si votre projet complexe et dense, contactez-nous et nous en discuterons. Bien s\u00fbr, les remises sont calcul\u00e9es en fonction du d\u00e9lai, [&hellip;]<\/p>\n","protected":false},"author":3,"featured_media":44418,"parent":0,"menu_order":0,"comment_status":"closed","ping_status":"closed","template":"","meta":{"_crdt_document":"","inline_featured_image":false,"site-sidebar-layout":"default","site-content-layout":"default","ast-site-content-layout":"default","site-content-style":"default","site-sidebar-style":"default","ast-global-header-display":"","ast-banner-title-visibility":"","ast-main-header-display":"","ast-hfb-above-header-display":"","ast-hfb-below-header-display":"","ast-hfb-mobile-header-display":"","site-post-title":"","ast-breadcrumbs-content":"","ast-featured-img":"","footer-sml-layout":"","ast-disable-related-posts":"","theme-transparent-header-meta":"default","adv-header-id-meta":"","stick-header-meta":"","header-above-stick-meta":"","header-main-stick-meta":"","header-below-stick-meta":"","astra-migrate-meta-layouts":"default","ast-page-background-enabled":"default","ast-page-background-meta":{"desktop":{"background-color":"var(--ast-global-color-4)","background-image":"","background-repeat":"repeat","background-position":"center center","background-size":"auto","background-attachment":"scroll","background-type":"","background-media":"","overlay-type":"","overlay-color":"","overlay-opacity":"","overlay-gradient":""},"tablet":{"background-color":"","background-image":"","background-repeat":"repeat","background-position":"center center","background-size":"auto","background-attachment":"scroll","background-type":"","background-media":"","overlay-type":"","overlay-color":"","overlay-opacity":"","overlay-gradient":""},"mobile":{"background-color":"","background-image":"","background-repeat":"repeat","background-position":"center center","background-size":"auto","background-attachment":"scroll","background-type":"","background-media":"","overlay-type":"","overlay-color":"","overlay-opacity":"","overlay-gradient":""}},"ast-content-background-meta":{"desktop":{"background-color":"var(--ast-global-color-5)","background-image":"","background-repeat":"repeat","background-position":"center center","background-size":"auto","background-attachment":"scroll","background-type":"","background-media":"","overlay-type":"","overlay-color":"","overlay-opacity":"","overlay-gradient":""},"tablet":{"background-color":"var(--ast-global-color-5)","background-image":"","background-repeat":"repeat","background-position":"center center","background-size":"auto","background-attachment":"scroll","background-type":"","background-media":"","overlay-type":"","overlay-color":"","overlay-opacity":"","overlay-gradient":""},"mobile":{"background-color":"var(--ast-global-color-5)","background-image":"","background-repeat":"repeat","background-position":"center center","background-size":"auto","background-attachment":"scroll","background-type":"","background-media":"","overlay-type":"","overlay-color":"","overlay-opacity":"","overlay-gradient":""}},"footnotes":""},"class_list":["post-44697","page","type-page","status-publish","has-post-thumbnail","hentry"],"_links":{"self":[{"href":"https:\/\/translinguoglobal.com\/fr\/wp-json\/wp\/v2\/pages\/44697","targetHints":{"allow":["GET"]}}],"collection":[{"href":"https:\/\/translinguoglobal.com\/fr\/wp-json\/wp\/v2\/pages"}],"about":[{"href":"https:\/\/translinguoglobal.com\/fr\/wp-json\/wp\/v2\/types\/page"}],"author":[{"embeddable":true,"href":"https:\/\/translinguoglobal.com\/fr\/wp-json\/wp\/v2\/users\/3"}],"replies":[{"embeddable":true,"href":"https:\/\/translinguoglobal.com\/fr\/wp-json\/wp\/v2\/comments?post=44697"}],"version-history":[{"count":4,"href":"https:\/\/translinguoglobal.com\/fr\/wp-json\/wp\/v2\/pages\/44697\/revisions"}],"predecessor-version":[{"id":79999,"href":"https:\/\/translinguoglobal.com\/fr\/wp-json\/wp\/v2\/pages\/44697\/revisions\/79999"}],"wp:featuredmedia":[{"embeddable":true,"href":"https:\/\/translinguoglobal.com\/fr\/wp-json\/wp\/v2\/media\/44418"}],"wp:attachment":[{"href":"https:\/\/translinguoglobal.com\/fr\/wp-json\/wp\/v2\/media?parent=44697"}],"curies":[{"name":"wp","href":"https:\/\/api.w.org\/{rel}","templated":true}]}}