{"id":44696,"date":"2022-06-13T09:44:36","date_gmt":"2022-06-13T09:44:36","guid":{"rendered":"https:\/\/translinguoglobal.com\/mentions-legales\/"},"modified":"2024-05-28T15:19:26","modified_gmt":"2024-05-28T13:19:26","slug":"mentions-legales","status":"publish","type":"page","link":"https:\/\/translinguoglobal.com\/fr\/mentions-legales\/","title":{"rendered":"MENTIONS L\u00c9GALES"},"content":{"rendered":"<h2 style=\"text-align: center;\"><strong>Mentions l\u00e9gales<\/strong><\/h2>\n<h3 style=\"text-align: center;\">Mentions l\u00e9gales et acceptation<\/h3>\n<p>Toute personne acc\u00e9dant \u00e0 ce site Web assume le r\u00f4le d\u2019utilisateur, ce qui implique l&rsquo;acceptation sans r\u00e9serve de toutes et chacunes des dispositions \u00e9nonc\u00e9es par le pr\u00e9sent Avis L\u00e9gal, et pouvant subir des modifications.<\/p>\n<p>L&rsquo;utilisateur est tenu de faire un usage correct du site web conform\u00e9ment aux lois, \u00e0 la bonne foi, \u00e0 l&rsquo;ordre public, aux usages du trafic et aux pr\u00e9sentes mentions l\u00e9gales. L&rsquo;utilisateur sera tenu responsable devant le propri\u00e9taire du site web ou devant des tiers, de n&rsquo;importe quels dommages ou pr\u00e9judices r\u00e9sultant du non-respect des dites obligations.<\/p>\n<h3 style=\"text-align: center;\">Identification et communications<\/h3>\n<p> <strong>LE PROPRI\u00c9TAIRE DU SITE<\/strong>, conform\u00e9ment \u00e0 la loi 34\/2002, du 11 juin, du Servicio de la Sociedad de la Informaci\u00f3n y de Comercio Electr\u00f3nico, vous informe que :<\/p>\n<ul>\n<li>Le responsable est <strong>TRANSLINGUO CREATIVE GROUP S.L. :<\/strong><\/li>\n<li>Son CIF est : <strong>B88509062.<\/strong><\/li>\n<li>Domicili\u00e9 \u00e0 : <b> Calle de Jacometrezo, 15-17, 28013, planta 5, puerta G, Madrid;<\/b><\/li>\n<li>Inscrit au registre du commerce : <strong>T 39680 , F 99, S 8, H M 705077, I\/A 1 (25.10.19).<\/strong><\/li>\n<\/ul>\n<p>Pour communiquez avec nous, nous mettons \u00e0 dispositions les diff\u00e9rentes m\u00e9thodes de contact suivantes :<\/p>\n<ul>\n<li>E-mail: <strong>info@translinguoglobal.com<\/strong>;<\/li>\n<li>N\u00b0 de t\u00e9l\u00e9phone : <strong>+34 656 352 741. <\/strong><\/li>\n<\/ul>\n<p>Toutes notifications et communications entre les utilisateurs et le propri\u00e9taire du site sont consid\u00e9r\u00e9es effectives, \u00e0 toutes fins utiles, lorsqu&rsquo;elles sont effectu\u00e9es par voie postal ou par tout autre moyen susmentionn\u00e9.<\/p>\n<h3 style=\"text-align: center;\"><strong>Conditions d&rsquo;acc\u00e8s et communication <\/strong><\/h3>\n<p>Le site et ses services sont libre d&rsquo;acc\u00e8s et gratuit, cependant, le propri\u00e9taire conditionne l&rsquo;utilisation de certains services propos\u00e9s sur le site en demandant de remplir pr\u00e9alablement le formulaire correspondant.<\/p>\n<p>L&rsquo;utilisateur garantie l&rsquo;authenticit\u00e9 et la v\u00e9racit\u00e9 de toutes les donn\u00e9es communiqu\u00e9es aux propri\u00e9taire du site, et sera tenu seul responsable toutes d\u00e9clarations fausses ou inexactes.<\/p>\n<p>L&rsquo;utilisateur s&rsquo;engage express\u00e9ment \u00e0 utiliser de mani\u00e8re ad\u00e9quate les contenus et services du propri\u00e9taire du site, et \u00e0 ne pas les utiliser \u00e0 des fins, telles que :<\/p>\n<ol>\n<li>Diffuser des propos d\u00e9lictueux, violents, pornographiques, racistes, x\u00e9nophobes, offensifs, faisant l&rsquo;apologie du terrorisme, ou de fa\u00e7on g\u00e9n\u00e9ral, contraire \u00e0 la loi et \u00e0 l&rsquo;ordre public.<\/li>\n<li>Introduire dans le r\u00e9seau informatique ou r\u00e9aliser des actes susceptibles d&rsquo;alt\u00e9rer, d\u00e9t\u00e9riorer, interrompre ou g\u00e9n\u00e9rer des erreurs ou dommages aux documents \u00e9lectroniques, donn\u00e9es ou syst\u00e8mes physiques et logiques du propri\u00e9taire du site ou des personnes tiers. Ainsi qu&rsquo;entraver l&rsquo;acc\u00e8s au site et services \u00e0 d&rsquo;autres utilisateurs, en consommant de mani\u00e8re excessive les ressources informatiques des services pr\u00eat\u00e9es par le propri\u00e9taire du site.<\/li>\n<li>Essayer d&rsquo;acc\u00e9der aux comptes de courrier \u00e9lectroniques des autres utilisateurs ou aux parties restreintes des syst\u00e8mes informatiques du propri\u00e9taire du site ou tiers, et dans son cas, extraire des informations.<\/li>\n<li>Porter atteinte aux droits de propri\u00e9t\u00e9 intellectuelles ou industrielle, tel que la violation de la confidentialit\u00e9 des informations du prorpri\u00e9taire du site ou des tiers.<\/li>\n<li>Usurper l&rsquo;identit\u00e9 d&rsquo;autres utilisateurs, administrations publiques ou d&rsquo;un tiers.<\/li>\n<li>Reproduire, copier, distribuer, mettre \u00e0 disposition, ou n&rsquo;importe quelle autres forme de communication publique, transformer ou modifier les contenus, \u00e0 moins d&rsquo;avoir l&rsquo;autorisation du titulaire des droits concern\u00e9s, ou autorisation l\u00e9gale.<\/li>\n<li>R\u00e9colter des donn\u00e9es \u00e0 fins publicitaires et de diriger des publicit\u00e9s de toute nature et communications \u00e0 des fins commerciales de toute nature, sans demande ou consentement pr\u00e9alable.<\/li>\n<\/ol>\n<p>Tous les contenus du site web, comme les textes, photographies, graphiques, images, ic\u00f4nes, technologies, logiciel, ainsi que sa conception graphique et code source, constituent une \u0153uvre dont la propri\u00e9t\u00e9 appartient au propri\u00e9taire du site, sans qu&rsquo;aucun droit d&rsquo;exploitation de celle-ci ne puisse \u00eatre consid\u00e9r\u00e9e c\u00e9d\u00e9e \u00e0 l&rsquo;utilisateur, au-del\u00e0 de ce qui est strictement n\u00e9cessaire \u00e0 l&rsquo;utilisation correct du site.<\/p>\n<p>En somme, les utilisateurs qui acc\u00e8dent \u00e0 ce site peuvent visualiser les contenus et effectuer, dans son cas, des copies priv\u00e9es autoris\u00e9es \u00e0 condition que les \u00e9l\u00e9ments reproduit ne soient pas c\u00e9d\u00e9 \u00e0 post\u00e9riori \u00e0 des tiers, qu&rsquo;ils ne soient install\u00e9s pas de serveurs connect\u00e9s au r\u00e9seau, qu&rsquo;il ne fasse l&rsquo;objet d&rsquo;exploitation de quelque nature que ce soit. De la m\u00eame mani\u00e8re, toutes les marques, noms commerciaux ou signes distinctifs quel qu&rsquo;ils soient, pr\u00e9sents sur le site sont propri\u00e9t\u00e9 du propri\u00e9taire du site, sans qu&rsquo;il soit possible d&rsquo;interpr\u00e9ter que son usage et son acc\u00e8s octroie un quelconque droit \u00e0 l&rsquo;utilisateur \u00e0 ces m\u00eames marques, noms commerciaux ou signes distinctifs.<\/p>\n<p>Est interdite la distribution, modification, cession ou communication publique de contenus, ainsi que tout autre acte n&rsquo;ayant pas \u00e9t\u00e9 autoris\u00e9 par le titulaire des droits d&rsquo;exploitation.<\/p>\n<p>La cr\u00e9ation de lien hypertexte implique aucunement l&rsquo;existence d&rsquo;une relation entre le propri\u00e9taire du site et le propri\u00e9taire de site avec lequel le lien est \u00e9tabli, ni l&rsquo;acceptation et l&rsquo;approbation du contenu et services la part du propri\u00e9taire du site. Toutes personnes proposant d&rsquo;\u00e9tablir un lien hypertexte doit demander l&rsquo;autorisation par \u00e9crit au pr\u00e9alable au propri\u00e9taire du site.<strong>.<\/strong> Dans tout le cas, le lien hypertexte permettra uniquement l&rsquo;acc\u00e8s \u00e0 la <em>page d&rsquo;acceuil<\/em> de notre site, aussi vous devrez vous abstenir de publier des d\u00e9clarations ou informations fausses, inexactes ou incorrectes sur le propri\u00e9taire du site, ou inclure des contenus illicites, contraires aux bonnes m\u0153urs et \u00e0 l&rsquo;ordre public. Le propri\u00e9taire du site n&rsquo;est pas responsable de l&rsquo;utilisation que chaque utilisateur fait du mat\u00e9riel mis \u00e0 disposition sur ce site ni des actions entreprises sur la base de ce mat\u00e9riel.<\/p>\n<h3 style=\"text-align: center;\"><strong>Exclusion de garantie et s\u00e9curit\u00e9 <\/strong><\/h3>\n<p>Le contenus du pr\u00e9sent site web est \u00e0 caract\u00e8re g\u00e9n\u00e9ral, et a une fin seulement informative, sans aucune garantie que l&rsquo;ensemble du contenu soit pleinement accessible, complet, correct, actuel ou \u00e0 jour, ou qu&rsquo;il convienne ou soit utile \u00e0 une fin sp\u00e9cifique.<\/p>\n<p>Le propri\u00e9taire du site excluet dans la limite de l&rsquo;ordre juridique, toute responsabilit\u00e9 pour des dommage ou pr\u00e9judice de toute nature r\u00e9sultant de :<\/p>\n<ol>\n<li>L&rsquo;impossibilit\u00e9 d&rsquo;acc\u00e9der au site web ou le manque de v\u00e9racit\u00e9, d&rsquo;exactitude, d&rsquo;exhaustivit\u00e9 et\/ou d&rsquo;actualit\u00e9 des contenus, ainsi que l&rsquo;existence de vices et d\u00e9fauts de toute nature dans les contenus transmis, diffus\u00e9s, stock\u00e9s ou mis \u00e0 disposition via le site web et les services propos\u00e9s.<\/li>\n<li>La pr\u00e9sence de virus ou autres \u00e9l\u00e9ments dans les contenus pouvant g\u00e9n\u00e9rer des alt\u00e9rations dans les syst\u00e8mes informatiques, documents \u00e9lectroniques et donn\u00e9es des utilisateurs.<\/li>\n<li>Le non-respect des lois, des bonnes m\u0153urs, de l&rsquo;ordre public, de l&rsquo;usage du trafic et des presentes mentions l\u00e9gales r\u00e9sultant d&rsquo;une utilisation incorrecte du site web. En particulier, et \u00e0 titre d&rsquo;exemple, le propri\u00e9taire du site nie toute responsabilit\u00e9s des actions provenant des tiers portant atteinte au droits de propri\u00e9t\u00e9 intellectuelle et industrielle, au secret professionnel, au droit \u00e0 l&rsquo;honneur, \u00e0 l&rsquo;intimit\u00e9 personnelle et familiale, droit \u00e0 l&rsquo;image, ainsi que ne respectant pas les r\u00e8gles en mati\u00e8re de comp\u00e9tition d\u00e9loyale et publicit\u00e9 illicite.<\/li>\n<\/ol>\n<p>De cette mani\u00e8re, le propri\u00e9taire du site d\u00e9cline toute responsabilit\u00e9 concernant l&rsquo;information en dehors de ce site, et n&rsquo;\u00e9tant pas directement dirig\u00e9 par notre <em>webmaster<\/em>. La fonction des <em>liens<\/em> pr\u00e9sents sur ce site est exclusivement celle d&rsquo;informer l&rsquo;utilisateur sur l&rsquo;existence d&rsquo;autres sources susceptibles d&rsquo;approfondir les contenus propos\u00e9s sur ce site. Le propri\u00e9taire du site ne prend ni la responsabilit\u00e9, ni ne garantit le fonctionnement ou l&rsquo;accessibilit\u00e9 des sites li\u00e9s ; ni ne sugg\u00e8re, n&rsquo;invite ou ne recommande leur visite, de sorte qu&rsquo;il n&rsquo;est \u00e9galement pas responsable des r\u00e9sultats obtenus. Le propri\u00e9taire du site ne prend pas la responsabilit\u00e9 de la cr\u00e9ation de lien hypertexte par des tiers.<\/p>\n<h3 style=\"text-align: center;\"><strong>Politique de confidentialit\u00e9<\/strong><\/h3>\n<p>Vous pouvez lire notre politique de confidentialit\u00e9 gr\u00e2ce au <u>lien<\/u> suivant.<\/p>\n<h3 style=\"text-align: center;\"><strong> Proc\u00e9dures dans le cas d&rsquo;activit\u00e9s \u00e0 caract\u00e8res illicites.<\/strong><\/h3>\n<p>Dans le cas o\u00f9 tout utilisateur ou tiers consid\u00e8re qu&rsquo;il existe des fais ou circonstances r\u00e9levant le catact\u00e8re illicite de l&rsquo;utilisation d&rsquo;un quelconque contenu ou d&rsquo;une quelconque activit\u00e9 sur le site internet inclues ou acc\u00e9ssible via le site internet, devra notifier le propri\u00e9taire du site en s&rsquo;identifiant d\u00fbment, en pr\u00e9cisant les infractions supos\u00e9es et d\u00e9clarant expressement et sous sa responsablilit\u00e9 que les informations fournies sont exactes.<\/p>\n<p>Les partis sont soumis express\u00e9ment, pour toutes questions ou divergences qui pourraient survenir pour des raisons d&rsquo;interpr\u00e9tation, de r\u00e9alisation et d&rsquo;ex\u00e9cution de ce contrat, \u00e0 la juridiction et comp\u00e9tence du tribunal correspondant au domicile de l&rsquo;utilisateur ou \u00e0 ceux du lieu de r\u00e9alisation de l&rsquo;obligation contractuelle.<\/p>\n<h3 style=\"text-align: center;\">Publication<\/h3>\n<p>Les informations administratives fournies \u00e0 travers le site internet ne sustitue pas la publication l\u00e9gale des lois, normes, plans, et dispositions g\u00e9n\u00e9rales et actes qui doivent \u00eatre publi\u00e9s formellement dans les journaux officiels des adminstrations publiques, qui constituent l&rsquo;unique instrument qui donne foi \u00e0 l&rsquo;authenticit\u00e9 et du contenu. L&rsquo;information disponible sur ce site doivent \u00eatre interpr\u00e9t\u00e9 en tant que guide sans but de valeur juridique.<\/p>\n","protected":false},"excerpt":{"rendered":"<p>Mentions l\u00e9gales Mentions l\u00e9gales et acceptation Toute personne acc\u00e9dant \u00e0 ce site Web assume le r\u00f4le d\u2019utilisateur, ce qui implique l&rsquo;acceptation sans r\u00e9serve de toutes et chacunes des dispositions \u00e9nonc\u00e9es par le pr\u00e9sent Avis L\u00e9gal, et pouvant subir des modifications. L&rsquo;utilisateur est tenu de faire un usage correct du site web conform\u00e9ment aux lois, \u00e0 [&hellip;]<\/p>\n","protected":false},"author":3,"featured_media":0,"parent":0,"menu_order":0,"comment_status":"closed","ping_status":"closed","template":"","meta":{"_crdt_document":"","inline_featured_image":false,"site-sidebar-layout":"default","site-content-layout":"default","ast-site-content-layout":"default","site-content-style":"default","site-sidebar-style":"default","ast-global-header-display":"","ast-banner-title-visibility":"","ast-main-header-display":"","ast-hfb-above-header-display":"","ast-hfb-below-header-display":"","ast-hfb-mobile-header-display":"","site-post-title":"","ast-breadcrumbs-content":"","ast-featured-img":"","footer-sml-layout":"","ast-disable-related-posts":"","theme-transparent-header-meta":"default","adv-header-id-meta":"","stick-header-meta":"","header-above-stick-meta":"","header-main-stick-meta":"","header-below-stick-meta":"","astra-migrate-meta-layouts":"default","ast-page-background-enabled":"default","ast-page-background-meta":{"desktop":{"background-color":"var(--ast-global-color-4)","background-image":"","background-repeat":"repeat","background-position":"center center","background-size":"auto","background-attachment":"scroll","background-type":"","background-media":"","overlay-type":"","overlay-color":"","overlay-opacity":"","overlay-gradient":""},"tablet":{"background-color":"","background-image":"","background-repeat":"repeat","background-position":"center center","background-size":"auto","background-attachment":"scroll","background-type":"","background-media":"","overlay-type":"","overlay-color":"","overlay-opacity":"","overlay-gradient":""},"mobile":{"background-color":"","background-image":"","background-repeat":"repeat","background-position":"center center","background-size":"auto","background-attachment":"scroll","background-type":"","background-media":"","overlay-type":"","overlay-color":"","overlay-opacity":"","overlay-gradient":""}},"ast-content-background-meta":{"desktop":{"background-color":"var(--ast-global-color-5)","background-image":"","background-repeat":"repeat","background-position":"center center","background-size":"auto","background-attachment":"scroll","background-type":"","background-media":"","overlay-type":"","overlay-color":"","overlay-opacity":"","overlay-gradient":""},"tablet":{"background-color":"var(--ast-global-color-5)","background-image":"","background-repeat":"repeat","background-position":"center center","background-size":"auto","background-attachment":"scroll","background-type":"","background-media":"","overlay-type":"","overlay-color":"","overlay-opacity":"","overlay-gradient":""},"mobile":{"background-color":"var(--ast-global-color-5)","background-image":"","background-repeat":"repeat","background-position":"center center","background-size":"auto","background-attachment":"scroll","background-type":"","background-media":"","overlay-type":"","overlay-color":"","overlay-opacity":"","overlay-gradient":""}},"footnotes":""},"class_list":["post-44696","page","type-page","status-publish","hentry"],"_links":{"self":[{"href":"https:\/\/translinguoglobal.com\/fr\/wp-json\/wp\/v2\/pages\/44696","targetHints":{"allow":["GET"]}}],"collection":[{"href":"https:\/\/translinguoglobal.com\/fr\/wp-json\/wp\/v2\/pages"}],"about":[{"href":"https:\/\/translinguoglobal.com\/fr\/wp-json\/wp\/v2\/types\/page"}],"author":[{"embeddable":true,"href":"https:\/\/translinguoglobal.com\/fr\/wp-json\/wp\/v2\/users\/3"}],"replies":[{"embeddable":true,"href":"https:\/\/translinguoglobal.com\/fr\/wp-json\/wp\/v2\/comments?post=44696"}],"version-history":[{"count":2,"href":"https:\/\/translinguoglobal.com\/fr\/wp-json\/wp\/v2\/pages\/44696\/revisions"}],"predecessor-version":[{"id":67243,"href":"https:\/\/translinguoglobal.com\/fr\/wp-json\/wp\/v2\/pages\/44696\/revisions\/67243"}],"wp:attachment":[{"href":"https:\/\/translinguoglobal.com\/fr\/wp-json\/wp\/v2\/media?parent=44696"}],"curies":[{"name":"wp","href":"https:\/\/api.w.org\/{rel}","templated":true}]}}