{"id":44695,"date":"2022-06-13T09:44:23","date_gmt":"2022-06-13T09:44:23","guid":{"rendered":"https:\/\/translinguoglobal.com\/politique-de-confidentialite\/"},"modified":"2024-05-28T15:19:18","modified_gmt":"2024-05-28T13:19:18","slug":"politique-de-confidentialite","status":"publish","type":"page","link":"https:\/\/translinguoglobal.com\/fr\/politique-de-confidentialite\/","title":{"rendered":"Politique de confidentialit\u00e9"},"content":{"rendered":"<p><strong>POLITIQUE DE CONFIDENTIALIT\u00c9<\/strong><\/p>\n<p>Quand nous avons besoin d&rsquo;obtenir des information de votre part, nous vous demanderons toujours de les partager volontairement. Les donn\u00e9es recueillies \u00e0 travers nos formulaire de collecte de donn\u00e9es du site internet ou part d&rsquo;autre moyen seront incorpor\u00e9es dans les syst\u00e8mes de traitement de <strong>TRANSLINGUO CREATIVO GROUP S.L. <\/strong><\/p>\n<p>Cette entit\u00e9 traitera les donn\u00e9es de mani\u00e8re confidentielle et exclusivement afin de proposer les services demand\u00e9s, avec toutes les garanties l\u00e9gales et de s\u00e9curit\u00e9 qu&rsquo;impose le R\u00e8glement (UE) 2016\/679 du Parlement Europ\u00e9en et du Conseil, du 27 avril 2016, relatif \u00e0 la protection des personnes physique en ce qui concerne le traitement des donn\u00e9es personnelles et \u00e0 la libre circulation de ces donn\u00e9es, et la loi 34\/2002, du 1er juillet, sur les Services de la Soci\u00e9t\u00e9 de l&rsquo;Information et Commerce en Ligne.<\/p>\n<p><strong>Qui est responsable du traitement des donn\u00e9es ?<\/strong><\/p>\n<ul>\n<li>Le responsable est <strong>TRANSLINGUO CREATIVE GROUP S.L.<\/strong><\/li>\n<li>Son NIF: <strong>B88509062<\/strong><\/li>\n<li>Domicili\u00e9 au : <b>Calle de Jacometrezo, 15-17, 28013, planta 5, puerta G, Madrid<\/b><\/li>\n<li>Adresse e-mail <strong>: info@translinguoglobal.com<\/strong><\/li>\n<li>Registre du commerce : T 39680 , F 99, S 8, H M 705077, I\/A 1 (25.10.19)<\/li>\n<\/ul>\n<p><strong>\u00c0 quelle fin utilisons-nous vos donn\u00e9es personnelles ?<\/strong><\/p>\n<p>Chez <strong>TRANSLINGUO CREATIVE GROUP S.L.<\/strong>, nous utilisons les donn\u00e9es fournies par les personnes concern\u00e9es de mani\u00e8re loyale, licite et transparente en accord avec la norme UE 2016\/679 du 27 avril du Parlement Europ\u00e9en et du Conseil, et la loi 3\/2018 du 5 d\u00e9cembre sur la protection des donn\u00e9es et la garantie des droits num\u00e9riques.<\/p>\n<p><strong><u>Si vous \u00eates CLIENT ou UTILISATEUR<\/u><\/strong><\/p>\n<p>Si vous \u00eates client ou utilisateur, nous utilisons les donn\u00e9es selon les cat\u00e9gories suivantes :<\/p>\n<ul>\n<li>Donn\u00e9es d&rsquo;identification (nom, pr\u00e9nom, carte d&rsquo;identit\u00e9, etc.) ;<\/li>\n<li>Donn\u00e9es de contact (adresse e-mail, Whatsapp, etc.) ;<\/li>\n<li>Donn\u00e9es bancaires (num\u00e9ro de compte, carte bancaire, etc.) ;<\/li>\n<li>Autres donn\u00e9es (fournies par la personne concern\u00e9e via des formulaire ouvert ou communications). ;<\/li>\n<\/ul>\n<p>Nous utilisons vos donn\u00e9es afin de :<\/p>\n<ul>\n<li>G\u00e9rer les services, informations et\/ou produits demand\u00e9s ;<\/li>\n<li>Envoyer des communications d&rsquo;int\u00e9r\u00eats (dans le cas o\u00f9 la personne concern\u00e9e \u00e0 donn\u00e9e l&rsquo;autorisation ad\u00e9quate) ;<\/li>\n<li>Respecter les obligations l\u00e9gales applicables au responsable.<\/li>\n<\/ul>\n<p><strong><u>Si vous \u00eates EMPLOY\u00c9 ou CANDIDAT \u00c0 UN EMPLOI<\/u><\/strong><\/p>\n<p>Si vous \u00eates employ\u00e9 ou candidat, nous utilisons les donn\u00e9es personnelles selon les cat\u00e9gories suivantes :<\/p>\n<ul>\n<li>Donn\u00e9es d&rsquo;identification (nom, pr\u00e9nom, carte d&rsquo;identit\u00e9, etc.) ;<\/li>\n<li>Donn\u00e9es pr\u00e9sentes dans le curriculum vitae (\u00e9tudes, experience professionnelle, passions, etc.) ;<\/li>\n<li>Donn\u00e9es de contact (adresse e-mail, Whatsapp, etc.) ;<\/li>\n<li>Donn\u00e9es bancaires (num\u00e9ro de compte, titulaire, mandat SEPA) ;<\/li>\n<li>Photos ;<\/li>\n<li>Autres donn\u00e9es (fournies par la personne concern\u00e9e via des formulaire ouvert ou communications). ;<\/li>\n<\/ul>\n<p>Nous utilisons vos donn\u00e9es afin de :<\/p>\n<ul>\n<li>G\u00e9rer les droits et obligations relatifs \u00e0 la relation contractuelle ;<\/li>\n<li>Selection de candidats ;<\/li>\n<li>Utilisation, reproduction ou publication de photo, nom et voix (dans le cas o\u00f9 la personne concern\u00e9e a donn\u00e9e l&rsquo;autorisation ad\u00e9quate) ;<\/li>\n<li>Respecter les obligations l\u00e9gales de l&rsquo;entreprise.<\/li>\n<\/ul>\n<p><strong><u>Si vous \u00eates un FOURNISSEUR de notre entreprise<\/u><\/strong><\/p>\n<p>Si vous \u00eates fournisseur, nous utilisons les donn\u00e9es personnelles selon les cat\u00e9gories suivantes :<\/p>\n<ul>\n<li>Donn\u00e9es d&rsquo;identification (nom, pr\u00e9nom, carte d&rsquo;identit\u00e9, etc.) ;<\/li>\n<li>Donn\u00e9es de contact (adresse e-mail, Whatsapp, etc.) ;<\/li>\n<li>Donn\u00e9es bancaires (num\u00e9ro de compte, facturation, etc.) ;<\/li>\n<li>Autres donn\u00e9es (fournies par la personne concern\u00e9e via des formulaire ouvert ou communications). ;<\/li>\n<\/ul>\n<p>Nous utilisons vos donn\u00e9es afin de :<\/p>\n<ul>\n<li>Gestion administrative, comptable et fiscale ;<\/li>\n<li>Suivi et contr\u00f4le de la relation commerciale ;<\/li>\n<li>Respecter les obligations l\u00e9gales de l&rsquo;entreprise.<\/li>\n<\/ul>\n<p><strong> <\/strong><strong>Suis-je tenu de fournir les donn\u00e9es personnelles ?<\/strong><\/p>\n<p><strong>TRANSLINGUO CREATIVE GROUP S.L.<\/strong>, demandera seulement les donn\u00e9es strictement n\u00e9cessaires \u00e0 r\u00e9alisation des finalit\u00e9s pour lesquelles elles ont \u00e9t\u00e9 recolt\u00e9es, dans le cas o\u00f9 elles ne sont pas fournies, le service demand\u00e9 ne pourra pas \u00eatre assur\u00e9.<\/p>\n<p><strong> <\/strong><strong>Quelle est la dur\u00e9e de conservation des donn\u00e9es ?<\/strong><\/p>\n<p>Les donn\u00e9es personnelles fournies et obtenu lors de la relation entre la personne concern\u00e9e et <strong>TRANSLINGUO CREATIVE GROUP S.L.<\/strong>, seront conserv\u00e9e pour une dur\u00e9e maximum de 5 ans \u00e0 partir de la derni\u00e8re confirmation d&rsquo;int\u00e9r\u00eats ou tant que l&rsquo;oblige la loi, dans ce cas, elles seront conserv\u00e9es dument, bloqu\u00e9es et supprim\u00e9es lorsqu&rsquo;elle ne seront plus n\u00e9cessaire.<\/p>\n<p><strong>Quelle est la l\u00e9gitimation de l&rsquo;utilisation des donn\u00e9es ?<\/strong><\/p>\n<p>Conform\u00e9ment \u00e0 l&rsquo;article 6.1 du R\u00e8glement UE 2016\/679 du 27 avril, nous vous informons que la l\u00e9gitimation de l&rsquo;utilisation de vos donn\u00e9es est la suivante :<\/p>\n<ol>\n<li><em>La personne concern\u00e9e a donn\u00e9e son consentement pour l&rsquo;utilisation de ses donn\u00e9es personnelles \u00e0 une ou plusieurs fins sp\u00e9cifiques et\/ou<\/em><\/li>\n<li>l&rsquo;utilisation est n\u00e9cessaire pour l&rsquo;\u00e9xecution d&rsquo;un contrat dans lequel la personne concern\u00e9e prend part et\/ou<\/li>\n<li><em>l&rsquo;utilisation est n\u00e9cessaire pour le respect d&rsquo;une obligation l\u00e9gale applicable au responsable de l&rsquo;utilisation et\/ou<\/em><\/li>\n<li><em>l&rsquo;utilisation est n\u00e9cessaire pour la satisfaction des int\u00e9r\u00eats l\u00e9gitimes poursuivis par le responsable de l&rsquo;utilisation ou d&rsquo;un tiers, \u00e0 condition que lesdits int\u00e9r\u00eats ne pr\u00e9valent pas les int\u00e9r\u00eats ou les droits et libert\u00e9s fondamentales de la personne concern\u00e9e, qui recqui\u00e8rent la protection des donn\u00e9es personnelles, en particulier lorsque la personne concern\u00e9e est un enfant.<\/em><\/li>\n<\/ol>\n<p><strong> <\/strong><strong>\u00c0 qui communiquons-nous les donn\u00e9es ?<\/strong><\/p>\n<p>Les donn\u00e9es utilis\u00e9es par<strong>TRANSLINGUO CREATIVE GROUP S.L.<\/strong>, pourront \u00eatre communiqu\u00e9es \u00e0 un tiers, lorsque la loi le pr\u00e9voit.<\/p>\n<p>De la m\u00eame mani\u00e8re, <strong>TRANSLINGUO CREATIVE GROUP S.L.<\/strong>, dispose de fournisseur de service pour les lesquels il est n\u00e9cessaire de communiquer les donn\u00e9es \u00e0 diff\u00e9rents services de l&rsquo;entreprise (administration, comptabilit\u00e9, fiscalit\u00e9, marketing, R.H., etc.). La relation entre ces entreprises est r\u00e9gul\u00e9e par l&rsquo;article 28 du R\u00e8glement UE 2016\/679 du 27 avril du Parlement Europ\u00e9en et Conseil (RGPD). Les donn\u00e9es consult\u00e9es aupr\u00e8s de ces entreprises seront seulement utilis\u00e9es \u00e0 des fins professionnels n\u00e9cessaire sans \u00eatre conserv\u00e9e \u00e0 tout autres fin.<\/p>\n<p><strong> <\/strong><strong>Quels sont mes droits lorsque je fournis mes donn\u00e9es ?<\/strong><\/p>\n<p>Toute personne concern\u00e9e a le droit d&rsquo;avoir la confirmation si oui ou non, nous,<strong>TRANSLINGUO CREATIVE GROUP S.L.<\/strong>, utilisons les donn\u00e9es personnelles qui les concernent.<\/p>\n<p>Les personnes concern\u00e9es ont le droit d&rsquo;acc\u00e9der \u00e0 ses donn\u00e9es personnelles, ainsi que de demander la rectification de donn\u00e9es inexactes ou, dans ce cas, demander la suppression lorsque, entre autres motifs, les donn\u00e9es ne sont plus n\u00e9cessaires aux fins pour lesquelles elles ont \u00e9t\u00e9 collect\u00e9es.<\/p>\n<p>Dans des circonstances d\u00e9termin\u00e9es, les personnes concern\u00e9es peuvent demander la limitation de l&rsquo;utilisation de leurs donn\u00e9es, dans ce cas l\u00e0, elle seronts conserv\u00e9s uniquement pour l&rsquo;exercice ou la d\u00e9fense de r\u00e9clamations. Les utilisateurs peuvent \u00e9galement s&rsquo;opposer \u00e0 l&rsquo;utilisation de leurs donn\u00e9es.<strong>TRANSLINGUO CREATIVE GROUP S.L.<\/strong>, suspendra l&rsquo;utilisation des donn\u00e9es, sauf pour des motifs l\u00e9gitimes imp\u00e9rieux, ou pour l&rsquo;exercice ou la d\u00e9fense de reclamations.<\/p>\n<p>L&rsquo;utilisateur peut envoyer un \u00e9crit \u00e0 <strong>TRANSLINGUO CREATIVE GROUP S.L.<\/strong>, au domicile du responsable ou bien par e-mail \u00e0 l&rsquo;adresse suivate : <a href=\"mailto:privacy@translinguo.es\">privacy@translinguo.es<\/a>, en joignant une photocopie de sa carte d&rsquo;identit\u00e9, dans le cas o\u00f9 il serait n\u00e9cessaire de l&rsquo;identifier, \u00e0 tout moment et de mani\u00e8re gratuite, pour :<\/p>\n<ul>\n<li>R\u00e9voquer les consentement octroy\u00e9s ;<\/li>\n<li>Obtenir la confirmation que si ou non les donn\u00e9es personnelles de l&rsquo;utilisateur sont bien utilis\u00e9es ;<\/li>\n<li>Acc\u00e9der \u00e0 ses donn\u00e9es personnelles ;<\/li>\n<li>Rectfier les donn\u00e9es in\u00e9xactes ou incompl\u00e8tes.<\/li>\n<li>Demander la suppression de ses donn\u00e9es lorsque, entre autres motifs, les donn\u00e9es ne sont plus n\u00e9cessaire aux fins pour lesquels elles ont \u00e9t\u00e9 recolt\u00e9es.<\/li>\n<li>Obtenir la limitation de l&rsquo;utilisation des donn\u00e9es lorsque certaines conditions pr\u00e9vues par la norme de la protection des donn\u00e9es sont respect\u00e9es ;<\/li>\n<li>Demander la portabilit\u00e9 de ses donn\u00e9es ;<\/li>\n<li>Prendre contact avec DPO de <strong>TRANSLINGUO CREATIVE GROUP S.L. ;<\/strong><\/li>\n<li>D\u00e9poser une r\u00e9clamation \u00e0 l&rsquo;autorit\u00e9 de contr\u00f4le (<a href=\"http:\/\/www.aepd\/\" target=\"_blank\" rel=\"noopener\">AEPD<\/a>), si vous consid\u00e9rez que vos droits reconnus par la norme applicable \u00e0 la protection des donn\u00e9es sont vuln\u00e9rables.<\/li>\n<\/ul>\n<p><strong>TRANSLINGUO CREATIVE GROUP S.L.<\/strong>, adopter les niveaux de s\u00e9curit\u00e9 correspondant recquis pour ladite norme de Protection des Donn\u00e9es \u00e0 Caract\u00e8re Personnelle, et aux autres normes applicables. Lesdits niveaux de s\u00e9curit\u00e9 sont obligatoire pour toute entit\u00e9s qui ont acc\u00e8s \u00e0 nos informations en vertu d&rsquo;une relation contractuelle et\/ou d&rsquo;une prestation de service, conform\u00e9ment \u00e0 l&rsquo;article 28 du R\u00e8glement UE 2016\/679 (RGPD).<\/p>\n<p>Cependant, TRANSLINGUO CREATIVE GROUP S.L., ne prend pas la responsabilit\u00e9 des dommages et pr\u00e9judices d\u00e9riv\u00e9s des alt\u00e9rations que les tiers peuvent causer dans les syst\u00e8mes informatiques, documents \u00e9lectroniques ou dossier de l&rsquo;utilisateur.<\/p>\n<p>Des <em>cookies<\/em> peuvent \u00eatre utilis\u00e9s lors de la prestation des services du site web. Les <em>cookies<\/em> sont des fichiers physiques d&rsquo;information personnelle stock\u00e9s dans l&rsquo;ordinateur de l&rsquo;utilisateur. L&rsquo;utilisateur a la possibilit\u00e9 de configurer son navigateur pour emp\u00eacher la cr\u00e9ation de fichier <em>cookies<\/em> ou prevenir de leur cr\u00e9ation. Pour lire notre politique des <em>cookies<\/em>, cliquez sur le lien.<\/p>\n<p>Si vous optez pour quittez notre site internet via un lien qui n&rsquo;appartient pas \u00e0 notre identit\u00e9 <strong>TRANSLINGUO CREATIVE GROUP S.L.<\/strong>, nous ne prendrons pas le responsabilit\u00e9 des politiques de confidentialit\u00e9 des dits site internets, ni des <em>cookies<\/em> qu&rsquo;ils peuvent stock\u00e9s sur l&rsquo;ordinateur de l&rsquo;utilisateur.<\/p>\n<p>Notre politique concernant l&rsquo;adresse e-mail se concentre sur l&rsquo;envoie d&rsquo;uniquement des communications dont vous avez demand\u00e9 \u00e0 recevoir.<\/p>\n<p>Si vous pr\u00e9f\u00e9rez ne pas recevoir ces messages par voie \u00e9lectronique, nous vous proposons d&rsquo;\u00e0 travers les m\u00eames la possibilit\u00e9 d&rsquo;exercer votre droit d&rsquo;annulation et renoncer \u00e0 la r\u00e9ception de ces messages, conform\u00e9ment aux dispositions du Titre III, article 22 de la loi 34\/2002 sur les Services pour la Soci\u00e9t\u00e9 de l&rsquo;Information et du Commerce en Ligne.<\/p>\n","protected":false},"excerpt":{"rendered":"<p>POLITIQUE DE CONFIDENTIALIT\u00c9 Quand nous avons besoin d&rsquo;obtenir des information de votre part, nous vous demanderons toujours de les partager volontairement. Les donn\u00e9es recueillies \u00e0 travers nos formulaire de collecte de donn\u00e9es du site internet ou part d&rsquo;autre moyen seront incorpor\u00e9es dans les syst\u00e8mes de traitement de TRANSLINGUO CREATIVO GROUP S.L. Cette entit\u00e9 traitera les [&hellip;]<\/p>\n","protected":false},"author":3,"featured_media":0,"parent":0,"menu_order":0,"comment_status":"closed","ping_status":"closed","template":"","meta":{"_crdt_document":"","inline_featured_image":false,"site-sidebar-layout":"default","site-content-layout":"default","ast-site-content-layout":"default","site-content-style":"default","site-sidebar-style":"default","ast-global-header-display":"","ast-banner-title-visibility":"","ast-main-header-display":"","ast-hfb-above-header-display":"","ast-hfb-below-header-display":"","ast-hfb-mobile-header-display":"","site-post-title":"","ast-breadcrumbs-content":"","ast-featured-img":"","footer-sml-layout":"","ast-disable-related-posts":"","theme-transparent-header-meta":"default","adv-header-id-meta":"","stick-header-meta":"","header-above-stick-meta":"","header-main-stick-meta":"","header-below-stick-meta":"","astra-migrate-meta-layouts":"default","ast-page-background-enabled":"default","ast-page-background-meta":{"desktop":{"background-color":"var(--ast-global-color-4)","background-image":"","background-repeat":"repeat","background-position":"center center","background-size":"auto","background-attachment":"scroll","background-type":"","background-media":"","overlay-type":"","overlay-color":"","overlay-opacity":"","overlay-gradient":""},"tablet":{"background-color":"","background-image":"","background-repeat":"repeat","background-position":"center center","background-size":"auto","background-attachment":"scroll","background-type":"","background-media":"","overlay-type":"","overlay-color":"","overlay-opacity":"","overlay-gradient":""},"mobile":{"background-color":"","background-image":"","background-repeat":"repeat","background-position":"center center","background-size":"auto","background-attachment":"scroll","background-type":"","background-media":"","overlay-type":"","overlay-color":"","overlay-opacity":"","overlay-gradient":""}},"ast-content-background-meta":{"desktop":{"background-color":"var(--ast-global-color-5)","background-image":"","background-repeat":"repeat","background-position":"center center","background-size":"auto","background-attachment":"scroll","background-type":"","background-media":"","overlay-type":"","overlay-color":"","overlay-opacity":"","overlay-gradient":""},"tablet":{"background-color":"var(--ast-global-color-5)","background-image":"","background-repeat":"repeat","background-position":"center center","background-size":"auto","background-attachment":"scroll","background-type":"","background-media":"","overlay-type":"","overlay-color":"","overlay-opacity":"","overlay-gradient":""},"mobile":{"background-color":"var(--ast-global-color-5)","background-image":"","background-repeat":"repeat","background-position":"center center","background-size":"auto","background-attachment":"scroll","background-type":"","background-media":"","overlay-type":"","overlay-color":"","overlay-opacity":"","overlay-gradient":""}},"footnotes":""},"class_list":["post-44695","page","type-page","status-publish","hentry"],"_links":{"self":[{"href":"https:\/\/translinguoglobal.com\/fr\/wp-json\/wp\/v2\/pages\/44695","targetHints":{"allow":["GET"]}}],"collection":[{"href":"https:\/\/translinguoglobal.com\/fr\/wp-json\/wp\/v2\/pages"}],"about":[{"href":"https:\/\/translinguoglobal.com\/fr\/wp-json\/wp\/v2\/types\/page"}],"author":[{"embeddable":true,"href":"https:\/\/translinguoglobal.com\/fr\/wp-json\/wp\/v2\/users\/3"}],"replies":[{"embeddable":true,"href":"https:\/\/translinguoglobal.com\/fr\/wp-json\/wp\/v2\/comments?post=44695"}],"version-history":[{"count":2,"href":"https:\/\/translinguoglobal.com\/fr\/wp-json\/wp\/v2\/pages\/44695\/revisions"}],"predecessor-version":[{"id":67288,"href":"https:\/\/translinguoglobal.com\/fr\/wp-json\/wp\/v2\/pages\/44695\/revisions\/67288"}],"wp:attachment":[{"href":"https:\/\/translinguoglobal.com\/fr\/wp-json\/wp\/v2\/media?parent=44695"}],"curies":[{"name":"wp","href":"https:\/\/api.w.org\/{rel}","templated":true}]}}