{"id":44635,"date":"2022-06-13T09:14:46","date_gmt":"2022-06-13T09:14:46","guid":{"rendered":"https:\/\/translinguoglobal.com\/entreprise-de-traduction-de-russe\/"},"modified":"2024-07-12T12:45:06","modified_gmt":"2024-07-12T10:45:06","slug":"entreprise-de-traduction-de-russe","status":"publish","type":"page","link":"https:\/\/translinguoglobal.com\/fr\/entreprise-de-traduction-de-russe\/","title":{"rendered":"Entreprise de traduction de russe"},"content":{"rendered":"<h2 style=\"text-align: center;\">Entreprise de traduction de russe<\/h2>\n<h3 style=\"text-align: left;\"><strong>Connaissance de la langue de russe<\/strong><\/h3>\n<p><a href=\"https:\/\/translinguoglobal.com\/fr\/\">Entreprise de traduction de russe.<\/a> Le <a href=\"https:\/\/fr.wikipedia.org\/wiki\/Russe\" target=\"_blank\" rel=\"noopener\">russe<\/a> est une langue indo-europ\u00e9enne de la branche slave orientale. C&rsquo;est la langue officiel de Russie, mais aussi d&rsquo;en d&rsquo;autres pays comme la Bi\u00e9lorussie, Kirghizistan et Kazakhstan. De m\u00eame qu&rsquo;en Ukraine et dans certaines r\u00e9gions d&rsquo;Estonie, Lettonie et G\u00e9orgie. Cette zone linguistique \u00e9tendue est d\u00fb l&rsquo;ancienne Union des R\u00e9publiques Socialistes Sovi\u00e9tiques, l&rsquo;URSS, constitu\u00e9e de 15 r\u00e9publiques.<\/p>\n<p>Avec 278 millions de locuteurs, elle est la quatri\u00e8me langue la plus parl\u00e9e dans le monde. De plus, elle fait partie des six langues officielles de l&rsquo;ONU, avec l&rsquo;arabe et l&rsquo;anglais. Il est important de noter que le russe la langue de l&rsquo;espace. Cela est d\u00fb au fait que parler le russe est un pr\u00e9requis pour entrer \u00e0 la NASA.<\/p>\n<p>Le russe utilise l&rsquo;alphabet cyrillique, il peut donc s&rsquo;\u00e9crire en majuscule, en minuscule ou en cursive cyrillique. Cet alphabet cyrillique date du X\u00e8me si\u00e8cle, et f\u00fbt cr\u00e9\u00e9 par un missionnaire byzantin. Il est cr\u00e9\u00e9 \u00e0 partir de l&rsquo;alphabet grec, m\u00eame s&rsquo;il inclut des \u00e9l\u00e9ments de l&rsquo;alphabet Glagolitique (le plus ancien d&rsquo;origine slave).<\/p>\n<h2 style=\"text-align: center;\"><strong>Caract\u00e9ristiques de la langue<\/strong><\/h2>\n<p>La langue russe comprend 5 voyelles et 37 consonnes. De plus, les mots se prononcent comme ils s&rsquo;\u00e9crivent. On dit que sa grammaire est tr\u00e8s complexe. Le russe utilise les trois genres : masculin, f\u00e9minin et neutre. Por ello, tiene 6 declinaciones para los nombres, pronombres, adjetivos demostrativos y n\u00fameros ordinales. De fait, ils s&rsquo;accordent en genres et en nombres. Les articles ne sont pas utilis\u00e9s, et l&rsquo;ordre des mots dans une phrase peuvent varier.<\/p>\n<p><span style=\"font-weight: 400;\">Chez<\/span> <a href=\"https:\/\/translinguoglobal.com\/fr\/\"><span style=\"font-weight: 400;\">Translinguo<\/span><\/a>, <span style=\"font-weight: 400;\"> nous vous proposons un large \u00e9ventail de<\/span> <b>service de traduction <\/b> <span style=\"font-weight: 400;\">selon vos besoin. C\u2019est une ressource indispensable pour une communication efficace dans le monde actuel. Notre agence dispose d\u2019une \u00e9quipe de traducteurs hautement qualifi\u00e9s qui poss\u00e8dent les comp\u00e9tences de recherche et d\u2019analyse n\u00e9cessaires \u00e0 une bonne traduction. Ainsi, si vous cherchez une <\/span><b>entreprise de <a href=\"https:\/\/fr.wikipedia.org\/wiki\/Traduction\" target=\"_blank\" rel=\"noopener\">traduction<\/a><\/b><span style=\"font-weight: 400;\">, vous \u00eates au bon endroit, au bon moment. <\/span><\/p>\n<p><span style=\"font-weight: 400;\">Notre travail est de veiller \u00e0 votre satisfaction, car nous, Translinguo, voulons le meilleur pour vous ! N\u2019h\u00e9sitez pas \u00e0 nous contacter, vous serez re\u00e7u comme il se doit, nous vous accompagnerons tout au long du processus du traduction que vous choisirez ! <\/span><\/p>\n<p><span style=\"font-weight: 400;\">Nous vous garantissons le professionnalisme de nos traducteurs et relecteurs. Traducteurs natifs et sp\u00e9cialis\u00e9s. Nous disposons des traducteurs aux quatre coins du monde, ce qui nous permet de proposer un service de traduction sp\u00e9cialis\u00e9e \u00e0 n\u2019importe quelle heure de la journ\u00e9e. Nous pouvons dire alors que nous travaillons 24 heures sur 24.<\/span><\/p>\n<p><span style=\"font-weight: 400;\">Les d\u00e9lais convenus ainsi que la confidentialit\u00e9 sont fondamentaux pour nous. Par cons\u00e9quence, nous respectons les r\u00e8gles RGPD en toutes circonstances, et nous faisons tout ce qui est en notre pouvoir pour r\u00e9aliser ce que nous promettons.<\/span><\/p>\n<p>Consultez nos profils sur <a title=\"Translinguo Global\" href=\"https:\/\/www.facebook.com\/translinguoglobal\" target=\"_blank\" rel=\"noopener\">Facebook<\/a>, <a title=\"Translinguo Global\" href=\"https:\/\/www.instagram.com\/translinguoglobal\/\" target=\"_blank\" rel=\"noopener\">Instagram<\/a> y <a title=\"Trasnslinguo Global\" href=\"https:\/\/es.linkedin.com\/company\/agencia-de-traduccion-translinguo-global\" target=\"_blank\" rel=\"noopener\">Linkedin<\/a><\/p>\n","protected":false},"excerpt":{"rendered":"<p>Entreprise de traduction de russe Connaissance de la langue de russe Entreprise de traduction de russe. Le russe est une langue indo-europ\u00e9enne de la branche slave orientale. C&rsquo;est la langue officiel de Russie, mais aussi d&rsquo;en d&rsquo;autres pays comme la Bi\u00e9lorussie, Kirghizistan et Kazakhstan. De m\u00eame qu&rsquo;en Ukraine et dans certaines r\u00e9gions d&rsquo;Estonie, Lettonie et [&hellip;]<\/p>\n","protected":false},"author":3,"featured_media":41924,"parent":0,"menu_order":0,"comment_status":"closed","ping_status":"closed","template":"","meta":{"_crdt_document":"","inline_featured_image":false,"site-sidebar-layout":"no-sidebar","site-content-layout":"page-builder","ast-site-content-layout":"full-width-container","site-content-style":"default","site-sidebar-style":"default","ast-global-header-display":"","ast-banner-title-visibility":"","ast-main-header-display":"","ast-hfb-above-header-display":"","ast-hfb-below-header-display":"","ast-hfb-mobile-header-display":"","site-post-title":"disabled","ast-breadcrumbs-content":"","ast-featured-img":"disabled","footer-sml-layout":"","ast-disable-related-posts":"","theme-transparent-header-meta":"default","adv-header-id-meta":"","stick-header-meta":"","header-above-stick-meta":"","header-main-stick-meta":"","header-below-stick-meta":"","astra-migrate-meta-layouts":"set","ast-page-background-enabled":"default","ast-page-background-meta":{"desktop":{"background-color":"var(--ast-global-color-4)","background-image":"","background-repeat":"repeat","background-position":"center center","background-size":"auto","background-attachment":"scroll","background-type":"","background-media":"","overlay-type":"","overlay-color":"","overlay-opacity":"","overlay-gradient":""},"tablet":{"background-color":"","background-image":"","background-repeat":"repeat","background-position":"center center","background-size":"auto","background-attachment":"scroll","background-type":"","background-media":"","overlay-type":"","overlay-color":"","overlay-opacity":"","overlay-gradient":""},"mobile":{"background-color":"","background-image":"","background-repeat":"repeat","background-position":"center center","background-size":"auto","background-attachment":"scroll","background-type":"","background-media":"","overlay-type":"","overlay-color":"","overlay-opacity":"","overlay-gradient":""}},"ast-content-background-meta":{"desktop":{"background-color":"var(--ast-global-color-5)","background-image":"","background-repeat":"repeat","background-position":"center center","background-size":"auto","background-attachment":"scroll","background-type":"","background-media":"","overlay-type":"","overlay-color":"","overlay-opacity":"","overlay-gradient":""},"tablet":{"background-color":"var(--ast-global-color-5)","background-image":"","background-repeat":"repeat","background-position":"center center","background-size":"auto","background-attachment":"scroll","background-type":"","background-media":"","overlay-type":"","overlay-color":"","overlay-opacity":"","overlay-gradient":""},"mobile":{"background-color":"var(--ast-global-color-5)","background-image":"","background-repeat":"repeat","background-position":"center center","background-size":"auto","background-attachment":"scroll","background-type":"","background-media":"","overlay-type":"","overlay-color":"","overlay-opacity":"","overlay-gradient":""}},"footnotes":""},"class_list":["post-44635","page","type-page","status-publish","has-post-thumbnail","hentry"],"_links":{"self":[{"href":"https:\/\/translinguoglobal.com\/fr\/wp-json\/wp\/v2\/pages\/44635","targetHints":{"allow":["GET"]}}],"collection":[{"href":"https:\/\/translinguoglobal.com\/fr\/wp-json\/wp\/v2\/pages"}],"about":[{"href":"https:\/\/translinguoglobal.com\/fr\/wp-json\/wp\/v2\/types\/page"}],"author":[{"embeddable":true,"href":"https:\/\/translinguoglobal.com\/fr\/wp-json\/wp\/v2\/users\/3"}],"replies":[{"embeddable":true,"href":"https:\/\/translinguoglobal.com\/fr\/wp-json\/wp\/v2\/comments?post=44635"}],"version-history":[{"count":4,"href":"https:\/\/translinguoglobal.com\/fr\/wp-json\/wp\/v2\/pages\/44635\/revisions"}],"predecessor-version":[{"id":68998,"href":"https:\/\/translinguoglobal.com\/fr\/wp-json\/wp\/v2\/pages\/44635\/revisions\/68998"}],"wp:featuredmedia":[{"embeddable":true,"href":"https:\/\/translinguoglobal.com\/fr\/wp-json\/wp\/v2\/media\/41924"}],"wp:attachment":[{"href":"https:\/\/translinguoglobal.com\/fr\/wp-json\/wp\/v2\/media?parent=44635"}],"curies":[{"name":"wp","href":"https:\/\/api.w.org\/{rel}","templated":true}]}}