{"id":44634,"date":"2022-06-13T09:14:36","date_gmt":"2022-06-13T09:14:36","guid":{"rendered":"https:\/\/translinguoglobal.com\/services-de-traduction-litteraire\/"},"modified":"2024-07-12T13:21:11","modified_gmt":"2024-07-12T11:21:11","slug":"services-de-traduction-litteraire","status":"publish","type":"page","link":"https:\/\/translinguoglobal.com\/fr\/services-de-traduction-litteraire\/","title":{"rendered":"Services de traduction litt\u00e9raire"},"content":{"rendered":"<p>Chez Translinguo, une agence de traduction, nous disposons des meilleurs traducteurs de livres et services de <strong>mise en page<\/strong> et r\u00e9vision.<\/p>\n<p>Aujourd&rsquo;hui, la <strong>traduction litt\u00e9raire<\/strong> est tr\u00e8s pr\u00e9sente dans le monde de la traduction. Ce type de traduction consiste en la traduction d&rsquo;<strong>\u0153uvres litt\u00e9raires<\/strong> ou textes. Durant ce processus de traduction, le style et le sens de l&rsquo;auteur doivent \u00eatre respect\u00e9s.<\/p>\n<p>Ce type de texte, \u00e0 la diff\u00e9rence des autres, a une style tr\u00e8s artistique. Ce qui fait de <strong>traduction litt\u00e9raire<\/strong>, une des traduction les plus difficile.<\/p>\n<h2 style=\"text-align: center;\"><strong>Traduction litt\u00e9raire<\/strong><\/h2>\n<p>Dans une agence de traduction comme <a href=\"https:\/\/translinguoglobal.com\/fr\/\">Translinguo Global<\/a>, nous disposons de traducteurs sp\u00e9cialis\u00e9s. Nos traducteurs sont sp\u00e9cialis\u00e9 dans beaucoup de domaine, parmi eux la <strong>traduction litt\u00e9raire<\/strong>. Si vous souhaitez faire appel \u00e0 nos services, nous vous garantissons une traduction de qualit\u00e9, sans erreurs et dans les d\u00e9lais.<\/p>\n<p>Notre agence de traduction Translinguo Global emploie des professionnels. Nos <strong>traducteurs litt\u00e9raires<\/strong> sp\u00e9cialis\u00e9 se charge de la <strong>mise en page<\/strong> des <strong>livres<\/strong> ou <strong>revues<\/strong> dont vous avez besoin de traduire.<\/p>\n<p><img fetchpriority=\"high\" decoding=\"async\" class=\" wp-image-56556 alignright\" src=\"https:\/\/translinguoglobal.com\/wp-content\/uploads\/2023\/04\/photo-1548715724-b1d2813f0b09-300x225.jpg\" alt=\"servicios_de_traducci\u00f3n_literaria\" width=\"351\" height=\"263\" srcset=\"https:\/\/translinguoglobal.com\/wp-content\/uploads\/2023\/04\/photo-1548715724-b1d2813f0b09-300x225.jpg 300w, https:\/\/translinguoglobal.com\/wp-content\/uploads\/2023\/04\/photo-1548715724-b1d2813f0b09-768x576.jpg 768w, https:\/\/translinguoglobal.com\/wp-content\/uploads\/2023\/04\/photo-1548715724-b1d2813f0b09.jpg 1000w\" sizes=\"(max-width: 351px) 100vw, 351px\" \/><\/p>\n<p>De plus, parmi nos services vous pouvez \u00e9galement trouver un service int\u00e9gral de <strong>traduction \u00e9ditoriale.<\/strong> Il s&rsquo;agit de l&rsquo;\u00e9laboration de la <strong>traduction litt\u00e9raire<\/strong>, de la r\u00e9vision du texte et de la <a href=\"https:\/\/translinguoglobal.com\/fr\/mise-en-page-de-textes\/\"><strong>mise en page<\/strong><\/a><strong>.<\/strong><\/p>\n<p>Tous nos traducteurs sp\u00e9cialis\u00e9s dans le domaine sont des experts et des professionnels. Ils se chargent de tout le processus. Si vous \u00eates int\u00e9ress\u00e9 par les services de <strong>traduction litt\u00e9raire,<\/strong> vous pouvez faire votre demande de devis sur le site internet de Translinguo.<\/p>\n<h2><\/h2>\n<h2 style=\"text-align: center;\"><strong>Services de traduction litt\u00e9raire<\/strong><\/h2>\n<p>Au sein de la <strong>traduction litt\u00e9raire<\/strong>, vous pourrez trouver diff\u00e9rents types de services r\u00e9alis\u00e9s par les agences de traduction.<\/p>\n<p>En premier lieu, il y a la <strong>traduction de livre<\/strong>. Que vous ayez besoin de la traduction d&rsquo;un chapitre ou d&rsquo;un livre entier, nous nous en chargeons. Les traducteurs litt\u00e9raires sp\u00e9cialis\u00e9s sont capable de traduire des romans ou m\u00eame des po\u00e8mes complexes. Nous disposons \u00e9galement de traducteur dans beaucoup de langue.<\/p>\n<p>Parmi les autres services de <strong>traduction litt\u00e9raire,<\/strong> il y a la <strong>traduction de revue<\/strong> ou de catalogue. Tant pour la traduction que pour la <strong>mise en page<\/strong>, nous disposons de traducteurs sp\u00e9cialis\u00e9s avec l&rsquo;expertise n\u00e9cessaire. Nos traducteurs peuvent \u00e9galement r\u00e9aliser la <strong>traduction des livres<\/strong> au format .pdf, .epub ou .ebooks.<\/p>\n<p>La <strong>r\u00e9vision de textes<\/strong> est un autre type de service de <strong>traduction litt\u00e9raire<\/strong>. Une fois la traduction finie, il est tr\u00e8s important de passer par le <strong>processus de r\u00e9vision.<\/strong> Durant le processus de r\u00e9vision, il faut s&rsquo;assurer que la <strong>traduction litt\u00e9raire<\/strong> ne contienne aucune erreur. Que ce soit des erreurs de coh\u00e9rence ou des fautes d&rsquo;orthographes. C&rsquo;est une \u00e9tape essentiel.<\/p>\n<p>Enfin, un autre type de service est la <strong>mise en page<\/strong> de texte, livre ou revue. Chez Translinguo Global, nous disposons d&rsquo;une \u00e9quipe de graphistes et traducteurs sp\u00e9cialis\u00e9s en traduction et mise en page de livre.<\/p>\n<p>Il est important que la <strong>personne en charge de la mise en page <\/strong> soit expert et sp\u00e9cialis\u00e9 en <strong>traduction \u00e9ditoriale<\/strong>. Ainsi, nous vous assurons que le r\u00e9sultat final sera une <strong>mise en page<\/strong> de qualit\u00e9.<\/p>\n<h3 style=\"text-align: center;\"><strong>Questions fr\u00e9quentes sur la traduction litt\u00e9raire<\/strong><\/h3>\n<p>Si vous \u00eates int\u00e9ress\u00e9 par nos services de <strong>traduction litt\u00e9raire<\/strong>, il est possible que ayez quelques questions. Dans cette derni\u00e8re partie, vous trouverez diff\u00e9rentes questions pos\u00e9es fr\u00e9quemment.<\/p>\n<ul>\n<li>\n<h4><strong>Quel est le processus de traduction d&rsquo;un texte litt\u00e9raire ?<\/strong><\/h4>\n<\/li>\n<\/ul>\n<p>Le processus de traduction de <strong>texte <a href=\"https:\/\/fr.wikipedia.org\/wiki\/Litt%C3%A9rature\" target=\"_blank\" rel=\"noopener\">litt\u00e9raire<\/a><\/strong> varie selon le type de texte. G\u00e9n\u00e9ralement, ce processus commencera par la traduction du texte. Ensuite, l&rsquo;\u00e9tape suivante est la <strong>r\u00e9vision<\/strong>, pour s&rsquo;assurer que le texte ne contienne pas d&rsquo;erreurs. Enfin, s&rsquo;il est n\u00e9cessaire, on terminera par la <strong>mise en page<\/strong>.<\/p>\n<ul>\n<li>\n<h4><strong>Quels sont les tarifs de la traduction litt\u00e9raire ?<\/strong><\/h4>\n<\/li>\n<\/ul>\n<p>De la m\u00eame mani\u00e8re que pr\u00e9c\u00e9demment, les tarifs de ce type de traduction varient en fonction du texte. Si vous avez besoin de faire appel \u00e0 des <strong>services de traduction litt\u00e9raire<\/strong>, nous conseillons de demander un devis personnalis\u00e9 selon le texte dont vous avez besoin de la traduction.<\/p>\n<p>Les agences de traduction sont indispensables pour que tous type de traduction soit de qualit\u00e9. Chez Translinguo Global, nous disposons de traducteurs sp\u00e9cialis\u00e9 en <strong>traduction litt\u00e9raire<\/strong> qui ma\u00eetrise avec professionnalisme et assurance la traduction de votre texte.<\/p>\n<p>Si vous avez besoin de faire appel \u00e0 des services de traduction litt\u00e9raire, nous conseillons de demander un devis personnalis\u00e9 sur notre site internet.<\/p>\n","protected":false},"excerpt":{"rendered":"<p>Chez Translinguo, une agence de traduction, nous disposons des meilleurs traducteurs de livres et services de mise en page et r\u00e9vision. Aujourd&rsquo;hui, la traduction litt\u00e9raire est tr\u00e8s pr\u00e9sente dans le monde de la traduction. Ce type de traduction consiste en la traduction d&rsquo;\u0153uvres litt\u00e9raires ou textes. Durant ce processus de traduction, le style et le [&hellip;]<\/p>\n","protected":false},"author":3,"featured_media":43305,"parent":0,"menu_order":0,"comment_status":"closed","ping_status":"closed","template":"","meta":{"_crdt_document":"","inline_featured_image":false,"site-sidebar-layout":"no-sidebar","site-content-layout":"page-builder","ast-site-content-layout":"full-width-container","site-content-style":"default","site-sidebar-style":"default","ast-global-header-display":"","ast-banner-title-visibility":"","ast-main-header-display":"","ast-hfb-above-header-display":"","ast-hfb-below-header-display":"","ast-hfb-mobile-header-display":"","site-post-title":"disabled","ast-breadcrumbs-content":"","ast-featured-img":"disabled","footer-sml-layout":"","ast-disable-related-posts":"","theme-transparent-header-meta":"default","adv-header-id-meta":"","stick-header-meta":"","header-above-stick-meta":"","header-main-stick-meta":"","header-below-stick-meta":"","astra-migrate-meta-layouts":"set","ast-page-background-enabled":"default","ast-page-background-meta":{"desktop":{"background-color":"var(--ast-global-color-4)","background-image":"","background-repeat":"repeat","background-position":"center center","background-size":"auto","background-attachment":"scroll","background-type":"","background-media":"","overlay-type":"","overlay-color":"","overlay-opacity":"","overlay-gradient":""},"tablet":{"background-color":"","background-image":"","background-repeat":"repeat","background-position":"center center","background-size":"auto","background-attachment":"scroll","background-type":"","background-media":"","overlay-type":"","overlay-color":"","overlay-opacity":"","overlay-gradient":""},"mobile":{"background-color":"","background-image":"","background-repeat":"repeat","background-position":"center center","background-size":"auto","background-attachment":"scroll","background-type":"","background-media":"","overlay-type":"","overlay-color":"","overlay-opacity":"","overlay-gradient":""}},"ast-content-background-meta":{"desktop":{"background-color":"var(--ast-global-color-5)","background-image":"","background-repeat":"repeat","background-position":"center center","background-size":"auto","background-attachment":"scroll","background-type":"","background-media":"","overlay-type":"","overlay-color":"","overlay-opacity":"","overlay-gradient":""},"tablet":{"background-color":"var(--ast-global-color-5)","background-image":"","background-repeat":"repeat","background-position":"center center","background-size":"auto","background-attachment":"scroll","background-type":"","background-media":"","overlay-type":"","overlay-color":"","overlay-opacity":"","overlay-gradient":""},"mobile":{"background-color":"var(--ast-global-color-5)","background-image":"","background-repeat":"repeat","background-position":"center center","background-size":"auto","background-attachment":"scroll","background-type":"","background-media":"","overlay-type":"","overlay-color":"","overlay-opacity":"","overlay-gradient":""}},"footnotes":""},"class_list":["post-44634","page","type-page","status-publish","has-post-thumbnail","hentry"],"_links":{"self":[{"href":"https:\/\/translinguoglobal.com\/fr\/wp-json\/wp\/v2\/pages\/44634","targetHints":{"allow":["GET"]}}],"collection":[{"href":"https:\/\/translinguoglobal.com\/fr\/wp-json\/wp\/v2\/pages"}],"about":[{"href":"https:\/\/translinguoglobal.com\/fr\/wp-json\/wp\/v2\/types\/page"}],"author":[{"embeddable":true,"href":"https:\/\/translinguoglobal.com\/fr\/wp-json\/wp\/v2\/users\/3"}],"replies":[{"embeddable":true,"href":"https:\/\/translinguoglobal.com\/fr\/wp-json\/wp\/v2\/comments?post=44634"}],"version-history":[{"count":3,"href":"https:\/\/translinguoglobal.com\/fr\/wp-json\/wp\/v2\/pages\/44634\/revisions"}],"predecessor-version":[{"id":68990,"href":"https:\/\/translinguoglobal.com\/fr\/wp-json\/wp\/v2\/pages\/44634\/revisions\/68990"}],"wp:featuredmedia":[{"embeddable":true,"href":"https:\/\/translinguoglobal.com\/fr\/wp-json\/wp\/v2\/media\/43305"}],"wp:attachment":[{"href":"https:\/\/translinguoglobal.com\/fr\/wp-json\/wp\/v2\/media?parent=44634"}],"curies":[{"name":"wp","href":"https:\/\/api.w.org\/{rel}","templated":true}]}}