{"id":44633,"date":"2022-06-13T09:14:20","date_gmt":"2022-06-13T09:14:20","guid":{"rendered":"https:\/\/translinguoglobal.com\/services-de-traduction-juridique-et-legale\/"},"modified":"2024-07-12T16:55:26","modified_gmt":"2024-07-12T14:55:26","slug":"services-de-traduction-juridique-et-legale","status":"publish","type":"page","link":"https:\/\/translinguoglobal.com\/fr\/services-de-traduction-juridique-et-legale\/","title":{"rendered":"Services de traduction juridique et l\u00e9gale"},"content":{"rendered":"<h2 style=\"text-align: center;\">Services de traduction juridique et l\u00e9gale<\/h2>\n<h3><\/h3>\n<h3 style=\"text-align: left;\">Qu\u2019est-ce que la traduction juridique ?<\/h3>\n<p><span style=\"font-weight: 400;\">La <\/span><b>traduction juridique<\/b> <span style=\"font-weight: 400;\">est une branche tr\u00e8s vaste de la traduction qui traite de textes de nature l\u00e9gale. Ces documents peuvent \u00eatre de caract\u00e8re public ou priv\u00e9. Il est important que ce type de traduction soit r\u00e9alis\u00e9 par un expert, compte-tenu de la densit\u00e9 des mots techniques.<\/span><\/p>\n<p><span style=\"font-weight: 400;\">En revanche, vous devez savoir qu\u2019il existe une diff\u00e9rence entre la traduction juridique et la traduction asserment\u00e9e. Bien que toutes deux appartiennent au domaine juridique, la traduction asserment\u00e9e a une valeur judiciaire et est reconnue comme officielle.<\/span><\/p>\n<p><span style=\"font-weight: 400;\">Chez Translinguo Global, nous vous \u00e9clairons sur le type de service dont vous avez besoin et nous vous garantissons une qualit\u00e9 optimale. Nous pouvons compter sur des experts <\/span><b>de la traduction de documents l\u00e9gaux<\/b> <span style=\"font-weight: 400;\">qui r\u00e9aliseront d\u2019excellentes traductions, fid\u00e8les \u00e0 l\u2019original.<\/span><\/p>\n<h3 style=\"text-align: left;\"><strong>Qui peut devenir traducteur juridique ?<\/strong><\/h3>\n<p><span style=\"font-weight: 400;\">Les<\/span> <b>traducteurs juridiques<\/b><span style=\"font-weight: 400;\"> n\u2019ont pas besoin de disposer d\u2019un dipl\u00f4me particulier pour proposer leurs services de traduction juridique et l\u00e9gale, contrairement aux traducteurs agr\u00e9\u00e9s. N\u00e9anmoins, ils doivent disposer d\u2019une connaissance approfondie du domaine juridique et des secteurs qui s\u2019y rapportent, tels que l\u2019\u00e9conomie, par exemple.<\/span><\/p>\n<p><span style=\"font-weight: 400;\">Comme pour tout type de<\/span> <a href=\"https:\/\/translinguoglobal.com\/fr\/?page_id=57288\"><span style=\"font-weight: 400;\"> traduction technique<\/span><\/a><span style=\"font-weight: 400;\">, un<\/span><b> traducteur juridique<\/b> <span style=\"font-weight: 400;\">doit \u00eatre un expert en la mati\u00e8re. Dans ce cas, il doit particuli\u00e8rement ma\u00eetriser le domaine l\u00e9gal. Le langage propre \u00e0 ce domaine regorge de terminologie, ce qui peut parfois sembler confus.<\/span><\/p>\n<p><span style=\"font-weight: 400;\">Ma\u00eetriser le vocabulaire juridique n\u2019est pas une t\u00e2che facile et demande beaucoup d\u2019implication. Tout changement de sens de ces termes alt\u00e8re l\u2019ensemble du document et sa valeur. C\u2019est pourquoi nos traducteurs poss\u00e8dent une grande exp\u00e9rience dans le secteur et ma\u00eetrisent \u00e0 la perfection le jargon juridique.<\/span><\/p>\n<p><span style=\"font-weight: 400;\">En outre, en proposant des<\/span> <b> services de<\/b> <b>traduction juridique et l\u00e9gale<\/b><span style=\"font-weight: 400;\"> il est essentiel de garantir la confidentialit\u00e9 des documents. Vous pouvez vous sentir mal \u00e0 l\u2019aise \u00e0 l\u2019id\u00e9e de partager des informations personnelles, mais nous vous assurons qu\u2019avec nous, vos documents seront toujours entre de bonnes mains.<\/span><\/p>\n<p><span style=\"font-weight: 400;\">Chez <a href=\"https:\/\/translinguoglobal.com\/fr\/\">Translinguo Global<\/a>, nous sommes sp\u00e9cialis\u00e9s dans la traduction juridique. Nous vous garantissons des traductions optimales et conformes aux normes de ce domaine. D\u2019autre part, le sens du texte ne sera en aucun cas alt\u00e9r\u00e9, de sorte \u00e0 ce qu\u2019il ne perde pas sa valeur.<\/span><\/p>\n<h3 style=\"text-align: left;\"><strong>Quels sont les documents qui font l\u2019objet d\u2019une traduction juridique ?<\/strong><\/h3>\n<p><span style=\"font-weight: 400;\">Comme il a \u00e9t\u00e9 mentionn\u00e9 plus haut, la traduction juridique traite de documents l\u00e9gaux. Le <\/span><b>traducteur juridique <\/b> <span style=\"font-weight: 400;\">peut traduire des documents \u00e0 destination d\u2019organismes publics ou d\u2019\u00e9tablissements priv\u00e9s.<\/span><\/p>\n<p><span style=\"font-weight: 400;\">Nos professionnels travaillent sur de nombreux textes, chacun pr\u00e9sentant des caract\u00e9ristiques sp\u00e9cifiques. Voici quelques exemples de documents qui font l\u2019objet <\/span><b>d\u2019une traduction<\/b> <b>juridique <\/b><span style=\"font-weight: 400;\">:<\/span><\/p>\n<ul>\n<li style=\"font-weight: 400;\" aria-level=\"1\"><span style=\"font-weight: 400;\">Pouvoirs notariaux et actes ;<\/span><\/li>\n<li style=\"font-weight: 400;\" aria-level=\"1\"><span style=\"font-weight: 400;\">Preuves et actes notari\u00e9s<\/span><\/li>\n<li style=\"font-weight: 400;\" aria-level=\"1\"><span style=\"font-weight: 400;\">Documents relatifs au travail ;<\/span><\/li>\n<li style=\"font-weight: 400;\" aria-level=\"1\"><span style=\"font-weight: 400;\">Testaments et fiducies.<\/span><\/li>\n<li style=\"font-weight: 400;\" aria-level=\"1\"><span style=\"font-weight: 400;\">Documents relatifs au travail ;<\/span><\/li>\n<li style=\"font-weight: 400;\" aria-level=\"1\"><span style=\"font-weight: 400;\">Documents relatifs \u00e0 la propri\u00e9t\u00e9 intellectuelle ou industrielle ;<\/span><\/li>\n<li style=\"font-weight: 400;\" aria-level=\"1\"><span style=\"font-weight: 400;\">R\u00e9glementations et l\u00e9gislations \u00e9trang\u00e8res ;<\/span><\/li>\n<li style=\"font-weight: 400;\" aria-level=\"1\"><span style=\"font-weight: 400;\">D\u00e9cisions judiciaires ;<\/span><\/li>\n<li style=\"font-weight: 400;\" aria-level=\"1\"><span style=\"font-weight: 400;\">Proc\u00e9dures d\u2019arbitrage ;<\/span><\/li>\n<li style=\"font-weight: 400;\" aria-level=\"1\"><span style=\"font-weight: 400;\">Actes et statuts de soci\u00e9t\u00e9.<\/span><\/li>\n<\/ul>\n<p><span style=\"font-weight: 400;\">Comme vous pouvez le constater, ce type de traduction est tr\u00e8s vaste. Comme nous l\u2019avons d\u00e9j\u00e0 mentionn\u00e9 et comme vous pouvez le voir, il s\u2019agit aussi bien de textes \u00e0 caract\u00e8re public que de textes \u00e0 caract\u00e8re priv\u00e9. Par exemple, les r\u00e8glements sont un bon exemple de document public et les documents relatifs au travail, un bon exemple de document priv\u00e9.<\/span><\/p>\n<p><span style=\"font-weight: 400;\">Bien qu\u2019ils appartiennent tous au domaine juridique, ils ont chacun des caract\u00e9ristiques sp\u00e9cifiques et pr\u00e9sentent des \u00e9l\u00e9ments diff\u00e9rents, qui, d\u2019ailleurs, diff\u00e8rent d\u2019un pays \u00e0 l\u2019autre. Nos traducteurs sont parfaitement conscients de ces diff\u00e9rences qui constituent l\u2019aspect le plus complexe de ces textes, en plus du vocabulaire qu\u2019ils contiennent.<\/span><\/p>\n<p><span style=\"font-weight: 400;\">Toutefois, nous savons que la diff\u00e9rence entre la traduction juridique et la traduction asserment\u00e9e peut \u00eatre confuse. Globalement, les textes pr\u00e9sentant ces caract\u00e9ristiques sont des textes juridiques en raison des sujets qu\u2019ils traitent. Le besoin d\u2019une traduction asserment\u00e9e d\u00e9pend de l\u2019utilisation que vous voulez faire du document.<\/span><\/p>\n<p><span style=\"font-weight: 400;\">En r\u00e9sum\u00e9, nous pourrions dire que la traduction juridique peut \u00e9galement \u00eatre appel\u00e9e<\/span> <b>traduction l\u00e9gale<\/b><span style=\"font-weight: 400;\">. Si vous ne savez toujours pas quel type de traduction demander, vous trouverez plus d\u2019informations sur la <\/span><b>traduction de<\/b> <b>documents l\u00e9gaux<\/b><span style=\"font-weight: 400;\">.<\/span><\/p>\n<p><span style=\"font-weight: 400;\">Dans tous les cas, nous vous encourageons \u00e0 nous contacter sans aucune obligation. Nous vous aiderons \u00e0 dissiper tous vos doutes concernant nos services et nous vous donnerons les meilleurs conseils.<\/span><\/p>\n<h2 style=\"text-align: center;\"><strong>Questions fr\u00e9quentes sur la traduction juridique<\/strong><\/h2>\n<h3><strong>Pourquoi la pr\u00e9cision est-elle importante dans la traduction juridique ?<\/strong><\/h3>\n<p><span style=\"font-weight: 400;\">La pr\u00e9cision dans la <a href=\"https:\/\/fr.wikipedia.org\/wiki\/Traduction_juridique\" target=\"_blank\" rel=\"noopener\">traduction juridique<\/a> est essentielle, car toute erreur dans la terminologie ou dans la traduction d\u2019un terme peut modifier le sens de l\u2019ensemble du document juridique, ce qui peut avoir des r\u00e9percussions graves et entra\u00eener des frais.<\/span><\/p>\n<h3><strong>Qui peut r\u00e9aliser une traduction juridique ?<\/strong><\/h3>\n<p><span style=\"font-weight: 400;\">Seuls les traducteurs sp\u00e9cialis\u00e9s dans le domaine juridique peuvent r\u00e9aliser une traduction juridique pr\u00e9cise et efficace.<\/span><\/p>\n<h3><strong>Comment garantir la confidentialit\u00e9 des documents<\/strong> <strong>l\u00e9gaux<\/strong> lors<\/h3>\n<h3><strong>de la traduction ?<\/strong><\/h3>\n<p><span style=\"font-weight: 400;\"> Les agences de traduction disposent g\u00e9n\u00e9ralement de mesures de s\u00e9curit\u00e9 pour garantir la confidentialit\u00e9 des documents l\u00e9gaux durant le processus de traduction.<\/span><\/p>\n<h3><strong>Quel est le d\u00e9lai pour une traduction juridique ?<\/strong><\/h3>\n<p><span style=\"font-weight: 400;\">Le temps n\u00e9cessaire \u00e0 la r\u00e9alisation d\u2019une traduction juridique d\u00e9pend de la taille et de la complexit\u00e9 du document. N\u00e9anmoins, il est important de garder \u00e0 l\u2019esprit que la pr\u00e9cision ne doit pas \u00eatre sacrifi\u00e9e au profit de la rapidit\u00e9.<\/span><\/p>\n<h3><strong>Quels sont les co\u00fbts associ\u00e9s une traduction juridique ?<\/strong><\/h3>\n<p><span style=\"font-weight: 400;\">Le co\u00fbt d\u2019une traduction juridique d\u00e9pend de la taille et de la complexit\u00e9 du document, ainsi que du temps n\u00e9cessaire pour la r\u00e9aliser. En g\u00e9n\u00e9ral, les agences de traduction proposent des devis gratuits pour leurs services de traduction.<\/span><\/p>\n","protected":false},"excerpt":{"rendered":"<p>Services de traduction juridique et l\u00e9gale Qu\u2019est-ce que la traduction juridique ? La traduction juridique est une branche tr\u00e8s vaste de la traduction qui traite de textes de nature l\u00e9gale. Ces documents peuvent \u00eatre de caract\u00e8re public ou priv\u00e9. Il est important que ce type de traduction soit r\u00e9alis\u00e9 par un expert, compte-tenu de la [&hellip;]<\/p>\n","protected":false},"author":3,"featured_media":43294,"parent":0,"menu_order":0,"comment_status":"closed","ping_status":"closed","template":"elementor_header_footer","meta":{"_crdt_document":"","inline_featured_image":false,"site-sidebar-layout":"no-sidebar","site-content-layout":"page-builder","ast-site-content-layout":"full-width-container","site-content-style":"default","site-sidebar-style":"default","ast-global-header-display":"","ast-banner-title-visibility":"","ast-main-header-display":"","ast-hfb-above-header-display":"","ast-hfb-below-header-display":"","ast-hfb-mobile-header-display":"","site-post-title":"disabled","ast-breadcrumbs-content":"","ast-featured-img":"disabled","footer-sml-layout":"","ast-disable-related-posts":"","theme-transparent-header-meta":"default","adv-header-id-meta":"","stick-header-meta":"","header-above-stick-meta":"","header-main-stick-meta":"","header-below-stick-meta":"","astra-migrate-meta-layouts":"set","ast-page-background-enabled":"default","ast-page-background-meta":{"desktop":{"background-color":"var(--ast-global-color-4)","background-image":"","background-repeat":"repeat","background-position":"center center","background-size":"auto","background-attachment":"scroll","background-type":"","background-media":"","overlay-type":"","overlay-color":"","overlay-opacity":"","overlay-gradient":""},"tablet":{"background-color":"","background-image":"","background-repeat":"repeat","background-position":"center center","background-size":"auto","background-attachment":"scroll","background-type":"","background-media":"","overlay-type":"","overlay-color":"","overlay-opacity":"","overlay-gradient":""},"mobile":{"background-color":"","background-image":"","background-repeat":"repeat","background-position":"center center","background-size":"auto","background-attachment":"scroll","background-type":"","background-media":"","overlay-type":"","overlay-color":"","overlay-opacity":"","overlay-gradient":""}},"ast-content-background-meta":{"desktop":{"background-color":"var(--ast-global-color-5)","background-image":"","background-repeat":"repeat","background-position":"center center","background-size":"auto","background-attachment":"scroll","background-type":"","background-media":"","overlay-type":"","overlay-color":"","overlay-opacity":"","overlay-gradient":""},"tablet":{"background-color":"var(--ast-global-color-5)","background-image":"","background-repeat":"repeat","background-position":"center center","background-size":"auto","background-attachment":"scroll","background-type":"","background-media":"","overlay-type":"","overlay-color":"","overlay-opacity":"","overlay-gradient":""},"mobile":{"background-color":"var(--ast-global-color-5)","background-image":"","background-repeat":"repeat","background-position":"center center","background-size":"auto","background-attachment":"scroll","background-type":"","background-media":"","overlay-type":"","overlay-color":"","overlay-opacity":"","overlay-gradient":""}},"footnotes":""},"class_list":["post-44633","page","type-page","status-publish","has-post-thumbnail","hentry"],"_links":{"self":[{"href":"https:\/\/translinguoglobal.com\/fr\/wp-json\/wp\/v2\/pages\/44633","targetHints":{"allow":["GET"]}}],"collection":[{"href":"https:\/\/translinguoglobal.com\/fr\/wp-json\/wp\/v2\/pages"}],"about":[{"href":"https:\/\/translinguoglobal.com\/fr\/wp-json\/wp\/v2\/types\/page"}],"author":[{"embeddable":true,"href":"https:\/\/translinguoglobal.com\/fr\/wp-json\/wp\/v2\/users\/3"}],"replies":[{"embeddable":true,"href":"https:\/\/translinguoglobal.com\/fr\/wp-json\/wp\/v2\/comments?post=44633"}],"version-history":[{"count":3,"href":"https:\/\/translinguoglobal.com\/fr\/wp-json\/wp\/v2\/pages\/44633\/revisions"}],"predecessor-version":[{"id":68988,"href":"https:\/\/translinguoglobal.com\/fr\/wp-json\/wp\/v2\/pages\/44633\/revisions\/68988"}],"wp:featuredmedia":[{"embeddable":true,"href":"https:\/\/translinguoglobal.com\/fr\/wp-json\/wp\/v2\/media\/43294"}],"wp:attachment":[{"href":"https:\/\/translinguoglobal.com\/fr\/wp-json\/wp\/v2\/media?parent=44633"}],"curies":[{"name":"wp","href":"https:\/\/api.w.org\/{rel}","templated":true}]}}