{"id":44631,"date":"2022-06-13T09:13:22","date_gmt":"2022-06-13T09:13:22","guid":{"rendered":"https:\/\/translinguoglobal.com\/traduction-professionnel-pour-les-entreprises\/"},"modified":"2024-07-10T17:51:09","modified_gmt":"2024-07-10T15:51:09","slug":"traduction-professionnel-pour-les-entreprises","status":"publish","type":"page","link":"https:\/\/translinguoglobal.com\/fr\/traduction-professionnel-pour-les-entreprises\/","title":{"rendered":"Service de traduction pour entreprise"},"content":{"rendered":"<h2 style=\"text-align: center;\"><strong>Service de traduction pour entreprise<\/strong><\/h2>\n<p>Nous proposons des services de <strong>traduction pour entreprises<\/strong> de haute qualit\u00e9 et pr\u00e9cision. Nos traducteurs professionnels sont disponible en ligne pour combler vos besoins en traduction dans plusieurs langues. Contactez-nous d\u00e8s \u00e0 pr\u00e9sent pour obtenir un devis gratuitement.<\/p>\n<p>Les agences de traduction sont sp\u00e9cialis\u00e9s dans la traduction de tous type de documents. Si vous avez une entreprise et que vous avez besoin de traduire tous type de document, contactez-nous.<\/p>\n<p>Chez Translinguo Global, nous nous chargeons de traduire des documents juridiques, mais aussi des traduire des texte sp\u00e9cialis\u00e9s dans le domaine de l&rsquo;architecture et du b\u00e2timent, par exemple.<\/p>\n<h2 style=\"text-align: center;\"><strong>Les avantages des services de traduction pour professionnel dans un monde globalis\u00e9.<\/strong><\/h2>\n<p>Dans un monde globalis\u00e9 comme le notre, le travail des traducteurs est indispensable. Gr\u00e2ce aux traducteurs, la communication entre cultures est possible.<\/p>\n<p>Ce facteur est indispensable, si vous r\u00e9fl\u00e9chissez \u00e0 internationaliser votre entreprise. La traduction et l&rsquo;interpr\u00e9tation jouent un r\u00f4le tr\u00e8s important dans ce processus.<\/p>\n<p>Les <strong>traductions pour les entreprises<\/strong> apportent de nombreux avantages \u00e0 votre entreprise. Surtout si votre intention est de faire conna\u00eetre votre entreprise dans d&rsquo;autres parties du monde. Dans un monde globalis\u00e9, la traduction et l&rsquo;interpr\u00e9tation sont des \u00e9l\u00e9ments cl\u00e9s pour l&rsquo;expansion de votre entreprise.<\/p>\n<p>Tout d&rsquo;abord, en <strong>traduisant des documents pour votre entreprise<\/strong>, vous augmenterez le nombre de vos clients. C&rsquo;est l&rsquo;un des principaux avantages de faire appel \u00e0 un <strong>traducteur commercial.<\/strong><\/p>\n<p>Deuxi\u00e8mement, en ayant un plus grand nombre de clients, la taille de l&rsquo;entreprise augmentera \u00e9galement. Cela augmentera la valeur de votre entreprise. De m\u00eame, le niveau de chiffre d&rsquo;affaires augmentera \u00e9galement.<\/p>\n<p>D&rsquo;autre part, l&rsquo;internalisation de votre entreprise vous permettra de d\u00e9velopper votre image de marque. En faisant appel \u00e0 un <strong>traducteur pour les entreprises<\/strong>, votre entreprise peut se faire conna\u00eetre \u00e0 l&rsquo;\u00e9chelle internationale. En outre, vous aurez la possibilit\u00e9 d&rsquo;offrir des services dans d&rsquo;autres pays.<\/p>\n<h2 style=\"text-align: center;\"><strong>Quels types de documents peuvent \u00eatre traduits pour les entreprises ?<\/strong><\/h2>\n<p>En confiant les <strong>services de traduction de votre entreprise<\/strong> \u00e0 une agence de traduction, vous \u00eates assur\u00e9 d&rsquo;obtenir un r\u00e9sultat de qualit\u00e9. Si vous d\u00e9cidez de faire appel \u00e0 une agence de traduction, telle que <a href=\"https:\/\/translinguoglobal.com\/\">Trans<\/a><a style=\"font-size: 16px; background-color: #ffffff;\" href=\"https:\/\/translinguoglobal.com\/\">linguo,<\/a><span style=\"font-size: 16px;\"> vous pouvez \u00eatre s\u00fbr que votre traduction sera exempte d&rsquo;erreurs. Les agences de traduction traitent tous les types de traductions.<\/span><\/p>\n<p>Dans cette partie, nous aborderons quelques-uns des types de traductions dont votre entreprise peut avoir besoin.<\/p>\n<p>Tout d&rsquo;abord, les agences de traduction peuvent traduire des documents asserment\u00e9s. Ce type de traduction est une traduction de documents destin\u00e9s \u00e0 des proc\u00e9dures officielles. Il peut s&rsquo;agir d&rsquo;organismes priv\u00e9s ou publics.<\/p>\n<p>Les agences de <a href=\"https:\/\/es.wikipedia.org\/wiki\/Traducci%C3%B3n\" target=\"_blank\" rel=\"noopener\">traduction<\/a> peuvent \u00e9galement se sp\u00e9cialiser dans les traductions financi\u00e8res ou \u00e9conomiques. Ce type de document peut contenir des chiffres et une terminologie propre au domaine que seul un traducteur sp\u00e9cialis\u00e9 saura traiter naturellement.<\/p>\n<p>Votre entreprise peut \u00e9galement avoir besoin de traductions techniques. Ce type de traduction est tr\u00e8s sp\u00e9cialis\u00e9 et contient une grande quantit\u00e9 de contenu sp\u00e9cifique. C&rsquo;est pourquoi seul un traduct<span style=\"font-size: 16px;\">eur sp\u00e9cialis\u00e9 dans le domaine concern\u00e9 saura traiter la traduction correctement.<\/span><\/p>\n<p>Certains types de <strong>documents<\/strong> pouvant \u00eatre <strong>traduits pour les entreprises<\/strong> ont \u00e9t\u00e9 mentionn\u00e9s ci-dessus. Cependant, il existe une grande vari\u00e9t\u00e9 de domaines et de documents qu&rsquo;une entreprise peut avoir besoin de traduire. Les agences telles que Translinguo s&rsquo;occupent de tous les types de documents. Demandez un devis.<\/p>\n<h3 style=\"text-align: center;\"><strong>Documents commerciaux et juridiques pouvant \u00eatre traduits<\/strong><\/h3>\n<p>La traduction commerciale concerne la traduction de tous les documents qui doivent<span style=\"font-size: 16px; font-style: normal; font-weight: 400;\">\u00eatre traduits dans un environnement commercial. Si vous devez <\/span><strong style=\"font-size: 16px; font-style: normal;\">traduire des documents pour votre entreprise<\/strong>, <span style=\"font-size: 16px; font-style: normal; font-weight: 400;\"> essayez de faire appel \u00e0 une agence de traduction.<\/span><\/p>\n<p style=\"font-size: 16px; font-style: normal; font-weight: 400; text-align: left;\"><span style=\"font-size: 16px;\">Parmi les documents commerciaux pouvant \u00eatre traduits, on trouve<\/span><span style=\"font-size: 16px;\">une grande vari\u00e9t\u00e9. Rapports d&rsquo;entreprise, documents de paiement, rapports commerciaux, notes, plans d&rsquo;affaires et m\u00eame accords de distribution. Tous ces documents, et bien d&rsquo;autres encore, peuvent n\u00e9cessiter <\/span><strong style=\"font-size: 16px;\">une traduction <\/strong><span style=\"font-size: 16px;\">au sein d&rsquo;une <\/span> <strong style=\"font-size: 16px;\">entreprise<\/strong><span style=\"font-size: 16px;\">.<\/span><\/p>\n<p><img fetchpriority=\"high\" decoding=\"async\" class=\"aligncenter wp-image-56514\" style=\"font-weight: inherit;\" src=\"https:\/\/translinguoglobal.com\/wp-content\/uploads\/2023\/04\/documentacion-300x168.jpg\" alt=\"servicios_de_traducci\u00f3n_empresarial\" width=\"403\" height=\"226\" srcset=\"https:\/\/translinguoglobal.com\/wp-content\/uploads\/2023\/04\/documentacion-300x168.jpg 300w, https:\/\/translinguoglobal.com\/wp-content\/uploads\/2023\/04\/documentacion-768x431.jpg 768w, https:\/\/translinguoglobal.com\/wp-content\/uploads\/2023\/04\/documentacion.jpg 990w\" sizes=\"(max-width: 403px) 100vw, 403px\" \/><\/p>\n<p>Si vous avez besoin de <strong>traduire<\/strong> un <strong>document pour votre entreprise<\/strong>, contactez une agence de traduction. Chez <a href=\"https:\/\/translinguoglobal.com\/\">Translinguo Global<\/a>, nous nous occupons de tous les types de <strong>traductions pour votre entreprise.<\/strong> Demandez un devis sur notre site web.<\/p>\n","protected":false},"excerpt":{"rendered":"<p>Service de traduction pour entreprise Nous proposons des services de traduction pour entreprises de haute qualit\u00e9 et pr\u00e9cision. Nos traducteurs professionnels sont disponible en ligne pour combler vos besoins en traduction dans plusieurs langues. Contactez-nous d\u00e8s \u00e0 pr\u00e9sent pour obtenir un devis gratuitement. Les agences de traduction sont sp\u00e9cialis\u00e9s dans la traduction de tous type [&hellip;]<\/p>\n","protected":false},"author":3,"featured_media":43571,"parent":0,"menu_order":0,"comment_status":"closed","ping_status":"closed","template":"","meta":{"_crdt_document":"","inline_featured_image":false,"site-sidebar-layout":"default","site-content-layout":"default","ast-site-content-layout":"default","site-content-style":"default","site-sidebar-style":"default","ast-global-header-display":"","ast-banner-title-visibility":"","ast-main-header-display":"","ast-hfb-above-header-display":"","ast-hfb-below-header-display":"","ast-hfb-mobile-header-display":"","site-post-title":"","ast-breadcrumbs-content":"","ast-featured-img":"","footer-sml-layout":"","ast-disable-related-posts":"","theme-transparent-header-meta":"default","adv-header-id-meta":"","stick-header-meta":"","header-above-stick-meta":"","header-main-stick-meta":"","header-below-stick-meta":"","astra-migrate-meta-layouts":"default","ast-page-background-enabled":"default","ast-page-background-meta":{"desktop":{"background-color":"var(--ast-global-color-4)","background-image":"","background-repeat":"repeat","background-position":"center center","background-size":"auto","background-attachment":"scroll","background-type":"","background-media":"","overlay-type":"","overlay-color":"","overlay-opacity":"","overlay-gradient":""},"tablet":{"background-color":"","background-image":"","background-repeat":"repeat","background-position":"center center","background-size":"auto","background-attachment":"scroll","background-type":"","background-media":"","overlay-type":"","overlay-color":"","overlay-opacity":"","overlay-gradient":""},"mobile":{"background-color":"","background-image":"","background-repeat":"repeat","background-position":"center center","background-size":"auto","background-attachment":"scroll","background-type":"","background-media":"","overlay-type":"","overlay-color":"","overlay-opacity":"","overlay-gradient":""}},"ast-content-background-meta":{"desktop":{"background-color":"var(--ast-global-color-5)","background-image":"","background-repeat":"repeat","background-position":"center center","background-size":"auto","background-attachment":"scroll","background-type":"","background-media":"","overlay-type":"","overlay-color":"","overlay-opacity":"","overlay-gradient":""},"tablet":{"background-color":"var(--ast-global-color-5)","background-image":"","background-repeat":"repeat","background-position":"center center","background-size":"auto","background-attachment":"scroll","background-type":"","background-media":"","overlay-type":"","overlay-color":"","overlay-opacity":"","overlay-gradient":""},"mobile":{"background-color":"var(--ast-global-color-5)","background-image":"","background-repeat":"repeat","background-position":"center center","background-size":"auto","background-attachment":"scroll","background-type":"","background-media":"","overlay-type":"","overlay-color":"","overlay-opacity":"","overlay-gradient":""}},"footnotes":""},"class_list":["post-44631","page","type-page","status-publish","has-post-thumbnail","hentry"],"_links":{"self":[{"href":"https:\/\/translinguoglobal.com\/fr\/wp-json\/wp\/v2\/pages\/44631","targetHints":{"allow":["GET"]}}],"collection":[{"href":"https:\/\/translinguoglobal.com\/fr\/wp-json\/wp\/v2\/pages"}],"about":[{"href":"https:\/\/translinguoglobal.com\/fr\/wp-json\/wp\/v2\/types\/page"}],"author":[{"embeddable":true,"href":"https:\/\/translinguoglobal.com\/fr\/wp-json\/wp\/v2\/users\/3"}],"replies":[{"embeddable":true,"href":"https:\/\/translinguoglobal.com\/fr\/wp-json\/wp\/v2\/comments?post=44631"}],"version-history":[{"count":2,"href":"https:\/\/translinguoglobal.com\/fr\/wp-json\/wp\/v2\/pages\/44631\/revisions"}],"predecessor-version":[{"id":68861,"href":"https:\/\/translinguoglobal.com\/fr\/wp-json\/wp\/v2\/pages\/44631\/revisions\/68861"}],"wp:featuredmedia":[{"embeddable":true,"href":"https:\/\/translinguoglobal.com\/fr\/wp-json\/wp\/v2\/media\/43571"}],"wp:attachment":[{"href":"https:\/\/translinguoglobal.com\/fr\/wp-json\/wp\/v2\/media?parent=44631"}],"curies":[{"name":"wp","href":"https:\/\/api.w.org\/{rel}","templated":true}]}}