{"id":44629,"date":"2022-06-13T09:12:41","date_gmt":"2022-06-13T09:12:41","guid":{"rendered":"https:\/\/translinguoglobal.com\/services-de-traduction-pour-le-commerce\/"},"modified":"2024-07-12T12:47:55","modified_gmt":"2024-07-12T10:47:55","slug":"services-de-traduction-pour-le-commerce","status":"publish","type":"page","link":"https:\/\/translinguoglobal.com\/fr\/services-de-traduction-pour-le-commerce\/","title":{"rendered":"Services de traducion pour commerce en ligne"},"content":{"rendered":"<h2 style=\"text-align: center;\">Service de traducion pour commerce en ligne<\/h2>\n<h3 style=\"text-align: center;\"><strong>Qu\u2019est-ce que la traduction pour commerce en ligne ?<\/strong><\/h3>\n<p>Service de traduction pour commerce en ligne Le <a href=\"https:\/\/fr.wikipedia.org\/wiki\/Commerce_en_ligne\" target=\"_blank\" rel=\"noopener\">commerce en ligne<\/a> est \u00e9galement connu sous le nom de \u00ab e-commerce \u00bb En d\u2019autres termes, les entreprises vendent leurs produits en ligne, sur Internet. Comme nous vivons d\u00e9sormais dans un monde o\u00f9 la technologie est essentielle, la vente en ligne est un moyen de se d\u00e9velopper. En d\u2019autres termes, les produits peuvent atteindre davantage de personnes \u00e0 l\u2019\u00e9chelle internationale en \u00e9tant vendus en ligne.<\/p>\n<p>Le monde du <em>commerce en ligne<\/em> \u00e9tant assez complexe, nous en abordons plusieurs aspects. Tout d\u2019abord, le <em>commerce en ligne<\/em> peut \u00eatre r\u00e9alis\u00e9 par le biais de diverses applications telles que les courriers \u00e9lectroniques, les catalogues et les services web, entre autres. Deuxi\u00e8mement, le <em>commerce en ligne<\/em> se compose \u00e9galement de diff\u00e9rents mod\u00e8les. Tout comme les magasins physiques, le commerce \u00e9lectronique doit r\u00e9pondre \u00e0 diff\u00e9rents types de besoins en fonction du client. On trouve des mod\u00e8les tels que la boutique en ligne ou le <em>Marketplace<\/em> (par exemple, Amazon).<\/p>\n<h3 style=\"text-align: center;\"><strong>Quels types de traductions sont effectu\u00e9es pour l\u2019<em>e-commerce<\/em>?<\/strong><\/h3>\n<p>Comme toutes les <a href=\"https:\/\/translinguoglobal.com\/fr\/service-de-traduction-specialisee\/\">traductions sont sp\u00e9cialis\u00e9es<\/a>, il est essentiel de faire appel \u00e0 des traducteurs professionnels ayant une connaissance approfondie du sujet trait\u00e9. Dans le cas contraire, si un traducteur automatique est utilis\u00e9, le message ne peut \u00eatre adapt\u00e9 culturellement au public cible. C\u2019est pourquoi le facteur humain est toujours n\u00e9cessaire, c\u2019est-\u00e0-dire un traducteur sp\u00e9cialis\u00e9 dans les traductions de <em>commerce en ligne. <\/em> De cette fa\u00e7on, l\u2019internationalisation de la boutique en ligne sera un succ\u00e8s.<\/p>\n<p>Les services de traduction peuvent \u00e9galement vous aider \u00e0 savoir si votre produit se vendrait bien dans un certain pays. \u00c0 votre tour, vous pouvez \u00e9galement \u00e9tablir des <a href=\"https:\/\/fr.wikipedia.org\/wiki\/Canal_de_communication_(th%C3%A9orie_de_l%27information)\" target=\"_blank\" rel=\"noopener\">canaux de communication<\/a> plus adapt\u00e9s \u00e0 chaque pays. Cela est possible gr\u00e2ce aux connaissances linguistiques et culturelles approfondies des traducteurs professionnels.<\/p>\n<p>Les traductions pour le <em>commerce en ligne<\/em> qui peuvent \u00eatre effectu\u00e9es par des traducteurs professionnels sont les suivantes : <em>newsletters<\/em>, campagnes publicitaires ou contenu pour les r\u00e9seaux sociaux. Ils peuvent \u00e9galement traduire des sites web, des applications mobiles ou des logiciels. En outre, ils peuvent \u00e9galement traduire les politiques de confidentialit\u00e9 et les avis juridiques, ainsi que les mises \u00e0 jour r\u00e9guli\u00e8res des stocks.<\/p>\n<h3 style=\"text-align: center;\"><strong>Exemples de services de traduction pour l\u2019<em>e-commerce<\/em><\/strong><\/h3>\n<p>Si votre produit atteint plus de clients, vos ventes augmentent et le commerce de ce produit est \u00e9largi. Pour cela, votre boutique doit \u00eatre r\u00e9dig\u00e9e en plusieurs langues, car n\u2019avoir qu\u2019une seule langue limite vos ventes. n outre, internationaliser votre boutique signifie attirer de nouveaux clients, de sorte que la demande pour votre produit augmentera. C\u2019est pourquoi des traducteurs professionnels effectuent des traductions pour l\u2019<em>e-commerce<\/em>.<\/p>\n<p>Pour faire de votre commerce \u00e9lectronique international un succ\u00e8s, les traducteurs doivent appliquer le concept de <a href=\"https:\/\/translinguoglobal.com\/fr\/service-de-localisation-de-pages-internet\/\">localisation<\/a>. En localisant correctement un produit, ils peuvent adapter culturellement le contenu du produit \u00e0 la langue cible.<\/p>\n<p><span style=\"font-weight: 400;\">Notre agence dispose d\u2019une \u00e9quipe de traducteurs hautement qualifi\u00e9s qui poss\u00e8dent les comp\u00e9tences de recherche et d\u2019analyse n\u00e9cessaires \u00e0 une bonne traduction. Ainsi, si vous cherchez une <\/span><b>entreprise de traduction,<\/b> <span style=\"font-weight: 400;\">vous \u00eates au bon endroit, au bon moment. <\/span><\/p>\n<p><span style=\"font-weight: 400;\">Notre travail est de veiller \u00e0 votre satisfaction, car nous, Translinguo, voulons le meilleur pour vous ! N\u2019h\u00e9sitez pas \u00e0 nous contacter, vous serez re\u00e7u comme il se doit, nous vous accompagnerons tout au long du processus du traduction que vous choisirez ! <\/span><\/p>\n<p><span style=\"font-weight: 400;\">Nous vous garantissons le professionnalisme de nos traducteurs et relecteurs. Traducteurs natifs et sp\u00e9cialis\u00e9s. Nous disposons des traducteurs aux quatre coins du monde, ce qui nous permet de proposer un service de traduction sp\u00e9cialis\u00e9e \u00e0 n\u2019importe quelle heure de la journ\u00e9e. Nous pouvons dire alors que nous travaillons 24 heures sur 24.<\/span><\/p>\n<p>Consultez nos profils sur <a title=\"Translinguo Global\" href=\"https:\/\/www.facebook.com\/translinguoglobal\" target=\"_blank\" rel=\"noopener\">Facebook<\/a>, <a title=\"Translinguo Global\" href=\"https:\/\/www.instagram.com\/translinguoglobal\/\" target=\"_blank\" rel=\"noopener\">Instagram<\/a> y <a title=\"Trasnslinguo Global\" href=\"https:\/\/es.linkedin.com\/company\/agencia-de-traduccion-translinguo-global\" target=\"_blank\" rel=\"noopener\">Linkedin<\/a><\/p>\n","protected":false},"excerpt":{"rendered":"<p>Service de traducion pour commerce en ligne Qu\u2019est-ce que la traduction pour commerce en ligne ? Service de traduction pour commerce en ligne Le commerce en ligne est \u00e9galement connu sous le nom de \u00ab e-commerce \u00bb En d\u2019autres termes, les entreprises vendent leurs produits en ligne, sur Internet. Comme nous vivons d\u00e9sormais dans un [&hellip;]<\/p>\n","protected":false},"author":3,"featured_media":39307,"parent":0,"menu_order":0,"comment_status":"closed","ping_status":"closed","template":"elementor_header_footer","meta":{"_crdt_document":"","inline_featured_image":false,"site-sidebar-layout":"no-sidebar","site-content-layout":"page-builder","ast-site-content-layout":"full-width-container","site-content-style":"default","site-sidebar-style":"default","ast-global-header-display":"","ast-banner-title-visibility":"","ast-main-header-display":"","ast-hfb-above-header-display":"","ast-hfb-below-header-display":"","ast-hfb-mobile-header-display":"","site-post-title":"disabled","ast-breadcrumbs-content":"","ast-featured-img":"disabled","footer-sml-layout":"","ast-disable-related-posts":"","theme-transparent-header-meta":"default","adv-header-id-meta":"","stick-header-meta":"","header-above-stick-meta":"","header-main-stick-meta":"","header-below-stick-meta":"","astra-migrate-meta-layouts":"set","ast-page-background-enabled":"default","ast-page-background-meta":{"desktop":{"background-color":"var(--ast-global-color-4)","background-image":"","background-repeat":"repeat","background-position":"center center","background-size":"auto","background-attachment":"scroll","background-type":"","background-media":"","overlay-type":"","overlay-color":"","overlay-opacity":"","overlay-gradient":""},"tablet":{"background-color":"","background-image":"","background-repeat":"repeat","background-position":"center center","background-size":"auto","background-attachment":"scroll","background-type":"","background-media":"","overlay-type":"","overlay-color":"","overlay-opacity":"","overlay-gradient":""},"mobile":{"background-color":"","background-image":"","background-repeat":"repeat","background-position":"center center","background-size":"auto","background-attachment":"scroll","background-type":"","background-media":"","overlay-type":"","overlay-color":"","overlay-opacity":"","overlay-gradient":""}},"ast-content-background-meta":{"desktop":{"background-color":"var(--ast-global-color-5)","background-image":"","background-repeat":"repeat","background-position":"center center","background-size":"auto","background-attachment":"scroll","background-type":"","background-media":"","overlay-type":"","overlay-color":"","overlay-opacity":"","overlay-gradient":""},"tablet":{"background-color":"var(--ast-global-color-5)","background-image":"","background-repeat":"repeat","background-position":"center center","background-size":"auto","background-attachment":"scroll","background-type":"","background-media":"","overlay-type":"","overlay-color":"","overlay-opacity":"","overlay-gradient":""},"mobile":{"background-color":"var(--ast-global-color-5)","background-image":"","background-repeat":"repeat","background-position":"center center","background-size":"auto","background-attachment":"scroll","background-type":"","background-media":"","overlay-type":"","overlay-color":"","overlay-opacity":"","overlay-gradient":""}},"footnotes":""},"class_list":["post-44629","page","type-page","status-publish","has-post-thumbnail","hentry"],"_links":{"self":[{"href":"https:\/\/translinguoglobal.com\/fr\/wp-json\/wp\/v2\/pages\/44629","targetHints":{"allow":["GET"]}}],"collection":[{"href":"https:\/\/translinguoglobal.com\/fr\/wp-json\/wp\/v2\/pages"}],"about":[{"href":"https:\/\/translinguoglobal.com\/fr\/wp-json\/wp\/v2\/types\/page"}],"author":[{"embeddable":true,"href":"https:\/\/translinguoglobal.com\/fr\/wp-json\/wp\/v2\/users\/3"}],"replies":[{"embeddable":true,"href":"https:\/\/translinguoglobal.com\/fr\/wp-json\/wp\/v2\/comments?post=44629"}],"version-history":[{"count":3,"href":"https:\/\/translinguoglobal.com\/fr\/wp-json\/wp\/v2\/pages\/44629\/revisions"}],"predecessor-version":[{"id":69001,"href":"https:\/\/translinguoglobal.com\/fr\/wp-json\/wp\/v2\/pages\/44629\/revisions\/69001"}],"wp:featuredmedia":[{"embeddable":true,"href":"https:\/\/translinguoglobal.com\/fr\/wp-json\/wp\/v2\/media\/39307"}],"wp:attachment":[{"href":"https:\/\/translinguoglobal.com\/fr\/wp-json\/wp\/v2\/media?parent=44629"}],"curies":[{"name":"wp","href":"https:\/\/api.w.org\/{rel}","templated":true}]}}