{"id":43689,"date":"2022-05-06T16:58:37","date_gmt":"2022-05-06T16:58:37","guid":{"rendered":"https:\/\/translinguoglobal.com\/strategie-de-referencement-des-moteurs-de-recherche-seo-sem\/"},"modified":"2025-02-11T10:10:37","modified_gmt":"2025-02-11T09:10:37","slug":"strategie-de-referencement-des-moteurs-de-recherche-seo-sem","status":"publish","type":"page","link":"https:\/\/translinguoglobal.com\/fr\/strategie-de-referencement-des-moteurs-de-recherche-seo-sem\/","title":{"rendered":"Optimisation des moteurs de recherche SEO, SEM"},"content":{"rendered":"<h2 style=\"text-align: center;\">Optimisation des moteurs de recherche SEO, SEM<\/h2>\n<p><a href=\"https:\/\/es.wikipedia.org\/wiki\/Posicionamiento_en_buscadores\" target=\"_blank\" rel=\"noopener\">Optimisation<\/a> des moteurs de recherche SEO, SEM. La cl\u00e9 du <strong>SEO multilingue<\/strong> est, en quelques mots, ce qui rend votre site web plus utile \u00e0 la fois pour les utilisateurs et pour les <a href=\"https:\/\/es.wikipedia.org\/wiki\/Motor_de_b%C3%BAsqueda\" target=\"_blank\" rel=\"noopener\">moteurs de recherche<\/a>. Chez <a href=\"https:\/\/translinguoglobal.com\/\"><strong>Translinguo Global\u00ae,<\/strong><\/a> nous aidons les moteurs de recherche \u00e0 mieux comprendre le contenu de votre site web. Si vous souhaitez internationaliser votre entreprise, profitez de notre service de SEO multilingue. Nous am\u00e9liorons le positionnement de votre site web d&rsquo;entreprise et nous nous engageons \u00e0 convertir votre trafic en clients r\u00e9els. Nous nous chargeons d&rsquo;am\u00e9liorer votre r\u00e9putation !   <\/p>\n<p>&nbsp;<\/p>\n<table style=\"width: 100%; border-collapse: collapse; border-style: hidden;\" border=\"0\">\n<tbody>\n<tr>\n<td style=\"width: 33.3333%;\"><img decoding=\"async\" class=\"size-medium wp-image-39229 aligncenter\" src=\"https:\/\/translinguoglobal.com\/wp-content\/uploads\/2022\/04\/ortografia-300x300-1-300x300.png\" alt=\"\" width=\"80\" height=\"80\" srcset=\"https:\/\/translinguoglobal.com\/wp-content\/uploads\/2022\/04\/ortografia-300x300-1.png 300w, https:\/\/translinguoglobal.com\/wp-content\/uploads\/2022\/04\/ortografia-300x300-1-150x150.png 150w\" sizes=\"(max-width: 80px) 100vw, 80px\" \/><\/p>\n<p style=\"text-align: center;\">Cr\u00e9ation, planification, <a href=\"https:\/\/translinguoglobal.com\/redaccion-de-contenidos\/\">r\u00e9daction de contenu<\/a> et structure du portail web ou du blog.<\/p>\n<\/td>\n<td style=\"width: 33.3333%;\"><img decoding=\"async\" class=\"size-full wp-image-39715 aligncenter\" src=\"https:\/\/translinguoglobal.com\/wp-content\/uploads\/2022\/04\/computer-1.png\" alt=\"\" width=\"80\" height=\"80\" srcset=\"https:\/\/translinguoglobal.com\/wp-content\/uploads\/2022\/04\/computer-1.png 250w, https:\/\/translinguoglobal.com\/wp-content\/uploads\/2022\/04\/computer-1-150x150.png 150w\" sizes=\"(max-width: 80px) 100vw, 80px\" \/><\/p>\n<p style=\"text-align: center;\">Maintenance du site web ou du blog.<\/p>\n<\/td>\n<td style=\"width: 33.3333%;\"><img decoding=\"async\" class=\"size-full wp-image-39722 aligncenter\" src=\"https:\/\/translinguoglobal.com\/wp-content\/uploads\/2022\/04\/seo.png\" alt=\"\" width=\"80\" height=\"80\" srcset=\"https:\/\/translinguoglobal.com\/wp-content\/uploads\/2022\/04\/seo.png 250w, https:\/\/translinguoglobal.com\/wp-content\/uploads\/2022\/04\/seo-150x150.png 150w\" sizes=\"(max-width: 80px) 100vw, 80px\" \/><\/p>\n<p style=\"text-align: center;\">Positionnement SEO, SEM et SEO multilingue.<\/p>\n<\/td>\n<\/tr>\n<tr>\n<td style=\"width: 33.3333%;\"><img loading=\"lazy\" decoding=\"async\" class=\"size-full wp-image-39729 aligncenter\" src=\"https:\/\/translinguoglobal.com\/wp-content\/uploads\/2022\/04\/analitycs.png\" alt=\"\" width=\"80\" height=\"80\" srcset=\"https:\/\/translinguoglobal.com\/wp-content\/uploads\/2022\/04\/analitycs.png 250w, https:\/\/translinguoglobal.com\/wp-content\/uploads\/2022\/04\/analitycs-150x150.png 150w\" sizes=\"(max-width: 80px) 100vw, 80px\" \/><\/p>\n<p style=\"text-align: center;\">Gestion de crise de la r\u00e9putation <em>en ligne<\/em>.<\/p>\n<\/td>\n<td style=\"width: 33.3333%;\"><img loading=\"lazy\" decoding=\"async\" class=\"size-full wp-image-39736 aligncenter\" src=\"https:\/\/translinguoglobal.com\/wp-content\/uploads\/2022\/04\/ok.png\" alt=\"Surveillance de contenus\" width=\"80\" height=\"80\" srcset=\"https:\/\/translinguoglobal.com\/wp-content\/uploads\/2022\/04\/ok.png 250w, https:\/\/translinguoglobal.com\/wp-content\/uploads\/2022\/04\/ok-150x150.png 150w\" sizes=\"(max-width: 80px) 100vw, 80px\" \/><\/p>\n<p style=\"text-align: center;\">Contr\u00f4le du contenu des <em>envois<\/em><\/p>\n<p>&nbsp;<\/td>\n<td style=\"width: 33.3333%;\"><img loading=\"lazy\" decoding=\"async\" class=\"size-full wp-image-39743 aligncenter\" src=\"https:\/\/translinguoglobal.com\/wp-content\/uploads\/2022\/04\/email.png\" alt=\"\" width=\"80\" height=\"80\" srcset=\"https:\/\/translinguoglobal.com\/wp-content\/uploads\/2022\/04\/email.png 250w, https:\/\/translinguoglobal.com\/wp-content\/uploads\/2022\/04\/email-150x150.png 150w\" sizes=\"(max-width: 80px) 100vw, 80px\" \/><\/p>\n<p style=\"text-align: center;\">Bulletins\/<em>newsletters<\/em>.<\/p>\n<\/td>\n<\/tr>\n<\/tbody>\n<\/table>\n<p>Le SEO est le meilleur moyen pour vos utilisateurs de vous trouver par le biais de recherches pour lesquelles votre site web est pertinent. Ces utilisateurs recherchent ce que vous leur offrez, et le meilleur moyen de les atteindre est donc de passer par un moteur de recherche. <\/p>\n<h3 style=\"text-align: center;\">Structuration, cl\u00e9s et ex\u00e9cution pour stimuler le SEO multilingue<\/h3>\n<p>Chez <strong>Translinguo Global\u00ae<\/strong>, nous avons con\u00e7u un nouveau service de transcr\u00e9ation SEO. La transcr\u00e9ation est la cl\u00e9 du <em>marketing<\/em> multilingue sur les moteurs de recherche. Unifier diff\u00e9rents march\u00e9s et diff\u00e9rentes langues dans un m\u00eame projet est la meilleure solution pour les entreprises et les particuliers qui souhaitent gagner du temps et r\u00e9duire leurs co\u00fbts. En outre, elle permet d&rsquo;obtenir des r\u00e9sultats de haute qualit\u00e9 d\u00e8s la premi\u00e8re publication de contenu.   <\/p>\n<blockquote>\n<p class=\"p1\"><span class=\"s1\" style=\"color: #000000;\">Essayez le SEO multilingue et lancez-vous sur la sc\u00e8ne internationale.<\/span><\/p>\n<\/blockquote>\n<h3 style=\"text-align: center;\">Cr\u00e9ation de contenu<\/h3>\n<p>Chez <strong>Translinguo Global\u00ae<\/strong> nous disposons de r\u00e9dacteurs cr\u00e9atifs ayant une connaissance approfondie de divers secteurs. En outre, nous coordonnons toutes les strat\u00e9gies SEO, SEM et SMM de votre entreprise avec la gestion du contenu afin que vos crit\u00e8res d&rsquo;entreprise soient toujours respect\u00e9s : <\/p>\n<p>&nbsp;<\/p>\n<p>&nbsp;<\/p>\n<table style=\"width: 100%; border-collapse: collapse; border-style: hidden;\" border=\"0\">\n<tbody>\n<tr>\n<td style=\"width: 25%;\"><img loading=\"lazy\" decoding=\"async\" class=\"size-full wp-image-39839 aligncenter\" src=\"https:\/\/translinguoglobal.com\/wp-content\/uploads\/2022\/04\/iux-1-1.png\" alt=\"\" width=\"80\" height=\"80\" srcset=\"https:\/\/translinguoglobal.com\/wp-content\/uploads\/2022\/04\/iux-1-1.png 250w, https:\/\/translinguoglobal.com\/wp-content\/uploads\/2022\/04\/iux-1-1-150x150.png 150w\" sizes=\"(max-width: 80px) 100vw, 80px\" \/><\/p>\n<p style=\"text-align: center;\">Utilisabilit\u00e9<\/p>\n<\/td>\n<td style=\"width: 25%;\"><img loading=\"lazy\" decoding=\"async\" class=\"size-full wp-image-39763 aligncenter\" src=\"https:\/\/translinguoglobal.com\/wp-content\/uploads\/2022\/04\/seguridad.png\" alt=\"Accessibilit\u00e9\" width=\"80\" height=\"80\" srcset=\"https:\/\/translinguoglobal.com\/wp-content\/uploads\/2022\/04\/seguridad.png 250w, https:\/\/translinguoglobal.com\/wp-content\/uploads\/2022\/04\/seguridad-150x150.png 150w\" sizes=\"(max-width: 80px) 100vw, 80px\" \/><\/p>\n<p style=\"text-align: center;\">Accessibilit\u00e9<\/p>\n<\/td>\n<td style=\"width: 25%;\"><img loading=\"lazy\" decoding=\"async\" class=\"size-full wp-image-39771 aligncenter\" src=\"https:\/\/translinguoglobal.com\/wp-content\/uploads\/2022\/04\/identidad-corportiva.png\" alt=\"\" width=\"80\" height=\"80\" srcset=\"https:\/\/translinguoglobal.com\/wp-content\/uploads\/2022\/04\/identidad-corportiva.png 250w, https:\/\/translinguoglobal.com\/wp-content\/uploads\/2022\/04\/identidad-corportiva-150x150.png 150w\" sizes=\"(max-width: 80px) 100vw, 80px\" \/><\/p>\n<p style=\"text-align: center;\">Identit\u00e9 d&rsquo;entreprise<\/p>\n<\/td>\n<td style=\"width: 25%;\"><img loading=\"lazy\" decoding=\"async\" class=\"size-full wp-image-39781 aligncenter\" src=\"https:\/\/translinguoglobal.com\/wp-content\/uploads\/2022\/04\/rates.png\" alt=\"Qualit\u00e9\" width=\"80\" height=\"80\" srcset=\"https:\/\/translinguoglobal.com\/wp-content\/uploads\/2022\/04\/rates.png 250w, https:\/\/translinguoglobal.com\/wp-content\/uploads\/2022\/04\/rates-150x150.png 150w\" sizes=\"(max-width: 80px) 100vw, 80px\" \/><\/p>\n<p style=\"text-align: center;\">Qualit\u00e9<\/p>\n<\/td>\n<\/tr>\n<\/tbody>\n<\/table>\n<p>Notre \u00e9quipe d&rsquo;experts sait qu&rsquo;un bon gestionnaire de contenu doit \u00eatre cr\u00e9atif, expert dans le domaine \u00e0 traiter et savoir ce qui convient le mieux \u00e0 l&rsquo;objectif de chaque client. C&rsquo;est pourquoi nos professionnels poss\u00e8dent des capacit\u00e9s interdisciplinaires et des connaissances approfondies en marketing, en technologie et en linguistique. <\/p>\n","protected":false},"excerpt":{"rendered":"<p>Optimisation des moteurs de recherche SEO, SEM Optimisation des moteurs de recherche SEO, SEM. La cl\u00e9 du SEO multilingue est, en quelques mots, ce qui rend votre site web plus utile \u00e0 la fois pour les utilisateurs et pour les moteurs de recherche. Chez Translinguo Global\u00ae, nous aidons les moteurs de recherche \u00e0 mieux comprendre [&hellip;]<\/p>\n","protected":false},"author":3,"featured_media":39155,"parent":0,"menu_order":0,"comment_status":"closed","ping_status":"closed","template":"","meta":{"_crdt_document":"","inline_featured_image":false,"site-sidebar-layout":"default","site-content-layout":"default","ast-site-content-layout":"default","site-content-style":"default","site-sidebar-style":"default","ast-global-header-display":"","ast-banner-title-visibility":"","ast-main-header-display":"","ast-hfb-above-header-display":"","ast-hfb-below-header-display":"","ast-hfb-mobile-header-display":"","site-post-title":"","ast-breadcrumbs-content":"","ast-featured-img":"","footer-sml-layout":"","ast-disable-related-posts":"","theme-transparent-header-meta":"default","adv-header-id-meta":"","stick-header-meta":"","header-above-stick-meta":"","header-main-stick-meta":"","header-below-stick-meta":"","astra-migrate-meta-layouts":"set","ast-page-background-enabled":"default","ast-page-background-meta":{"desktop":{"background-color":"var(--ast-global-color-4)","background-image":"","background-repeat":"repeat","background-position":"center center","background-size":"auto","background-attachment":"scroll","background-type":"","background-media":"","overlay-type":"","overlay-color":"","overlay-opacity":"","overlay-gradient":""},"tablet":{"background-color":"","background-image":"","background-repeat":"repeat","background-position":"center center","background-size":"auto","background-attachment":"scroll","background-type":"","background-media":"","overlay-type":"","overlay-color":"","overlay-opacity":"","overlay-gradient":""},"mobile":{"background-color":"","background-image":"","background-repeat":"repeat","background-position":"center center","background-size":"auto","background-attachment":"scroll","background-type":"","background-media":"","overlay-type":"","overlay-color":"","overlay-opacity":"","overlay-gradient":""}},"ast-content-background-meta":{"desktop":{"background-color":"var(--ast-global-color-5)","background-image":"","background-repeat":"repeat","background-position":"center center","background-size":"auto","background-attachment":"scroll","background-type":"","background-media":"","overlay-type":"","overlay-color":"","overlay-opacity":"","overlay-gradient":""},"tablet":{"background-color":"var(--ast-global-color-5)","background-image":"","background-repeat":"repeat","background-position":"center center","background-size":"auto","background-attachment":"scroll","background-type":"","background-media":"","overlay-type":"","overlay-color":"","overlay-opacity":"","overlay-gradient":""},"mobile":{"background-color":"var(--ast-global-color-5)","background-image":"","background-repeat":"repeat","background-position":"center center","background-size":"auto","background-attachment":"scroll","background-type":"","background-media":"","overlay-type":"","overlay-color":"","overlay-opacity":"","overlay-gradient":""}},"footnotes":""},"class_list":["post-43689","page","type-page","status-publish","has-post-thumbnail","hentry"],"_links":{"self":[{"href":"https:\/\/translinguoglobal.com\/fr\/wp-json\/wp\/v2\/pages\/43689","targetHints":{"allow":["GET"]}}],"collection":[{"href":"https:\/\/translinguoglobal.com\/fr\/wp-json\/wp\/v2\/pages"}],"about":[{"href":"https:\/\/translinguoglobal.com\/fr\/wp-json\/wp\/v2\/types\/page"}],"author":[{"embeddable":true,"href":"https:\/\/translinguoglobal.com\/fr\/wp-json\/wp\/v2\/users\/3"}],"replies":[{"embeddable":true,"href":"https:\/\/translinguoglobal.com\/fr\/wp-json\/wp\/v2\/comments?post=43689"}],"version-history":[{"count":5,"href":"https:\/\/translinguoglobal.com\/fr\/wp-json\/wp\/v2\/pages\/43689\/revisions"}],"predecessor-version":[{"id":81816,"href":"https:\/\/translinguoglobal.com\/fr\/wp-json\/wp\/v2\/pages\/43689\/revisions\/81816"}],"wp:featuredmedia":[{"embeddable":true,"href":"https:\/\/translinguoglobal.com\/fr\/wp-json\/wp\/v2\/media\/39155"}],"wp:attachment":[{"href":"https:\/\/translinguoglobal.com\/fr\/wp-json\/wp\/v2\/media?parent=43689"}],"curies":[{"name":"wp","href":"https:\/\/api.w.org\/{rel}","templated":true}]}}