{"id":43688,"date":"2022-05-06T16:57:53","date_gmt":"2022-05-06T16:57:53","guid":{"rendered":"https:\/\/translinguoglobal.com\/conception-et-creation-de-pages-internet\/"},"modified":"2025-02-11T09:54:43","modified_gmt":"2025-02-11T08:54:43","slug":"conception-et-creation-de-pages-internet","status":"publish","type":"page","link":"https:\/\/translinguoglobal.com\/fr\/conception-et-creation-de-pages-internet\/","title":{"rendered":"Conception et cr\u00e9ation de sites web"},"content":{"rendered":"<blockquote><p>\u00ab Si votre entreprise n&rsquo;est pas sur Internet, alors elle n&rsquo;existe pas. \u00bb<br \/>\nBILL GATES<\/p><\/blockquote>\n<h2 style=\"text-align: center;\">Nous mettons l&rsquo;accent sur des comp\u00e9tences vari\u00e9es<\/h2>\n<p>&nbsp;<\/p>\n<table style=\"width: 100%; border-collapse: collapse; border-style: hidden;\" border=\"0\">\n<tbody>\n<tr>\n<td style=\"width: 25%;\"><img decoding=\"async\" class=\"size-full wp-image-39459 alignleft\" src=\"https:\/\/translinguoglobal.com\/wp-content\/uploads\/2022\/04\/check-300x261-1.png\" alt=\"\" width=\"20\" height=\"20\"> Accessibilit\u00e9<\/td>\n<td style=\"width: 25%;\"><img decoding=\"async\" class=\"size-full wp-image-39459 alignleft\" src=\"https:\/\/translinguoglobal.com\/wp-content\/uploads\/2022\/04\/check-300x261-1.png\" alt=\"\" width=\"20\" height=\"20\"> Identit\u00e9 visuelle<\/td>\n<td style=\"width: 25%;\"><img decoding=\"async\" class=\"size-full wp-image-39459 alignleft\" src=\"https:\/\/translinguoglobal.com\/wp-content\/uploads\/2022\/04\/check-300x261-1.png\" alt=\"\" width=\"20\" height=\"20\"><span style=\"font-family: inherit; font-size: 16px;\">Commercialisation<\/span><\/td>\n<td style=\"width: 25%;\"><img decoding=\"async\" class=\"size-full wp-image-39459 alignleft\" src=\"https:\/\/translinguoglobal.com\/wp-content\/uploads\/2022\/04\/check-300x261-1.png\" alt=\"\" width=\"20\" height=\"20\"><em>Webmarketing <\/em><\/td>\n<\/tr>\n<tr>\n<td style=\"width: 25%;\"><img decoding=\"async\" class=\"size-full wp-image-39459 alignleft\" src=\"https:\/\/translinguoglobal.com\/wp-content\/uploads\/2022\/04\/check-300x261-1.png\" alt=\"\" width=\"20\" height=\"20\"> Programmation<\/td>\n<td style=\"width: 25%;\"><img decoding=\"async\" class=\"size-full wp-image-39459 alignleft\" src=\"https:\/\/translinguoglobal.com\/wp-content\/uploads\/2022\/04\/check-300x261-1.png\" alt=\"\" width=\"20\" height=\"20\"> Ergonomie<\/td>\n<td style=\"width: 25%;\"><img decoding=\"async\" class=\"size-full wp-image-39459 alignleft\" src=\"https:\/\/translinguoglobal.com\/wp-content\/uploads\/2022\/04\/check-300x261-1.png\" alt=\"\" width=\"20\" height=\"20\"> Interactivit\u00e9<\/td>\n<td style=\"width: 25%;\"><img decoding=\"async\" class=\"size-full wp-image-39459 alignleft\" src=\"https:\/\/translinguoglobal.com\/wp-content\/uploads\/2022\/04\/check-300x261-1.png\" alt=\"\" width=\"20\" height=\"20\"> Visualisations<\/td>\n<\/tr>\n<\/tbody>\n<\/table>\n<h3 style=\"text-align: center;\">Conception et cr\u00e9ation de sites web<\/h3>\n<p>Plus le temps passe, plus ce sont les entreprises, tant les nouvelles que les traditionnelles, qui d\u00e9cide \u00e9largir leur march\u00e9 en cr\u00e9ant sa propre page web. Aujourd&rsquo;hui, \u00eatre en pr\u00e9sent sur internet est primordial pour exister en tant qu&rsquo;entreprise <em>en ligne. <\/em> La cr\u00e9ation de page web est crucial pour montrer au public les services et les produits que vous souhaitez proposer. Cependant, chez<strong>Translinguo Global\u00ae<\/strong>, nous savons que tous ne se vaut pas pour votre entreprise.<\/p>\n<h3>Avantages de la cr\u00e9ation d&rsquo;une page web :<\/h3>\n<p>&nbsp;<\/p>\n<table style=\"width: 100%; border-collapse: collapse; border-style: hidden;\" border=\"0\">\n<tbody>\n<tr>\n<td style=\"width: 25%;\"><img decoding=\"async\" class=\"size-full wp-image-39664 aligncenter\" src=\"https:\/\/translinguoglobal.com\/wp-content\/uploads\/2022\/04\/pagina-web.png\" alt=\"\" width=\"70\" height=\"70\" srcset=\"https:\/\/translinguoglobal.com\/wp-content\/uploads\/2022\/04\/pagina-web.png 250w, https:\/\/translinguoglobal.com\/wp-content\/uploads\/2022\/04\/pagina-web-150x150.png 150w\" sizes=\"(max-width: 70px) 100vw, 70px\" \/><\/p>\n<p style=\"text-align: center;\">Une <strong>page web<\/strong> attire des clients potentiels.<\/p>\n<\/td>\n<td style=\"width: 25%;\"><img decoding=\"async\" class=\"size-full wp-image-39671 aligncenter\" src=\"https:\/\/translinguoglobal.com\/wp-content\/uploads\/2022\/04\/24-horas.png\" alt=\"\" width=\"70\" height=\"70\" srcset=\"https:\/\/translinguoglobal.com\/wp-content\/uploads\/2022\/04\/24-horas.png 250w, https:\/\/translinguoglobal.com\/wp-content\/uploads\/2022\/04\/24-horas-150x150.png 150w\" sizes=\"(max-width: 70px) 100vw, 70px\" \/><\/p>\n<p style=\"text-align: center;\">Ton entreprise peut \u00eatre ouverte 24h sur 24, 365 jours par an.<\/p>\n<\/td>\n<td style=\"width: 25%;\"><img loading=\"lazy\" decoding=\"async\" class=\"size-full wp-image-39681 aligncenter\" src=\"https:\/\/translinguoglobal.com\/wp-content\/uploads\/2022\/04\/ahorro.png\" alt=\"\" width=\"70\" height=\"70\" srcset=\"https:\/\/translinguoglobal.com\/wp-content\/uploads\/2022\/04\/ahorro.png 250w, https:\/\/translinguoglobal.com\/wp-content\/uploads\/2022\/04\/ahorro-150x150.png 150w\" sizes=\"(max-width: 70px) 100vw, 70px\" \/><\/p>\n<p style=\"text-align: center;\">Faire des \u00e9conomies en infrastructure et mobiliers.<\/p>\n<\/td>\n<td style=\"width: 25%;\"><img loading=\"lazy\" decoding=\"async\" class=\"alignnone size-full wp-image-39688 aligncenter\" src=\"https:\/\/translinguoglobal.com\/wp-content\/uploads\/2022\/04\/internacionalizacion.png\" alt=\"\" width=\"70\" height=\"70\" srcset=\"https:\/\/translinguoglobal.com\/wp-content\/uploads\/2022\/04\/internacionalizacion.png 250w, https:\/\/translinguoglobal.com\/wp-content\/uploads\/2022\/04\/internacionalizacion-150x150.png 150w\" sizes=\"(max-width: 70px) 100vw, 70px\" \/><\/p>\n<p style=\"text-align: center;\">Une port\u00e9e mondiale de vos produits ou services.<\/p>\n<\/td>\n<\/tr>\n<\/tbody>\n<\/table>\n<h3 style=\"text-align: center;\">Design et cr\u00e9ation de page web<\/h3>\n<p>Votre site web est l&rsquo;image que votre public se fera de vous sur internet. C&rsquo;est pour cette raison qu&rsquo;il faut qu&rsquo;elle soit simple et impactante. Chez <strong>Translinguo Global\u00ae <\/strong>nous vous proposons de concevoir et cr\u00e9er pour vous un site <a href=\"https:\/\/es.wikipedia.org\/wiki\/World_Wide_Web\" target=\"_blank\" rel=\"noopener\"><strong>web<\/strong><\/a> enti\u00e8rement sur mesure et adapt\u00e9 aux besoins de votre entreprise.<\/p>\n<p><strong>Conception et cr\u00e9ation de sites web <em>e-commerce<\/em><\/strong><br \/>\nDe nombreuses entreprises de services proposent des articles qui peuvent \u00eatre vendus dans une boutique ouverte 24 heures sur 24, avec une gestion organis\u00e9e et s\u00e9curis\u00e9e pour vous et votre client.<\/p>\n<h3 style=\"text-align: center;\">Blog<\/h3>\n<p>Une option r\u00e9pandue est la publication, de mani\u00e8re r\u00e9guli\u00e8re, de tous type de contenu. Les blogueurs utilisent des plateformes et leur propre site sur lesquels ils publient du contenu r\u00e9guli\u00e8rement, qui leur permet de gagner en visibilit\u00e9 et autorit\u00e9.<\/p>\n<h3 style=\"text-align: center;\">Traduction web<\/h3>\n<p>La <strong>traduction de sites web<\/strong> est notre approche principale. Chez <a href=\"https:\/\/translinguoglobal.com\/\"><strong> Translinguo Global\u00ae<\/strong><\/a>, nous vous proposons plusieurs de services sp\u00e9cialis\u00e9s dans tous type de <em>commerce en ligne<\/em>, blogs, webs, portfolios, etc. Un large \u00e9vantail de professionnels sp\u00e9cialis\u00e9s dans diff\u00e9rents domaines. En plus d&rsquo;une traduction adapat\u00e9e \u00e0 chaque pays que vous ciblez. De plus, nous vous accompagnons pour que votre <strong>contenu web<\/strong> soit complet, de qualit\u00e9, avec un SEO puissant et favorable \u00e0 Google.<\/p>\n<p>Chez Translinguo Global, nous sommes fiers de proposer des services de conception et de cr\u00e9ation de sites web qui transcendent les fronti\u00e8res linguistiques et font le lien entre les entreprises et une audience internationale. Notre entreprise est devenue une r\u00e9f\u00e9rence dans le monde num\u00e9rique gr\u00e2ce \u00e0 notre d\u00e9dication sans faille pour l&rsquo;excellence et l&rsquo;innovation dans le web design. Pour conclure, nous soulignerons les aspects cl\u00e9s qui font de Translinguo Global un choix parfait pour vos besoins en web design.<\/p>\n<p>Dans un premier lieu, notre exp\u00e9rience et notre savoir sont imbattables. Notre \u00e9quipe de graphistes et d\u00e9veloppeurs hautement qualifi\u00e9s et exp\u00e9riment\u00e9s travaille inlassablement pour cr\u00e9er des sites internet visuellement attractifs et hautement fonctionnels. Nous sommes conscients que votre site internet est la premi\u00e8re impression que beaucoup de clients potentiels auront de votre entreprise, et nous nous effor\u00e7ons de faire en sorte que cette impression soit m\u00e9morable et positive.<\/p>\n<p>De plus, chez Translinguo Global, nous comprenons l&rsquo;importance de l&rsquo;adaptabilit\u00e9 dans un monde toujours plus mondialis\u00e9. C&rsquo;est pourquoi nos sites web sont enti\u00e8rement personnalisables et que nous proposons des traductions dans plusieurs langues pour atteindre une audience dans le monde entier. Peu importe dans quelle partie du monde vos clients se trouvent, nous serons l\u00e0 pour les connecter \u00e0 votre entreprise.<\/p>\n<p>La s\u00e9curit\u00e9 est \u00e9galement une priorit\u00e9 fondamentale dans notre approche du web design. Nous mettons en place les derni\u00e8res mesures de s\u00e9curit\u00e9 pour prot\u00e9ger vos donn\u00e9es et les informations de vos clients. Vous pouvez \u00eatre s\u00fbr que votre site web sera \u00e0 l&rsquo;abri de cyberattaques.<\/p>\n<p>Enfin, chez Translinguo Global, nous proposons un service int\u00e9gral de conception et de cr\u00e9ation de site web, qui associe exp\u00e9rience, adaptabilit\u00e9 et s\u00e9curit\u00e9. Nous nous engageons \u00e0 aider votre entreprise \u00e0 atteindre de nouveaux sommets dans le monde num\u00e9rique. Si vous cherchez une solution web qui parle la langue de la r\u00e9ussite mondiale, ne cherchez pas plus loin. Translinguo Global est l\u00e0 pour rendre votre vision une r\u00e9alit\u00e9 et mener votre entreprise au plus haut de l&rsquo;\u00e8re du num\u00e9rique.<\/p>\n","protected":false},"excerpt":{"rendered":"<p>\u00ab Si votre entreprise n&rsquo;est pas sur Internet, alors elle n&rsquo;existe pas. \u00bb BILL GATES Nous mettons l&rsquo;accent sur des comp\u00e9tences vari\u00e9es &nbsp; Accessibilit\u00e9 Identit\u00e9 visuelle Commercialisation Webmarketing Programmation Ergonomie Interactivit\u00e9 Visualisations Conception et cr\u00e9ation de sites web Plus le temps passe, plus ce sont les entreprises, tant les nouvelles que les traditionnelles, qui d\u00e9cide [&hellip;]<\/p>\n","protected":false},"author":3,"featured_media":59905,"parent":0,"menu_order":0,"comment_status":"closed","ping_status":"closed","template":"","meta":{"_crdt_document":"","inline_featured_image":false,"site-sidebar-layout":"no-sidebar","site-content-layout":"page-builder","ast-site-content-layout":"full-width-container","site-content-style":"default","site-sidebar-style":"default","ast-global-header-display":"","ast-banner-title-visibility":"","ast-main-header-display":"","ast-hfb-above-header-display":"","ast-hfb-below-header-display":"","ast-hfb-mobile-header-display":"","site-post-title":"disabled","ast-breadcrumbs-content":"","ast-featured-img":"disabled","footer-sml-layout":"","ast-disable-related-posts":"","theme-transparent-header-meta":"default","adv-header-id-meta":"","stick-header-meta":"","header-above-stick-meta":"","header-main-stick-meta":"","header-below-stick-meta":"","astra-migrate-meta-layouts":"set","ast-page-background-enabled":"default","ast-page-background-meta":{"desktop":{"background-color":"var(--ast-global-color-4)","background-image":"","background-repeat":"repeat","background-position":"center center","background-size":"auto","background-attachment":"scroll","background-type":"","background-media":"","overlay-type":"","overlay-color":"","overlay-opacity":"","overlay-gradient":""},"tablet":{"background-color":"","background-image":"","background-repeat":"repeat","background-position":"center center","background-size":"auto","background-attachment":"scroll","background-type":"","background-media":"","overlay-type":"","overlay-color":"","overlay-opacity":"","overlay-gradient":""},"mobile":{"background-color":"","background-image":"","background-repeat":"repeat","background-position":"center center","background-size":"auto","background-attachment":"scroll","background-type":"","background-media":"","overlay-type":"","overlay-color":"","overlay-opacity":"","overlay-gradient":""}},"ast-content-background-meta":{"desktop":{"background-color":"var(--ast-global-color-5)","background-image":"","background-repeat":"repeat","background-position":"center center","background-size":"auto","background-attachment":"scroll","background-type":"","background-media":"","overlay-type":"","overlay-color":"","overlay-opacity":"","overlay-gradient":""},"tablet":{"background-color":"var(--ast-global-color-5)","background-image":"","background-repeat":"repeat","background-position":"center center","background-size":"auto","background-attachment":"scroll","background-type":"","background-media":"","overlay-type":"","overlay-color":"","overlay-opacity":"","overlay-gradient":""},"mobile":{"background-color":"var(--ast-global-color-5)","background-image":"","background-repeat":"repeat","background-position":"center center","background-size":"auto","background-attachment":"scroll","background-type":"","background-media":"","overlay-type":"","overlay-color":"","overlay-opacity":"","overlay-gradient":""}},"footnotes":""},"class_list":["post-43688","page","type-page","status-publish","has-post-thumbnail","hentry"],"_links":{"self":[{"href":"https:\/\/translinguoglobal.com\/fr\/wp-json\/wp\/v2\/pages\/43688","targetHints":{"allow":["GET"]}}],"collection":[{"href":"https:\/\/translinguoglobal.com\/fr\/wp-json\/wp\/v2\/pages"}],"about":[{"href":"https:\/\/translinguoglobal.com\/fr\/wp-json\/wp\/v2\/types\/page"}],"author":[{"embeddable":true,"href":"https:\/\/translinguoglobal.com\/fr\/wp-json\/wp\/v2\/users\/3"}],"replies":[{"embeddable":true,"href":"https:\/\/translinguoglobal.com\/fr\/wp-json\/wp\/v2\/comments?post=43688"}],"version-history":[{"count":4,"href":"https:\/\/translinguoglobal.com\/fr\/wp-json\/wp\/v2\/pages\/43688\/revisions"}],"predecessor-version":[{"id":81815,"href":"https:\/\/translinguoglobal.com\/fr\/wp-json\/wp\/v2\/pages\/43688\/revisions\/81815"}],"wp:featuredmedia":[{"embeddable":true,"href":"https:\/\/translinguoglobal.com\/fr\/wp-json\/wp\/v2\/media\/59905"}],"wp:attachment":[{"href":"https:\/\/translinguoglobal.com\/fr\/wp-json\/wp\/v2\/media?parent=43688"}],"curies":[{"name":"wp","href":"https:\/\/api.w.org\/{rel}","templated":true}]}}