{"id":43620,"date":"2022-05-05T15:55:39","date_gmt":"2022-05-05T15:55:39","guid":{"rendered":"https:\/\/translinguoglobal.com\/mise-en-page-de-textes\/"},"modified":"2025-02-12T10:07:39","modified_gmt":"2025-02-12T09:07:39","slug":"mise-en-page-de-textes","status":"publish","type":"page","link":"https:\/\/translinguoglobal.com\/fr\/mise-en-page-de-textes\/","title":{"rendered":"Mise en page de textes"},"content":{"rendered":"<p><a href=\"https:\/\/es.wikipedia.org\/wiki\/Maquetaci%C3%B3n\" target=\"_blank\" rel=\"noopener\">Mise en page <\/a>de texte Ce service consiste \u00e0 organiser en un espace unique le contenu \u00e9crit, visuel et, dans certains cas, audiovisuel (<a href=\"https:\/\/es.wikipedia.org\/wiki\/Multimedia\" target=\"_blank\" rel=\"noopener\">multim\u00e9dia<\/a>) des m\u00e9dias imprim\u00e9s et \u00e9lectroniques, tels que les livres, les journaux et les magazines.<br \/>\nLa mise en page technique consiste \u00e0 placer le texte avec une acuit\u00e9 particuli\u00e8re qui combine la conception graphique, la conception \u00e9ditoriale et l&rsquo;\u00e9dition de textes. Certainement la finition parfaite pour votre projet de traduction.<\/p>\n<h4 style=\"text-align: center;\">Service de mise en page de texte.<\/h4>\n<p>Chez <a href=\"https:\/\/translinguoglobal.com\"><strong>Translinguo Global\u00ae<\/strong><\/a>, nous utilisons des logiciel tels que <em>InDesign<\/em>, <em>QuarkXpress<\/em> ou <em>Illustrator<\/em>. Ainsi, nous vous garantissons un r\u00e9sultat spectaculaire. De plus, nous disposons d&rsquo;experts \u00e0 jour avec les techniques les plus avant-garde en terme de graphisme et au courant des tendances du march\u00e9, comme pour les textes multilingues, ce qui signifie une qualit\u00e9 et une coh\u00e9rence id\u00e9ales pour vos projets de mise en page.<\/p>\n<p>Gr\u00e2ce \u00e0 nos experts natifs, nous proposons \u00e9galement un service de mise en page et <a href=\"https:\/\/translinguoglobal.com\/translinguo-global\/\">traduction<\/a> dans n&rsquo;importe quelle langue ou alphabet.<\/p>\n<p>Nous vous proposons un devis en fonction de vos besoins sp\u00e9cifiques, que ce soit un service compl\u00e9mentaire \u00e0 une traduction ou tout autres, ou simplement un service de mise en page de textes s\u00e9par\u00e9s.<\/p>\n<table style=\"height: 18px; width: 100%; border-collapse: collapse; border-style: hidden;\">\n<tbody>\n<tr style=\"height: 18px;\">\n<td style=\"width: 25%; height: 18px;\"><img decoding=\"async\" class=\"size-full wp-image-39459 alignleft\" src=\"https:\/\/translinguoglobal.com\/wp-content\/uploads\/2022\/04\/check-300x261-1.png\" alt=\"\" width=\"20\" height=\"20\"> Th\u00e8se. Travaux de recherche.<\/td>\n<td style=\"width: 25%; height: 18px;\"><img decoding=\"async\" class=\"size-full wp-image-39459 alignleft\" src=\"https:\/\/translinguoglobal.com\/wp-content\/uploads\/2022\/04\/check-300x261-1.png\" alt=\"\" width=\"20\" height=\"20\"> Rapport de tous types.<\/td>\n<td style=\"width: 25%; height: 18px;\"><img decoding=\"async\" class=\"size-full wp-image-39459 alignleft\" src=\"https:\/\/translinguoglobal.com\/wp-content\/uploads\/2022\/04\/check-300x261-1.png\" alt=\"\" width=\"20\" height=\"20\"> M\u00e9moires annuels.<\/td>\n<td style=\"width: 25%; height: 18px;\"><img decoding=\"async\" class=\"size-full wp-image-39459 alignleft\" src=\"https:\/\/translinguoglobal.com\/wp-content\/uploads\/2022\/04\/check-300x261-1.png\" alt=\"\" width=\"20\" height=\"20\"> Guides, pr\u00e9sentations, etc.<\/td>\n<\/tr>\n<\/tbody>\n<\/table>\n<p>Chez <strong>Translinguo Global\u00ae<\/strong>, nous utilisons des logiciels tels que<em>InDesign<\/em>, <em>QuarkXpress<\/em> ou <em>Illustrator<\/em>. Ainsi, nous vous garantissons un r\u00e9sultat spectaculaire.<\/p>\n<table style=\"width: 100%; border-collapse: collapse; border-style: hidden;\" border=\"0\">\n<tbody>\n<tr>\n<td style=\"width: 33.3333%;\"><img decoding=\"async\" class=\"size-full wp-image-40007 aligncenter\" src=\"https:\/\/translinguoglobal.com\/wp-content\/uploads\/2022\/04\/QuarkXPress_2017_Icon-300x297-1.png\" alt=\"\" width=\"90\" height=\"90\" srcset=\"https:\/\/translinguoglobal.com\/wp-content\/uploads\/2022\/04\/QuarkXPress_2017_Icon-300x297-1.png 300w, https:\/\/translinguoglobal.com\/wp-content\/uploads\/2022\/04\/QuarkXPress_2017_Icon-300x297-1-150x150.png 150w\" sizes=\"(max-width: 90px) 100vw, 90px\" \/><\/td>\n<td style=\"width: 33.3333%;\"><img decoding=\"async\" class=\"size-medium wp-image-40014 aligncenter\" src=\"https:\/\/translinguoglobal.com\/wp-content\/uploads\/2022\/04\/illustrator-300x300-1-300x300.png\" alt=\"\" width=\"90\" height=\"90\" srcset=\"https:\/\/translinguoglobal.com\/wp-content\/uploads\/2022\/04\/illustrator-300x300-1.png 300w, https:\/\/translinguoglobal.com\/wp-content\/uploads\/2022\/04\/illustrator-300x300-1-150x150.png 150w\" sizes=\"(max-width: 90px) 100vw, 90px\" \/><\/td>\n<td style=\"width: 33.3333%;\"><img loading=\"lazy\" decoding=\"async\" class=\"size-full wp-image-40021 aligncenter\" src=\"https:\/\/translinguoglobal.com\/wp-content\/uploads\/2022\/04\/descarga-1.png\" alt=\"\" width=\"90\" height=\"90\"><\/td>\n<\/tr>\n<\/tbody>\n<\/table>\n<p>De plus, nous disposons d&rsquo;experts \u00e0 jour avec les techniques les plus avant-garde en terme de graphisme et au courant des tendances du march\u00e9, comme pour les textes multilingues, ce qui signifie une qualit\u00e9 et une coh\u00e9rence id\u00e9ales pour vos projets de mise en page.<\/p>\n<p>Gr\u00e2ce \u00e0 nos experts natifs, nous proposons \u00e9galement un service de mise en page et traduction dans n&rsquo;importe quelle langue ou alphabet.<\/p>\n<p>Nous vous proposons un devis en fonction de vos besoins sp\u00e9cifiques, que ce soit un service compl\u00e9mentaire \u00e0 une traduction ou tout autres, ou simplement un service de mise en page de textes s\u00e9par\u00e9s.<\/p>\n","protected":false},"excerpt":{"rendered":"<p>Mise en page de texte Ce service consiste \u00e0 organiser en un espace unique le contenu \u00e9crit, visuel et, dans certains cas, audiovisuel (multim\u00e9dia) des m\u00e9dias imprim\u00e9s et \u00e9lectroniques, tels que les livres, les journaux et les magazines. La mise en page technique consiste \u00e0 placer le texte avec une acuit\u00e9 particuli\u00e8re qui combine la [&hellip;]<\/p>\n","protected":false},"author":3,"featured_media":39996,"parent":0,"menu_order":0,"comment_status":"closed","ping_status":"closed","template":"","meta":{"_crdt_document":"","inline_featured_image":false,"site-sidebar-layout":"no-sidebar","site-content-layout":"page-builder","ast-site-content-layout":"full-width-container","site-content-style":"default","site-sidebar-style":"default","ast-global-header-display":"","ast-banner-title-visibility":"","ast-main-header-display":"","ast-hfb-above-header-display":"","ast-hfb-below-header-display":"","ast-hfb-mobile-header-display":"","site-post-title":"disabled","ast-breadcrumbs-content":"","ast-featured-img":"disabled","footer-sml-layout":"","ast-disable-related-posts":"","theme-transparent-header-meta":"default","adv-header-id-meta":"","stick-header-meta":"","header-above-stick-meta":"","header-main-stick-meta":"","header-below-stick-meta":"","astra-migrate-meta-layouts":"set","ast-page-background-enabled":"default","ast-page-background-meta":{"desktop":{"background-color":"var(--ast-global-color-4)","background-image":"","background-repeat":"repeat","background-position":"center center","background-size":"auto","background-attachment":"scroll","background-type":"","background-media":"","overlay-type":"","overlay-color":"","overlay-opacity":"","overlay-gradient":""},"tablet":{"background-color":"","background-image":"","background-repeat":"repeat","background-position":"center center","background-size":"auto","background-attachment":"scroll","background-type":"","background-media":"","overlay-type":"","overlay-color":"","overlay-opacity":"","overlay-gradient":""},"mobile":{"background-color":"","background-image":"","background-repeat":"repeat","background-position":"center center","background-size":"auto","background-attachment":"scroll","background-type":"","background-media":"","overlay-type":"","overlay-color":"","overlay-opacity":"","overlay-gradient":""}},"ast-content-background-meta":{"desktop":{"background-color":"var(--ast-global-color-5)","background-image":"","background-repeat":"repeat","background-position":"center center","background-size":"auto","background-attachment":"scroll","background-type":"","background-media":"","overlay-type":"","overlay-color":"","overlay-opacity":"","overlay-gradient":""},"tablet":{"background-color":"var(--ast-global-color-5)","background-image":"","background-repeat":"repeat","background-position":"center center","background-size":"auto","background-attachment":"scroll","background-type":"","background-media":"","overlay-type":"","overlay-color":"","overlay-opacity":"","overlay-gradient":""},"mobile":{"background-color":"var(--ast-global-color-5)","background-image":"","background-repeat":"repeat","background-position":"center center","background-size":"auto","background-attachment":"scroll","background-type":"","background-media":"","overlay-type":"","overlay-color":"","overlay-opacity":"","overlay-gradient":""}},"footnotes":""},"class_list":["post-43620","page","type-page","status-publish","has-post-thumbnail","hentry"],"_links":{"self":[{"href":"https:\/\/translinguoglobal.com\/fr\/wp-json\/wp\/v2\/pages\/43620","targetHints":{"allow":["GET"]}}],"collection":[{"href":"https:\/\/translinguoglobal.com\/fr\/wp-json\/wp\/v2\/pages"}],"about":[{"href":"https:\/\/translinguoglobal.com\/fr\/wp-json\/wp\/v2\/types\/page"}],"author":[{"embeddable":true,"href":"https:\/\/translinguoglobal.com\/fr\/wp-json\/wp\/v2\/users\/3"}],"replies":[{"embeddable":true,"href":"https:\/\/translinguoglobal.com\/fr\/wp-json\/wp\/v2\/comments?post=43620"}],"version-history":[{"count":5,"href":"https:\/\/translinguoglobal.com\/fr\/wp-json\/wp\/v2\/pages\/43620\/revisions"}],"predecessor-version":[{"id":81865,"href":"https:\/\/translinguoglobal.com\/fr\/wp-json\/wp\/v2\/pages\/43620\/revisions\/81865"}],"wp:featuredmedia":[{"embeddable":true,"href":"https:\/\/translinguoglobal.com\/fr\/wp-json\/wp\/v2\/media\/39996"}],"wp:attachment":[{"href":"https:\/\/translinguoglobal.com\/fr\/wp-json\/wp\/v2\/media?parent=43620"}],"curies":[{"name":"wp","href":"https:\/\/api.w.org\/{rel}","templated":true}]}}