{"id":43619,"date":"2022-05-05T15:55:16","date_gmt":"2022-05-05T15:55:16","guid":{"rendered":"https:\/\/translinguoglobal.com\/materiel-publicitaire\/"},"modified":"2025-01-16T09:36:59","modified_gmt":"2025-01-16T08:36:59","slug":"materiel-publicitaire","status":"publish","type":"page","link":"https:\/\/translinguoglobal.com\/fr\/materiel-publicitaire\/","title":{"rendered":"Mat\u00e9riel publicitaire"},"content":{"rendered":"<p>Material publicitario.<br \/>\nLes utilisations communes du <a href=\"https:\/\/translinguoglobal.com\/servicio-de-diseno-grafico\/\">graphisme<\/a> incluent l&rsquo;identit\u00e9 (<strong>logo et marque<\/strong>), publications (<strong>revues, journaux et livres<\/strong>), publicit\u00e9 et packaging.<br \/>\nPar exemple, l&#8217;emballage d&rsquo;un produit peut contenir un <a href=\"https:\/\/es.wikipedia.org\/wiki\/Logotipo\" target=\"_blank\" rel=\"noopener\">logo<\/a> ou autre design, un texte et des \u00e9l\u00e9ments de graphisme pure, comme des formes et des couleurs qui unifient la pi\u00e8ce.<br \/>\nLa composition, les formes et leurs couleurs sont les caract\u00e9ristiques les plus importantes du graphisme, en particulier, lorsque des documents pr\u00e9existants ou des \u00e9l\u00e9ments divers sont utilis\u00e9s.  <\/p>\n<h3 style=\"text-align: center;\">Conception graphique et cr\u00e9ation de publicit\u00e9.<br \/>\nMat\u00e9riel publicitaire <\/h3>\n<p>Ce tournant multim\u00e9dia vous offre l&rsquo;opportunit\u00e9 de satifaire tous vos besoins en <a href=\"https:\/\/es.wikipedia.org\/wiki\/Dise%C3%B1o_gr%C3%A1fico\" target=\"_blank\" rel=\"noopener\">graphisme<\/a>. Nous proposont une large gamme de <a href=\"https:\/\/translinguoglobal.com\/diseno-y-creacion-de-paginas-web\/\">services multim\u00e9dia<\/a>, tels que :<\/p>\n<table style=\"width: 100%; border-collapse: collapse; border-style: hidden;\">\n<tbody>\n<tr>\n<td style=\"width: 33.3333%;\"><img decoding=\"async\" class=\"size-full wp-image-39935 aligncenter\" src=\"https:\/\/translinguoglobal.com\/wp-content\/uploads\/2022\/04\/photo.png\" alt=\"Identit\u00e9 de l'entreprise.\" width=\"80\" height=\"80\" srcset=\"https:\/\/translinguoglobal.com\/wp-content\/uploads\/2022\/04\/photo.png 250w, https:\/\/translinguoglobal.com\/wp-content\/uploads\/2022\/04\/photo-150x150.png 150w\" sizes=\"(max-width: 80px) 100vw, 80px\" \/><\/p>\n<p style=\"text-align: center;\">Identit\u00e9 de l&rsquo;entreprise ou image de marque.<br \/>\nGraphisme et conception graphique <\/p>\n<\/td>\n<td style=\"width: 33.3333%;\"><img decoding=\"async\" class=\"size-full wp-image-39942 aligncenter\" src=\"https:\/\/translinguoglobal.com\/wp-content\/uploads\/2022\/04\/logotipo.png\" alt=\"Cr\u00e9ation de logo, revues, bandeaux et identit\u00e9 d'entreprise. Packaging et mat\u00e9riel graphique.\" width=\"80\" height=\"80\" srcset=\"https:\/\/translinguoglobal.com\/wp-content\/uploads\/2022\/04\/logotipo.png 250w, https:\/\/translinguoglobal.com\/wp-content\/uploads\/2022\/04\/logotipo-150x150.png 150w\" sizes=\"(max-width: 80px) 100vw, 80px\" \/><\/p>\n<p style=\"text-align: center;\">Cr\u00e9ation de logo<\/p>\n<\/td>\n<td style=\"width: 33.3333%;\"><img decoding=\"async\" class=\"size-full wp-image-39949 aligncenter\" src=\"https:\/\/translinguoglobal.com\/wp-content\/uploads\/2022\/04\/folleto.png\" alt=\"\" width=\"80\" height=\"80\" srcset=\"https:\/\/translinguoglobal.com\/wp-content\/uploads\/2022\/04\/folleto.png 250w, https:\/\/translinguoglobal.com\/wp-content\/uploads\/2022\/04\/folleto-150x150.png 150w\" sizes=\"(max-width: 80px) 100vw, 80px\" \/><\/p>\n<p style=\"text-align: center;\">Cr\u00e9ation d&rsquo;affiches, flyers, bulletins et pap\u00e8terie<\/p>\n<\/td>\n<\/tr>\n<\/tbody>\n<\/table>\n<p>&nbsp;<\/p>\n","protected":false},"excerpt":{"rendered":"<p>Material publicitario. Les utilisations communes du graphisme incluent l&rsquo;identit\u00e9 (logo et marque), publications (revues, journaux et livres), publicit\u00e9 et packaging. Par exemple, l&#8217;emballage d&rsquo;un produit peut contenir un logo ou autre design, un texte et des \u00e9l\u00e9ments de graphisme pure, comme des formes et des couleurs qui unifient la pi\u00e8ce. La composition, les formes et [&hellip;]<\/p>\n","protected":false},"author":3,"featured_media":39967,"parent":0,"menu_order":0,"comment_status":"closed","ping_status":"closed","template":"","meta":{"_crdt_document":"","inline_featured_image":false,"site-sidebar-layout":"default","site-content-layout":"default","ast-site-content-layout":"default","site-content-style":"default","site-sidebar-style":"default","ast-global-header-display":"","ast-banner-title-visibility":"","ast-main-header-display":"","ast-hfb-above-header-display":"","ast-hfb-below-header-display":"","ast-hfb-mobile-header-display":"","site-post-title":"","ast-breadcrumbs-content":"","ast-featured-img":"","footer-sml-layout":"","ast-disable-related-posts":"","theme-transparent-header-meta":"default","adv-header-id-meta":"","stick-header-meta":"","header-above-stick-meta":"","header-main-stick-meta":"","header-below-stick-meta":"","astra-migrate-meta-layouts":"set","ast-page-background-enabled":"default","ast-page-background-meta":{"desktop":{"background-color":"var(--ast-global-color-4)","background-image":"","background-repeat":"repeat","background-position":"center center","background-size":"auto","background-attachment":"scroll","background-type":"","background-media":"","overlay-type":"","overlay-color":"","overlay-opacity":"","overlay-gradient":""},"tablet":{"background-color":"","background-image":"","background-repeat":"repeat","background-position":"center center","background-size":"auto","background-attachment":"scroll","background-type":"","background-media":"","overlay-type":"","overlay-color":"","overlay-opacity":"","overlay-gradient":""},"mobile":{"background-color":"","background-image":"","background-repeat":"repeat","background-position":"center center","background-size":"auto","background-attachment":"scroll","background-type":"","background-media":"","overlay-type":"","overlay-color":"","overlay-opacity":"","overlay-gradient":""}},"ast-content-background-meta":{"desktop":{"background-color":"var(--ast-global-color-5)","background-image":"","background-repeat":"repeat","background-position":"center center","background-size":"auto","background-attachment":"scroll","background-type":"","background-media":"","overlay-type":"","overlay-color":"","overlay-opacity":"","overlay-gradient":""},"tablet":{"background-color":"var(--ast-global-color-5)","background-image":"","background-repeat":"repeat","background-position":"center center","background-size":"auto","background-attachment":"scroll","background-type":"","background-media":"","overlay-type":"","overlay-color":"","overlay-opacity":"","overlay-gradient":""},"mobile":{"background-color":"var(--ast-global-color-5)","background-image":"","background-repeat":"repeat","background-position":"center center","background-size":"auto","background-attachment":"scroll","background-type":"","background-media":"","overlay-type":"","overlay-color":"","overlay-opacity":"","overlay-gradient":""}},"footnotes":""},"class_list":["post-43619","page","type-page","status-publish","has-post-thumbnail","hentry"],"_links":{"self":[{"href":"https:\/\/translinguoglobal.com\/fr\/wp-json\/wp\/v2\/pages\/43619","targetHints":{"allow":["GET"]}}],"collection":[{"href":"https:\/\/translinguoglobal.com\/fr\/wp-json\/wp\/v2\/pages"}],"about":[{"href":"https:\/\/translinguoglobal.com\/fr\/wp-json\/wp\/v2\/types\/page"}],"author":[{"embeddable":true,"href":"https:\/\/translinguoglobal.com\/fr\/wp-json\/wp\/v2\/users\/3"}],"replies":[{"embeddable":true,"href":"https:\/\/translinguoglobal.com\/fr\/wp-json\/wp\/v2\/comments?post=43619"}],"version-history":[{"count":4,"href":"https:\/\/translinguoglobal.com\/fr\/wp-json\/wp\/v2\/pages\/43619\/revisions"}],"predecessor-version":[{"id":80003,"href":"https:\/\/translinguoglobal.com\/fr\/wp-json\/wp\/v2\/pages\/43619\/revisions\/80003"}],"wp:featuredmedia":[{"embeddable":true,"href":"https:\/\/translinguoglobal.com\/fr\/wp-json\/wp\/v2\/media\/39967"}],"wp:attachment":[{"href":"https:\/\/translinguoglobal.com\/fr\/wp-json\/wp\/v2\/media?parent=43619"}],"curies":[{"name":"wp","href":"https:\/\/api.w.org\/{rel}","templated":true}]}}