{"id":43617,"date":"2022-05-05T15:54:56","date_gmt":"2022-05-05T15:54:56","guid":{"rendered":"https:\/\/translinguoglobal.com\/service-de-conception-graphique\/"},"modified":"2025-02-12T10:03:31","modified_gmt":"2025-02-12T09:03:31","slug":"service-de-conception-graphique","status":"publish","type":"page","link":"https:\/\/translinguoglobal.com\/fr\/service-de-conception-graphique\/","title":{"rendered":"Service de graphisme."},"content":{"rendered":"<h2 style=\"text-align: center;\">Service de graphisme.<\/h2>\n<p>Service de graphisme. R\u00e9ussir \u00e0 toucher le client et transmettre le message qu&rsquo;il veut exprimer au travers de sa cr\u00e9ativit\u00e9 et ses capacit\u00e9s. Nous disposons alors des graphistes <a href=\"https:\/\/translinguoglobal.com\/translinguo-global\/\">experiment\u00e9s<\/a> qui le rendront possible votre campagne publicitaire. Ce qu&rsquo;on entend par <a href=\"https:\/\/es.wikipedia.org\/wiki\/Dise%C3%B1o_gr%C3%A1fico\" target=\"_blank\" rel=\"noopener\">graphisme<\/a>, ce sont tous les \u00e9l\u00e9ments commerciaux et de propagande qu&rsquo;une entreprise ou un particulier peut avoir besoin. C&rsquo;est un service qui requi\u00e8re une importance sp\u00e9ciale, raison pour laquelle nous disposons d&rsquo;une \u00e9quipe de professionnels qui donneront \u00e0 votre entreprise ou profil personnel une touche actuelle et commerciale.     <\/p>\n<table style=\"width: 100%; border-collapse: collapse; border-style: hidden;\">\n<tbody>\n<tr>\n<td style=\"width: 33.3333%;\"><img decoding=\"async\" class=\"size-full wp-image-39935 aligncenter\" src=\"https:\/\/translinguoglobal.com\/wp-content\/uploads\/2022\/04\/photo.png\" alt=\"Identit\u00e9 de l'entreprise.\" width=\"80\" height=\"80\" srcset=\"https:\/\/translinguoglobal.com\/wp-content\/uploads\/2022\/04\/photo.png 250w, https:\/\/translinguoglobal.com\/wp-content\/uploads\/2022\/04\/photo-150x150.png 150w\" sizes=\"(max-width: 80px) 100vw, 80px\" \/><\/p>\n<p style=\"text-align: center;\"><a href=\"https:\/\/es.wikipedia.org\/wiki\/Identidad_corporativa\" target=\"_blank\" rel=\"noopener\">Identit\u00e9 de l&rsquo;entreprise.<\/a> Cr\u00e9ation de supports publicitaires. Illustrations. Conception d&rsquo;image graphique.<\/p>\n<\/td>\n<td style=\"width: 33.3333%;\"><img decoding=\"async\" class=\"size-full wp-image-39942 aligncenter\" src=\"https:\/\/translinguoglobal.com\/wp-content\/uploads\/2022\/04\/logotipo.png\" alt=\"Cr\u00e9ation de logo, revues, bandeaux et identit\u00e9 d'entreprise. Packaging et mat\u00e9riel graphique.\" width=\"80\" height=\"80\" srcset=\"https:\/\/translinguoglobal.com\/wp-content\/uploads\/2022\/04\/logotipo.png 250w, https:\/\/translinguoglobal.com\/wp-content\/uploads\/2022\/04\/logotipo-150x150.png 150w\" sizes=\"(max-width: 80px) 100vw, 80px\" \/><\/p>\n<p style=\"text-align: center;\">Cr\u00e9ation de logo, revues, bandeaux et identit\u00e9 d&rsquo;entreprise.<br \/>\nPackaging et mat\u00e9riel graphique. <\/p>\n<\/td>\n<td style=\"width: 33.3333%;\"><img decoding=\"async\" class=\"size-full wp-image-39949 aligncenter\" src=\"https:\/\/translinguoglobal.com\/wp-content\/uploads\/2022\/04\/folleto.png\" alt=\"\" width=\"80\" height=\"80\" srcset=\"https:\/\/translinguoglobal.com\/wp-content\/uploads\/2022\/04\/folleto.png 250w, https:\/\/translinguoglobal.com\/wp-content\/uploads\/2022\/04\/folleto-150x150.png 150w\" sizes=\"(max-width: 80px) 100vw, 80px\" \/><\/p>\n<p style=\"text-align: center;\">Cr\u00e9ation de <em>brochures<\/em>, flyers, illustrations et identit\u00e9 graphique.<\/p>\n<\/td>\n<\/tr>\n<\/tbody>\n<\/table>\n<p>Si vous ou votre entreprise souhaitez donner une image forte et professionnelle, <a href=\"https:\/\/translinguoglobal.com\/contacto\/\">ayez confiance<\/a> en la cr\u00e9ativit\u00e9 de nos professionnel et graphistes. L&rsquo;image de votre entreprise est importante pour nous.<\/p>\n","protected":false},"excerpt":{"rendered":"<p>Gr\u00e2ce \u00e0 notre service de graphisme, vous allez marquer la m\u00e9moire de vos clients, car un graphisme impactant et m\u00e9morable \u00ab tape dans l&rsquo;\u0153il \u00bb.<\/p>\n","protected":false},"author":3,"featured_media":39929,"parent":0,"menu_order":0,"comment_status":"closed","ping_status":"closed","template":"","meta":{"_crdt_document":"","inline_featured_image":false,"site-sidebar-layout":"default","site-content-layout":"default","ast-site-content-layout":"default","site-content-style":"default","site-sidebar-style":"default","ast-global-header-display":"","ast-banner-title-visibility":"","ast-main-header-display":"","ast-hfb-above-header-display":"","ast-hfb-below-header-display":"","ast-hfb-mobile-header-display":"","site-post-title":"","ast-breadcrumbs-content":"","ast-featured-img":"","footer-sml-layout":"","ast-disable-related-posts":"","theme-transparent-header-meta":"default","adv-header-id-meta":"","stick-header-meta":"","header-above-stick-meta":"","header-main-stick-meta":"","header-below-stick-meta":"","astra-migrate-meta-layouts":"set","ast-page-background-enabled":"default","ast-page-background-meta":{"desktop":{"background-color":"var(--ast-global-color-4)","background-image":"","background-repeat":"repeat","background-position":"center center","background-size":"auto","background-attachment":"scroll","background-type":"","background-media":"","overlay-type":"","overlay-color":"","overlay-opacity":"","overlay-gradient":""},"tablet":{"background-color":"","background-image":"","background-repeat":"repeat","background-position":"center center","background-size":"auto","background-attachment":"scroll","background-type":"","background-media":"","overlay-type":"","overlay-color":"","overlay-opacity":"","overlay-gradient":""},"mobile":{"background-color":"","background-image":"","background-repeat":"repeat","background-position":"center center","background-size":"auto","background-attachment":"scroll","background-type":"","background-media":"","overlay-type":"","overlay-color":"","overlay-opacity":"","overlay-gradient":""}},"ast-content-background-meta":{"desktop":{"background-color":"var(--ast-global-color-5)","background-image":"","background-repeat":"repeat","background-position":"center center","background-size":"auto","background-attachment":"scroll","background-type":"","background-media":"","overlay-type":"","overlay-color":"","overlay-opacity":"","overlay-gradient":""},"tablet":{"background-color":"var(--ast-global-color-5)","background-image":"","background-repeat":"repeat","background-position":"center center","background-size":"auto","background-attachment":"scroll","background-type":"","background-media":"","overlay-type":"","overlay-color":"","overlay-opacity":"","overlay-gradient":""},"mobile":{"background-color":"var(--ast-global-color-5)","background-image":"","background-repeat":"repeat","background-position":"center center","background-size":"auto","background-attachment":"scroll","background-type":"","background-media":"","overlay-type":"","overlay-color":"","overlay-opacity":"","overlay-gradient":""}},"footnotes":""},"class_list":["post-43617","page","type-page","status-publish","has-post-thumbnail","hentry"],"_links":{"self":[{"href":"https:\/\/translinguoglobal.com\/fr\/wp-json\/wp\/v2\/pages\/43617","targetHints":{"allow":["GET"]}}],"collection":[{"href":"https:\/\/translinguoglobal.com\/fr\/wp-json\/wp\/v2\/pages"}],"about":[{"href":"https:\/\/translinguoglobal.com\/fr\/wp-json\/wp\/v2\/types\/page"}],"author":[{"embeddable":true,"href":"https:\/\/translinguoglobal.com\/fr\/wp-json\/wp\/v2\/users\/3"}],"replies":[{"embeddable":true,"href":"https:\/\/translinguoglobal.com\/fr\/wp-json\/wp\/v2\/comments?post=43617"}],"version-history":[{"count":5,"href":"https:\/\/translinguoglobal.com\/fr\/wp-json\/wp\/v2\/pages\/43617\/revisions"}],"predecessor-version":[{"id":81864,"href":"https:\/\/translinguoglobal.com\/fr\/wp-json\/wp\/v2\/pages\/43617\/revisions\/81864"}],"wp:featuredmedia":[{"embeddable":true,"href":"https:\/\/translinguoglobal.com\/fr\/wp-json\/wp\/v2\/media\/39929"}],"wp:attachment":[{"href":"https:\/\/translinguoglobal.com\/fr\/wp-json\/wp\/v2\/media?parent=43617"}],"curies":[{"name":"wp","href":"https:\/\/api.w.org\/{rel}","templated":true}]}}