{"id":43616,"date":"2022-05-05T15:54:47","date_gmt":"2022-05-05T15:54:47","guid":{"rendered":"https:\/\/translinguoglobal.com\/service-de-marketing-multilingue\/"},"modified":"2025-01-16T09:36:56","modified_gmt":"2025-01-16T08:36:56","slug":"service-de-marketing-multilingue","status":"publish","type":"page","link":"https:\/\/translinguoglobal.com\/fr\/service-de-marketing-multilingue\/","title":{"rendered":"Service de marketing multilingue"},"content":{"rendered":"<h2 style=\"text-align: center;\">L&rsquo;importance du marketing multilingue<\/h2>\n<p>Un des plus grand d\u00e9fis auquel font face beaucoup d&rsquo;entreprise aujourd&rsquo;hui, est certainement de gagner en visibilit\u00e9 sur les <a href=\"https:\/\/es.wikipedia.org\/wiki\/Mercado\" target=\"_blank\" rel=\"noopener noreferrer\">march\u00e9<\/a> internationaux. Chez <strong>Translinguo Global\u00ae<\/strong>, nous savons que cela est uniquement possible gr\u00e2ce \u00e0 une compagne de <i>marketing multilingue<\/i> correcte. Une visibilit\u00e9 et pertinence appropri\u00e9es dans d&rsquo;autres march\u00e9s est possible avec une strat\u00e9gie de <a href=\"https:\/\/es.wikipedia.org\/wiki\/Branding\" target=\"_blank\" rel=\"noopener noreferrer\"><i>branding<\/i><\/a> et <i>marketing<\/i>, en plus d&rsquo;une gestion des contenus en langues \u00e9trang\u00e8res. Nous harmonisons tant la strat\u00e9gie de <i>marketing<\/i> que la traduction sp\u00e9cialiss\u00e9e de vos contenus pour cr\u00e9er un excellent <i>marketing multilingue<\/i>. Nous disposons d&rsquo;un service sp\u00e9cialis\u00e9 que fera de votre campagne de publicit\u00e9 la plus correcte et efficace. Gr\u00e2ce \u00e0 la formation interculturelle de nos <a href=\"https:\/\/translinguoglobal.com\/marketing-multilingue\/\">traducteurs<\/a> et au soutient permanent d&rsquo;une \u00e9quipe de <i>marketing<\/i> et de <i>branding<\/i>, vos campagnes atteindra efficacement vos clients.<\/p>\n<h2 style=\"text-align: center;\">Les cl\u00e9s de Translinguo Global\u00ae<\/h2>\n\n<table id=\"tablepress-6\" class=\"tablepress tablepress-id-6\">\n<tbody>\n<tr class=\"row-1\">\n\t<td class=\"column-1\"><p><img decoding=\"async\" class=\"size-medium wp-image-39588 aligncenter\" src=\"https:\/\/translinguoglobal.com\/wp-content\/uploads\/2022\/04\/estilo-300x300-1-300x300.png\" alt=\"\" width=\"50\" height=\"50\" srcset=\"https:\/\/translinguoglobal.com\/wp-content\/uploads\/2022\/04\/estilo-300x300-1.png 300w, https:\/\/translinguoglobal.com\/wp-content\/uploads\/2022\/04\/estilo-300x300-1-150x150.png 150w\" sizes=\"(max-width: 50px) 100vw, 50px\" \/><\/p><br \/>\n                    <p style=\"text-align:center;\">Adaptaci\u00f3n ling\u00fc\u00edstica y cultural<\/p><\/td><td class=\"column-2\"><p><img decoding=\"async\" class=\"size-full wp-image-39664 aligncenter\" src=\"https:\/\/translinguoglobal.com\/wp-content\/uploads\/2022\/04\/pagina-web.png\" alt=\"\" width=\"50\" height=\"50\" srcset=\"https:\/\/translinguoglobal.com\/wp-content\/uploads\/2022\/04\/pagina-web.png 250w, https:\/\/translinguoglobal.com\/wp-content\/uploads\/2022\/04\/pagina-web-150x150.png 150w\" sizes=\"(max-width: 50px) 100vw, 50px\" \/><\/p><br \/>\n                    <p style=\"text-align:center;\"><a href=\"\/?page_id=40776\">SEO y SEM<\/a><\/p><\/td><td class=\"column-3\"><p><img decoding=\"async\" class=\"size-full wp-image-39736 aligncenter\" src=\"https:\/\/translinguoglobal.com\/wp-content\/uploads\/2022\/04\/ok.png\" alt=\"Monitorizaci\u00f3n de contenidos.\" width=\"50\" height=\"50\" srcset=\"https:\/\/translinguoglobal.com\/wp-content\/uploads\/2022\/04\/ok.png 250w, https:\/\/translinguoglobal.com\/wp-content\/uploads\/2022\/04\/ok-150x150.png 150w\" sizes=\"(max-width: 50px) 100vw, 50px\" \/><\/p><br \/>\n                    <p style=\"text-align:center;\">Equipo experto de comunicaci\u00f3n y <i>marketing<\/i><\/p><\/td>\n<\/tr>\n<tr class=\"row-2\">\n\t<td class=\"column-1\"><p><img loading=\"lazy\" decoding=\"async\" class=\"size-full wp-image-39771 aligncenter\" src=\"https:\/\/translinguoglobal.com\/wp-content\/uploads\/2022\/04\/identidad-corportiva.png\" alt=\"\" width=\"50\" height=\"50\" srcset=\"https:\/\/translinguoglobal.com\/wp-content\/uploads\/2022\/04\/identidad-corportiva.png 250w, https:\/\/translinguoglobal.com\/wp-content\/uploads\/2022\/04\/identidad-corportiva-150x150.png 150w\" sizes=\"(max-width: 50px) 100vw, 50px\" \/><\/p><br \/>\n                    <p style=\"text-align:center;\">Plan de internacionalizaci\u00f3n personalizado<\/p><\/td><td class=\"column-2\"><p><img loading=\"lazy\" decoding=\"async\" class=\"size-full wp-image-39867 aligncenter\" src=\"https:\/\/translinguoglobal.com\/wp-content\/uploads\/2022\/04\/ook.png\" alt=\"\" width=\"50\" height=\"50\" srcset=\"https:\/\/translinguoglobal.com\/wp-content\/uploads\/2022\/04\/ook.png 250w, https:\/\/translinguoglobal.com\/wp-content\/uploads\/2022\/04\/ook-150x150.png 150w\" sizes=\"(max-width: 50px) 100vw, 50px\" \/><\/p><br \/>\n                    <p style=\"text-align:center;\">Traductores nativos<\/p><\/td><td class=\"column-3\"><p><img loading=\"lazy\" decoding=\"async\" class=\"size-full wp-image-39905 aligncenter\" src=\"https:\/\/translinguoglobal.com\/wp-content\/uploads\/2022\/04\/comunidad.png\" alt=\"\" width=\"50\" height=\"50\" srcset=\"https:\/\/translinguoglobal.com\/wp-content\/uploads\/2022\/04\/comunidad.png 250w, https:\/\/translinguoglobal.com\/wp-content\/uploads\/2022\/04\/comunidad-150x150.png 150w\" sizes=\"(max-width: 50px) 100vw, 50px\" \/><\/p><br \/>\n                    <p style=\"text-align:center;\">Creaci\u00f3n y gesti\u00f3n de la comunidad<i> online<\/i><\/p><\/td>\n<\/tr>\n<\/tbody>\n<\/table>\n<!-- #tablepress-6 from cache -->\n<p>Si vous souhaitez mener votre entreprise \u00e0 l&rsquo;\u00e9chelle internationale, contactez-nous pour organiser un plan <i>marketing<\/i> international au meilleurs prix pour les deux services.<br \/>\nNous vous proposerons la meilleure strat\u00e9gies personalis\u00e9e pour votre entreprise, blog ou site internet aient l&rsquo;autorit\u00e9 et de la pertinence dans les moteurs de recherche des autres <i>sites<\/i>. <\/p>\n<h5 style=\"text-align: center;\"><a href=\"https:\/\/translinguoglobal.com\/diseno-y-creacion-de-paginas-web\/\" target=\"_blank\" rel=\"noopener noreferrer\">Pour en savoir plus sur nos services de <i>marketing<\/i> digital<\/a><\/h5>\n","protected":false},"excerpt":{"rendered":"<p>L&rsquo;importance du marketing multilingue Un des plus grand d\u00e9fis auquel font face beaucoup d&rsquo;entreprise aujourd&rsquo;hui, est certainement de gagner en visibilit\u00e9 sur les march\u00e9 internationaux. Chez Translinguo Global\u00ae, nous savons que cela est uniquement possible gr\u00e2ce \u00e0 une compagne de marketing multilingue correcte. Une visibilit\u00e9 et pertinence appropri\u00e9es dans d&rsquo;autres march\u00e9s est possible avec une [&hellip;]<\/p>\n","protected":false},"author":3,"featured_media":39186,"parent":0,"menu_order":0,"comment_status":"closed","ping_status":"closed","template":"","meta":{"_crdt_document":"","inline_featured_image":false,"site-sidebar-layout":"default","site-content-layout":"default","ast-site-content-layout":"default","site-content-style":"default","site-sidebar-style":"default","ast-global-header-display":"","ast-banner-title-visibility":"","ast-main-header-display":"","ast-hfb-above-header-display":"","ast-hfb-below-header-display":"","ast-hfb-mobile-header-display":"","site-post-title":"","ast-breadcrumbs-content":"","ast-featured-img":"","footer-sml-layout":"","ast-disable-related-posts":"","theme-transparent-header-meta":"default","adv-header-id-meta":"","stick-header-meta":"","header-above-stick-meta":"","header-main-stick-meta":"","header-below-stick-meta":"","astra-migrate-meta-layouts":"set","ast-page-background-enabled":"default","ast-page-background-meta":{"desktop":{"background-color":"var(--ast-global-color-4)","background-image":"","background-repeat":"repeat","background-position":"center center","background-size":"auto","background-attachment":"scroll","background-type":"","background-media":"","overlay-type":"","overlay-color":"","overlay-opacity":"","overlay-gradient":""},"tablet":{"background-color":"","background-image":"","background-repeat":"repeat","background-position":"center center","background-size":"auto","background-attachment":"scroll","background-type":"","background-media":"","overlay-type":"","overlay-color":"","overlay-opacity":"","overlay-gradient":""},"mobile":{"background-color":"","background-image":"","background-repeat":"repeat","background-position":"center center","background-size":"auto","background-attachment":"scroll","background-type":"","background-media":"","overlay-type":"","overlay-color":"","overlay-opacity":"","overlay-gradient":""}},"ast-content-background-meta":{"desktop":{"background-color":"var(--ast-global-color-5)","background-image":"","background-repeat":"repeat","background-position":"center center","background-size":"auto","background-attachment":"scroll","background-type":"","background-media":"","overlay-type":"","overlay-color":"","overlay-opacity":"","overlay-gradient":""},"tablet":{"background-color":"var(--ast-global-color-5)","background-image":"","background-repeat":"repeat","background-position":"center center","background-size":"auto","background-attachment":"scroll","background-type":"","background-media":"","overlay-type":"","overlay-color":"","overlay-opacity":"","overlay-gradient":""},"mobile":{"background-color":"var(--ast-global-color-5)","background-image":"","background-repeat":"repeat","background-position":"center center","background-size":"auto","background-attachment":"scroll","background-type":"","background-media":"","overlay-type":"","overlay-color":"","overlay-opacity":"","overlay-gradient":""}},"footnotes":""},"class_list":["post-43616","page","type-page","status-publish","has-post-thumbnail","hentry"],"_links":{"self":[{"href":"https:\/\/translinguoglobal.com\/fr\/wp-json\/wp\/v2\/pages\/43616","targetHints":{"allow":["GET"]}}],"collection":[{"href":"https:\/\/translinguoglobal.com\/fr\/wp-json\/wp\/v2\/pages"}],"about":[{"href":"https:\/\/translinguoglobal.com\/fr\/wp-json\/wp\/v2\/types\/page"}],"author":[{"embeddable":true,"href":"https:\/\/translinguoglobal.com\/fr\/wp-json\/wp\/v2\/users\/3"}],"replies":[{"embeddable":true,"href":"https:\/\/translinguoglobal.com\/fr\/wp-json\/wp\/v2\/comments?post=43616"}],"version-history":[{"count":7,"href":"https:\/\/translinguoglobal.com\/fr\/wp-json\/wp\/v2\/pages\/43616\/revisions"}],"predecessor-version":[{"id":80002,"href":"https:\/\/translinguoglobal.com\/fr\/wp-json\/wp\/v2\/pages\/43616\/revisions\/80002"}],"wp:featuredmedia":[{"embeddable":true,"href":"https:\/\/translinguoglobal.com\/fr\/wp-json\/wp\/v2\/media\/39186"}],"wp:attachment":[{"href":"https:\/\/translinguoglobal.com\/fr\/wp-json\/wp\/v2\/media?parent=43616"}],"curies":[{"name":"wp","href":"https:\/\/api.w.org\/{rel}","templated":true}]}}