{"id":43615,"date":"2022-05-05T15:54:35","date_gmt":"2022-05-05T15:54:35","guid":{"rendered":"https:\/\/translinguoglobal.com\/redaction-de-contenus\/"},"modified":"2025-02-12T09:51:05","modified_gmt":"2025-02-12T08:51:05","slug":"redaction-de-contenu","status":"publish","type":"page","link":"https:\/\/translinguoglobal.com\/fr\/redaction-de-contenu\/","title":{"rendered":"R\u00e9daction de contenu"},"content":{"rendered":"<p>La r\u00e9daction de contenu est l&rsquo;un des \u00e9l\u00e9ments d\u00e9terminants du succ\u00e8s ou de l&rsquo;\u00e9chec d&rsquo;un site web, en raison de la qualit\u00e9 et de la pr\u00e9cision qu&rsquo;elle peut apporter. Cependant, connaissez-vous la valeur et l&rsquo;importance d&rsquo;un professionnalisme hors pair en mati\u00e8re de r\u00e9daction de contenu ? <\/p>\n<h3 style=\"text-align: center;\">Ne craignez pas le robot d&rsquo;exploration de Google. La r\u00e9daction de contenu vous aidera \u00e0 am\u00e9liorer la position de votre site web. <\/h3>\n<p>Par ailleurs, il faut savoir que le contenu est le \u00ab carburant \u00bb du moteur de recherche de Google. C&rsquo;est pourquoi l&rsquo;utilisation optimale du contenu est extr\u00eamement importante. Voici les cl\u00e9s d&rsquo;une r\u00e9daction de contenu efficace et cibl\u00e9e :  <\/p>\n<p>&nbsp;<\/p>\n<table style=\"width: 100%; border-collapse: collapse; border-style: hidden;\">\n<tbody>\n<tr>\n<td style=\"width: 25%;\"><img decoding=\"async\" class=\"size-full wp-image-39811 aligncenter\" src=\"https:\/\/translinguoglobal.com\/wp-content\/uploads\/2022\/04\/read.png\" alt=\"Int\u00e9ressant du point de vue de l'utilisateur\" width=\"80\" height=\"80\" srcset=\"https:\/\/translinguoglobal.com\/wp-content\/uploads\/2022\/04\/read.png 250w, https:\/\/translinguoglobal.com\/wp-content\/uploads\/2022\/04\/read-150x150.png 150w\" sizes=\"(max-width: 80px) 100vw, 80px\" \/><\/p>\n<p style=\"text-align: center;\">Int\u00e9ressant du point de vue de l&rsquo;utilisateur.<\/p>\n<\/td>\n<td style=\"width: 25%;\"><img decoding=\"async\" class=\"size-full wp-image-39818 aligncenter\" src=\"https:\/\/translinguoglobal.com\/wp-content\/uploads\/2022\/04\/Interesante-desde-el-punto-de-vista-del-usuario.png\" alt=\"\" width=\"80\" height=\"80\" srcset=\"https:\/\/translinguoglobal.com\/wp-content\/uploads\/2022\/04\/Interesante-desde-el-punto-de-vista-del-usuario.png 250w, https:\/\/translinguoglobal.com\/wp-content\/uploads\/2022\/04\/Interesante-desde-el-punto-de-vista-del-usuario-150x150.png 150w\" sizes=\"(max-width: 80px) 100vw, 80px\" \/><\/p>\n<p style=\"text-align: center;\">Il doit \u00eatre bien distribu\u00e9 et correctement pr\u00e9sent\u00e9.<\/p>\n<\/td>\n<td style=\"width: 25%;\"><img decoding=\"async\" class=\"size-full wp-image-39825 aligncenter\" src=\"https:\/\/translinguoglobal.com\/wp-content\/uploads\/2022\/04\/puzzle.png\" alt=\"Logique, coh\u00e9rent et unifi\u00e9\" width=\"80\" height=\"80\" srcset=\"https:\/\/translinguoglobal.com\/wp-content\/uploads\/2022\/04\/puzzle.png 250w, https:\/\/translinguoglobal.com\/wp-content\/uploads\/2022\/04\/puzzle-150x150.png 150w\" sizes=\"(max-width: 80px) 100vw, 80px\" \/><\/p>\n<p style=\"text-align: center;\">Logique, coh\u00e9rent et unifi\u00e9<\/p>\n<\/td>\n<td style=\"width: 25%;\"><img loading=\"lazy\" decoding=\"async\" class=\"size-full wp-image-39839 aligncenter\" src=\"https:\/\/translinguoglobal.com\/wp-content\/uploads\/2022\/04\/iux-1-1.png\" alt=\"\" width=\"80\" height=\"80\" srcset=\"https:\/\/translinguoglobal.com\/wp-content\/uploads\/2022\/04\/iux-1-1.png 250w, https:\/\/translinguoglobal.com\/wp-content\/uploads\/2022\/04\/iux-1-1-150x150.png 150w\" sizes=\"(max-width: 80px) 100vw, 80px\" \/><\/p>\n<p style=\"text-align: center;\">Accessible \u00e0 l&rsquo;utilisateur.<\/p>\n<\/td>\n<\/tr>\n<\/tbody>\n<\/table>\n<p>Gagnez en importance et en r\u00e9putation gr\u00e2ce \u00e0 un contenu de qualit\u00e9. Dans le cas contraire, votre site risque d&rsquo;\u00eatre rel\u00e9gu\u00e9 en bas de la liste. Chez <a href=\"https:\/\/translinguoglobal.com\/\"><strong>Translinguo Global\u00ae<\/strong><\/a>, l&rsquo;accent est mis sur l&rsquo;<a href=\"https:\/\/translinguoglobal.com\/posicionamiento-en-buscadores-seo-multilingue\/\">optimisation<\/a> des moteurs de recherche (SEO), l&rsquo;activit\u00e9 des m\u00e9dias sociaux (SMM), l&rsquo;image de marque, l&rsquo;autorit\u00e9 et la r\u00e9putation. En bref, le contenu d&rsquo;un site web est crucial car il affecte directement la satisfaction de nos visiteurs.   <\/p>\n<blockquote><p>\u00ab Un bon contenu est synonyme de bons r\u00e9sultats \u00bb.<\/p><\/blockquote>\n<table style=\"width: 100%; border-collapse: collapse; border-style: hidden;\">\n<tbody>\n<tr>\n<td style=\"width: 25%;\"><img loading=\"lazy\" decoding=\"async\" class=\"size-full wp-image-39839 aligncenter\" src=\"https:\/\/translinguoglobal.com\/wp-content\/uploads\/2022\/04\/iux-1-1.png\" alt=\"\" width=\"80\" height=\"80\" srcset=\"https:\/\/translinguoglobal.com\/wp-content\/uploads\/2022\/04\/iux-1-1.png 250w, https:\/\/translinguoglobal.com\/wp-content\/uploads\/2022\/04\/iux-1-1-150x150.png 150w\" sizes=\"(max-width: 80px) 100vw, 80px\" \/><\/p>\n<p style=\"text-align: center;\">Utilisabilit\u00e9.<\/p>\n<\/td>\n<td style=\"width: 25%;\"><img loading=\"lazy\" decoding=\"async\" class=\"size-full wp-image-39763 aligncenter\" src=\"https:\/\/translinguoglobal.com\/wp-content\/uploads\/2022\/04\/seguridad.png\" alt=\"Accessibilit\u00e9\" width=\"80\" height=\"80\" srcset=\"https:\/\/translinguoglobal.com\/wp-content\/uploads\/2022\/04\/seguridad.png 250w, https:\/\/translinguoglobal.com\/wp-content\/uploads\/2022\/04\/seguridad-150x150.png 150w\" sizes=\"(max-width: 80px) 100vw, 80px\" \/><\/p>\n<p style=\"text-align: center;\">Accessibilit\u00e9.<\/p>\n<\/td>\n<td style=\"width: 25%;\"><img loading=\"lazy\" decoding=\"async\" class=\"size-full wp-image-39771 aligncenter\" src=\"https:\/\/translinguoglobal.com\/wp-content\/uploads\/2022\/04\/identidad-corportiva.png\" alt=\"\" width=\"80\" height=\"80\" srcset=\"https:\/\/translinguoglobal.com\/wp-content\/uploads\/2022\/04\/identidad-corportiva.png 250w, https:\/\/translinguoglobal.com\/wp-content\/uploads\/2022\/04\/identidad-corportiva-150x150.png 150w\" sizes=\"(max-width: 80px) 100vw, 80px\" \/><\/p>\n<p style=\"text-align: center;\">Identit\u00e9 de l&rsquo;entreprise.<\/p>\n<\/td>\n<td style=\"width: 25%;\"><img loading=\"lazy\" decoding=\"async\" class=\"size-full wp-image-39781 aligncenter\" src=\"https:\/\/translinguoglobal.com\/wp-content\/uploads\/2022\/04\/rates.png\" alt=\"Qualit\u00e9 .\" width=\"80\" height=\"80\" srcset=\"https:\/\/translinguoglobal.com\/wp-content\/uploads\/2022\/04\/rates.png 250w, https:\/\/translinguoglobal.com\/wp-content\/uploads\/2022\/04\/rates-150x150.png 150w\" sizes=\"(max-width: 80px) 100vw, 80px\" \/><\/p>\n<div class=\"elementor-element elementor-element-ebaf323 elementor-widget elementor-widget-text-editor\" data-id=\"ebaf323\" data-element_type=\"widget\" data-widget_type=\"text-editor.default\">\n<div class=\"elementor-widget-container\" style=\"text-align: center;\">Qualit\u00e9.<\/div>\n<\/div>\n<\/td>\n<\/tr>\n<\/tbody>\n<\/table>\n<p>Enfin, notre \u00e9quipe d&rsquo;experts sait qu&rsquo;un bon syst\u00e8me de <a href=\"https:\/\/es.wikipedia.org\/wiki\/Sistema_de_gesti%C3%B3n_de_contenidos\" target=\"_blank\" rel=\"noopener\">gestion de contenu<\/a> doit \u00eatre :<\/p>\n<table style=\"width: 100%; border-collapse: collapse; border-style: hidden;\">\n<tbody>\n<tr>\n<td style=\"width: 33.3333%;\"><img loading=\"lazy\" decoding=\"async\" class=\"size-full wp-image-39860 aligncenter\" src=\"https:\/\/translinguoglobal.com\/wp-content\/uploads\/2022\/04\/idea.png\" alt=\"Enfin, notre \u00e9quipe d'experts sait qu'un bon gestionnaire de contenu doit \u00eatre :\" width=\"80\" height=\"80\" srcset=\"https:\/\/translinguoglobal.com\/wp-content\/uploads\/2022\/04\/idea.png 250w, https:\/\/translinguoglobal.com\/wp-content\/uploads\/2022\/04\/idea-150x150.png 150w\" sizes=\"(max-width: 80px) 100vw, 80px\" \/><\/p>\n<p style=\"text-align: center;\">Cr\u00e9atif et d\u00e9termin\u00e9.<\/p>\n<\/td>\n<td style=\"width: 33.3333%;\"><img loading=\"lazy\" decoding=\"async\" class=\"size-full wp-image-39867 aligncenter\" src=\"https:\/\/translinguoglobal.com\/wp-content\/uploads\/2022\/04\/ook.png\" alt=\"\" width=\"80\" height=\"80\" srcset=\"https:\/\/translinguoglobal.com\/wp-content\/uploads\/2022\/04\/ook.png 250w, https:\/\/translinguoglobal.com\/wp-content\/uploads\/2022\/04\/ook-150x150.png 150w\" sizes=\"(max-width: 80px) 100vw, 80px\" \/><\/p>\n<p style=\"text-align: center;\">Expert sur le domaine qu&rsquo;il va traiter.<\/p>\n<\/td>\n<td style=\"width: 33.3333%;\"><img loading=\"lazy\" decoding=\"async\" class=\"size-full wp-image-39874 aligncenter\" src=\"https:\/\/translinguoglobal.com\/wp-content\/uploads\/2022\/04\/objetivos.png\" alt=\"\" width=\"80\" height=\"80\" srcset=\"https:\/\/translinguoglobal.com\/wp-content\/uploads\/2022\/04\/objetivos.png 250w, https:\/\/translinguoglobal.com\/wp-content\/uploads\/2022\/04\/objetivos-150x150.png 150w\" sizes=\"(max-width: 80px) 100vw, 80px\" \/><\/p>\n<p style=\"text-align: center;\">Capable de captiver l&rsquo;attention du lecteur.<\/p>\n<\/td>\n<\/tr>\n<\/tbody>\n<\/table>\n<p>C&rsquo;est pourquoi nos professionnels sont <a href=\"https:\/\/es.wikipedia.org\/wiki\/Interdisciplinariedad\" target=\"_blank\" rel=\"noopener\">interdisciplinaires<\/a> et poss\u00e8dent des connaissances approfondies en mati\u00e8re de marketing, de technologie et de linguistique.<\/p>\n","protected":false},"excerpt":{"rendered":"<p>La r\u00e9daction de contenu est l&rsquo;un des \u00e9l\u00e9ments d\u00e9terminants du succ\u00e8s ou de l&rsquo;\u00e9chec d&rsquo;un site web, en raison de la qualit\u00e9 et de la pr\u00e9cision qu&rsquo;elle peut apporter. Cependant, connaissez-vous la valeur et l&rsquo;importance d&rsquo;un professionnalisme hors pair en mati\u00e8re de r\u00e9daction de contenu ? Ne craignez pas le robot d&rsquo;exploration de Google. La [&hellip;]<\/p>\n","protected":false},"author":3,"featured_media":39170,"parent":0,"menu_order":0,"comment_status":"closed","ping_status":"closed","template":"","meta":{"_crdt_document":"","inline_featured_image":false,"site-sidebar-layout":"default","site-content-layout":"default","ast-site-content-layout":"default","site-content-style":"default","site-sidebar-style":"default","ast-global-header-display":"","ast-banner-title-visibility":"","ast-main-header-display":"","ast-hfb-above-header-display":"","ast-hfb-below-header-display":"","ast-hfb-mobile-header-display":"","site-post-title":"","ast-breadcrumbs-content":"","ast-featured-img":"","footer-sml-layout":"","ast-disable-related-posts":"","theme-transparent-header-meta":"default","adv-header-id-meta":"","stick-header-meta":"","header-above-stick-meta":"","header-main-stick-meta":"","header-below-stick-meta":"","astra-migrate-meta-layouts":"set","ast-page-background-enabled":"default","ast-page-background-meta":{"desktop":{"background-color":"var(--ast-global-color-4)","background-image":"","background-repeat":"repeat","background-position":"center center","background-size":"auto","background-attachment":"scroll","background-type":"","background-media":"","overlay-type":"","overlay-color":"","overlay-opacity":"","overlay-gradient":""},"tablet":{"background-color":"","background-image":"","background-repeat":"repeat","background-position":"center center","background-size":"auto","background-attachment":"scroll","background-type":"","background-media":"","overlay-type":"","overlay-color":"","overlay-opacity":"","overlay-gradient":""},"mobile":{"background-color":"","background-image":"","background-repeat":"repeat","background-position":"center center","background-size":"auto","background-attachment":"scroll","background-type":"","background-media":"","overlay-type":"","overlay-color":"","overlay-opacity":"","overlay-gradient":""}},"ast-content-background-meta":{"desktop":{"background-color":"var(--ast-global-color-5)","background-image":"","background-repeat":"repeat","background-position":"center center","background-size":"auto","background-attachment":"scroll","background-type":"","background-media":"","overlay-type":"","overlay-color":"","overlay-opacity":"","overlay-gradient":""},"tablet":{"background-color":"var(--ast-global-color-5)","background-image":"","background-repeat":"repeat","background-position":"center center","background-size":"auto","background-attachment":"scroll","background-type":"","background-media":"","overlay-type":"","overlay-color":"","overlay-opacity":"","overlay-gradient":""},"mobile":{"background-color":"var(--ast-global-color-5)","background-image":"","background-repeat":"repeat","background-position":"center center","background-size":"auto","background-attachment":"scroll","background-type":"","background-media":"","overlay-type":"","overlay-color":"","overlay-opacity":"","overlay-gradient":""}},"footnotes":""},"class_list":["post-43615","page","type-page","status-publish","has-post-thumbnail","hentry"],"_links":{"self":[{"href":"https:\/\/translinguoglobal.com\/fr\/wp-json\/wp\/v2\/pages\/43615","targetHints":{"allow":["GET"]}}],"collection":[{"href":"https:\/\/translinguoglobal.com\/fr\/wp-json\/wp\/v2\/pages"}],"about":[{"href":"https:\/\/translinguoglobal.com\/fr\/wp-json\/wp\/v2\/types\/page"}],"author":[{"embeddable":true,"href":"https:\/\/translinguoglobal.com\/fr\/wp-json\/wp\/v2\/users\/3"}],"replies":[{"embeddable":true,"href":"https:\/\/translinguoglobal.com\/fr\/wp-json\/wp\/v2\/comments?post=43615"}],"version-history":[{"count":5,"href":"https:\/\/translinguoglobal.com\/fr\/wp-json\/wp\/v2\/pages\/43615\/revisions"}],"predecessor-version":[{"id":81861,"href":"https:\/\/translinguoglobal.com\/fr\/wp-json\/wp\/v2\/pages\/43615\/revisions\/81861"}],"wp:featuredmedia":[{"embeddable":true,"href":"https:\/\/translinguoglobal.com\/fr\/wp-json\/wp\/v2\/media\/39170"}],"wp:attachment":[{"href":"https:\/\/translinguoglobal.com\/fr\/wp-json\/wp\/v2\/media?parent=43615"}],"curies":[{"name":"wp","href":"https:\/\/api.w.org\/{rel}","templated":true}]}}