{"id":43613,"date":"2022-05-05T15:54:02","date_gmt":"2022-05-05T15:54:02","guid":{"rendered":"https:\/\/translinguoglobal.com\/traduction-du-curriculum-vitae\/"},"modified":"2025-01-16T09:37:08","modified_gmt":"2025-01-16T08:37:08","slug":"traduction-de-cv","status":"publish","type":"page","link":"https:\/\/translinguoglobal.com\/fr\/traduction-de-cv\/","title":{"rendered":"Traduction de CV"},"content":{"rendered":"<h2 style=\"text-align: center;\"><strong>SERVICE DE TRADUCTION DE CV <\/strong><\/h2>\n<p>Nous proposons un service <strong>de traduction de CV<\/strong> pour vous aider \u00e0 saisir des opportunit\u00e9s laborales partout dans le monde. Notre \u00e9quipe de traducteur sp\u00e9cialis\u00e9s dans les ressources humaines garantie une traduction pr\u00e9cise et adapt\u00e9e \u00e0 la languge et au pays vers lequel se dirige votre CV.<\/p>\n<p>Vous souhaitez d\u00e9poser votre CV, mais il n&rsquo;est pas traduit ? Si c&rsquo;est votre cas, vous \u00eates sur la bonne page. Chez <a href=\"https:\/\/translinguoglobal.com\/\">Translinguo Global, <\/a> nous vous offrons la possiblit\u00e9 de <strong>traduire votre CV,<\/strong> en vous garantissant la meilleure qualit\u00e9.<\/p>\n<h2 style=\"text-align: center;\">Traduction professionnelle du CV<\/h2>\n<p>Avoir un CV qui soit professionnel et impactant est essentiel. De cette mani\u00e8re, vous augmentez vos chances de r\u00e9ussite dans le monde du travail. C&rsquo;est pourquoi il est tr\u00e8s important que <strong>votre CV soit traduit <\/strong> de mani\u00e8re adapt\u00e9e et \u00e9conomique.<\/p>\n<p>Afin que le <strong>service de traduction de CV<\/strong> soit professionnel, vous devez choisir une bonne agence de confiance. Elle doit r\u00e9aliser un travail de qualit\u00e9, et doit respecter ces conditions :<\/p>\n<ul>\n<li>Elle doit reposer sur la ponctualit\u00e9, puisque respecter les d\u00e9lais est essentiel. Chez Translinguo, nous disposons de traducteur \u00e0 travers le monde, ce qui nous permet de proposer un <strong>service de traduction<\/strong> sur n&rsquo;importe quel fuseau horaire.<\/li>\n<li>Les traducteurs doivent \u00eatre sp\u00e9cialis\u00e9s, dans l&rsquo;objectif que la t<strong>raduction du CV<\/strong> soit juste. Nous avons de traducteurs experts et natifs \u00e0 votre disposition.<\/li>\n<li>Une caract\u00e9ristique importante est l&rsquo;exp\u00e9rience de l&rsquo;entreprise. Dans notre cas, nous avons plus de 10 ans d&rsquo;exp\u00e9rience dans diff\u00e9rents secteurs.<\/li>\n<li>Il faut toujours penser aux clients et leur satisfaction. Nous nous adaptons facilement \u00e0 vos int\u00e9r\u00eats et <strong>nous traduisons votre CV rapidement<\/strong>, et vous obtiendrez des r\u00e9sultats excellents.<\/li>\n<\/ul>\n<h3 style=\"text-align: left;\"><strong>Pourquoi il est important de traduire votre CV ?<\/strong><\/h3>\n<p>Le CV est une lettre de pr\u00e9sentation pour entrer dans le monde professionnel, et doit donc montrer votre professionnalisme. Il est important que ce document doit traduit de mani\u00e8re appropri\u00e9e \u00e0 une autre langue. Ainsi, il vous sera plus facile d&rsquo;acc\u00e9der au march\u00e9 du travail international.<\/p>\n<p>Il est donc judicieux de passer par une <strong>entreprise de traduction de CV<\/strong> exp\u00e9riment\u00e9e. La raison \u00e9tant qu&rsquo;il faut prendre en compte les diff\u00e9rences culturelles. C&rsquo;est pourquoi il est important de d\u00e9finir vers qui se dirige le CV.<\/p>\n<p>Ce service nait du besoin qu&rsquo;ont beaucoup de personnes d&rsquo;avoir un CV bien r\u00e9dig\u00e9. Car, finalement, cela peut jouer un r\u00f4le d\u00e9cisif pour l&rsquo;obtention d&rsquo;un entretien.<\/p>\n<h3>Dans quelles langues traduisons-nous le CV ?<\/h3>\n<p>Translinguo Global est une <strong>entreprise de traduction<\/strong> de diff\u00e9rents domaines, dont en fait partie la <strong>r\u00e9daction de CV. <\/strong> Nous proposons nos services tant aux agences, qu&rsquo;aux particuliers.<\/p>\n<p>Notre but est de faire les traductions par des traducteurs sp\u00e9cialis\u00e9s et natifs dans les diff\u00e9rents domaines. Nous sommes capables de <strong>traduire votre CV <\/strong> dans plus de 207 langues. Parmi elles : allemand, anglais, fran\u00e7ais, espagnol, italien, portugais, hollandais, russe, polonais, tch\u00e8que, chinois, arabe, etc.<\/p>\n<h3><strong>Pour quoi faire confiance \u00e0 Translinguo ?<\/strong><\/h3>\n<p><a href=\"https:\/\/translinguoglobal.com\/\">Translinguo Global <\/a> est l&rsquo;agence de traduction \u00e0 Madrid avec le plus de projection. Nous proposons de services de traduction et <a href=\"https:\/\/es.wikipedia.org\/wiki\/Marketing_digital\" target=\"_blank\" rel=\"noopener\"><em>marketing<\/em> digital<\/a>, autant pour les entreprises que pour les particuliers<\/p>\n<p>Notre entreprise de traduction repose des <strong>principes et valeurs<\/strong> qui font notre <strong>succ\u00e8s<\/strong> et que nous avons une <strong>perspective de croissance constante.<\/strong><\/p>\n<p>De plus, il faut noter que gr\u00e2ce \u00e0 nos efforts et \u00e0 notre r\u00e9gularit\u00e9, nous avons l&rsquo;<strong>ISO 9001<\/strong> et l&rsquo;<strong>ISO 17100.<\/strong> En d&rsquo;autre termes, nos processus de gestion suivent des standards de haute qualit\u00e9.<\/p>\n<p>En conclusion, un CV traduit parfaitement en fran\u00e7ais, italien, espagnol, allemand, etc. fait toute la diff\u00e9rence. R\u00e9sultat, il vous sera plus facile d&rsquo;entrer dans le monde professionnel, afin de trouver de meilleures opportunit\u00e9 de travail.<\/p>\n<h4><strong>D&rsquo;autres services peuvent aussi vous int\u00e9resser : <\/strong><\/h4>\n<p style=\"text-align: center;\"><a href=\"https:\/\/translinguoglobal.com\/presupuesto\/\"><button style=\"background: #de183d;\">Envoyez-nous votre CV<\/button><\/a><\/p>\n","protected":false},"excerpt":{"rendered":"<p>Vous souhaitez donner un coup de pousse \u00e0 votre carri\u00e8re professionnelle ? Chez Translinguo Global\u00ae nous proposons le service de traduction de CV pour que vous puissiez travailler \u00e0 l&rsquo;\u00e9tranger et vous ouvrir la porte \u00e0 une infinit\u00e9 de possibilit\u00e9s professionnelles. N&rsquo;attendez plus et lancez vous, nous vous accompagnerons. <\/p>\n","protected":false},"author":3,"featured_media":39623,"parent":0,"menu_order":0,"comment_status":"closed","ping_status":"closed","template":"","meta":{"_crdt_document":"","inline_featured_image":false,"site-sidebar-layout":"default","site-content-layout":"default","ast-site-content-layout":"default","site-content-style":"default","site-sidebar-style":"default","ast-global-header-display":"","ast-banner-title-visibility":"","ast-main-header-display":"","ast-hfb-above-header-display":"","ast-hfb-below-header-display":"","ast-hfb-mobile-header-display":"","site-post-title":"","ast-breadcrumbs-content":"","ast-featured-img":"","footer-sml-layout":"","ast-disable-related-posts":"","theme-transparent-header-meta":"default","adv-header-id-meta":"","stick-header-meta":"","header-above-stick-meta":"","header-main-stick-meta":"","header-below-stick-meta":"","astra-migrate-meta-layouts":"set","ast-page-background-enabled":"default","ast-page-background-meta":{"desktop":{"background-color":"var(--ast-global-color-4)","background-image":"","background-repeat":"repeat","background-position":"center center","background-size":"auto","background-attachment":"scroll","background-type":"","background-media":"","overlay-type":"","overlay-color":"","overlay-opacity":"","overlay-gradient":""},"tablet":{"background-color":"","background-image":"","background-repeat":"repeat","background-position":"center center","background-size":"auto","background-attachment":"scroll","background-type":"","background-media":"","overlay-type":"","overlay-color":"","overlay-opacity":"","overlay-gradient":""},"mobile":{"background-color":"","background-image":"","background-repeat":"repeat","background-position":"center center","background-size":"auto","background-attachment":"scroll","background-type":"","background-media":"","overlay-type":"","overlay-color":"","overlay-opacity":"","overlay-gradient":""}},"ast-content-background-meta":{"desktop":{"background-color":"var(--ast-global-color-5)","background-image":"","background-repeat":"repeat","background-position":"center center","background-size":"auto","background-attachment":"scroll","background-type":"","background-media":"","overlay-type":"","overlay-color":"","overlay-opacity":"","overlay-gradient":""},"tablet":{"background-color":"var(--ast-global-color-5)","background-image":"","background-repeat":"repeat","background-position":"center center","background-size":"auto","background-attachment":"scroll","background-type":"","background-media":"","overlay-type":"","overlay-color":"","overlay-opacity":"","overlay-gradient":""},"mobile":{"background-color":"var(--ast-global-color-5)","background-image":"","background-repeat":"repeat","background-position":"center center","background-size":"auto","background-attachment":"scroll","background-type":"","background-media":"","overlay-type":"","overlay-color":"","overlay-opacity":"","overlay-gradient":""}},"footnotes":""},"class_list":["post-43613","page","type-page","status-publish","has-post-thumbnail","hentry"],"_links":{"self":[{"href":"https:\/\/translinguoglobal.com\/fr\/wp-json\/wp\/v2\/pages\/43613","targetHints":{"allow":["GET"]}}],"collection":[{"href":"https:\/\/translinguoglobal.com\/fr\/wp-json\/wp\/v2\/pages"}],"about":[{"href":"https:\/\/translinguoglobal.com\/fr\/wp-json\/wp\/v2\/types\/page"}],"author":[{"embeddable":true,"href":"https:\/\/translinguoglobal.com\/fr\/wp-json\/wp\/v2\/users\/3"}],"replies":[{"embeddable":true,"href":"https:\/\/translinguoglobal.com\/fr\/wp-json\/wp\/v2\/comments?post=43613"}],"version-history":[{"count":5,"href":"https:\/\/translinguoglobal.com\/fr\/wp-json\/wp\/v2\/pages\/43613\/revisions"}],"predecessor-version":[{"id":80008,"href":"https:\/\/translinguoglobal.com\/fr\/wp-json\/wp\/v2\/pages\/43613\/revisions\/80008"}],"wp:featuredmedia":[{"embeddable":true,"href":"https:\/\/translinguoglobal.com\/fr\/wp-json\/wp\/v2\/media\/39623"}],"wp:attachment":[{"href":"https:\/\/translinguoglobal.com\/fr\/wp-json\/wp\/v2\/media?parent=43613"}],"curies":[{"name":"wp","href":"https:\/\/api.w.org\/{rel}","templated":true}]}}