{"id":43609,"date":"2022-05-05T15:51:45","date_gmt":"2022-05-05T15:51:45","guid":{"rendered":"https:\/\/translinguoglobal.com\/service-de-traduction-generale\/"},"modified":"2022-05-06T16:55:23","modified_gmt":"2022-05-06T16:55:23","slug":"service-de-traduction-generale","status":"publish","type":"page","link":"https:\/\/translinguoglobal.com\/fr\/service-de-traduction-generale\/","title":{"rendered":"Service de traduction g\u00e9n\u00e9rale"},"content":{"rendered":"<p>Nous savons que la traduction est l\u00e0 pour rester. C\u2019est pour cette raison que les entreprises et les particuliers nous confient des textes simples, des articles de journaux, du contenu Web \u00e0 TFG et TFM.<\/p>\n<h3>Qu\u2019est-ce que la traduction g\u00e9n\u00e9rale ?<\/h3>\n<p>Ce concept fait r\u00e9f\u00e9rence \u00e0 la traduction de textes qui ne sont pas sp\u00e9cialis\u00e9s. Par cons\u00e9quent, ils n\u2019entra\u00eenent pas de complexit\u00e9s ou de difficult\u00e9s techniques ou terminologiques.<br \/>\nCes textes s\u2019adressent \u00e0 un public non sp\u00e9cialis\u00e9, de sorte que le langage doit \u00eatre clair et naturel, s\u2019\u00e9loignant des d\u00e9tails techniques. Bien qu\u2019il s\u2019agisse de textes simples, chez Translinguo Global\u00ae,\u00a0<strong>le processus de documentation et d\u2019adaptation culturelle\u00a0<\/strong><strong>est<\/strong>\u00a0<strong>tout aussi approfondi<\/strong>\u00a0que dans un texte sp\u00e9cialis\u00e9.<\/p>\n<h3>\u00bfDe quel type de textes s\u2019agit-il ?<\/h3>\n<p><strong><img decoding=\"async\" class=\"alignleft\" src=\"https:\/\/translinguoglobal.com\/wp-content\/uploads\/2019\/09\/ortografia-300x300.png\" alt=\"traducci\u00f3n general\" width=\"95\" height=\"95\" \/>Quelques exemples de textes g\u00e9n\u00e9raux<\/strong> peuvent \u00eatre : textes journalistiques, textes publicitaires, lettres et courriels, textes sur le tourisme et la gastronomie, informations sur l\u2019art et la culture, curriculum vitae, lettres de motivation, lettres de recommandation; etc.<\/p>\n<p>&nbsp;<\/p>\n","protected":false},"excerpt":{"rendered":"<p>La traduction g\u00e9n\u00e9rale repose sur la traduction de textes g\u00e9n\u00e9raux qui, pour leurs caract\u00e9ristiques, sont sujets au langage courant.<\/p>\n","protected":false},"author":3,"featured_media":59933,"parent":0,"menu_order":0,"comment_status":"closed","ping_status":"closed","template":"","meta":{"_crdt_document":"","inline_featured_image":false,"site-sidebar-layout":"no-sidebar","site-content-layout":"page-builder","ast-site-content-layout":"default","site-content-style":"default","site-sidebar-style":"default","ast-global-header-display":"","ast-banner-title-visibility":"","ast-main-header-display":"","ast-hfb-above-header-display":"","ast-hfb-below-header-display":"","ast-hfb-mobile-header-display":"","site-post-title":"disabled","ast-breadcrumbs-content":"","ast-featured-img":"disabled","footer-sml-layout":"","ast-disable-related-posts":"","theme-transparent-header-meta":"default","adv-header-id-meta":"","stick-header-meta":"","header-above-stick-meta":"","header-main-stick-meta":"","header-below-stick-meta":"","astra-migrate-meta-layouts":"default","ast-page-background-enabled":"default","ast-page-background-meta":{"desktop":{"background-color":"var(--ast-global-color-4)","background-image":"","background-repeat":"repeat","background-position":"center center","background-size":"auto","background-attachment":"scroll","background-type":"","background-media":"","overlay-type":"","overlay-color":"","overlay-opacity":"","overlay-gradient":""},"tablet":{"background-color":"","background-image":"","background-repeat":"repeat","background-position":"center center","background-size":"auto","background-attachment":"scroll","background-type":"","background-media":"","overlay-type":"","overlay-color":"","overlay-opacity":"","overlay-gradient":""},"mobile":{"background-color":"","background-image":"","background-repeat":"repeat","background-position":"center center","background-size":"auto","background-attachment":"scroll","background-type":"","background-media":"","overlay-type":"","overlay-color":"","overlay-opacity":"","overlay-gradient":""}},"ast-content-background-meta":{"desktop":{"background-color":"var(--ast-global-color-5)","background-image":"","background-repeat":"repeat","background-position":"center center","background-size":"auto","background-attachment":"scroll","background-type":"","background-media":"","overlay-type":"","overlay-color":"","overlay-opacity":"","overlay-gradient":""},"tablet":{"background-color":"var(--ast-global-color-5)","background-image":"","background-repeat":"repeat","background-position":"center center","background-size":"auto","background-attachment":"scroll","background-type":"","background-media":"","overlay-type":"","overlay-color":"","overlay-opacity":"","overlay-gradient":""},"mobile":{"background-color":"var(--ast-global-color-5)","background-image":"","background-repeat":"repeat","background-position":"center center","background-size":"auto","background-attachment":"scroll","background-type":"","background-media":"","overlay-type":"","overlay-color":"","overlay-opacity":"","overlay-gradient":""}},"footnotes":""},"class_list":["post-43609","page","type-page","status-publish","has-post-thumbnail","hentry"],"_links":{"self":[{"href":"https:\/\/translinguoglobal.com\/fr\/wp-json\/wp\/v2\/pages\/43609","targetHints":{"allow":["GET"]}}],"collection":[{"href":"https:\/\/translinguoglobal.com\/fr\/wp-json\/wp\/v2\/pages"}],"about":[{"href":"https:\/\/translinguoglobal.com\/fr\/wp-json\/wp\/v2\/types\/page"}],"author":[{"embeddable":true,"href":"https:\/\/translinguoglobal.com\/fr\/wp-json\/wp\/v2\/users\/3"}],"replies":[{"embeddable":true,"href":"https:\/\/translinguoglobal.com\/fr\/wp-json\/wp\/v2\/comments?post=43609"}],"version-history":[{"count":0,"href":"https:\/\/translinguoglobal.com\/fr\/wp-json\/wp\/v2\/pages\/43609\/revisions"}],"wp:featuredmedia":[{"embeddable":true,"href":"https:\/\/translinguoglobal.com\/fr\/wp-json\/wp\/v2\/media\/59933"}],"wp:attachment":[{"href":"https:\/\/translinguoglobal.com\/fr\/wp-json\/wp\/v2\/media?parent=43609"}],"curies":[{"name":"wp","href":"https:\/\/api.w.org\/{rel}","templated":true}]}}