{"id":103054,"date":"2026-04-21T12:09:01","date_gmt":"2026-04-21T10:09:01","guid":{"rendered":"https:\/\/translinguoglobal.com\/agence-de-traduction-en-coreen\/"},"modified":"2026-04-21T12:09:01","modified_gmt":"2026-04-21T10:09:01","slug":"agence-de-traduction-en-coreen","status":"publish","type":"page","link":"https:\/\/translinguoglobal.com\/fr\/agence-de-traduction-en-coreen\/","title":{"rendered":"Agence de traduction en cor\u00e9en"},"content":{"rendered":"<h2 style=\"text-align: center;\">Agence de trad<\/h2>\n<h3 style=\"text-align: center;\"><strong>La relation commerciale entre l&rsquo;Espagne et la Cor\u00e9e<\/strong><\/h3>\n<p>Traduction du <a href=\"https:\/\/es.wikipedia.org\/wiki\/Idioma_coreano\" target=\"_blank\" rel=\"noopener\">cor\u00e9en.<\/a> Avant de parler de la traduction du cor\u00e9en, il est important d&rsquo;expliquer la relation qu&rsquo;entretiennent l&rsquo;Espagne et la Cor\u00e9e. Des marques que nous connaissons tous sont tr\u00e8s pr\u00e9sentes en Espagne : Samsung, LG, KIA, Hyundai, etc. De la m\u00eame mani\u00e8re, des entreprises espagnoles comme Zara ou Mango ont \u00e9galement ouvert des boutiques en Cor\u00e9e.<\/p>\n<p>L&rsquo;ouverture de la Cor\u00e9e et de l&rsquo;Asie au reste du monde a \u00e9t\u00e9 tr\u00e8s significative ces derni\u00e8res ann\u00e9es. Le <em>boom <\/em>de la Cor\u00e9e du Sud a \u00e9t\u00e9 autant \u00e9conomique que social et \u00e9conomique. L&rsquo;augmentation du nombre de contrats dans une langue refl\u00e8te l&rsquo;ouverture d&rsquo;une soci\u00e9t\u00e9 au reste du monde. Par ailleurs, la <strong>traduction du cor\u00e9en<\/strong> favorise les relations commerciales entre la Cor\u00e9e du Sud et l&rsquo;Espagne.<\/p>\n<h3 style=\"text-align: center;\"><strong>O\u00f9 parle-t-on cor\u00e9en ?<\/strong><\/h3>\n<p>Entre la Cor\u00e9e du Nord et la Cor\u00e9e du Sud, la population atteint les 75 millions de personnes. Cependant la la Cor\u00e9e du Nord ne participe pas activement \u00e0 l&rsquo;\u00e9conomie mondiale. Par cons\u00e9quent, 25 millions de personnes ne prennent pas part aux \u00e9changes commerciaux internationaux. Malgr\u00e9 cela, la Cor\u00e9e du Sud repr\u00e9sente 2 % de l&rsquo;\u00e9conomie mondiale. La grammaire cor\u00e9enne est tr\u00e8s similaire \u00e0 la grammaire japonaise, et plus de la moiti\u00e9 de son vocabulaire provient du chinois.<\/p>\n<h3 style=\"text-align: center;\"><strong>L&rsquo;\u00e9volution de la traduction du cor\u00e9en en Espagne et ses tarifs<\/strong><\/h3>\n<p>Au court des dix derni\u00e8res ann\u00e9es, la <strong>traduction du cor\u00e9en<\/strong> a augment\u00e9 de mani\u00e8re exponentielle. Actuellement, les tarifs de traduction cor\u00e9en\u2013espagnol et espagnol\u2013cor\u00e9en varient entre 0,16 et 0,18 \u20ac par mot. En ce qui concerne la traduction asserment\u00e9e du cor\u00e9en, il n\u2019existe qu\u2019un seul traducteur en Espagne. Cependant, de nombreuses entreprises, face \u00e0 une forte demande, proposent des services de traduction du cor\u00e9en.<\/p>\n<p>De plus, il existe certains mod\u00e8les dans le processus d\u2019attribution des textes qui peuvent diff\u00e9rer de la m\u00e9thodologie conventionnelle. Le cor\u00e9en est une langue si diff\u00e9rente qui exprime la r\u00e9alit\u00e9 d\u2019une mani\u00e8re tr\u00e8s diff\u00e9rente de l\u2019espagnol. En fin de compte, malgr\u00e9 ses similitudes avec le japonais et le chinois, il s\u2019agit d\u2019une langue isol\u00e9e. Ce qui signifie qu&rsquo;elle n&rsquo;a aucune parent\u00e9 avec aucune autre langue vivante ou morte. Un cas similaire que vous connaissez est le basque. Pour cela, avant d&rsquo;accepter un projet de traduction en cor\u00e9en, les traducteurs demandent g\u00e9n\u00e9ralement de lire le texte et de l&rsquo;analyser.<\/p>\n<p>Actuellement, le domaine de la <strong>traduction du cor\u00e9en<\/strong> qui se distingue le plus est celui li\u00e9 \u00e0 la technologie. Le taux d&rsquo;acc\u00e8s \u00e0 internet de sa population est de 90 %. Un autre domaine de traduction du cor\u00e9en \u00e9galement exploit\u00e9 concerne tout ce qui est li\u00e9 au <em>e-commerce<\/em>. S\u2019\u00e9tant solidement implant\u00e9e sur le march\u00e9 international, la <strong>traduction du cor\u00e9en <\/strong>continuera sans aucun doute \u00e0 se d\u00e9velopper consid\u00e9rablement dans les ann\u00e9es \u00e0 venir.<\/p>\n<p>Chez <a href=\"https:\/\/translinguoglobal.com\/fr\/\">Translinguo<\/a>, nous vous proposons un large \u00e9ventail de services de<a href=\"https:\/\/fr.wikipedia.org\/wiki\/Traduction\" target=\"_blank\" rel=\"noopener\"> traduction<\/a> <span style=\"font-weight: 400;\">selon vos besoins. C\u2019est une ressource indispensable pour une communication efficace dans le monde actuel. Notre agence dispose d\u2019une \u00e9quipe de traducteurs hautement qualifi\u00e9s qui poss\u00e8dent les comp\u00e9tences de recherche et d\u2019analyse n\u00e9cessaires \u00e0 une bonne traduction. Ainsi, si vous cherchez une   <\/span><b>entreprise de traduction,<\/b> <span style=\"font-weight: 400;\">vous \u00eates au bon endroit, au bon moment. <\/span><\/p>\n<p><span style=\"font-weight: 400;\">Notre travail est de veiller \u00e0 votre satisfaction, car nous, Translinguo, voulons le meilleur pour vous ! N\u2019h\u00e9sitez pas \u00e0 nous contacter, vous serez re\u00e7u comme il se doit, nous vous accompagnerons tout au long du processus du traduction que vous choisirez ! <\/span><\/p>\n<p><span style=\"font-weight: 400;\">Nous garantissons le professionnalisme de nos traducteurs et relecteurs. Traducteurs natifs et sp\u00e9cialis\u00e9s.  Nous disposons de traducteurs aux quatre coins du monde, ce qui nous permet de proposer un service de traduction sp\u00e9cialis\u00e9 \u00e0 n\u2019importe quelle heure de la journ\u00e9e. Nous pouvons dire alors que nous travaillons 24 heures sur 24. <\/span><\/p>\n<p>Rendez vous sur notre page <a title=\"Translinguo Global\" href=\"https:\/\/www.facebook.com\/translinguoglobal\" target=\"_blank\" rel=\"noopener\">Facebook<\/a>, <a title=\"Translinguo Global\" href=\"https:\/\/www.instagram.com\/translinguoglobal\/\" target=\"_blank\" rel=\"noopener\">Instagram<\/a>, et <a title=\"Trasnslinguo Global\" href=\"https:\/\/es.linkedin.com\/company\/agencia-de-traduccion-translinguo-global\" target=\"_blank\" rel=\"noopener\">Linkedin<\/a>.<\/p>\n","protected":false},"excerpt":{"rendered":"<p>Agence de trad La relation commerciale entre l&rsquo;Espagne et la Cor\u00e9e Traduction du cor\u00e9en. Avant de parler de la traduction du cor\u00e9en, il est important d&rsquo;expliquer la relation qu&rsquo;entretiennent l&rsquo;Espagne et la Cor\u00e9e. Des marques que nous connaissons tous sont tr\u00e8s pr\u00e9sentes en Espagne : Samsung, LG, KIA, Hyundai, etc. De la m\u00eame mani\u00e8re, des [&hellip;]<\/p>\n","protected":false},"author":3,"featured_media":0,"parent":0,"menu_order":0,"comment_status":"closed","ping_status":"closed","template":"","meta":{"_crdt_document":"","inline_featured_image":false,"site-sidebar-layout":"default","site-content-layout":"default","ast-site-content-layout":"default","site-content-style":"default","site-sidebar-style":"default","ast-global-header-display":"","ast-banner-title-visibility":"","ast-main-header-display":"","ast-hfb-above-header-display":"","ast-hfb-below-header-display":"","ast-hfb-mobile-header-display":"","site-post-title":"","ast-breadcrumbs-content":"","ast-featured-img":"","footer-sml-layout":"","ast-disable-related-posts":"","theme-transparent-header-meta":"default","adv-header-id-meta":"","stick-header-meta":"","header-above-stick-meta":"","header-main-stick-meta":"","header-below-stick-meta":"","astra-migrate-meta-layouts":"default","ast-page-background-enabled":"default","ast-page-background-meta":{"desktop":{"background-color":"var(--ast-global-color-4)","background-image":"","background-repeat":"repeat","background-position":"center center","background-size":"auto","background-attachment":"scroll","background-type":"","background-media":"","overlay-type":"","overlay-color":"","overlay-opacity":"","overlay-gradient":""},"tablet":{"background-color":"","background-image":"","background-repeat":"repeat","background-position":"center center","background-size":"auto","background-attachment":"scroll","background-type":"","background-media":"","overlay-type":"","overlay-color":"","overlay-opacity":"","overlay-gradient":""},"mobile":{"background-color":"","background-image":"","background-repeat":"repeat","background-position":"center center","background-size":"auto","background-attachment":"scroll","background-type":"","background-media":"","overlay-type":"","overlay-color":"","overlay-opacity":"","overlay-gradient":""}},"ast-content-background-meta":{"desktop":{"background-color":"var(--ast-global-color-5)","background-image":"","background-repeat":"repeat","background-position":"center center","background-size":"auto","background-attachment":"scroll","background-type":"","background-media":"","overlay-type":"","overlay-color":"","overlay-opacity":"","overlay-gradient":""},"tablet":{"background-color":"var(--ast-global-color-5)","background-image":"","background-repeat":"repeat","background-position":"center center","background-size":"auto","background-attachment":"scroll","background-type":"","background-media":"","overlay-type":"","overlay-color":"","overlay-opacity":"","overlay-gradient":""},"mobile":{"background-color":"var(--ast-global-color-5)","background-image":"","background-repeat":"repeat","background-position":"center center","background-size":"auto","background-attachment":"scroll","background-type":"","background-media":"","overlay-type":"","overlay-color":"","overlay-opacity":"","overlay-gradient":""}},"footnotes":""},"class_list":["post-103054","page","type-page","status-publish","hentry"],"_links":{"self":[{"href":"https:\/\/translinguoglobal.com\/fr\/wp-json\/wp\/v2\/pages\/103054","targetHints":{"allow":["GET"]}}],"collection":[{"href":"https:\/\/translinguoglobal.com\/fr\/wp-json\/wp\/v2\/pages"}],"about":[{"href":"https:\/\/translinguoglobal.com\/fr\/wp-json\/wp\/v2\/types\/page"}],"author":[{"embeddable":true,"href":"https:\/\/translinguoglobal.com\/fr\/wp-json\/wp\/v2\/users\/3"}],"replies":[{"embeddable":true,"href":"https:\/\/translinguoglobal.com\/fr\/wp-json\/wp\/v2\/comments?post=103054"}],"version-history":[{"count":0,"href":"https:\/\/translinguoglobal.com\/fr\/wp-json\/wp\/v2\/pages\/103054\/revisions"}],"wp:attachment":[{"href":"https:\/\/translinguoglobal.com\/fr\/wp-json\/wp\/v2\/media?parent=103054"}],"curies":[{"name":"wp","href":"https:\/\/api.w.org\/{rel}","templated":true}]}}