{"id":103050,"date":"2026-04-21T11:00:30","date_gmt":"2026-04-21T09:00:30","guid":{"rendered":"https:\/\/translinguoglobal.com\/agence-de-traduction-a-albacete\/"},"modified":"2026-04-21T11:00:30","modified_gmt":"2026-04-21T09:00:30","slug":"agence-de-traduction-a-albacete","status":"publish","type":"page","link":"https:\/\/translinguoglobal.com\/fr\/agence-de-traduction-a-albacete\/","title":{"rendered":"Agence de traduction \u00e0 Albacete"},"content":{"rendered":"<h2 style=\"text-align: center;\">Agence de traduction \u00e0 Albacete<\/h2>\n<h3 style=\"text-align: center;\"><strong>Pourquoi faire appel aux services de Translinguo Global ?<\/strong><\/h3>\n<p>Tout d&rsquo;abord, nous disposons d&rsquo;une \u00e9quipe formidable de traducteurs professionnels et de langue maternelle. Deuxi\u00e8mement, gr\u00e2ce \u00e0 cette \u00e9quipe, vos traductions b\u00e9n\u00e9ficient d&rsquo;une pr\u00e9cision, d&rsquo;une \u00e9criture et d&rsquo;une qualit\u00e9 parfaite. Troisi\u00e8mement, et surtout, vos clients liront le texte traduit comme s\u2019il \u00e9tait l\u2019original.<\/p>\n<p>Par cons\u00e9quent, en termes de ressources humaines, nous disposons de la capacit\u00e9 n\u00e9cessaire pour prendre en charge des projets d\u2019envergure.<\/p>\n<h3 style=\"text-align: center;\"><strong>Traductions low-cost<\/strong><\/h3>\n<p>La ponctualit\u00e9 est une comp\u00e9tence essentielle pour votre entreprise dans notre travail. Nous respectons \u00e0 100 % la date de livraison que vous nous avez fix\u00e9e.<\/p>\n<p>De plus, nous avons les meilleurs prix du march\u00e9.<\/p>\n<p>Si vous trouvez un devis plus int\u00e9ressant que celui que nous proposons, vous pouvez toujours nous le proposer et nous l&rsquo;am\u00e9liorerons.<\/p>\n<h3 style=\"text-align: center;\"><strong>Vous avez besoin de plus de raison pour nous faire confiance ?<\/strong><\/h3>\n<p>Quelles sont nos services ?<br \/>\nNous traduisons tous types de textes, quel que soit leur domaine. Mais la traduction n&rsquo;est qu&rsquo;un des nombreux services que nous proposons.<\/p>\n<p>Voici quelques-uns des autres services que nous proposons :<\/p>\n<p>&nbsp;<\/p>\n","protected":false},"excerpt":{"rendered":"<p>Agence de traduction \u00e0 Albacete Pourquoi faire appel aux services de Translinguo Global ? Tout d&rsquo;abord, nous disposons d&rsquo;une \u00e9quipe formidable de traducteurs professionnels et de langue maternelle. Deuxi\u00e8mement, gr\u00e2ce \u00e0 cette \u00e9quipe, vos traductions b\u00e9n\u00e9ficient d&rsquo;une pr\u00e9cision, d&rsquo;une \u00e9criture et d&rsquo;une qualit\u00e9 parfaite. Troisi\u00e8mement, et surtout, vos clients liront le texte traduit comme s\u2019il [&hellip;]<\/p>\n","protected":false},"author":3,"featured_media":38076,"parent":0,"menu_order":0,"comment_status":"closed","ping_status":"closed","template":"","meta":{"_crdt_document":"","inline_featured_image":false,"site-sidebar-layout":"default","site-content-layout":"default","ast-site-content-layout":"default","site-content-style":"default","site-sidebar-style":"default","ast-global-header-display":"","ast-banner-title-visibility":"","ast-main-header-display":"","ast-hfb-above-header-display":"","ast-hfb-below-header-display":"","ast-hfb-mobile-header-display":"","site-post-title":"","ast-breadcrumbs-content":"","ast-featured-img":"","footer-sml-layout":"","ast-disable-related-posts":"","theme-transparent-header-meta":"default","adv-header-id-meta":"","stick-header-meta":"","header-above-stick-meta":"","header-main-stick-meta":"","header-below-stick-meta":"","astra-migrate-meta-layouts":"default","ast-page-background-enabled":"default","ast-page-background-meta":{"desktop":{"background-color":"var(--ast-global-color-4)","background-image":"","background-repeat":"repeat","background-position":"center center","background-size":"auto","background-attachment":"scroll","background-type":"","background-media":"","overlay-type":"","overlay-color":"","overlay-opacity":"","overlay-gradient":""},"tablet":{"background-color":"","background-image":"","background-repeat":"repeat","background-position":"center center","background-size":"auto","background-attachment":"scroll","background-type":"","background-media":"","overlay-type":"","overlay-color":"","overlay-opacity":"","overlay-gradient":""},"mobile":{"background-color":"","background-image":"","background-repeat":"repeat","background-position":"center center","background-size":"auto","background-attachment":"scroll","background-type":"","background-media":"","overlay-type":"","overlay-color":"","overlay-opacity":"","overlay-gradient":""}},"ast-content-background-meta":{"desktop":{"background-color":"var(--ast-global-color-5)","background-image":"","background-repeat":"repeat","background-position":"center center","background-size":"auto","background-attachment":"scroll","background-type":"","background-media":"","overlay-type":"","overlay-color":"","overlay-opacity":"","overlay-gradient":""},"tablet":{"background-color":"var(--ast-global-color-5)","background-image":"","background-repeat":"repeat","background-position":"center center","background-size":"auto","background-attachment":"scroll","background-type":"","background-media":"","overlay-type":"","overlay-color":"","overlay-opacity":"","overlay-gradient":""},"mobile":{"background-color":"var(--ast-global-color-5)","background-image":"","background-repeat":"repeat","background-position":"center center","background-size":"auto","background-attachment":"scroll","background-type":"","background-media":"","overlay-type":"","overlay-color":"","overlay-opacity":"","overlay-gradient":""}},"footnotes":""},"class_list":["post-103050","page","type-page","status-publish","has-post-thumbnail","hentry"],"_links":{"self":[{"href":"https:\/\/translinguoglobal.com\/fr\/wp-json\/wp\/v2\/pages\/103050","targetHints":{"allow":["GET"]}}],"collection":[{"href":"https:\/\/translinguoglobal.com\/fr\/wp-json\/wp\/v2\/pages"}],"about":[{"href":"https:\/\/translinguoglobal.com\/fr\/wp-json\/wp\/v2\/types\/page"}],"author":[{"embeddable":true,"href":"https:\/\/translinguoglobal.com\/fr\/wp-json\/wp\/v2\/users\/3"}],"replies":[{"embeddable":true,"href":"https:\/\/translinguoglobal.com\/fr\/wp-json\/wp\/v2\/comments?post=103050"}],"version-history":[{"count":0,"href":"https:\/\/translinguoglobal.com\/fr\/wp-json\/wp\/v2\/pages\/103050\/revisions"}],"wp:featuredmedia":[{"embeddable":true,"href":"https:\/\/translinguoglobal.com\/fr\/wp-json\/wp\/v2\/media\/38076"}],"wp:attachment":[{"href":"https:\/\/translinguoglobal.com\/fr\/wp-json\/wp\/v2\/media?parent=103050"}],"curies":[{"name":"wp","href":"https:\/\/api.w.org\/{rel}","templated":true}]}}