{"id":103042,"date":"2026-04-21T10:31:06","date_gmt":"2026-04-21T08:31:06","guid":{"rendered":"https:\/\/translinguoglobal.com\/traducteur-assermente-pour-letat-civil-interpretes-officiels-maec\/"},"modified":"2026-04-21T10:31:06","modified_gmt":"2026-04-21T08:31:06","slug":"traducteur-assermente-pour-letat-civil-interpretes-officiels-maec","status":"publish","type":"page","link":"https:\/\/translinguoglobal.com\/fr\/traducteur-assermente-pour-letat-civil-interpretes-officiels-maec\/","title":{"rendered":"Traducteur asserment\u00e9 pour l&rsquo;\u00e9tat civil \/ Interpr\u00e8tes officiels MAEC"},"content":{"rendered":"<p>Traducteur asserment\u00e9 pour l\u2019\u00e9tat civil. Lorsque que vous avez besoin de pr\u00e9senter des documents officiels aupr\u00e8s de l&rsquo;\u00e9tat civil en Espagne, il est essentiel que les traductions aient une <strong>validation juridique.<\/strong> Dans certains cas, une traduction classique n&rsquo;est pas suffisante, il est n\u00e9cessaire de faire appel \u00e0 un <strong>Traducteur asserment\u00e9 reconnu par le minist\u00e8re des Affaires \u00e9trang\u00e8res (MAEC)<\/strong><\/p>\n<p>Chez <strong>Translinguo Global<\/strong>, nous proposons des services professionnels de <strong>Traduction asserment\u00e9e par l&rsquo;\u00e9tat civil<\/strong>, r\u00e9alis\u00e9s exclusivement par des Traducteurs asserment\u00e9s et des <a href=\"https:\/\/translinguoglobal.com\/fr\/service-dinterpretation\/\">interpr\u00e8tes <\/a><strong>officiels MAEC<\/strong>, ce qui garantie que vos documents soient accept\u00e9s sans probl\u00e8me par les autorit\u00e9s espagnoles.<\/p>\n<h2><strong>Qu&rsquo;est-ce qu&rsquo;une traduction asserment\u00e9e par l&rsquo;\u00e9tat civil ?<\/strong><\/h2>\n<p>Une<a href=\"https:\/\/translinguoglobal.com\/traduccion-jurada-barata\/\"> traduction asserment\u00e9e<\/a> est une traduction officielle qui inclue la signature, le cachet et la certification d&rsquo;un <strong>traducteur asserment\u00e9 accr\u00e9dit\u00e9 par le minist\u00e8re des Affaires \u00e9trang\u00e8res, l&rsquo;Union europ\u00e9enne et la Coop\u00e9ration (MAEC)<\/strong>.<\/p>\n<p>Ce type de traduction atteste que le contenu du document traduit est fid\u00e8le et complet face \u00e0 l&rsquo;original, ce qui lui octroie une validation juridique aupr\u00e8s des organismes officiels, tels que :<\/p>\n<ul>\n<li>L&rsquo;\u00e9tat civil<\/li>\n<li>Les notaires<\/li>\n<li>Les tribunaux<\/li>\n<li>Les minist\u00e8res<\/li>\n<li>Les universit\u00e9s<\/li>\n<li>Les consulats<\/li>\n<\/ul>\n<p>les traductions juridiques incluent normalement :<\/p>\n<ul>\n<li>La signature du traducteur asserment\u00e9e<\/li>\n<li>Un cachet officiel<\/li>\n<li>D\u00e9claration de fid\u00e9lit\u00e9 de la traduction<\/li>\n<li>Une copie du document d&rsquo;origine<\/li>\n<\/ul>\n<p>Sans cette certification, l&rsquo;<strong>\u00e9tat civil<\/strong> n&rsquo;acceptera pas la traduction.<\/p>\n<h2><strong>Documents qui n\u00e9cessitent g\u00e9n\u00e9ralement une traduction asserment\u00e9e<\/strong><\/h2>\n<p>Dans les d\u00e9marches de l\u2019\u00e9tat civil, il est tr\u00e8s courant que des <strong>documents traduits par des traducteurs asserment\u00e9s ou des interpr\u00e8tes officiels du MAEC soient demand\u00e9<\/strong>s.<\/p>\n<p>Les documents les plus courants sont :<\/p>\n<table width=\"551\">\n<tbody>\n<tr>\n<td width=\"188\"><strong>Document<\/strong><\/td>\n<td width=\"362\"><strong>Usage habituel<\/strong><\/td>\n<\/tr>\n<tr>\n<td width=\"188\">Certificat de naissance<\/td>\n<td width=\"362\">Mariage, nationalit\u00e9 ou inscription de naissance<\/td>\n<\/tr>\n<tr>\n<td width=\"188\">Certificat de mariage<\/td>\n<td width=\"362\">Registre de mariage \u00e9tranger<\/td>\n<\/tr>\n<tr>\n<td width=\"188\">Certificat de divorce<\/td>\n<td width=\"362\">Actualisation d&rsquo;\u00e9tat civil<\/td>\n<\/tr>\n<tr>\n<td width=\"188\">Certificat de d\u00e9c\u00e8s<\/td>\n<td width=\"362\">D\u00e9marches de succession<\/td>\n<\/tr>\n<tr>\n<td width=\"188\">Livret de famille \u00e9tranger<\/td>\n<td width=\"362\">Inscription \u00e0 l&rsquo;\u00e9tat civil<\/td>\n<\/tr>\n<tr>\n<td width=\"188\">certificat de c\u00e9libat<\/td>\n<td width=\"362\">Mariages civils<\/td>\n<\/tr>\n<tr>\n<td width=\"188\">Casiers judiciaires<\/td>\n<td width=\"362\">Reconnaissance des d\u00e9cisions \u00e9trang\u00e8res<\/td>\n<\/tr>\n<\/tbody>\n<\/table>\n<p>Chez <strong>Translinguo Global<\/strong>, nous travaillons avec des traducteurs asserment\u00e9s sp\u00e9cialis\u00e9s en<strong> documentation civile et juridique<\/strong>, ce qui garantie une traduction pr\u00e9cise et accept\u00e9e par les autorit\u00e9s.<\/p>\n<h2><strong>Traducteurs asserment\u00e9es et Interpr\u00e8tes officiels MAES<\/strong><\/h2>\n<p>Nos services sont r\u00e9alis\u00e9s exclusivement avec des <strong>Traducteurs Asserment\u00e9s et des Interpr\u00e8tes Officiels MAES<\/strong>, ce qui garantie :<\/p>\n<ul>\n<li>Traductions valides juridiquement en Espagne.<\/li>\n<li>Respect des exigences du minist\u00e8re des Affaires \u00e9trang\u00e8res<\/li>\n<li>Documents certifi\u00e9s, avec une signature et un cachet officiel<\/li>\n<li>Reconnaissance aupr\u00e8s des organismes publics et priv\u00e9s<\/li>\n<\/ul>\n<p>Nous travaillons avec un grand r\u00e9seau de traducteurs asserment\u00e9s, ce qui nous permet de proposer des traductions dans de nombreuses langues.<\/p>\n<h2><strong>Langues disponibles pour une traduction juridique<\/strong><\/h2>\n<p>Chez <strong>Translinguo Global<\/strong> nous offrons des traductions asserment\u00e9es pour l&rsquo;\u00e9tat civil dans de nombreuses langues, dont :<\/p>\n<ul>\n<li><a href=\"https:\/\/translinguoglobal.com\/fr\/traducteur-anglais-espagnol-2\/\">Anglais<\/a> &#8211; <a href=\"https:\/\/translinguoglobal.com\/fr\/traducteur-espagnol-anglais\/\">Espagnol<\/a><\/li>\n<li><a href=\"https:\/\/translinguoglobal.com\/fr\/traducteur-francais-espagnol\/\">Fran\u00e7ais<\/a> &#8211; Espangol<\/li>\n<li><a href=\"https:\/\/translinguoglobal.com\/fr\/traducteur-assermente-en-allemand\/\">Allemand<\/a> &#8211; Espagnol<\/li>\n<li><a href=\"https:\/\/translinguoglobal.com\/fr\/traductions-italien\/\">Italien<\/a> &#8211; Espangol<\/li>\n<li><a href=\"https:\/\/translinguoglobal.com\/fr\/traducteur-assermente-portugais\/\">Portugais<\/a> &#8211; Espagnol<\/li>\n<li><a href=\"https:\/\/translinguoglobal.com\/fr\/traduction-de-larabe\/\">Arabe<\/a> &#8211; Espagnol<\/li>\n<li>Russe &#8211; Espagnol<\/li>\n<li><a href=\"https:\/\/translinguoglobal.com\/fr\/entreprise-de-traduction-chinoise\/\">Chinois<\/a> &#8211; Espagnol<\/li>\n<\/ul>\n<p>Si vous avez besoin d&rsquo;une langue diff\u00e9rente, notre \u00e9quipe peut vous aider \u00e0 trouver un <strong>Traducteur asserment\u00e9 ou un Interpr\u00e8tes Officiel MAES<\/strong> sp\u00e9cialis\u00e9<\/p>\n<h2><strong>Processus rapide et simple<\/strong><\/h2>\n<p>Notre proc\u00e9dure est con\u00e7ue pour que vous puissiez obtenir votre traduction certifi\u00e9e rapidement et sans difficult\u00e9.<\/p>\n<h3><strong>1. Envoi des documents<\/strong><\/h3>\n<p>Vous pouvez nous envoyer une copie num\u00e9ris\u00e9e ou une photographie de vos documents par email ou par formulaire sur notre page.<\/p>\n<h3><strong>2. Devis gratuit<\/strong><\/h3>\n<p>Nous analysons le document, puis nous vous transmettons un devis sans engagement.<\/p>\n<h3><strong>3. Traduction juridique officielle<\/strong><\/h3>\n<p>Un Traducteur asserment\u00e9e ou un Interpr\u00e8te Officiel MAEC r\u00e9alise la traduction certifi\u00e9e.<\/p>\n<h3><strong>4. Livraison du document<\/strong><\/h3>\n<p>Vous recevrez la traduction :<\/p>\n<ul>\n<li>En format num\u00e9rique avec une signature \u00e9lectronique ou<\/li>\n<li>En format papier avec le cachet et la signature officiel.<\/li>\n<\/ul>\n<h2><strong>Combien couter une traduction asserment\u00e9 pour l&rsquo;\u00e9tat civil ?<\/strong><\/h2>\n<p>Le prix d&rsquo;une <strong>traduction asserment\u00e9e<\/strong> d\u00e9pend de plusieurs facteurs :<\/p>\n<ul>\n<li>La langue d&rsquo;origine et de destination<\/li>\n<li>La longueur du document<\/li>\n<li>La complexit\u00e9 du document<\/li>\n<li>La priorit\u00e9 de livraison<\/li>\n<\/ul>\n<p>En g\u00e9n\u00e9ral, les documents tels que les actes de naissance ou de mariage sont soumis \u00e0 des <strong>tarifs forfaitaires<\/strong>, car leur structure est souvent r\u00e9p\u00e9titive.<\/p>\n<p>Chez Translinguo Global, nous proposons des devis clairs et transparants, sans frais cach\u00e9s.<\/p>\n<h2><strong>Pourquoi choisir Translinguo Global ?<\/strong><\/h2>\n<p>En choisissant une agence professionnelle vous garantissez que vos documents soient accept\u00e9s sans retard par l&rsquo;\u00e9tat civil.<\/p>\n<p><strong>Translinguo Global<\/strong> propose :<\/p>\n<ul>\n<li>Traducteurs asserment\u00e9s et<strong> Interpr\u00e8tes Officiels MAEC<\/strong><\/li>\n<li>Vaste exp\u00e9rience en mati\u00e8re de documents civils<\/li>\n<li>Livraisons rapides et s\u00e9curis\u00e9es<\/li>\n<li>Service personnalis\u00e9<\/li>\n<li>Devis gratuit<\/li>\n<li>Traductions accept\u00e9es pas les organismes officiels<\/li>\n<\/ul>\n<p>Notre \u00e9quipe travaille selon des <strong>proc\u00e9dures de qualit\u00e9 professionnelles<\/strong>, garantissant ainsi que chaque document respecte les exigences l\u00e9gales requises.<\/p>\n<h2><strong>Demandez votre traduction asserment\u00e9e aujourd&rsquo;hui.<\/strong><\/h2>\n<p>Si vous avez besoin d&rsquo;un <strong>Traducteur Asserment\u00e9e pour l&rsquo;\u00e9tat civil<\/strong>, chez <strong>Translinguo Global<\/strong> nous pouvons vous aider \u00e0 g\u00e9rer votre traduction de fa\u00e7on rapide, s\u00e9curis\u00e9e et professionnelle.<\/p>\n<p>Nous travaillons avec des <a href=\"https:\/\/www.exteriores.gob.es\/es\/ServiciosAlCiudadano\/Paginas\/Traductores-Interpretes-Jurados.aspx\" target=\"_blank\" rel=\"noopener\"><strong>Traducteurs Asserment\u00e9s et des Interpr\u00e8tes Officiels MAES<\/strong><\/a> ce qui garantie la<strong> validation juridique<\/strong> de vos documents en Espagne.<\/p>\n<p>Demandez d\u00e8s maintenant votre <strong><a href=\"https:\/\/translinguoglobal.com\/fr\/budget\/\">devis gratuitement<\/a> <\/strong>et recevez votre traduction asserment\u00e9e pr\u00eate \u00e0 \u00eatre pr\u00e9senter aupr\u00e8s de l&rsquo;\u00e9tat civil.<\/p>\n<p>&nbsp;<\/p>\n<div id=\"gtx-trans\" style=\"position: absolute; left: 297px; top: 3452.61px;\">\n<div class=\"gtx-trans-icon\"><\/div>\n<\/div>\n","protected":false},"excerpt":{"rendered":"<p>Traducteur asserment\u00e9 pour l\u2019\u00e9tat civil. Lorsque que vous avez besoin de pr\u00e9senter des documents officiels aupr\u00e8s de l&rsquo;\u00e9tat civil en Espagne, il est essentiel que les traductions aient une validation juridique. Dans certains cas, une traduction classique n&rsquo;est pas suffisante, il est n\u00e9cessaire de faire appel \u00e0 un Traducteur asserment\u00e9 reconnu par le minist\u00e8re des [&hellip;]<\/p>\n","protected":false},"author":3,"featured_media":103043,"parent":0,"menu_order":0,"comment_status":"closed","ping_status":"closed","template":"","meta":{"_crdt_document":"","inline_featured_image":false,"site-sidebar-layout":"default","site-content-layout":"","ast-site-content-layout":"default","site-content-style":"default","site-sidebar-style":"default","ast-global-header-display":"","ast-banner-title-visibility":"","ast-main-header-display":"","ast-hfb-above-header-display":"","ast-hfb-below-header-display":"","ast-hfb-mobile-header-display":"","site-post-title":"","ast-breadcrumbs-content":"","ast-featured-img":"","footer-sml-layout":"","ast-disable-related-posts":"","theme-transparent-header-meta":"default","adv-header-id-meta":"","stick-header-meta":"","header-above-stick-meta":"","header-main-stick-meta":"","header-below-stick-meta":"","astra-migrate-meta-layouts":"default","ast-page-background-enabled":"default","ast-page-background-meta":{"desktop":{"background-color":"var(--ast-global-color-4)","background-image":"","background-repeat":"repeat","background-position":"center center","background-size":"auto","background-attachment":"scroll","background-type":"","background-media":"","overlay-type":"","overlay-color":"","overlay-opacity":"","overlay-gradient":""},"tablet":{"background-color":"","background-image":"","background-repeat":"repeat","background-position":"center center","background-size":"auto","background-attachment":"scroll","background-type":"","background-media":"","overlay-type":"","overlay-color":"","overlay-opacity":"","overlay-gradient":""},"mobile":{"background-color":"","background-image":"","background-repeat":"repeat","background-position":"center center","background-size":"auto","background-attachment":"scroll","background-type":"","background-media":"","overlay-type":"","overlay-color":"","overlay-opacity":"","overlay-gradient":""}},"ast-content-background-meta":{"desktop":{"background-color":"var(--ast-global-color-5)","background-image":"","background-repeat":"repeat","background-position":"center center","background-size":"auto","background-attachment":"scroll","background-type":"","background-media":"","overlay-type":"","overlay-color":"","overlay-opacity":"","overlay-gradient":""},"tablet":{"background-color":"var(--ast-global-color-5)","background-image":"","background-repeat":"repeat","background-position":"center center","background-size":"auto","background-attachment":"scroll","background-type":"","background-media":"","overlay-type":"","overlay-color":"","overlay-opacity":"","overlay-gradient":""},"mobile":{"background-color":"var(--ast-global-color-5)","background-image":"","background-repeat":"repeat","background-position":"center center","background-size":"auto","background-attachment":"scroll","background-type":"","background-media":"","overlay-type":"","overlay-color":"","overlay-opacity":"","overlay-gradient":""}},"footnotes":""},"class_list":["post-103042","page","type-page","status-publish","has-post-thumbnail","hentry"],"_links":{"self":[{"href":"https:\/\/translinguoglobal.com\/fr\/wp-json\/wp\/v2\/pages\/103042","targetHints":{"allow":["GET"]}}],"collection":[{"href":"https:\/\/translinguoglobal.com\/fr\/wp-json\/wp\/v2\/pages"}],"about":[{"href":"https:\/\/translinguoglobal.com\/fr\/wp-json\/wp\/v2\/types\/page"}],"author":[{"embeddable":true,"href":"https:\/\/translinguoglobal.com\/fr\/wp-json\/wp\/v2\/users\/3"}],"replies":[{"embeddable":true,"href":"https:\/\/translinguoglobal.com\/fr\/wp-json\/wp\/v2\/comments?post=103042"}],"version-history":[{"count":0,"href":"https:\/\/translinguoglobal.com\/fr\/wp-json\/wp\/v2\/pages\/103042\/revisions"}],"wp:featuredmedia":[{"embeddable":true,"href":"https:\/\/translinguoglobal.com\/fr\/wp-json\/wp\/v2\/media\/103043"}],"wp:attachment":[{"href":"https:\/\/translinguoglobal.com\/fr\/wp-json\/wp\/v2\/media?parent=103042"}],"curies":[{"name":"wp","href":"https:\/\/api.w.org\/{rel}","templated":true}]}}