{"id":103030,"date":"2026-04-20T13:26:43","date_gmt":"2026-04-20T11:26:43","guid":{"rendered":"https:\/\/translinguoglobal.com\/traducteur-basque-euskera-vers-espagnol-en-ligne-gratuit\/"},"modified":"2026-04-20T13:26:43","modified_gmt":"2026-04-20T11:26:43","slug":"traducteur-basque-euskera-vers-espagnol-en-ligne-gratuit","status":"publish","type":"page","link":"https:\/\/translinguoglobal.com\/fr\/traducteur-basque-euskera-vers-espagnol-en-ligne-gratuit\/","title":{"rendered":"Traducteur basque (euskera) vers espagnol en ligne gratuit."},"content":{"rendered":"<p>Dans un monde de plus en plus interconnect\u00e9, la communication entre les langues est essentielle pour les entreprises, les institutions et les particuliers. Si vous cherchez un<strong> traducteur de basque (euskera) vers espagnol en ligne gratuitement<\/strong>, vous avez s\u00fbrement besoin de comprendre rapidement un texte ou de convertir du contenu en euskera vers l\u2019espagnol de mani\u00e8re imm\u00e9diate.<\/p>\n<p>Chez <strong>Translinguo Global<\/strong> nous offrons des outils et des services professionnels qui vous permettent de traduire des textes du <strong>basque vers l&rsquo;espagnol en ligne<\/strong>, ainsi que des solutions linguistiques avanc\u00e9es pour des projets d\u2019entreprise, juridiques, techniques ou num\u00e9riques qui exigent une pr\u00e9cision professionnelle.<\/p>\n<p>Notre objectif est de vous offrir une premi\u00e8re solution rapide gr\u00e2ce \u00e0 un <strong>traducteur basque-espagnol <\/strong>en ligne, tout en vous donnant acc\u00e8s \u00e0 des services professionnels lorsque la qualit\u00e9, la terminologie et la pr\u00e9cision sont essentielles.<\/p>\n<h2><strong>Qu&rsquo;est-ce qu&rsquo;un traducteur Basque Espagnol en ligne ?<\/strong><\/h2>\n<p>Un<strong> traducteur basque euskera vers espagnol en ligne<\/strong> est un outil qui permet de convertir automatiquement des textes \u00e9crits en euskera en espagnol gr\u00e2ce \u00e0 la technologie de traduction automatique.<\/p>\n<p>Ce type d&rsquo;outil est tr\u00e8s utile pour :<\/p>\n<ul>\n<li>Comprendre les textes basiques en basque<\/li>\n<li>Traduire des phrases courtes ou des messages informels<\/li>\n<li>V\u00e9rifier la signification rapidement<\/li>\n<li>Naviguer sur des pages web r\u00e9dig\u00e9es en basque<\/li>\n<\/ul>\n<p>Cependant, lorsqu&rsquo;il s&rsquo;agit de documents importants ou de contenus professionnels, la traduction automatique a g\u00e9n\u00e9ralement ses limites.<\/p>\n<p>Le basque est une langue unique en Europe, avec une structure grammaticale tr\u00e8s diff\u00e9rente de l&rsquo;espagnol, ce qui implique que la traduction automatique peut commettre des erreurs si elle n&rsquo;est pas r\u00e9vis\u00e9e correctement.<\/p>\n<p>C&rsquo;est pour cette raison que beaucoup d&rsquo;entreprises utilisent d&rsquo;abord un traducteur <a href=\"https:\/\/translinguoglobal.com\/fr\/entreprise-de-traduction-du-basque\/\">basque<\/a>&#8211;<a href=\"https:\/\/translinguoglobal.com\/fr\/traduction-en-espagnol\/\">espagnol<\/a><strong> en ligne gratuitement<\/strong> pour obtenir un projet, et par la suite, utilisent une r\u00e9vision professionnelle afin de garantir une qualit\u00e9 finale.<\/p>\n<h2><strong>Traducteus basque-espagnol pour les entreprises<\/strong><\/h2>\n<p>Si votre entreprise a besoin d&rsquo;\u00e9changer avec des clients ou des institutions au Pays basque, disposer d&rsquo;un <strong>traducteur espagnol-basque fiable<\/strong> est essentiel.<\/p>\n<p>Les entreprises ont g\u00e9n\u00e9ralement besoin d&rsquo;un traduction pour :<\/p>\n<ul>\n<li>Les sites web d&rsquo;entreprise<\/li>\n<li>Un document juridique ou administratif<\/li>\n<li>Des contrats ou accords commerciaux<\/li>\n<li>Supports marketing<\/li>\n<li>Des applications ou logiciels<\/li>\n<li>Service au client multilingue :<\/li>\n<\/ul>\n<p>Dans ce cas-ci, la traduction automatique <a href=\"https:\/\/es.wikipedia.org\/wiki\/Euskera\" target=\"_blank\" rel=\"noopener\">basque<\/a>-espagnol peut service de point de d\u00e9part, mais une r\u00e9vision sera toujours pr\u00e9conis\u00e9e pour la partie de linguistiques professionnelles.<\/p>\n<p>Chez<strong> Translinguo Global<\/strong> nous combinons la technologie linguistique avanc\u00e9e avec des traducteurs sp\u00e9cialis\u00e9s afin de proposer des traductions naturelles et culturellement adapt\u00e9es.<\/p>\n<h2><strong>Traducteur espagnol-basque pour un contenu num\u00e9rique<\/strong><\/h2>\n<p>Si vous g\u00e9rez un business en ligne ou une page web, traduire votre contenu en basque pourrait vous permettre d&rsquo;attirer de nouveaux clients venant de r\u00e9gions comme :<\/p>\n<ul>\n<li>Le pays basque<\/li>\n<li>La Navarra<\/li>\n<li>Les communaut\u00e9s basquophones en Espagne et en France<\/li>\n<\/ul>\n<p>Un<strong> traducteur espagnol-basque en ligne<\/strong> permet de g\u00e9n\u00e9rer des premi\u00e8res versions de contenu num\u00e9rique, mais pour le r\u00e9f\u00e9rencement SEO et la communication de marque, il est essentiel de r\u00e9aliser une adaptation professionnelle.<\/p>\n<p>Nos sp\u00e9cialisations en localisation web et SEO multilingue garantissent que votre contenu maintienne :<\/p>\n<ul>\n<li>La coh\u00e9rence linguistique<\/li>\n<li>Une terminologie correcte<\/li>\n<li>L&rsquo;adaptation culturelle<\/li>\n<li>L&rsquo;optimisation pour les recherches<\/li>\n<\/ul>\n<p>Ceci est particuli\u00e8rement important si vous souhaitez vous positionner dans des recherches li\u00e9es \u00e0 traducteur basque, traducteur basque-espagnol ou traducteur espagnol-basque.<\/p>\n<h2><strong>Les limites des traductions automatiques basque-espagnol<\/strong><\/h2>\n<p>Bien que les outils en ligne aient \u00e9norm\u00e9ment \u00e9volu\u00e9, plusieurs d\u00e9fies dereument lorsque l&rsquo;on traduit du basque \u00e0 l&rsquo;espagnol.<\/p>\n<p>Parmi les limites les plus fr\u00e9quentes, il y a :<\/p>\n<ul>\n<li>Les diff\u00e9rences syntaxiques complexes<\/li>\n<li>Les mots polys\u00e9miques<\/li>\n<li>Les expressions idiomatiques<\/li>\n<li>La terminologie technique sp\u00e9cifique<\/li>\n<li>Le manque de contexte culturel<\/li>\n<\/ul>\n<p>Par exemple, une phrase traduite \u00e0 l&rsquo;aide d&rsquo;un <strong>traducteur basque espagnol en ligne gratuitement<\/strong> peut avoir une structure grammatical correcte, mais \u00eatre peut idiomatique pour un locuteur natif.<\/p>\n<p>Pour cette raison, dans les projets professionnels, nous recommandons toujours une <strong>r\u00e9vision humaine sp\u00e9cialis\u00e9e.<\/strong><\/p>\n<h2><strong>Traduction professionnelle basque-espagnol avec Translinguo Global<\/strong><\/h2>\n<p>Si vous avez besoin d&rsquo;une traduction fiable et professionnelle, Translinguo Global propose ses services sp\u00e9cialis\u00e9es<\/p>\n<p>Nos services incluent :<\/p>\n<p><strong>La traduction professionnelle basque esapgnol<\/strong><br \/>\nUne traduction r\u00e9alis\u00e9e par des linguistes natifs sp\u00e9cialis\u00e9s dans diff\u00e9rents secteurs<\/p>\n<p><strong>Une r\u00e9vision des traductions automatiques<\/strong><br \/>\nSi vous avez utilis\u00e9 un <strong>traducteur basquee espagnol en ligne<\/strong>, nous pouvons faire la r\u00e9vision et am\u00e9liorer le contenu pour qu&rsquo;il soit plus naturel et pr\u00e9cis.<\/p>\n<p><strong>Localisation de sites Web<\/strong><br \/>\nNous adaptons votre site internet au basque en respectant la culture et le march\u00e9 local.<\/p>\n<p><strong>SEO multilingue<\/strong><br \/>\nNous optimisions votre contenu pour le positionner dans les recherches des diff\u00e9rentes langues.<\/p>\n<p><strong>Traduction de documents officiels<\/strong><br \/>\nDocuments professionnels, juridiques ou techniques avec une terminologie pr\u00e9cise.<\/p>\n<h2><strong>Quand utiliser un traducteur basque espagnol en ligne ?<\/strong><\/h2>\n<p>Un <strong>traducteur basque espagnol <\/strong>peut s&rsquo;av\u00e9rer utile dans des situations tel que :<\/p>\n<ul>\n<li>Comprendre un courrier \u00e9lectronique en basque<\/li>\n<li>traduire des messages brefs<\/li>\n<li>interpr\u00e9ter des textes informatifs<\/li>\n<li>obtenir l&rsquo;id\u00e9e g\u00e9n\u00e9rale d&rsquo;un document<\/li>\n<\/ul>\n<p>Cependant, pour les :<\/p>\n<ul>\n<li>Documents juridiques<\/li>\n<li>Contrats<\/li>\n<li>pages web<\/li>\n<li>Contenus d&rsquo;entreprise<\/li>\n<li>Supports marketing<\/li>\n<\/ul>\n<p>Il est davantage recommand\u00e9 de travailler avec des traducteurs professionnels.<\/p>\n<h2><strong>Demandez votre traduction basque espagnol<\/strong><\/h2>\n<p>Si vous avez besoin plus que d&rsquo;un simple<strong> traducteur basque espagnol en ligne,<\/strong> notre \u00e9quipe peut vous aider \u00e0 garantir que votre contenu soit clair, naturel et professionnel.<\/p>\n<p>Chez <strong>Translinguo Global<\/strong>, nous proposons :<\/p>\n<ul>\n<li>Des devis rapides<\/li>\n<li>Un support technique gratuit<\/li>\n<li>Des traductions sp\u00e9cialis\u00e9es<\/li>\n<li>Des services de localisation multilingue<\/li>\n<\/ul>\n<p>Notre \u00e9quipe travaille avec des entreprises \u00e0 travers toute l&rsquo;Espagne et l&rsquo;Europe qui ont besoin de traduire du contenu du <strong>basque et de l&rsquo;espagnol<\/strong> avec la plus grande pr\u00e9cision.<\/p>\n<p>Demandez maintenant votre <a href=\"https:\/\/translinguoglobal.com\/fr\/budget\/\">devis<\/a> et d\u00e9couvrez comme nous pouvons vous aider \u00e0 traduire votre contenu avec une qualit\u00e9 professionnelle.<\/p>\n","protected":false},"excerpt":{"rendered":"<p>Dans un monde de plus en plus interconnect\u00e9, la communication entre les langues est essentielle pour les entreprises, les institutions et les particuliers. Si vous cherchez un traducteur de basque (euskera) vers espagnol en ligne gratuitement, vous avez s\u00fbrement besoin de comprendre rapidement un texte ou de convertir du contenu en euskera vers l\u2019espagnol de [&hellip;]<\/p>\n","protected":false},"author":3,"featured_media":103031,"parent":0,"menu_order":0,"comment_status":"closed","ping_status":"closed","template":"","meta":{"_crdt_document":"","inline_featured_image":false,"site-sidebar-layout":"default","site-content-layout":"","ast-site-content-layout":"default","site-content-style":"default","site-sidebar-style":"default","ast-global-header-display":"","ast-banner-title-visibility":"","ast-main-header-display":"","ast-hfb-above-header-display":"","ast-hfb-below-header-display":"","ast-hfb-mobile-header-display":"","site-post-title":"","ast-breadcrumbs-content":"","ast-featured-img":"","footer-sml-layout":"","ast-disable-related-posts":"","theme-transparent-header-meta":"default","adv-header-id-meta":"","stick-header-meta":"","header-above-stick-meta":"","header-main-stick-meta":"","header-below-stick-meta":"","astra-migrate-meta-layouts":"default","ast-page-background-enabled":"default","ast-page-background-meta":{"desktop":{"background-color":"var(--ast-global-color-4)","background-image":"","background-repeat":"repeat","background-position":"center center","background-size":"auto","background-attachment":"scroll","background-type":"","background-media":"","overlay-type":"","overlay-color":"","overlay-opacity":"","overlay-gradient":""},"tablet":{"background-color":"","background-image":"","background-repeat":"repeat","background-position":"center center","background-size":"auto","background-attachment":"scroll","background-type":"","background-media":"","overlay-type":"","overlay-color":"","overlay-opacity":"","overlay-gradient":""},"mobile":{"background-color":"","background-image":"","background-repeat":"repeat","background-position":"center center","background-size":"auto","background-attachment":"scroll","background-type":"","background-media":"","overlay-type":"","overlay-color":"","overlay-opacity":"","overlay-gradient":""}},"ast-content-background-meta":{"desktop":{"background-color":"var(--ast-global-color-5)","background-image":"","background-repeat":"repeat","background-position":"center center","background-size":"auto","background-attachment":"scroll","background-type":"","background-media":"","overlay-type":"","overlay-color":"","overlay-opacity":"","overlay-gradient":""},"tablet":{"background-color":"var(--ast-global-color-5)","background-image":"","background-repeat":"repeat","background-position":"center center","background-size":"auto","background-attachment":"scroll","background-type":"","background-media":"","overlay-type":"","overlay-color":"","overlay-opacity":"","overlay-gradient":""},"mobile":{"background-color":"var(--ast-global-color-5)","background-image":"","background-repeat":"repeat","background-position":"center center","background-size":"auto","background-attachment":"scroll","background-type":"","background-media":"","overlay-type":"","overlay-color":"","overlay-opacity":"","overlay-gradient":""}},"footnotes":""},"class_list":["post-103030","page","type-page","status-publish","has-post-thumbnail","hentry"],"_links":{"self":[{"href":"https:\/\/translinguoglobal.com\/fr\/wp-json\/wp\/v2\/pages\/103030","targetHints":{"allow":["GET"]}}],"collection":[{"href":"https:\/\/translinguoglobal.com\/fr\/wp-json\/wp\/v2\/pages"}],"about":[{"href":"https:\/\/translinguoglobal.com\/fr\/wp-json\/wp\/v2\/types\/page"}],"author":[{"embeddable":true,"href":"https:\/\/translinguoglobal.com\/fr\/wp-json\/wp\/v2\/users\/3"}],"replies":[{"embeddable":true,"href":"https:\/\/translinguoglobal.com\/fr\/wp-json\/wp\/v2\/comments?post=103030"}],"version-history":[{"count":0,"href":"https:\/\/translinguoglobal.com\/fr\/wp-json\/wp\/v2\/pages\/103030\/revisions"}],"wp:featuredmedia":[{"embeddable":true,"href":"https:\/\/translinguoglobal.com\/fr\/wp-json\/wp\/v2\/media\/103031"}],"wp:attachment":[{"href":"https:\/\/translinguoglobal.com\/fr\/wp-json\/wp\/v2\/media?parent=103030"}],"curies":[{"name":"wp","href":"https:\/\/api.w.org\/{rel}","templated":true}]}}