{"id":102159,"date":"2026-03-11T10:41:28","date_gmt":"2026-03-11T09:41:28","guid":{"rendered":"https:\/\/translinguoglobal.com\/service-de-traduction-a-alcobendas\/"},"modified":"2026-03-11T10:41:28","modified_gmt":"2026-03-11T09:41:28","slug":"service-de-traduction-a-alcobendas","status":"publish","type":"page","link":"https:\/\/translinguoglobal.com\/fr\/service-de-traduction-a-alcobendas\/","title":{"rendered":"Service de traduction \u00e0 Alcobendas"},"content":{"rendered":"<p><a href=\"https:\/\/translinguoglobal.com\/fr\/\">Service de traduction<\/a> \u00e0 Alcobendas. Lorsque nous pensons \u00e0 une entreprise de traduction, nous n&rsquo;imaginons jamais tout ce qu&rsquo;elle comporte.  Celle-ci va beaucoup plus loin qu&rsquo;un traducteur avec un ordinateur et entour\u00e9 de dictionnaires, comme c&rsquo;\u00e9tait il y a des ann\u00e9es. Les services de traduction ont \u00e9volutionn\u00e9s et ils impliquent la pr\u00e9sence de traducteurs, correcteurs, r\u00e9viseurs, interpr\u00e8tes, etc. Chacun d&rsquo;entre eux est un professionnel dans son domaine et se sp\u00e9cialise dans un secteur diff\u00e9rent.<\/p>\n<p>Bien que chacun de nos professionnels r\u00e9alise son travail de mani\u00e8re individuelle, nous travaillons toujours en \u00e9quipe.  Gr\u00e2ce au fait que nous comptons sur les meilleurs sp\u00e9cialistes, nos traductions se caract\u00e9risent pour leur grande qualit\u00e9.  Si vous faites appel \u00e0 notre <strong>service de traduction \u00e0 <a href=\"https:\/\/es.wikipedia.org\/wiki\/Alcobendas\" target=\"_blank\" rel=\"noopener\">Alcobendas<\/a>,<\/strong> vous obtiendrez toujours des traductions de haut niveau qui surpasserons vos esp\u00e9rances.<\/p>\n<h3 style=\"text-align: center;\"><strong>Pourquoi compter que un service de traduction \u00e0 Alcobendas<\/strong><\/h3>\n<p>Le niveau de sp\u00e9cialisation du texte est d&rsquo;une importance capitale. Aussi simple qu&rsquo;une traduction puisse paraitre, elle comporte toujours des \u00e9l\u00e9ments que nous m\u00e9connaissons. La transmission du message n&rsquo;est pas la seule chose importante, la grammaire, l&rsquo;orthotipographie et la culture cible sont \u00e9galement tr\u00e8s importants. On peut r\u00e9aliser une magnifique traduction quant au contenus, mais, si elle est remplie d&rsquo;erreurs, son niveau baissera.<\/p>\n<p>Par cons\u00e9quent, la r\u00e9vision est tout aussi importante que la traduction. Dans notre entreprise, ces professionnels travaillent main dans la main, comme faisant partie d&rsquo;un tout. Cependant, beaucoup d&rsquo;entreprise se focalisent sur transmettre le message de la mani\u00e8re la plus fiable possible. Souvent, en essayant de fournir ce type de traductions, on utilise un langage trop artificiel. Pour cela, dans notre<strong> service de traduction \u00e0 <a href=\"https:\/\/es.wikipedia.org\/wiki\/Alcobendas\" target=\"_blank\" rel=\"noopener\">Alcobendas<\/a><\/strong> nous nous assurons que votre demande passe par un r\u00e9viseur avant de vous envoyer le produit final.<\/p>\n<h3 style=\"text-align: center;\"><strong>Pourquoi \u00e0 Alcobendas?<\/strong><\/h3>\n<p>Nous nous trouvons face \u00e0 l&rsquo;une des communes les plus anciennes de la province de Madrid. Il semble que tant son nom comme ses origines sont associ\u00e9s au peuple celte.<\/p>\n<p>En plus, sa proximit\u00e9 avec la capitale la convertie en un centre de d\u00e9veloppement tr\u00e8s important. Entreprises internationales, commerces locaux et de nombreux promoteurs de v\u00e9hicules optent pour cette ville. Ses parcs entrepreneuriaux et polygones industriels sont des centres n\u00e9vralgiques des commerces internationaux.<\/p>\n<p>Pour tout cela, nous fournissons un <strong>service de traduction \u00e0 Alcobendas<\/strong> qui s&rsquo;av\u00e8re \u00eatre des plus lucrative. La necesidad de tener unas traducciones correctas de los contratos, folletos informativos e incluso de las p\u00e1ginas web es m\u00e1s que obvia.<\/p>\n<h3 style=\"text-align: center;\"><strong>Que proposons nous dans nos services<\/strong><\/h3>\n<p>Comme toute entreprise de traduction, nous proposons tout type de traductions, qu&rsquo;elles soient sp\u00e9cialis\u00e9es ou non. Nos traducteurs professionnels et sp\u00e9cialis\u00e9s sont \u00e0 votre disposition pour satisfaire tous vos besoins.  Quelque uns des services que nous proposons sont les suivants:<\/p>\n<ul>\n<li>Traduction g\u00e9n\u00e9rale.<\/li>\n<li>Traduction sp\u00e9cialis\u00e9e.<\/li>\n<li>Traduction de site web.<\/li>\n<li>Localisation.<\/li>\n<li>Traduction asserment\u00e9e.<\/li>\n<\/ul>\n<p>Tout cet ensemble nous converti en l&rsquo;une des entreprises de traduction avec le plus de projet de notre r\u00e9gion<\/p>\n<p><strong>N&rsquo;h\u00e9sitez pas \u00e0 nous contacter. Nous vous assurons que notre traitement personnalis\u00e9 vous enchantera. Vous ferrez partie du processus de traduction!<\/strong><\/p>\n","protected":false},"excerpt":{"rendered":"<p>Service de traduction \u00e0 Alcobendas. Lorsque nous pensons \u00e0 une entreprise de traduction, nous n&rsquo;imaginons jamais tout ce qu&rsquo;elle comporte. Celle-ci va beaucoup plus loin qu&rsquo;un traducteur avec un ordinateur et entour\u00e9 de dictionnaires, comme c&rsquo;\u00e9tait il y a des ann\u00e9es. Les services de traduction ont \u00e9volutionn\u00e9s et ils impliquent la pr\u00e9sence de traducteurs, correcteurs, [&hellip;]<\/p>\n","protected":false},"author":3,"featured_media":37824,"parent":0,"menu_order":0,"comment_status":"closed","ping_status":"closed","template":"","meta":{"_crdt_document":"","inline_featured_image":false,"site-sidebar-layout":"default","site-content-layout":"default","ast-site-content-layout":"default","site-content-style":"default","site-sidebar-style":"default","ast-global-header-display":"","ast-banner-title-visibility":"","ast-main-header-display":"","ast-hfb-above-header-display":"","ast-hfb-below-header-display":"","ast-hfb-mobile-header-display":"","site-post-title":"","ast-breadcrumbs-content":"","ast-featured-img":"","footer-sml-layout":"","ast-disable-related-posts":"","theme-transparent-header-meta":"default","adv-header-id-meta":"","stick-header-meta":"","header-above-stick-meta":"","header-main-stick-meta":"","header-below-stick-meta":"","astra-migrate-meta-layouts":"default","ast-page-background-enabled":"default","ast-page-background-meta":{"desktop":{"background-color":"var(--ast-global-color-4)","background-image":"","background-repeat":"repeat","background-position":"center center","background-size":"auto","background-attachment":"scroll","background-type":"","background-media":"","overlay-type":"","overlay-color":"","overlay-opacity":"","overlay-gradient":""},"tablet":{"background-color":"","background-image":"","background-repeat":"repeat","background-position":"center center","background-size":"auto","background-attachment":"scroll","background-type":"","background-media":"","overlay-type":"","overlay-color":"","overlay-opacity":"","overlay-gradient":""},"mobile":{"background-color":"","background-image":"","background-repeat":"repeat","background-position":"center center","background-size":"auto","background-attachment":"scroll","background-type":"","background-media":"","overlay-type":"","overlay-color":"","overlay-opacity":"","overlay-gradient":""}},"ast-content-background-meta":{"desktop":{"background-color":"var(--ast-global-color-5)","background-image":"","background-repeat":"repeat","background-position":"center center","background-size":"auto","background-attachment":"scroll","background-type":"","background-media":"","overlay-type":"","overlay-color":"","overlay-opacity":"","overlay-gradient":""},"tablet":{"background-color":"var(--ast-global-color-5)","background-image":"","background-repeat":"repeat","background-position":"center center","background-size":"auto","background-attachment":"scroll","background-type":"","background-media":"","overlay-type":"","overlay-color":"","overlay-opacity":"","overlay-gradient":""},"mobile":{"background-color":"var(--ast-global-color-5)","background-image":"","background-repeat":"repeat","background-position":"center center","background-size":"auto","background-attachment":"scroll","background-type":"","background-media":"","overlay-type":"","overlay-color":"","overlay-opacity":"","overlay-gradient":""}},"footnotes":""},"class_list":["post-102159","page","type-page","status-publish","has-post-thumbnail","hentry"],"_links":{"self":[{"href":"https:\/\/translinguoglobal.com\/fr\/wp-json\/wp\/v2\/pages\/102159","targetHints":{"allow":["GET"]}}],"collection":[{"href":"https:\/\/translinguoglobal.com\/fr\/wp-json\/wp\/v2\/pages"}],"about":[{"href":"https:\/\/translinguoglobal.com\/fr\/wp-json\/wp\/v2\/types\/page"}],"author":[{"embeddable":true,"href":"https:\/\/translinguoglobal.com\/fr\/wp-json\/wp\/v2\/users\/3"}],"replies":[{"embeddable":true,"href":"https:\/\/translinguoglobal.com\/fr\/wp-json\/wp\/v2\/comments?post=102159"}],"version-history":[{"count":0,"href":"https:\/\/translinguoglobal.com\/fr\/wp-json\/wp\/v2\/pages\/102159\/revisions"}],"wp:featuredmedia":[{"embeddable":true,"href":"https:\/\/translinguoglobal.com\/fr\/wp-json\/wp\/v2\/media\/37824"}],"wp:attachment":[{"href":"https:\/\/translinguoglobal.com\/fr\/wp-json\/wp\/v2\/media?parent=102159"}],"curies":[{"name":"wp","href":"https:\/\/api.w.org\/{rel}","templated":true}]}}