{"id":102158,"date":"2026-03-11T10:34:30","date_gmt":"2026-03-11T09:34:30","guid":{"rendered":"https:\/\/translinguoglobal.com\/service-de-traduction-a-badalone\/"},"modified":"2026-03-11T10:34:30","modified_gmt":"2026-03-11T09:34:30","slug":"service-de-traduction-a-badalone","status":"publish","type":"page","link":"https:\/\/translinguoglobal.com\/fr\/service-de-traduction-a-badalone\/","title":{"rendered":"Service de traduction \u00e0 Badalone"},"content":{"rendered":"<p><a href=\"https:\/\/translinguoglobal.com\/fr\/\">Service de traduction<\/a> \u00e0 Badalone. Une nouvelle invention, le dernier livre de votre auteur pr\u00e9f\u00e9r\u00e9, le nouveau film de la saga que dont \u00e7a fait des ann\u00e9es que vous attendiez\u2026 Tous ces \u00e9l\u00e9ments sont souvent pr\u00e9senter dans des langues que nous ne connaissons pas. Pour qu&rsquo;ils puissent arriver \u00e0 notre langue un travail de traducteur est requis, un traducteur professionnel.<\/p>\n<p>Pour cela, dans notre <strong>service de traduction \u00e0 <a href=\"https:\/\/es.wikipedia.org\/wiki\/Badalona\" target=\"_blank\" rel=\"noopener\">Badalone<\/a><\/strong> nous nous adaptons toujours aux besoins des clients. Que ce soit la traduction audiovisuelle, \u00e9ditoriale ou asserment\u00e9e, nous nous engageons \u00e0 vous fournir le meilleur r\u00e9sultat. Nous comptons sur une grande \u00e9quipe de professionnels hautement qualifi\u00e9s et sp\u00e9cialis\u00e9s. <\/p>\n<h3 style=\"text-align: center;\"><strong>Pourquoi compter sur un service de traduction \u00e0 Badalone<\/strong><\/h3>\n<p>Une de nos principales caract\u00e9ristiques est l&rsquo;engagement.  Nous cherchons toujours \u00e0 obtenir le meilleur r\u00e9sultat possible pour chaque commande.  Notre objectif est que vous soyez totalement satisfait avec les r\u00e9sultats obtenus. <\/p>\n<p>En plus, la qualit\u00e9 que pr\u00e9sente chaque traduction est d&rsquo;une importance vitale.  Pour cela, nous ne comptons pas seulement des meilleurs traducteurs, mais aussi de correcteurs et r\u00e9viseurs.  Tous nos professionnels travaillent en symphonie pour assur\u00e9 une qualit\u00e9 optimale. <\/p>\n<h3 style=\"text-align: center;\"><strong>Pourquoi \u00e0 Badalone?<\/strong><\/h3>\n<p>Cette commune se situe dans la province de Barcelone, concr\u00e8tement \u00e010 kilom\u00e8tres de distance. Pour cela, nombreuses sont les personnes qui la consid\u00e8re comme faisant part de la zone m\u00e9tropolitaine de Barcelone. De plus, c&rsquo;est la quatri\u00e8me ville la plus peupl\u00e9e de toute la Catalogne. En \u00e9tant une ville c\u00f4ti\u00e8re, beaucoup de touristes la choisissent pour leur lieu de vacances.  Cependant, elle \u00e0 aussi des montagnes. Cela constitue l&rsquo;union parfaite pour promouvoir le tourisme.<\/p>\n<p>fcD&rsquo;autre part, \u00e9tant si proche de Barcelone, beaucoup d&rsquo;entreupreuners ont opter pour installer leurs commerces dans la zone. Non seulement des entreprises nationales, mais aussi internationales. Il convient de noter que ces derni\u00e8res sont en constante expansion dans cette municipalit\u00e9.<\/p>\n<p>Finalement, il est important de mentionner qu&rsquo;elle compte sur un magnifique r\u00e9seau de transports. Cela facilite en grande partie les communication commerciales et industrielles entre diff\u00e9rentes villes. De cette mani\u00e8re, nous comprennons que de compter sur un<strong> service de traduction \u00e0 Badalone<\/strong> pr\u00e9sente de grands avantages.<\/p>\n<h3 style=\"text-align: center;\"><strong>Que proposons nous dans nos services<\/strong><\/h3>\n<p>Lorsque l&rsquo;on parle d&rsquo;une agence ou d&rsquo;un service de traduction, nous faisons r\u00e9f\u00e9rence \u00e0 beaucoup plus qu&rsquo;au simple fait de traduire. Il existe tout un monde cach\u00e9 sous cette d\u00e9nomination et que peu de gens connaissent.<\/p>\n<p>Par cons\u00e9quent, nous voulons clarifier que bien que notre entreprise se d\u00e9die principalement \u00e0 la traduction, elle propose \u00e9galement d&rsquo;autre services. Certains de ces services de traduction sont les suivants : <\/p>\n<ul>\n<li>Correction de textes.<\/li>\n<li>Traduction g\u00e9n\u00e9rale.<\/li>\n<li>Traduction sp\u00e9cialis\u00e9e.<\/li>\n<li>Traduction asserment\u00e9e.<\/li>\n<li>Traduction de site web.<\/li>\n<li>Localisation.<\/li>\n<\/ul>\n<p>En plus, dans notre<strong> service de traduction \u00e0 Badalone<\/strong> nous avons incorpor\u00e9 un service d&rsquo;interpr\u00e9tation professionnel. Notre objectif est que personne ne manque vos \u00e9v\u00e8nements et que vos n\u00e9gociations soient fluides et fructueuses.<\/p>\n<p>Si vous avez un doute ou si vous avez besoin de plus d&rsquo;information, contactez-nous de mani\u00e8re imm\u00e9diate. Nous serons enchanter de vous aider; <strong>vos traductions sont notre priorit\u00e9!<\/strong> <\/p>\n","protected":false},"excerpt":{"rendered":"<p>Service de traduction \u00e0 Badalone. Une nouvelle invention, le dernier livre de votre auteur pr\u00e9f\u00e9r\u00e9, le nouveau film de la saga que dont \u00e7a fait des ann\u00e9es que vous attendiez\u2026 Tous ces \u00e9l\u00e9ments sont souvent pr\u00e9senter dans des langues que nous ne connaissons pas. Pour qu&rsquo;ils puissent arriver \u00e0 notre langue un travail de traducteur [&hellip;]<\/p>\n","protected":false},"author":3,"featured_media":37818,"parent":0,"menu_order":0,"comment_status":"closed","ping_status":"closed","template":"","meta":{"_crdt_document":"","inline_featured_image":false,"site-sidebar-layout":"default","site-content-layout":"default","ast-site-content-layout":"default","site-content-style":"default","site-sidebar-style":"default","ast-global-header-display":"","ast-banner-title-visibility":"","ast-main-header-display":"","ast-hfb-above-header-display":"","ast-hfb-below-header-display":"","ast-hfb-mobile-header-display":"","site-post-title":"","ast-breadcrumbs-content":"","ast-featured-img":"","footer-sml-layout":"","ast-disable-related-posts":"","theme-transparent-header-meta":"default","adv-header-id-meta":"","stick-header-meta":"","header-above-stick-meta":"","header-main-stick-meta":"","header-below-stick-meta":"","astra-migrate-meta-layouts":"default","ast-page-background-enabled":"default","ast-page-background-meta":{"desktop":{"background-color":"var(--ast-global-color-4)","background-image":"","background-repeat":"repeat","background-position":"center center","background-size":"auto","background-attachment":"scroll","background-type":"","background-media":"","overlay-type":"","overlay-color":"","overlay-opacity":"","overlay-gradient":""},"tablet":{"background-color":"","background-image":"","background-repeat":"repeat","background-position":"center center","background-size":"auto","background-attachment":"scroll","background-type":"","background-media":"","overlay-type":"","overlay-color":"","overlay-opacity":"","overlay-gradient":""},"mobile":{"background-color":"","background-image":"","background-repeat":"repeat","background-position":"center center","background-size":"auto","background-attachment":"scroll","background-type":"","background-media":"","overlay-type":"","overlay-color":"","overlay-opacity":"","overlay-gradient":""}},"ast-content-background-meta":{"desktop":{"background-color":"var(--ast-global-color-5)","background-image":"","background-repeat":"repeat","background-position":"center center","background-size":"auto","background-attachment":"scroll","background-type":"","background-media":"","overlay-type":"","overlay-color":"","overlay-opacity":"","overlay-gradient":""},"tablet":{"background-color":"var(--ast-global-color-5)","background-image":"","background-repeat":"repeat","background-position":"center center","background-size":"auto","background-attachment":"scroll","background-type":"","background-media":"","overlay-type":"","overlay-color":"","overlay-opacity":"","overlay-gradient":""},"mobile":{"background-color":"var(--ast-global-color-5)","background-image":"","background-repeat":"repeat","background-position":"center center","background-size":"auto","background-attachment":"scroll","background-type":"","background-media":"","overlay-type":"","overlay-color":"","overlay-opacity":"","overlay-gradient":""}},"footnotes":""},"class_list":["post-102158","page","type-page","status-publish","has-post-thumbnail","hentry"],"_links":{"self":[{"href":"https:\/\/translinguoglobal.com\/fr\/wp-json\/wp\/v2\/pages\/102158","targetHints":{"allow":["GET"]}}],"collection":[{"href":"https:\/\/translinguoglobal.com\/fr\/wp-json\/wp\/v2\/pages"}],"about":[{"href":"https:\/\/translinguoglobal.com\/fr\/wp-json\/wp\/v2\/types\/page"}],"author":[{"embeddable":true,"href":"https:\/\/translinguoglobal.com\/fr\/wp-json\/wp\/v2\/users\/3"}],"replies":[{"embeddable":true,"href":"https:\/\/translinguoglobal.com\/fr\/wp-json\/wp\/v2\/comments?post=102158"}],"version-history":[{"count":0,"href":"https:\/\/translinguoglobal.com\/fr\/wp-json\/wp\/v2\/pages\/102158\/revisions"}],"wp:featuredmedia":[{"embeddable":true,"href":"https:\/\/translinguoglobal.com\/fr\/wp-json\/wp\/v2\/media\/37818"}],"wp:attachment":[{"href":"https:\/\/translinguoglobal.com\/fr\/wp-json\/wp\/v2\/media?parent=102158"}],"curies":[{"name":"wp","href":"https:\/\/api.w.org\/{rel}","templated":true}]}}