{"id":102156,"date":"2026-03-10T15:01:11","date_gmt":"2026-03-10T14:01:11","guid":{"rendered":"https:\/\/translinguoglobal.com\/service-de-traduction-a-albacete\/"},"modified":"2026-03-10T15:01:11","modified_gmt":"2026-03-10T14:01:11","slug":"service-de-traduction-a-albacete","status":"publish","type":"page","link":"https:\/\/translinguoglobal.com\/fr\/service-de-traduction-a-albacete\/","title":{"rendered":"Service de traduction \u00e0 Albacete"},"content":{"rendered":"<p><a href=\"https:\/\/translinguoglobal.com\/fr\/\">Service de traduction<\/a> \u00e0 Albacete. Dans notre quotidien nous sommes entour\u00e9 de nombreuses traductions. Le film que vous regardez \u00e0 la t\u00e9l\u00e9vision ou au cin\u00e9ma, l&rsquo;actualit\u00e9 am\u00e9ricaine qui apparait dans le journal, etc. Beaucoup de fois on ne se rend m\u00eame pas compte qu&rsquo;il s&rsquo;agit d&rsquo;une traduction. Et tout cela est possible gr\u00e2ce aux traducteurs.<\/p>\n<p>Ce sont eux qui facilitent la communication entre les personnes et rendent accessible le contenu qui nous parvient quotidiennement de l&rsquo;\u00e9tranger. <strong>Pour cela, notre service de traduction \u00e0 <a href=\"https:\/\/es.wikipedia.org\/wiki\/Albacete\" target=\"_blank\" rel=\"noopener\">Albacete<\/a><\/strong> compte sur les meilleurs professionnels pour le rendre possible.<\/p>\n<h3 style=\"text-align: center;\"><strong>Pourquoi compter sur un service de traduction \u00e0 Albacete<\/strong><\/h3>\n<p>Souvent nous pensons qu&rsquo;une entreprise de traduction est compos\u00e9e uniquement et exclusivement de traducteurs. Toutefois, la r\u00e9alit\u00e9 est tr\u00e8s diff\u00e9rente. Une soci\u00e9t\u00e9 de traduction se compose de : traducteurs, correcteurs, \u00e9diteurs, sp\u00e9cialistes du marketing num\u00e9rique, etc.<\/p>\n<p>Notre entreprise dispose des meilleurs professionnels, capables de vous proposer la solution id\u00e9ale pour chacun de vos projets. Vous obtiendrez un tout en un, c&rsquo;est-\u00e0-dire, une solution int\u00e9grale gr\u00e2ce au travail de chacun de nos professionnels.<\/p>\n<h3 style=\"text-align: center;\"><strong>Pourquoi \u00e0 Albacete?<\/strong><\/h3>\n<p>Si nous pensons \u00e0 Albacete, toutes les attractions touristiques sont ce qui nous vient \u00e0 la t\u00eate. Cela implique que la pr\u00e9sence d&rsquo;\u00e9trangers est manifeste et que, par cons\u00e9quent, les services de traduction sont essentiels.<\/p>\n<p>En plus, la population de Albacete se situe \u00e0 cheval entre Madrid et la c\u00f4te M\u00e9diterran\u00e9e. Elle est situ\u00e9 \u00e0 seulement 200 kilom\u00e8tres de Gand\u00eda et Benidorm. Nombre de touristes ne viennent pas seulement pendant la haute saison, mais poss\u00e8dent \u00e9galement une r\u00e9sidence secondaire dans cette ville. D&rsquo;une part, son emplacement est l&rsquo;un de ses atouts majeurs, mais d&rsquo;autre part, sa gastronomie constitue un autre point fort. De nombreuses f\u00eates gastronomiques internationales se c\u00e9l\u00e8brent \u00e0 Albacete.<\/p>\n<p>Nous ne pouvons pas oublier que cette ville contient plus de 7 mus\u00e9es de nature vari\u00e9e. De plus, \u00e0 proximit\u00e9 se trouve l&rsquo;un des plus grands jardins botaniques de la r\u00e9gion, qui abrite plus de 100 000 plantes.<\/p>\n<p>Si nos services vous int\u00e9resses, n&rsquo;attendez plus et contactez-nous. Notre <strong>service de traduction \u00e0 Albacete<\/strong> est pionnier dans le secteur de la traduction<\/p>\n<h3 style=\"text-align: center;\"><strong>Que proposons-nous dans nos services<\/strong><\/h3>\n<p>Dans un premier lieu, nous voulons mettre en \u00e9vidence que la professionalit\u00e9 est la premi\u00e8re caract\u00e9ristique de notre entreprise. Toutes les traductions sont r\u00e9alis\u00e9es par des professionnels.  Nous comptons sur de nombreux traducteurs sp\u00e9cialis\u00e9s qui poss\u00e8dent un vaste bagage culturel. <\/p>\n<p>Quelque uns des services de traduction sur lesquels nous nous focalisons sont : <\/p>\n<ul>\n<li>Traduction g\u00e9n\u00e9rale.<\/li>\n<li>Traduction de site web.<\/li>\n<li>Localisation.<\/li>\n<li>Traduction sp\u00e9cialis\u00e9e.<\/li>\n<li>Traduction asserment\u00e9e.<\/li>\n<\/ul>\n<p>Dans notre <strong>service de traduction \u00e0 Albacete<\/strong> nous sommes toujours \u00e0 la hauteur de vos esp\u00e9rances. Pour cela, nous vous offrons un traitement personnalis\u00e9 accompagn\u00e9 de la ponctualit\u00e9 et le respect envers les d\u00e9lais de remise \u00e9tablis.<\/p>\n<p>Nous traitons chaque projet de mani\u00e8re personalis\u00e9e. <strong>Votre confiance est notre priorit\u00e9!<\/strong><\/p>\n","protected":false},"excerpt":{"rendered":"<p>Service de traduction \u00e0 Albacete. Dans notre quotidien nous sommes entour\u00e9 de nombreuses traductions. Le film que vous regardez \u00e0 la t\u00e9l\u00e9vision ou au cin\u00e9ma, l&rsquo;actualit\u00e9 am\u00e9ricaine qui apparait dans le journal, etc. Beaucoup de fois on ne se rend m\u00eame pas compte qu&rsquo;il s&rsquo;agit d&rsquo;une traduction. Et tout cela est possible gr\u00e2ce aux traducteurs. [&hellip;]<\/p>\n","protected":false},"author":3,"featured_media":37812,"parent":0,"menu_order":0,"comment_status":"closed","ping_status":"closed","template":"","meta":{"_crdt_document":"","inline_featured_image":false,"site-sidebar-layout":"default","site-content-layout":"default","ast-site-content-layout":"default","site-content-style":"default","site-sidebar-style":"default","ast-global-header-display":"","ast-banner-title-visibility":"","ast-main-header-display":"","ast-hfb-above-header-display":"","ast-hfb-below-header-display":"","ast-hfb-mobile-header-display":"","site-post-title":"","ast-breadcrumbs-content":"","ast-featured-img":"","footer-sml-layout":"","ast-disable-related-posts":"","theme-transparent-header-meta":"default","adv-header-id-meta":"","stick-header-meta":"","header-above-stick-meta":"","header-main-stick-meta":"","header-below-stick-meta":"","astra-migrate-meta-layouts":"default","ast-page-background-enabled":"default","ast-page-background-meta":{"desktop":{"background-color":"var(--ast-global-color-4)","background-image":"","background-repeat":"repeat","background-position":"center center","background-size":"auto","background-attachment":"scroll","background-type":"","background-media":"","overlay-type":"","overlay-color":"","overlay-opacity":"","overlay-gradient":""},"tablet":{"background-color":"","background-image":"","background-repeat":"repeat","background-position":"center center","background-size":"auto","background-attachment":"scroll","background-type":"","background-media":"","overlay-type":"","overlay-color":"","overlay-opacity":"","overlay-gradient":""},"mobile":{"background-color":"","background-image":"","background-repeat":"repeat","background-position":"center center","background-size":"auto","background-attachment":"scroll","background-type":"","background-media":"","overlay-type":"","overlay-color":"","overlay-opacity":"","overlay-gradient":""}},"ast-content-background-meta":{"desktop":{"background-color":"var(--ast-global-color-5)","background-image":"","background-repeat":"repeat","background-position":"center center","background-size":"auto","background-attachment":"scroll","background-type":"","background-media":"","overlay-type":"","overlay-color":"","overlay-opacity":"","overlay-gradient":""},"tablet":{"background-color":"var(--ast-global-color-5)","background-image":"","background-repeat":"repeat","background-position":"center center","background-size":"auto","background-attachment":"scroll","background-type":"","background-media":"","overlay-type":"","overlay-color":"","overlay-opacity":"","overlay-gradient":""},"mobile":{"background-color":"var(--ast-global-color-5)","background-image":"","background-repeat":"repeat","background-position":"center center","background-size":"auto","background-attachment":"scroll","background-type":"","background-media":"","overlay-type":"","overlay-color":"","overlay-opacity":"","overlay-gradient":""}},"footnotes":""},"class_list":["post-102156","page","type-page","status-publish","has-post-thumbnail","hentry"],"_links":{"self":[{"href":"https:\/\/translinguoglobal.com\/fr\/wp-json\/wp\/v2\/pages\/102156","targetHints":{"allow":["GET"]}}],"collection":[{"href":"https:\/\/translinguoglobal.com\/fr\/wp-json\/wp\/v2\/pages"}],"about":[{"href":"https:\/\/translinguoglobal.com\/fr\/wp-json\/wp\/v2\/types\/page"}],"author":[{"embeddable":true,"href":"https:\/\/translinguoglobal.com\/fr\/wp-json\/wp\/v2\/users\/3"}],"replies":[{"embeddable":true,"href":"https:\/\/translinguoglobal.com\/fr\/wp-json\/wp\/v2\/comments?post=102156"}],"version-history":[{"count":0,"href":"https:\/\/translinguoglobal.com\/fr\/wp-json\/wp\/v2\/pages\/102156\/revisions"}],"wp:featuredmedia":[{"embeddable":true,"href":"https:\/\/translinguoglobal.com\/fr\/wp-json\/wp\/v2\/media\/37812"}],"wp:attachment":[{"href":"https:\/\/translinguoglobal.com\/fr\/wp-json\/wp\/v2\/media?parent=102156"}],"curies":[{"name":"wp","href":"https:\/\/api.w.org\/{rel}","templated":true}]}}