{"id":102155,"date":"2026-03-10T13:07:25","date_gmt":"2026-03-10T12:07:25","guid":{"rendered":"https:\/\/translinguoglobal.com\/service-de-traduction-a-vigo\/"},"modified":"2026-03-10T13:07:25","modified_gmt":"2026-03-10T12:07:25","slug":"service-de-traduction-a-vigo","status":"publish","type":"page","link":"https:\/\/translinguoglobal.com\/fr\/service-de-traduction-a-vigo\/","title":{"rendered":"Service de traduction \u00e0 Vigo"},"content":{"rendered":"<p><a href=\"https:\/\/translinguoglobal.com\/fr\/\">Service de traduction<\/a> \u00e0 Vigo. Aujourd&rsquo;hui, tout est si inter-connect\u00e9 qu&rsquo;il est impossible de ne pas se heurter \u00e0 d&rsquo;autres langues dans le domaine du travail. Cela arrive plus fr\u00e9quemment dans les entreprises, \u00e9tant donn\u00e9 que la plupart disposent d&rsquo;une zone de commerce international. Si il existait une barri\u00e8re linguistique qui affecterais la fluidit\u00e9 de la communication, cela voudrais dire la rupture des relations commerciales ou provoquerais des situations ind\u00e9sirables. Pour y rem\u00e9dieret que cela n&rsquo;arrive pas dans votre commerce, nous vous proposons notre <strong>service de traduction \u00e0 <a href=\"https:\/\/es.wikipedia.org\/wiki\/Vigo\" target=\"_blank\" rel=\"noopener\">Vigo<\/a><\/strong>. En comptant sur nous, nous vous assurons de mettre ces probl\u00e8mes derri\u00e8re vous et vous pourrez en sortir le plus grand potentiel \u00e0 votre entreprise.<\/p>\n<h3 style=\"text-align: center;\"><strong>Pourquoi compter sur un service de traduction \u00e0 Vigo<\/strong><\/h3>\n<p>Garantir des services de qualit\u00e9 est fondamental pour d\u00e9velopper une activit\u00e9, mais cela ne peut pas se faire sans un traducteur professionnel.  Par ailleurs, dans notre <strong>service de traduction \u00e0 Vigo<\/strong> nous vous donnons l&rsquo;opportunit\u00e9 de disposer de traducteurs natifs. Gr\u00e2ce au fait qu&rsquo;ils disposent de plus de ressources culturelles et linguistiques, ils sont un pari s\u00fbr. <br \/> En plus, cette option est celle qui a pour r\u00e9sultat des travaux avec une meilleure fluidit\u00e9, coh\u00e9rence et fid\u00e9lit\u00e9 par rapport au texte original. <\/p>\n<h3 style=\"text-align: center;\"><strong>Pourquoi \u00e0 Vigo?<\/strong><\/h3>\n<p>Vigo est une ville situ\u00e9e dans la province de Pontevedra, dont sa r\u00e9gion est la Galice. Son \u00e9conomie est centr\u00e9e sur l&rsquo;industrie automobile, la construction navale et la p\u00eache industrielle. Toutefois, elle d\u00e9velopper \u00e9galement des activit\u00e9s dans le port et dans la zone franche. La ville accueille des touristes gr\u00e2ce aux plages, l&rsquo;\u00e9norme offre culturelle qu&rsquo;elle a et les f\u00eates locales. Nous ne pouvons pas oublier que Vigo est une des villes o\u00f9 passe le chemin de Santiago, qui attire des milliers de touristes.<\/p>\n<p>Comme cons\u00e9quence d&rsquo;une industrie si internationalis\u00e9e et aux milliers de touristes qui viennent chaque ann\u00e9e, les langues sont tr\u00e8s pr\u00e9sentes.  Pour maintenir de bonnes relations commerciales et accueillir les touristes, il est indispensable de compter sur un professionnel des langues. Notre <strong>service de traduction \u00e0 Vigo<\/strong> vous offre les traductions essentielles pour d\u00e9velopper votre activit\u00e9. Par exemple, au moment de traduire un contrat entrepreuneurial.<\/p>\n<h3 style=\"text-align: center;\"><strong>Que proposons-nous dans nos services<\/strong><\/h3>\n<p>Les traducteurs professionnels se sont convertient en une partie essentielle du march\u00e9 du travail, \u00e9tant donn\u00e9e que leur travail est d&rsquo;une grande importance. De plus, pour nous il est primordial de prendre soin de nos contractants pour satisfaire pleinement leurs besoins. Nous ne voulons perdre aucun d\u00e9tail et, pour cela, nous disposons des services suivants et sp\u00e9cialit\u00e9s :<\/p>\n<ul>\n<li><strong>Professionnels de qualit\u00e9 sp\u00e9cialis\u00e9e<\/strong> dans diff\u00e9rents domaines.<\/li>\n<li>Respect de la <strong>ponctualit\u00e9<\/strong> dans les d\u00e9lais de remise \u00e9tablis.<\/li>\n<li><strong>Importance de l&rsquo;attention au client<\/strong> et ses demandes.<\/li>\n<li>Vari\u00e9t\u00e9 de <strong>formes de traduction<\/strong>:\n<ul>\n<li>G\u00e9n\u00e9rale (textes publicitaires, journalistiques, promotionnels, etc.).<\/li>\n<li>De pages web.<\/li>\n<li>Localisation.<\/li>\n<li>Asserment\u00e9e.<\/li>\n<li>Sp\u00e9cialis\u00e9e, en particulier alimentaire et pharmaceutique.<\/li>\n<\/ul>\n<\/li>\n<\/ul>\n<p><strong>Lancez-vous et vous verrez comment votre entreprise arrive au plus haut gr\u00e2ce \u00e0 notre service de traduction de qualit\u00e9!  Ne regrettez pas.<\/strong><\/p>\n","protected":false},"excerpt":{"rendered":"<p>Service de traduction \u00e0 Vigo. Aujourd&rsquo;hui, tout est si inter-connect\u00e9 qu&rsquo;il est impossible de ne pas se heurter \u00e0 d&rsquo;autres langues dans le domaine du travail. Cela arrive plus fr\u00e9quemment dans les entreprises, \u00e9tant donn\u00e9 que la plupart disposent d&rsquo;une zone de commerce international. Si il existait une barri\u00e8re linguistique qui affecterais la fluidit\u00e9 de [&hellip;]<\/p>\n","protected":false},"author":3,"featured_media":37800,"parent":0,"menu_order":0,"comment_status":"closed","ping_status":"closed","template":"","meta":{"_crdt_document":"","inline_featured_image":false,"site-sidebar-layout":"default","site-content-layout":"default","ast-site-content-layout":"default","site-content-style":"default","site-sidebar-style":"default","ast-global-header-display":"","ast-banner-title-visibility":"","ast-main-header-display":"","ast-hfb-above-header-display":"","ast-hfb-below-header-display":"","ast-hfb-mobile-header-display":"","site-post-title":"","ast-breadcrumbs-content":"","ast-featured-img":"","footer-sml-layout":"","ast-disable-related-posts":"","theme-transparent-header-meta":"default","adv-header-id-meta":"","stick-header-meta":"","header-above-stick-meta":"","header-main-stick-meta":"","header-below-stick-meta":"","astra-migrate-meta-layouts":"default","ast-page-background-enabled":"default","ast-page-background-meta":{"desktop":{"background-color":"var(--ast-global-color-4)","background-image":"","background-repeat":"repeat","background-position":"center center","background-size":"auto","background-attachment":"scroll","background-type":"","background-media":"","overlay-type":"","overlay-color":"","overlay-opacity":"","overlay-gradient":""},"tablet":{"background-color":"","background-image":"","background-repeat":"repeat","background-position":"center center","background-size":"auto","background-attachment":"scroll","background-type":"","background-media":"","overlay-type":"","overlay-color":"","overlay-opacity":"","overlay-gradient":""},"mobile":{"background-color":"","background-image":"","background-repeat":"repeat","background-position":"center center","background-size":"auto","background-attachment":"scroll","background-type":"","background-media":"","overlay-type":"","overlay-color":"","overlay-opacity":"","overlay-gradient":""}},"ast-content-background-meta":{"desktop":{"background-color":"var(--ast-global-color-5)","background-image":"","background-repeat":"repeat","background-position":"center center","background-size":"auto","background-attachment":"scroll","background-type":"","background-media":"","overlay-type":"","overlay-color":"","overlay-opacity":"","overlay-gradient":""},"tablet":{"background-color":"var(--ast-global-color-5)","background-image":"","background-repeat":"repeat","background-position":"center center","background-size":"auto","background-attachment":"scroll","background-type":"","background-media":"","overlay-type":"","overlay-color":"","overlay-opacity":"","overlay-gradient":""},"mobile":{"background-color":"var(--ast-global-color-5)","background-image":"","background-repeat":"repeat","background-position":"center center","background-size":"auto","background-attachment":"scroll","background-type":"","background-media":"","overlay-type":"","overlay-color":"","overlay-opacity":"","overlay-gradient":""}},"footnotes":""},"class_list":["post-102155","page","type-page","status-publish","has-post-thumbnail","hentry"],"_links":{"self":[{"href":"https:\/\/translinguoglobal.com\/fr\/wp-json\/wp\/v2\/pages\/102155","targetHints":{"allow":["GET"]}}],"collection":[{"href":"https:\/\/translinguoglobal.com\/fr\/wp-json\/wp\/v2\/pages"}],"about":[{"href":"https:\/\/translinguoglobal.com\/fr\/wp-json\/wp\/v2\/types\/page"}],"author":[{"embeddable":true,"href":"https:\/\/translinguoglobal.com\/fr\/wp-json\/wp\/v2\/users\/3"}],"replies":[{"embeddable":true,"href":"https:\/\/translinguoglobal.com\/fr\/wp-json\/wp\/v2\/comments?post=102155"}],"version-history":[{"count":0,"href":"https:\/\/translinguoglobal.com\/fr\/wp-json\/wp\/v2\/pages\/102155\/revisions"}],"wp:featuredmedia":[{"embeddable":true,"href":"https:\/\/translinguoglobal.com\/fr\/wp-json\/wp\/v2\/media\/37800"}],"wp:attachment":[{"href":"https:\/\/translinguoglobal.com\/fr\/wp-json\/wp\/v2\/media?parent=102155"}],"curies":[{"name":"wp","href":"https:\/\/api.w.org\/{rel}","templated":true}]}}