{"id":102146,"date":"2026-03-10T11:27:55","date_gmt":"2026-03-10T10:27:55","guid":{"rendered":"https:\/\/translinguoglobal.com\/service-de-traduction-a-valence\/"},"modified":"2026-03-10T11:27:55","modified_gmt":"2026-03-10T10:27:55","slug":"service-de-traduction-a-valence","status":"publish","type":"page","link":"https:\/\/translinguoglobal.com\/fr\/service-de-traduction-a-valence\/","title":{"rendered":"Service de traduction \u00e0 Valence"},"content":{"rendered":"<p>Service de traduction \u00e0 Valence. Je suis s\u00fbr que vous avez d\u00e9j\u00e0 \u00e9t\u00e9 confront\u00e9 \u00e0 ces redoutables barri\u00e8res linguistiques. Elles sont tr\u00e8s fr\u00e9quente dans le monde globalis\u00e9 et inter-communiqu\u00e9 dans lequel nous vivons. Elles apparaissent \u00e0 chaque fois que nous lisons un article dans une langue que nous ne maitrisons pas, lorsque nous parlons \u00e0 des personnes d&rsquo;autres pays, lors de n\u00e9gociations, \u00e0 des \u00e9v\u00e8nements multilingues&#8230; Pour les surmonter, le mieux est de contacter un professionnel de la langue. Notre<strong> service de traduction \u00e0 <a href=\"https:\/\/es.wikipedia.org\/wiki\/Valencia\" target=\"_blank\" rel=\"noopener\">Valence<\/a><\/strong> compte sur les meilleurs traducteurs pour vous aident \u00e0 parvenir \u00e0 vos objectifs<\/p>\n<h3 style=\"text-align: center;\"><strong>Pourquoi compter sur un service de traduction \u00e0 Valence<\/strong><\/h3>\n<p>La sp\u00e9cialisation est la comp\u00e9tence la plus importante du traducteur. Il ne suffit pas de connaitre la langue, il faut connaitre le domaine du texte qui est travaill\u00e9. De plus, seulement un traducteur natif garantit les meilleurs r\u00e9sultats linguistiques.<\/p>\n<p>Son vaste arsenal de connaissances de la langue et de la culture cible lui permettent de produire des traductions de la meilleure qualit\u00e9. De plus, un traducteur natif est toujours plus rapide et efficace.  <strong>Si vous faites appel \u00e0 notre service de traduction \u00e0 Valence<\/strong> vous disposerez toujours des meilleurs traducteurs professionnels natifs.<\/p>\n<h3 style=\"text-align: center;\"><strong>Pourquoi \u00e0 Valence?<\/strong><\/h3>\n<p>Valence \u00e0 \u00e9t\u00e9 et continu d&rsquo;\u00eatre une des villes les plus importantes du territoire espagnol.  Elle est la troisi\u00e8me ville la plus grande du pays et elle compte sur un important tissu entrepreneurial et industriel. En tant que port au bord de la Mer M\u00e9diterran\u00e9e, Valence a \u00e9t\u00e9 depuis ses origines romaines une ville d\u00e9di\u00e9e au commerce. Il est estim\u00e9 que 20% des exportations nationales sont r\u00e9alis\u00e9es \u00e0 travers Valence. Et que par elle passent des millions de tonnes de cargaisons tous les ans. La ville compte \u00e9galement sur un croissant secteur manufacturier, en particulier l&rsquo;automobile, le textil et l&rsquo;agricole. De plus, comme nous le savons tous d\u00e9j\u00e0, les oranges valenciennes se vendent dans tous les coins de la plan\u00e8te.<\/p>\n<p>Tr\u00e8s important \u00e9galement pour l&rsquo;\u00e9conomie de Valence c&rsquo;est le tourisme.  Ses innombrables monuments et son interminable offre culturelle attire chaque ann\u00e9e des millions de touristes des quatres coins de la plan\u00e8te, en particulier les allemands et les britaniques. Dans un milieu commercial si diversifi\u00e9, il est tr\u00e8s important de pouvoir proposer vos services dans de multiples langues. Pour cela, nous vous recommandons de faire appel \u00e0 notre<strong> service de traduction \u00e0 Valence.<\/strong><\/p>\n<p><strong>Que proposons nous dans nos services<\/strong><\/p>\n<p><strong>Lorsque nous avons affaire \u00e0 un client dans notre service de traduction \u00e0 Valence<\/strong>, nous cherchons toujours l&rsquo;excellence.  Gr\u00e2ce \u00e0 une attention personnalis\u00e9e et rigoureuse, nous cr\u00e9ons des interactions commerciales pr\u00e9cieuses. Cela nous permet de cr\u00e9er des liens qui favoriseront la poursuite et l&rsquo;avenir de notre collaboration avec nos sous-traitants. Dans notre entreprise nous voulons vous proposer une attention personnalis\u00e9e accompagn\u00e9e de :<\/p>\n<ul>\n<li>Traductions r\u00e9alis\u00e9s par des professionnels natifs.<\/li>\n<li>Ponctualit\u00e9 et d\u00e9lais de remise raisonnable.<\/li>\n<li>Produits finaux de qualit\u00e9.<\/li>\n<li>Grande vari\u00e9t\u00e9 de services tels que :\n<ul>\n<li><a href=\"https:\/\/translinguoglobal.com\/fr\/traduction-de-documents\/\">Traduction g\u00e9n\u00e9ral.<\/a><\/li>\n<li><a href=\"https:\/\/translinguoglobal.com\/fr\/service-de-localisation-de-pages-internet\/\">Traduction de site web.<\/a><\/li>\n<li><a href=\"https:\/\/translinguoglobal.com\/fr\/traduction-de-documents\/\">Traduction asserment\u00e9e.<\/a><\/li>\n<li><a href=\"https:\/\/translinguoglobal.com\/fr\/service-de-localisation-de-pages-internet\/\">Localisation<\/a>.<\/li>\n<li><a href=\"https:\/\/translinguoglobal.com\/fr\/services-de-traduction-specialisee\/\">Traduction sp\u00e9cialis\u00e9e<\/a>.<\/li>\n<\/ul>\n<\/li>\n<\/ul>\n<p><strong>Positionnez-vous \u00e0 l&rsquo;avant-garde du commerce international !<\/strong> Contactez nous, nous vous garantissons la r\u00e9ussite de votre commerce.<\/p>\n","protected":false},"excerpt":{"rendered":"<p>Le mieux est de contacter un professionnel de la langue. Notre service de traduction \u00e0 Valence compte sur les meilleurs traducteurs pour vous aider \u00e0<\/p>\n","protected":false},"author":3,"featured_media":37782,"parent":0,"menu_order":0,"comment_status":"closed","ping_status":"closed","template":"","meta":{"_crdt_document":"","inline_featured_image":false,"site-sidebar-layout":"default","site-content-layout":"default","ast-site-content-layout":"default","site-content-style":"default","site-sidebar-style":"default","ast-global-header-display":"","ast-banner-title-visibility":"","ast-main-header-display":"","ast-hfb-above-header-display":"","ast-hfb-below-header-display":"","ast-hfb-mobile-header-display":"","site-post-title":"","ast-breadcrumbs-content":"","ast-featured-img":"","footer-sml-layout":"","ast-disable-related-posts":"","theme-transparent-header-meta":"default","adv-header-id-meta":"","stick-header-meta":"","header-above-stick-meta":"","header-main-stick-meta":"","header-below-stick-meta":"","astra-migrate-meta-layouts":"default","ast-page-background-enabled":"default","ast-page-background-meta":{"desktop":{"background-color":"var(--ast-global-color-4)","background-image":"","background-repeat":"repeat","background-position":"center center","background-size":"auto","background-attachment":"scroll","background-type":"","background-media":"","overlay-type":"","overlay-color":"","overlay-opacity":"","overlay-gradient":""},"tablet":{"background-color":"","background-image":"","background-repeat":"repeat","background-position":"center center","background-size":"auto","background-attachment":"scroll","background-type":"","background-media":"","overlay-type":"","overlay-color":"","overlay-opacity":"","overlay-gradient":""},"mobile":{"background-color":"","background-image":"","background-repeat":"repeat","background-position":"center center","background-size":"auto","background-attachment":"scroll","background-type":"","background-media":"","overlay-type":"","overlay-color":"","overlay-opacity":"","overlay-gradient":""}},"ast-content-background-meta":{"desktop":{"background-color":"var(--ast-global-color-5)","background-image":"","background-repeat":"repeat","background-position":"center center","background-size":"auto","background-attachment":"scroll","background-type":"","background-media":"","overlay-type":"","overlay-color":"","overlay-opacity":"","overlay-gradient":""},"tablet":{"background-color":"var(--ast-global-color-5)","background-image":"","background-repeat":"repeat","background-position":"center center","background-size":"auto","background-attachment":"scroll","background-type":"","background-media":"","overlay-type":"","overlay-color":"","overlay-opacity":"","overlay-gradient":""},"mobile":{"background-color":"var(--ast-global-color-5)","background-image":"","background-repeat":"repeat","background-position":"center center","background-size":"auto","background-attachment":"scroll","background-type":"","background-media":"","overlay-type":"","overlay-color":"","overlay-opacity":"","overlay-gradient":""}},"footnotes":""},"class_list":["post-102146","page","type-page","status-publish","has-post-thumbnail","hentry"],"_links":{"self":[{"href":"https:\/\/translinguoglobal.com\/fr\/wp-json\/wp\/v2\/pages\/102146","targetHints":{"allow":["GET"]}}],"collection":[{"href":"https:\/\/translinguoglobal.com\/fr\/wp-json\/wp\/v2\/pages"}],"about":[{"href":"https:\/\/translinguoglobal.com\/fr\/wp-json\/wp\/v2\/types\/page"}],"author":[{"embeddable":true,"href":"https:\/\/translinguoglobal.com\/fr\/wp-json\/wp\/v2\/users\/3"}],"replies":[{"embeddable":true,"href":"https:\/\/translinguoglobal.com\/fr\/wp-json\/wp\/v2\/comments?post=102146"}],"version-history":[{"count":0,"href":"https:\/\/translinguoglobal.com\/fr\/wp-json\/wp\/v2\/pages\/102146\/revisions"}],"wp:featuredmedia":[{"embeddable":true,"href":"https:\/\/translinguoglobal.com\/fr\/wp-json\/wp\/v2\/media\/37782"}],"wp:attachment":[{"href":"https:\/\/translinguoglobal.com\/fr\/wp-json\/wp\/v2\/media?parent=102146"}],"curies":[{"name":"wp","href":"https:\/\/api.w.org\/{rel}","templated":true}]}}