{"id":102140,"date":"2026-03-10T10:27:33","date_gmt":"2026-03-10T09:27:33","guid":{"rendered":"https:\/\/translinguoglobal.com\/service-de-traduction-a-malaga\/"},"modified":"2026-03-10T10:27:33","modified_gmt":"2026-03-10T09:27:33","slug":"service-de-traduction-a-malaga","status":"publish","type":"page","link":"https:\/\/translinguoglobal.com\/fr\/service-de-traduction-a-malaga\/","title":{"rendered":"Service de traduction \u00e0 Malaga"},"content":{"rendered":"<p><a href=\"https:\/\/translinguoglobal.com\/fr\/\">Service de traduction<\/a> \u00e0 Malaga. L&rsquo;av\u00e8nement de l&rsquo;\u00e8re num\u00e9rique nous permet de repousser nos limites presque sans fronti\u00e8res. L&rsquo;un des obstacles les plus visibles auxquels votre entreprise pourrait \u00eatre confront\u00e9e est d&rsquo;ordre linguistique. M\u00eame si vous ne le faites pas, proposer des services en plusieurs langues est un gage de succ\u00e8s. Pouvoir obtenir des informations dans leur langue maternelle est l&rsquo;un des aspects que les clients \u00e9trangers appr\u00e9cient le plus.<\/p>\n<p>Pour surmonter cette barri\u00e8re linguistique et vous d\u00e9marquer des autres entreprises de votre secteur, nous proposons notre <strong>service de traduction \u00e0<a href=\"https:\/\/es.wikipedia.org\/wiki\/M%C3%A1laga\" target=\"_blank\" rel=\"noopener\"> Malaga<\/a><\/strong>.<\/p>\n<h3 style=\"text-align: center;\"><strong>Pourquoi compter sur un service de traduction \u00e0 Malaga<\/strong><\/h3>\n<p>Une bonne \u00e9quipe de traducteurs se distingue par la pr\u00e9cision et la pertinence des textes qu&rsquo;elle produit. Pour rester fid\u00e8le et s&rsquo;adapter \u00e0 la culture du pays de destination, il faut avoir une connaissance tr\u00e8s intime de la langue, de la culture et de la soci\u00e9t\u00e9 de ce pays.<\/p>\n<p>Pour cela, dans notre <strong>service de traduction \u00e0 Malaga<\/strong> nous comptons toujours sur des traducteurs natifs. Leur \u00e9ventail de comp\u00e9tences et leur formation sp\u00e9cialis\u00e9e leur permettent de produire des textes d&rsquo;une qualit\u00e9 optimale.<\/p>\n<h3 style=\"text-align: center;\"><strong>Pourquoi \u00e0 Malaga?<\/strong><\/h3>\n<p>Avec pr\u00e8s de 2800 ans d&rsquo;histoire, Malaga est l&rsquo;une des plus anciennes villes du monde. Elle tire ses origines de <em>Malaka<\/em>, une ville marchande fond\u00e9e par les Ph\u00e9niciens. Au cours des si\u00e8cles suivants, elle fut successivement gouvern\u00e9e par les Carthaginois, les Romains, les Arabes et les Castillans. Il n&rsquo;est pas \u00e9tonnant que, dans une ville avec une histoire si diverse, nous y trouvions plusieurs cultures. Traditionnellement, Malaga \u00e0 \u00e9t\u00e9 une ville touristique en se trouvant au bord de la Mer M\u00e9diterran\u00e9e sur la Costa del Sol.<\/p>\n<p>N\u00e9anmoins, ces derni\u00e8res ann\u00e9es, de nombreux investisseurs ont pari\u00e9s beaucoup sur le d\u00e9veloppement technlogique de la ville. D&rsquo;autres secteurs comme la logistique et de transports se sont \u00e9galement d\u00e9velopp\u00e9s dans les derni\u00e8res ann\u00e9es.  Sans aucun doute, Malaga propose un vaste \u00e9ventail de nouvelles opportunit\u00e9s dans ce processus d&rsquo;ouverture au commerce international. Pour cela, il est tr\u00e8s important de faire confiance dans les meilleurs pour augmenter ses horizons. Notre <strong>service de traduction \u00e0 Malaga<\/strong> est le pari parfait pour garantir le futur de votre entreprise.<\/p>\n<h3 style=\"text-align: center;\"><strong>Que proposons nous dans nos services<\/strong><\/h3>\n<p>Notre objectif au moment de n\u00e9gocier avec les clients est qu&rsquo;ils se sentent \u00e0 l&rsquo;aise durant tout le processus.  Nous voulons \u00eatre plus qu&rsquo;un partenaire commercial et g\u00e9n\u00e9r\u00e9 une valeur au travers de notre travail.  Pour cela, vous pouvez toujours attendre de nous une attention personnalis\u00e9e. De plus, nos traductions seront toujours professionnelles et de qualit\u00e9 et ils seront remis dans les d\u00e9lais de remises \u00e9tablit. Sans oublier que, pour satisfaire tous vos besoins de traductions, nous proposons une grande vari\u00e9t\u00e9 de service de :<\/p>\n<ul>\n<li>Traduction g\u00e9n\u00e9rale.<\/li>\n<li>Traduction de site web.<\/li>\n<li>Localisation.<\/li>\n<li>Traduction asserment\u00e9e.<\/li>\n<li>Traduction sp\u00e9cialis\u00e9e<\/li>\n<\/ul>\n<p>Montez sur le train du changement et de l&rsquo;innovation! Contactez-nous et nous vous aiderons \u00e0 atteindre vos objectifs.<\/p>\n","protected":false},"excerpt":{"rendered":"<p>Service de traduction \u00e0 Malaga. L&rsquo;av\u00e8nement de l&rsquo;\u00e8re num\u00e9rique nous permet de repousser nos limites presque sans fronti\u00e8res. L&rsquo;un des obstacles les plus visibles auxquels votre entreprise pourrait \u00eatre confront\u00e9e est d&rsquo;ordre linguistique. M\u00eame si vous ne le faites pas, proposer des services en plusieurs langues est un gage de succ\u00e8s. Pouvoir obtenir des informations [&hellip;]<\/p>\n","protected":false},"author":3,"featured_media":37776,"parent":0,"menu_order":0,"comment_status":"closed","ping_status":"closed","template":"","meta":{"_crdt_document":"","inline_featured_image":false,"site-sidebar-layout":"default","site-content-layout":"default","ast-site-content-layout":"default","site-content-style":"default","site-sidebar-style":"default","ast-global-header-display":"","ast-banner-title-visibility":"","ast-main-header-display":"","ast-hfb-above-header-display":"","ast-hfb-below-header-display":"","ast-hfb-mobile-header-display":"","site-post-title":"","ast-breadcrumbs-content":"","ast-featured-img":"","footer-sml-layout":"","ast-disable-related-posts":"","theme-transparent-header-meta":"default","adv-header-id-meta":"","stick-header-meta":"","header-above-stick-meta":"","header-main-stick-meta":"","header-below-stick-meta":"","astra-migrate-meta-layouts":"default","ast-page-background-enabled":"default","ast-page-background-meta":{"desktop":{"background-color":"var(--ast-global-color-4)","background-image":"","background-repeat":"repeat","background-position":"center center","background-size":"auto","background-attachment":"scroll","background-type":"","background-media":"","overlay-type":"","overlay-color":"","overlay-opacity":"","overlay-gradient":""},"tablet":{"background-color":"","background-image":"","background-repeat":"repeat","background-position":"center center","background-size":"auto","background-attachment":"scroll","background-type":"","background-media":"","overlay-type":"","overlay-color":"","overlay-opacity":"","overlay-gradient":""},"mobile":{"background-color":"","background-image":"","background-repeat":"repeat","background-position":"center center","background-size":"auto","background-attachment":"scroll","background-type":"","background-media":"","overlay-type":"","overlay-color":"","overlay-opacity":"","overlay-gradient":""}},"ast-content-background-meta":{"desktop":{"background-color":"var(--ast-global-color-5)","background-image":"","background-repeat":"repeat","background-position":"center center","background-size":"auto","background-attachment":"scroll","background-type":"","background-media":"","overlay-type":"","overlay-color":"","overlay-opacity":"","overlay-gradient":""},"tablet":{"background-color":"var(--ast-global-color-5)","background-image":"","background-repeat":"repeat","background-position":"center center","background-size":"auto","background-attachment":"scroll","background-type":"","background-media":"","overlay-type":"","overlay-color":"","overlay-opacity":"","overlay-gradient":""},"mobile":{"background-color":"var(--ast-global-color-5)","background-image":"","background-repeat":"repeat","background-position":"center center","background-size":"auto","background-attachment":"scroll","background-type":"","background-media":"","overlay-type":"","overlay-color":"","overlay-opacity":"","overlay-gradient":""}},"footnotes":""},"class_list":["post-102140","page","type-page","status-publish","has-post-thumbnail","hentry"],"_links":{"self":[{"href":"https:\/\/translinguoglobal.com\/fr\/wp-json\/wp\/v2\/pages\/102140","targetHints":{"allow":["GET"]}}],"collection":[{"href":"https:\/\/translinguoglobal.com\/fr\/wp-json\/wp\/v2\/pages"}],"about":[{"href":"https:\/\/translinguoglobal.com\/fr\/wp-json\/wp\/v2\/types\/page"}],"author":[{"embeddable":true,"href":"https:\/\/translinguoglobal.com\/fr\/wp-json\/wp\/v2\/users\/3"}],"replies":[{"embeddable":true,"href":"https:\/\/translinguoglobal.com\/fr\/wp-json\/wp\/v2\/comments?post=102140"}],"version-history":[{"count":0,"href":"https:\/\/translinguoglobal.com\/fr\/wp-json\/wp\/v2\/pages\/102140\/revisions"}],"wp:featuredmedia":[{"embeddable":true,"href":"https:\/\/translinguoglobal.com\/fr\/wp-json\/wp\/v2\/media\/37776"}],"wp:attachment":[{"href":"https:\/\/translinguoglobal.com\/fr\/wp-json\/wp\/v2\/media?parent=102140"}],"curies":[{"name":"wp","href":"https:\/\/api.w.org\/{rel}","templated":true}]}}