{"id":102137,"date":"2026-03-10T09:46:31","date_gmt":"2026-03-10T08:46:31","guid":{"rendered":"https:\/\/translinguoglobal.com\/service-de-traduction-a-santander\/"},"modified":"2026-03-10T09:46:31","modified_gmt":"2026-03-10T08:46:31","slug":"service-de-traduction-a-santander","status":"publish","type":"page","link":"https:\/\/translinguoglobal.com\/fr\/service-de-traduction-a-santander\/","title":{"rendered":"Service de traduction \u00e0 Santander"},"content":{"rendered":"<p><a href=\"https:\/\/translinguoglobal.com\/fr\/\">Service de traduction<\/a> \u00e0 Santander. La traduction est pr\u00e9sente dans de nombreux domaines de notre vie. Et pas seulement dans notre vie priv\u00e9e, aussi dans le travail. Les entreprises vivent, defa\u00e7on plus extr\u00eame, la r\u00e9alit\u00e9 de ce monde globalis\u00e9.<\/p>\n<p>De la commande de mati\u00e8res premi\u00e8res \u00e0 la vente de produits, en passant par la publicit\u00e9 de l&rsquo;entreprise, tout n\u00e9cessite des traductions. Pour que lesdites traductions aient la meilleure qualit\u00e9 possible, des traducteurs professionnels doivent la r\u00e9aliser. Dans notre <strong>service de traduction \u00e0 <a href=\"https:\/\/es.wikipedia.org\/wiki\/Santander_(Espa%C3%B1a)\" target=\"_blank\" rel=\"noopener\">Santander<\/a><\/strong> nous garantissons aux entreprises la qualit\u00e9 qu&rsquo;elles m\u00e9ritent.<\/p>\n<h3 style=\"text-align: center;\"><strong>Pourquoi compter sur un service de traduction \u00e0 Santander<\/strong><\/h3>\n<p>Pour traduire un texte, le traducteur ne doit pas seulement connaitre la langue. Leur travail va bien au-del\u00e0. En plus de maitriser \u00e0 la perfection les deux langues avec lesquelles il travail, il doit connaitre les strat\u00e9gies de traduction existentes.  A cela s&rsquo;ajoute le fait que le traducteur doit aussi connaitre les cultures auxquelles appartiennent les deux langues. Et elle doit \u00eatre d\u00e9cisive face \u00e0 certains probl\u00e8mes de traduction.<\/p>\n<p>Comme nous voyons, la traduction n&rsquo;est pas une t\u00e2che facile et ceux qui la r\u00e9alise doivent \u00eatre d\u00fbment qualifi\u00e9s. Pour ce motif, notre <strong>service de traduction \u00e0 Santander<\/strong> compte sur les meilleurs traducteurs professionnels. En plus, ils sont tous natifs.  De cette mani\u00e8re, nous nous assurons de vous proposer des r\u00e9sultats de qualit\u00e9 avec lesquels vous serez totalement satisfaits.<\/p>\n<h3 style=\"text-align: center;\"><strong>Que porposons nous dans nos servcies<\/strong><\/h3>\n<p>Notre <strong>service de traduction \u00e0 Santander<\/strong> se caracterise par sa haute qualit\u00e9. <a href=\"https:\/\/translinguoglobal.com\/fr\/\">Chez Translinguo Global\u00ae<\/a> nous comptons sur une \u00e9quipe multidisciplinaire hautement qualifi\u00e9. De plus, gr\u00e2ce \u00e0 la vari\u00e9t\u00e9 de langues maitriser par nos traducteurs, nous pouvons proposer un vaste \u00e9ventail de services. Parmi eux, vous pouvez trouver :<\/p>\n<ul>\n<li>Vari\u00e9t\u00e9 de combinaisons linguisitiques.<\/li>\n<li>Traductions de textes g\u00e9n\u00e9raux.<\/li>\n<li>Traductions de textes sp\u00e9cialis\u00e9s.<\/li>\n<li>Traductions de pages web.<\/li>\n<li>Services de localisation.<\/li>\n<li>Traductions asserment\u00e9es.<\/li>\n<\/ul>\n<p>Et ce n&rsquo;est pas tout ! Toute l&rsquo;\u00e9quipe s&rsquo;engage \u00e0 respecter scrupuleusement les d\u00e9lais de remise fix\u00e9s. En plus de faire un travail d&rsquo;une qualit\u00e9 excellente.<\/p>\n","protected":false},"excerpt":{"rendered":"<p>Service de traduction \u00e0 Santander. La traduction est pr\u00e9sente dans de nombreux domaines de notre vie. Et pas seulement dans notre vie priv\u00e9e, aussi dans le travail. Les entreprises vivent, defa\u00e7on plus extr\u00eame, la r\u00e9alit\u00e9 de ce monde globalis\u00e9. De la commande de mati\u00e8res premi\u00e8res \u00e0 la vente de produits, en passant par la publicit\u00e9 [&hellip;]<\/p>\n","protected":false},"author":3,"featured_media":37752,"parent":0,"menu_order":0,"comment_status":"closed","ping_status":"closed","template":"","meta":{"_crdt_document":"","inline_featured_image":false,"site-sidebar-layout":"default","site-content-layout":"default","ast-site-content-layout":"default","site-content-style":"default","site-sidebar-style":"default","ast-global-header-display":"","ast-banner-title-visibility":"","ast-main-header-display":"","ast-hfb-above-header-display":"","ast-hfb-below-header-display":"","ast-hfb-mobile-header-display":"","site-post-title":"","ast-breadcrumbs-content":"","ast-featured-img":"","footer-sml-layout":"","ast-disable-related-posts":"","theme-transparent-header-meta":"default","adv-header-id-meta":"","stick-header-meta":"","header-above-stick-meta":"","header-main-stick-meta":"","header-below-stick-meta":"","astra-migrate-meta-layouts":"default","ast-page-background-enabled":"default","ast-page-background-meta":{"desktop":{"background-color":"var(--ast-global-color-4)","background-image":"","background-repeat":"repeat","background-position":"center center","background-size":"auto","background-attachment":"scroll","background-type":"","background-media":"","overlay-type":"","overlay-color":"","overlay-opacity":"","overlay-gradient":""},"tablet":{"background-color":"","background-image":"","background-repeat":"repeat","background-position":"center center","background-size":"auto","background-attachment":"scroll","background-type":"","background-media":"","overlay-type":"","overlay-color":"","overlay-opacity":"","overlay-gradient":""},"mobile":{"background-color":"","background-image":"","background-repeat":"repeat","background-position":"center center","background-size":"auto","background-attachment":"scroll","background-type":"","background-media":"","overlay-type":"","overlay-color":"","overlay-opacity":"","overlay-gradient":""}},"ast-content-background-meta":{"desktop":{"background-color":"var(--ast-global-color-5)","background-image":"","background-repeat":"repeat","background-position":"center center","background-size":"auto","background-attachment":"scroll","background-type":"","background-media":"","overlay-type":"","overlay-color":"","overlay-opacity":"","overlay-gradient":""},"tablet":{"background-color":"var(--ast-global-color-5)","background-image":"","background-repeat":"repeat","background-position":"center center","background-size":"auto","background-attachment":"scroll","background-type":"","background-media":"","overlay-type":"","overlay-color":"","overlay-opacity":"","overlay-gradient":""},"mobile":{"background-color":"var(--ast-global-color-5)","background-image":"","background-repeat":"repeat","background-position":"center center","background-size":"auto","background-attachment":"scroll","background-type":"","background-media":"","overlay-type":"","overlay-color":"","overlay-opacity":"","overlay-gradient":""}},"footnotes":""},"class_list":["post-102137","page","type-page","status-publish","has-post-thumbnail","hentry"],"_links":{"self":[{"href":"https:\/\/translinguoglobal.com\/fr\/wp-json\/wp\/v2\/pages\/102137","targetHints":{"allow":["GET"]}}],"collection":[{"href":"https:\/\/translinguoglobal.com\/fr\/wp-json\/wp\/v2\/pages"}],"about":[{"href":"https:\/\/translinguoglobal.com\/fr\/wp-json\/wp\/v2\/types\/page"}],"author":[{"embeddable":true,"href":"https:\/\/translinguoglobal.com\/fr\/wp-json\/wp\/v2\/users\/3"}],"replies":[{"embeddable":true,"href":"https:\/\/translinguoglobal.com\/fr\/wp-json\/wp\/v2\/comments?post=102137"}],"version-history":[{"count":0,"href":"https:\/\/translinguoglobal.com\/fr\/wp-json\/wp\/v2\/pages\/102137\/revisions"}],"wp:featuredmedia":[{"embeddable":true,"href":"https:\/\/translinguoglobal.com\/fr\/wp-json\/wp\/v2\/media\/37752"}],"wp:attachment":[{"href":"https:\/\/translinguoglobal.com\/fr\/wp-json\/wp\/v2\/media?parent=102137"}],"curies":[{"name":"wp","href":"https:\/\/api.w.org\/{rel}","templated":true}]}}